{"id":132406,"date":"2025-03-16T16:09:14","date_gmt":"2025-03-16T13:09:14","guid":{"rendered":"https:\/\/paternika.com\/clients\/bilgenterapi\/?page_id=132406"},"modified":"2025-12-26T15:33:30","modified_gmt":"2025-12-26T12:33:30","slug":"cocuk-ve-genc-terapisi","status":"publish","type":"page","link":"https:\/\/paternika.com\/clients\/bilgenterapi\/hizmetlerimiz\/cocuk-ve-genc-terapisi\/","title":{"rendered":"\u00c7OCUK VE GEN\u00c7 TERAP\u0130S\u0130"},"content":{"rendered":"<div class=\"wpb-content-wrapper\"><p>[vc_row row_height_percent=&#8221;100&#8243; override_padding=&#8221;yes&#8221; h_padding=&#8221;2&#8243; top_padding=&#8221;6&#8243; bottom_padding=&#8221;6&#8243; back_color=&#8221;color-nhtu&#8221; back_image=&#8221;132412&#8243; back_position=&#8221;center bottom&#8221; kburns=&#8221;magnetic&#8221; overlay_alpha=&#8221;15&#8243; gutter_size=&#8221;3&#8243; column_width_percent=&#8221;100&#8243; shift_y=&#8221;0&#8243; z_index=&#8221;1&#8243; content_parallax=&#8221;0&#8243; uncode_shortcode_id=&#8221;804810&#8243; back_color_type=&#8221;uncode-palette&#8221;][vc_column column_width_percent=&#8221;100&#8243; position_vertical=&#8221;middle&#8221; align_horizontal=&#8221;align_center&#8221; gutter_size=&#8221;4&#8243; style=&#8221;dark&#8221; overlay_alpha=&#8221;50&#8243; shift_x=&#8221;0&#8243; shift_y=&#8221;0&#8243; shift_y_down=&#8221;0&#8243; z_index=&#8221;0&#8243; medium_width=&#8221;0&#8243; align_mobile=&#8221;align_center_mobile&#8221; mobile_width=&#8221;0&#8243; css_animation=&#8221;alpha-anim&#8221; animation_speed=&#8221;1000&#8243; animation_delay=&#8221;400&#8243; width=&#8221;1\/1&#8243; uncode_shortcode_id=&#8221;116631&#8243;][vc_row_inner limit_content=&#8221;&#8221;][vc_column_inner column_width_percent=&#8221;100&#8243; align_horizontal=&#8221;align_center&#8221; gutter_size=&#8221;2&#8243; style=&#8221;dark&#8221; overlay_alpha=&#8221;50&#8243; shift_x=&#8221;0&#8243; shift_y=&#8221;0&#8243; shift_y_down=&#8221;0&#8243; z_index=&#8221;0&#8243; medium_width=&#8221;0&#8243; align_mobile=&#8221;align_center_mobile&#8221; mobile_width=&#8221;0&#8243; width=&#8221;1\/1&#8243; uncode_shortcode_id=&#8221;168935&#8243;][vc_custom_heading text_font=&#8221;font-136269&#8243; text_size=&#8221;custom&#8221; text_weight=&#8221;600&#8243; css_animation=&#8221;curtain&#8221; animation_speed=&#8221;1000&#8243; animation_delay=&#8221;200&#8243; title=&#8221;&#8221; uncode_shortcode_id=&#8221;214634&#8243; heading_custom_size=&#8221;76&#8243;]\u00c7OCUK VE GEN\u00c7 TERAP\u0130S\u0130[\/vc_custom_heading][vc_custom_heading text_color=&#8221;color-xsdn&#8221; text_font=&#8221;font-136269&#8243; text_weight=&#8221;300&#8243; text_height=&#8221;fontheight-357766&#8243; title=&#8221;&#8221; uncode_shortcode_id=&#8221;319355&#8243; text_color_type=&#8221;uncode-palette&#8221;]\u00c7ocuk ve gen\u00e7 terapisi, psikolojik destek gerektiren \u00e7ocuklar\u0131n ve ergenlerin duygusal, bili\u015fsel, davran\u0131\u015fsal ve sosyal geli\u015fimlerini desteklemeyi ama\u00e7layan bir terapi s\u00fcrecidir. Bu terapi s\u00fcreci, profesyonelin uzmanl\u0131k alan\u0131na ve \u00e7ocuk ya da gencin ihtiyac\u0131na g\u00f6re farkl\u0131 yakla\u015f\u0131mlar\u0131 i\u00e7erebilir.[\/vc_custom_heading][\/vc_column_inner][\/vc_row_inner][vc_icon icon=&#8221;fa fa-arrow-down4&#8243; background_style=&#8221;fa-rounded&#8221; size=&#8221;fa-2x&#8221; icon_automatic=&#8221;yes&#8221; css_animation=&#8221;bottom-t-top&#8221; animation_speed=&#8221;1000&#8243; animation_delay=&#8221;400&#8243; link=&#8221;url:%23intro&#8221; uncode_shortcode_id=&#8221;170959&#8243;][\/vc_icon][\/vc_column][\/vc_row][vc_row row_height_percent=&#8221;0&#8243; override_padding=&#8221;yes&#8221; h_padding=&#8221;2&#8243; top_padding=&#8221;5&#8243; bottom_padding=&#8221;5&#8243; back_color=&#8221;color-xsdn&#8221; overlay_alpha=&#8221;50&#8243; gutter_size=&#8221;4&#8243; column_width_percent=&#8221;100&#8243; shift_y=&#8221;0&#8243; z_index=&#8221;1&#8243; bottom_divider=&#8221;step_3_4&#8243; content_parallax=&#8221;0&#8243; uncode_shortcode_id=&#8221;126796&#8243; back_color_type=&#8221;uncode-palette&#8221; row_name=&#8221;intro&#8221;][vc_column column_width_percent=&#8221;100&#8243; gutter_size=&#8221;4&#8243; overlay_alpha=&#8221;50&#8243; shift_x=&#8221;0&#8243; shift_y=&#8221;0&#8243; shift_y_down=&#8221;0&#8243; z_index=&#8221;0&#8243; medium_width=&#8221;0&#8243; mobile_width=&#8221;0&#8243; css_animation=&#8221;alpha-anim&#8221; animation_speed=&#8221;1000&#8243; width=&#8221;1\/1&#8243; uncode_shortcode_id=&#8221;499678&#8243;][vc_row_inner limit_content=&#8221;&#8221;][vc_column_inner column_width_percent=&#8221;100&#8243; gutter_size=&#8221;3&#8243; overlay_alpha=&#8221;50&#8243; shift_x=&#8221;0&#8243; shift_y=&#8221;0&#8243; shift_y_down=&#8221;0&#8243; z_index=&#8221;0&#8243; medium_width=&#8221;0&#8243; mobile_width=&#8221;0&#8243; width=&#8221;1\/1&#8243; uncode_shortcode_id=&#8221;209263&#8243;][vc_column_text uncode_shortcode_id=&#8221;189235&#8243;]<strong><span style=\"background: -webkit-linear-gradient(45deg, #d93da3, #8445ff); -webkit-background-clip: text; -webkit-text-fill-color: transparent; display: inline-block; font-family: Jost; font-size: 26px;\">\u00c7OCUK VE GEN\u00c7 TERAP\u0130S\u0130<\/span><\/strong><\/p>\n<p>Terapistler, \u00e7ocu\u011fun ya\u015f\u0131na ve ihtiyac\u0131na uygun y\u00f6ntemleri kullanarak onun duygular\u0131n\u0131 anlamas\u0131na, zorlay\u0131c\u0131 deneyimlerle ba\u015f etmesine ve sa\u011fl\u0131kl\u0131 ili\u015fkiler geli\u015ftirmesine yard\u0131mc\u0131 olurlar.<\/p>\n<h4><span style=\"background: #d93da3; color: #ffffff; font-size: 17px; letter-spacing: 0.5px; padding: 4px 6px;\">NEDEN DESTEK ALINMALI?<\/span><\/h4>\n<p><strong>Duygusal Problemlerle Ba\u015f Etme:<\/strong> \u00c7ocuklar ve gen\u00e7ler, kayg\u0131, korku, \u00f6fke depresyon, \u00f6zg\u00fcven sorunlar ya\u015fayabilirler. Erken m\u00fcdahale, bu duygular\u0131n ileride daha b\u00fcy\u00fck sorunlara d\u00f6n\u00fc\u015fmesini \u00f6nleyebilir.<\/p>\n<p><strong>Aile ve Sosyal \u0130li\u015fkilerde G\u00fc\u00e7l\u00fckler:<\/strong> Aile i\u00e7i \u00e7at\u0131\u015fmalar, arkada\u015f ili\u015fkilerinde zorlanma, okulda uyum sorunlar\u0131 gibi durumlar, \u00e7ocu\u011fun psikolojik sa\u011fl\u0131\u011f\u0131n\u0131 etkileyebilir. Terapi, bu ili\u015fkileri sa\u011fl\u0131kl\u0131 hale getirmeye yard\u0131mc\u0131 olur.<\/p>\n<p><strong>Travmatik Ya\u015fant\u0131lar:<\/strong> Bo\u015fanma, kay\u0131p, ihmal, istismar, ta\u015f\u0131nma veya kazalar gibi travmatik olaylar, \u00e7ocuk ve gen\u00e7lerin ruh sa\u011fl\u0131\u011f\u0131n\u0131 derinden etkileyebilir. Profesyonel destek, bu t\u00fcr olaylar\u0131n etkilerini tespit etmeye ve hafifletmeye yard\u0131mc\u0131 olur.<\/p>\n<p><strong>Davran\u0131\u015fsal Sorunlar ve Akademik Zorluklar:<\/strong> Dikkat eksikli\u011fi, hiperaktivite, okulda ba\u015far\u0131s\u0131zl\u0131k, i\u00e7e kapan\u0131kl\u0131k veya agresif davran\u0131\u015flar gibi durumlar terapiyle ele al\u0131nabilir.<\/p>\n<p><strong>Kimlik ve Ergenlik S\u00fcreci:<\/strong> Ergenlik d\u00f6nemi, kimlik aray\u0131\u015f\u0131, sosyal kayg\u0131lar ve aileden ba\u011f\u0131ms\u0131zla\u015fma \u00e7abalar\u0131yla karma\u015f\u0131k bir s\u00fcre\u00e7tir. Terapistler, gen\u00e7lerin kendilerini ke\u015ffetmelerine ve sa\u011fl\u0131kl\u0131 bir kimlik geli\u015ftirmelerine yard\u0131mc\u0131 olabilir.<\/p>\n<blockquote><p>\u00c7ocuk ve gen\u00e7 terapisi, onlar\u0131n sa\u011fl\u0131kl\u0131 bir geli\u015fim g\u00f6stermeleri, duygular\u0131n\u0131 anlamalar\u0131 ve hayatlar\u0131ndaki zorluklarla ba\u015fa \u00e7\u0131kmalar\u0131 i\u00e7in \u00f6nemli bir destektir. Ebeveynlerin, \u00e7ocuklar\u0131n\u0131n psikolojik sa\u011fl\u0131\u011f\u0131n\u0131 \u00f6nemseyerek profesyonel yard\u0131m almas\u0131, onlar\u0131n daha fark\u0131nda ve dengeli bireyler olmalar\u0131na katk\u0131 sa\u011flar.<\/p><\/blockquote>\n<h4><span style=\"background: #d93da3; color: #ffffff; font-size: 17px; letter-spacing: 0.5px; padding: 4px 6px;\">\u00c7OCUK VE GEN\u00c7 TERAPISINDE \u00c7ALI\u015eTI\u011eIMIZ YAKLA\u015eIM<\/span><\/h4>\n<p><strong>\u00c7ocuk ve Gen\u00e7 Terapisi: Kabul ve Adanm\u0131\u015fl\u0131k Terapisi (ACT) ve Mindfulness Yakla\u015f\u0131m\u0131<\/strong><\/p>\n<p>\u00c7ocukluk ve ergenlik d\u00f6nemi, bireyin psikolojik geli\u015fimi a\u00e7\u0131s\u0131ndan en \u00f6nemli evrelerden biridir. Bu d\u00f6nemlerde ya\u015fanan duygusal, bili\u015fsel ve davran\u0131\u015fsal zorluklar, bireyin gelecekteki ruh sa\u011fl\u0131\u011f\u0131n\u0131 do\u011frudan etkileyebilir. \u00c7ocuk ve gen\u00e7 terapisi, onlar\u0131n kar\u015f\u0131la\u015ft\u0131klar\u0131 duygusal ve sosyal sorunlar\u0131 sa\u011fl\u0131kl\u0131 bir \u015fekilde a\u015fmalar\u0131na yard\u0131mc\u0131 olmay\u0131 ama\u00e7layan \u00f6zel bir terapi alan\u0131d\u0131r.<\/p>\n<h4><span style=\"background: #d93da3; color: #ffffff; font-size: 17px; letter-spacing: 0.5px; padding: 4px 6px;\">KABUL VE ADANMI\u015eLIK TERAP\u0130S\u0130 (ACT) NED\u0130R?<\/span><\/h4>\n<p>Kabul ve Adanm\u0131\u015fl\u0131k Terapisi (ACT), bireylerin ya\u015fad\u0131klar\u0131 zorlay\u0131c\u0131 d\u00fc\u015f\u00fcnce ve duygularla m\u00fccadele etmek yerine onlar\u0131 kabul etmelerini ve ya\u015famlar\u0131n\u0131 de\u011ferleri do\u011frultusunda y\u00f6nlendirmelerini hedefleyen bilimsel temelli bir terapi y\u00f6ntemidir. \u00c7ocuk ve gen\u00e7lerle \u00e7al\u0131\u015f\u0131rken ACT, onlar\u0131n stres, kayg\u0131, depresyon ve di\u011fer psikolojik zorluklarla ba\u015fa \u00e7\u0131kmalar\u0131n\u0131 sa\u011flamak i\u00e7in kullan\u0131lan g\u00fc\u00e7l\u00fc bir yakla\u015f\u0131md\u0131r. ACT\u2019in temel bile\u015fenleri \u015funlard\u0131r:<\/p>\n<p><strong>Psikolojik Esneklik Geli\u015ftirme:<\/strong> Duygusal zorluklara kar\u015f\u0131 diren\u00e7 kazanmak ve mevcut an\u0131 kabul edebilmek.<\/p>\n<p><strong>D\u00fc\u015f\u00fcncelerle M\u00fccadele Etmek Yerine Onlar\u0131 Kabul Etmek:<\/strong> \u00c7ocuk ve gen\u00e7lerin olumsuz d\u00fc\u015f\u00fcncelerle sava\u015fmak yerine, onlar\u0131n fark\u0131nda olmalar\u0131n\u0131 sa\u011flamak.<\/p>\n<p><strong>De\u011fer Odakl\u0131 Ya\u015fam:<\/strong> Bireyin hayat\u0131nda anlaml\u0131 ve \u00f6nemli olan de\u011ferlere odaklanarak hareket etmesini sa\u011flamak.<\/p>\n<p><strong>Fark\u0131ndal\u0131k (Mindfulness) Teknikleri:<\/strong> D\u00fc\u015f\u00fcnce ve duygular\u0131n fark\u0131na vararak, onlar\u0131 kontrol etme \u00e7abas\u0131ndan uzakla\u015f\u0131p an\u0131 ya\u015fayabilmek.<\/p>\n<blockquote><p>ACT, \u00e7ocuk ve gen\u00e7lerin ya\u015fad\u0131\u011f\u0131 duygu durumlar\u0131, kayg\u0131 problemleri, \u00f6zg\u00fcven sorunlar\u0131, akademik ve sosyal zorluklarla ba\u015f etmelerine yard\u0131mc\u0131 olan etkili bir terapi y\u00f6ntemidir.<\/p><\/blockquote>\n<h4><span style=\"background: #d93da3; color: #ffffff; font-size: 17px; letter-spacing: 0.5px; padding: 4px 6px;\">\u00c7OCUK VE GEN\u00c7 TERAPISINDE MINDFULNESS KULLANIMI<\/span><\/h4>\n<p>Mindfulness, bireyin o an i\u00e7inde bulundu\u011fu deneyimi yarg\u0131s\u0131z ve bilin\u00e7li bir \u015fekilde kabul etmesini sa\u011flayan bir tekniktir. \u00c7ocuk ve gen\u00e7lerin yo\u011fun stres, dikkat eksikli\u011fi, kayg\u0131 ve duygusal dalgalanmalar\u0131yla ba\u015fa \u00e7\u0131kabilmeleri i\u00e7in mindfulness tekniklerinden yararlan\u0131lmaktad\u0131r. Terapide kullan\u0131lan baz\u0131 mindfulness teknikleri \u015funlard\u0131r:<\/p>\n<p><strong>Nefes Fark\u0131ndal\u0131\u011f\u0131:<\/strong> \u00c7ocuk ve gen\u00e7lerin nefeslerini bilin\u00e7li bir \u015fekilde takip etmelerini sa\u011flayarak, sakinle\u015fmelerine ve odaklanmalar\u0131na yard\u0131mc\u0131 olur.<\/p>\n<p><strong>Duygu Fark\u0131ndal\u0131\u011f\u0131:<\/strong> Kendi duygular\u0131n\u0131 tan\u0131y\u0131p kabul etmelerini sa\u011flayarak, duygusal reg\u00fclasyon becerilerini geli\u015ftirir.<\/p>\n<p><strong>Beden Taramas\u0131 Egzersizleri:<\/strong> Fiziksel hislerin fark\u0131na vararak, kayg\u0131y\u0131 azaltmaya ve bedeni rahatlatmaya yard\u0131mc\u0131 olur.<\/p>\n<p><strong>Duygularla Arkada\u015f Olmak:<\/strong> Olumsuz duygularla sava\u015fmak yerine onlar\u0131 fark edip kabul etmeyi \u00f6\u011fretir.<\/p>\n<blockquote><p>Bu teknikler sayesinde \u00e7ocuklar ve gen\u00e7ler, stresli durumlar kar\u015f\u0131s\u0131nda daha bilin\u00e7li tepkiler verebilir ve zorlay\u0131c\u0131 duygu ve d\u00fc\u015f\u00fcnceleri daha sa\u011fl\u0131kl\u0131 bir \u015fekilde y\u00f6netebilirler.<\/p><\/blockquote>\n<h4><span style=\"background: #d93da3; color: #ffffff; font-size: 17px; letter-spacing: 0.5px; padding: 4px 6px;\">\u00c7OCUK VE GEN\u00c7 TERAPISININ FAYDALARI<\/span><\/h4>\n<p style=\"margin-top: 15px; text-indent: -20px; margin-left: 20px;\"><span style=\"color: #fe4641;\">\u2713 \u00a0<\/span> Kayg\u0131 ve stres y\u00f6netimini destekler<\/p>\n<p style=\"margin-top: 0px; text-indent: -20px; margin-left: 20px;\"><span style=\"color: #fe4641;\">\u2713 \u00a0<\/span> \u00d6zg\u00fcveni ve \u00f6z-\u015fefkati art\u0131r\u0131r<\/p>\n<p style=\"margin-top: 0px; text-indent: -20px; margin-left: 20px;\"><span style=\"color: #fe4641;\">\u2713 \u00a0<\/span> Duygusal reg\u00fclasyonu g\u00fc\u00e7lendirir<\/p>\n<p style=\"margin-top: 0px; text-indent: -20px; margin-left: 20px;\"><span style=\"color: #fe4641;\">\u2713 \u00a0<\/span> Akademik ve sosyal ya\u015famda daha dengeli ve uyumlu davran\u0131\u015flar geli\u015ftirmeye yard\u0131mc\u0131 olur<\/p>\n<p style=\"margin-top: 0px; text-indent: -20px; margin-left: 20px;\"><span style=\"color: #fe4641;\">\u2713 \u00a0<\/span> Problem \u00e7\u00f6zme ve karar verme becerilerini geli\u015ftirir<\/p>\n<p style=\"margin-top: 0px; text-indent: -20px; margin-left: 20px;\"><span style=\"color: #fe4641;\">\u2713 \u00a0<\/span> Aile ve arkada\u015f ili\u015fkilerini g\u00fc\u00e7lendirir<\/p>\n<blockquote><p>\u00c7ocuk ve gen\u00e7 terapisi, onlar\u0131n i\u00e7sel d\u00fcnyalar\u0131n\u0131 ke\u015ffetmelerine, duygusal ve psikolojik dayan\u0131kl\u0131l\u0131k geli\u015ftirmelerine yard\u0131mc\u0131 olan \u00f6nemli bir s\u00fcre\u00e7tir. ACT ve mindfulness teknikleri sayesinde \u00e7ocuklar ve gen\u00e7ler, duygular\u0131n\u0131 sa\u011fl\u0131kl\u0131 bir \u015fekilde y\u00f6neterek daha mutlu ve dengeli bireyler olarak b\u00fcy\u00fcyebilirler.<\/p><\/blockquote>\n<p>[\/vc_column_text][\/vc_column_inner][\/vc_row_inner][\/vc_column][\/vc_row]<\/p>\n<\/div>","protected":false},"excerpt":{"rendered":"<p>[vc_row row_height_percent=&#8221;100&#8243; override_padding=&#8221;yes&#8221; h_padding=&#8221;2&#8243; top_padding=&#8221;6&#8243; bottom_padding=&#8221;6&#8243; back_color=&#8221;color-nhtu&#8221; back_image=&#8221;132412&#8243; back_position=&#8221;center bottom&#8221; kburns=&#8221;magnetic&#8221; overlay_alpha=&#8221;15&#8243; gutter_size=&#8221;3&#8243; column_width_percent=&#8221;100&#8243; shift_y=&#8221;0&#8243; z_index=&#8221;1&#8243; content_parallax=&#8221;0&#8243; uncode_shortcode_id=&#8221;804810&#8243; back_color_type=&#8221;uncode-palette&#8221;][vc_column column_width_percent=&#8221;100&#8243; [&hellip;]<\/p>\n","protected":false},"author":1,"featured_media":0,"parent":131181,"menu_order":0,"comment_status":"closed","ping_status":"closed","template":"","meta":{"inline_featured_image":false,"_locale":"tr_TR","_original_post":"https:\/\/paternika.com\/clients\/bilgenterapi\/?page_id=132406","footnotes":"","_links_to":"","_links_to_target":""},"class_list":["post-132406","page","type-page","status-publish","hentry","tr-TR"],"yoast_head":"<!-- This site is optimized with the Yoast SEO plugin v25.0 - https:\/\/yoast.com\/wordpress\/plugins\/seo\/ -->\n<title>B\u0130LGEN TERAP\u0130 | \u00c7OCUK VE GEN\u00c7 TERAP\u0130S\u0130<\/title>\n<meta name=\"description\" content=\"\u00c7ocuk ve gen\u00e7 terapisi, psikolojik destek gerektiren \u00e7ocuklar\u0131n ve ergenlerin duygusal, bili\u015fsel, davran\u0131\u015fsal ve sosyal geli\u015fimlerini desteklemeyi ama\u00e7layan bir terapi s\u00fcrecidir. Bu terapi s\u00fcreci, profesyonelin uzmanl\u0131k alan\u0131na ve \u00e7ocuk ya da gencin ihtiyac\u0131na g\u00f6re farkl\u0131 yakla\u015f\u0131mlar\u0131 i\u00e7erebilir.\" \/>\n<meta name=\"robots\" content=\"noindex, follow, max-snippet:-1, max-image-preview:large, max-video-preview:-1\" \/>\n<meta property=\"og:locale\" content=\"tr_TR\" \/>\n<meta property=\"og:type\" content=\"article\" \/>\n<meta property=\"og:title\" content=\"B\u0130LGEN TERAP\u0130 | \u00c7OCUK VE GEN\u00c7 TERAP\u0130S\u0130\" \/>\n<meta property=\"og:description\" content=\"\u00c7ocuk ve gen\u00e7 terapisi, psikolojik destek gerektiren \u00e7ocuklar\u0131n ve ergenlerin duygusal, bili\u015fsel, davran\u0131\u015fsal ve sosyal geli\u015fimlerini desteklemeyi ama\u00e7layan bir terapi s\u00fcrecidir. Bu terapi s\u00fcreci, profesyonelin uzmanl\u0131k alan\u0131na ve \u00e7ocuk ya da gencin ihtiyac\u0131na g\u00f6re farkl\u0131 yakla\u015f\u0131mlar\u0131 i\u00e7erebilir.\" \/>\n<meta property=\"og:url\" content=\"https:\/\/paternika.com\/clients\/bilgenterapi\/hizmetlerimiz\/cocuk-ve-genc-terapisi\/\" \/>\n<meta property=\"og:site_name\" content=\"B\u0130LGEN TERAP\u0130\" \/>\n<meta property=\"article:publisher\" content=\"https:\/\/www.facebook.com\/bilgenterapi\" \/>\n<meta property=\"article:modified_time\" content=\"2025-12-26T12:33:30+00:00\" \/>\n<meta name=\"twitter:card\" content=\"summary_large_image\" \/>\n<meta name=\"twitter:label1\" content=\"Tahmini okuma s\u00fcresi\" \/>\n\t<meta name=\"twitter:data1\" content=\"4 dakika\" \/>\n<script type=\"application\/ld+json\" class=\"yoast-schema-graph\">{\"@context\":\"https:\/\/schema.org\",\"@graph\":[{\"@type\":\"WebPage\",\"@id\":\"https:\/\/paternika.com\/clients\/bilgenterapi\/hizmetlerimiz\/cocuk-ve-genc-terapisi\/\",\"url\":\"https:\/\/paternika.com\/clients\/bilgenterapi\/hizmetlerimiz\/cocuk-ve-genc-terapisi\/\",\"name\":\"B\u0130LGEN TERAP\u0130 | \u00c7OCUK VE GEN\u00c7 TERAP\u0130S\u0130\",\"isPartOf\":{\"@id\":\"https:\/\/paternika.com\/clients\/bilgenterapi\/#website\"},\"datePublished\":\"2025-03-16T13:09:14+00:00\",\"dateModified\":\"2025-12-26T12:33:30+00:00\",\"description\":\"\u00c7ocuk ve gen\u00e7 terapisi, psikolojik destek gerektiren \u00e7ocuklar\u0131n ve ergenlerin duygusal, bili\u015fsel, davran\u0131\u015fsal ve sosyal geli\u015fimlerini desteklemeyi ama\u00e7layan bir terapi s\u00fcrecidir. Bu terapi s\u00fcreci, profesyonelin uzmanl\u0131k alan\u0131na ve \u00e7ocuk ya da gencin ihtiyac\u0131na g\u00f6re farkl\u0131 yakla\u015f\u0131mlar\u0131 i\u00e7erebilir.\",\"breadcrumb\":{\"@id\":\"https:\/\/paternika.com\/clients\/bilgenterapi\/hizmetlerimiz\/cocuk-ve-genc-terapisi\/#breadcrumb\"},\"inLanguage\":\"tr\",\"potentialAction\":[{\"@type\":\"ReadAction\",\"target\":[\"https:\/\/paternika.com\/clients\/bilgenterapi\/hizmetlerimiz\/cocuk-ve-genc-terapisi\/\"]}]},{\"@type\":\"BreadcrumbList\",\"@id\":\"https:\/\/paternika.com\/clients\/bilgenterapi\/hizmetlerimiz\/cocuk-ve-genc-terapisi\/#breadcrumb\",\"itemListElement\":[{\"@type\":\"ListItem\",\"position\":1,\"name\":\"Home\",\"item\":\"https:\/\/paternika.com\/clients\/bilgenterapi\/\"},{\"@type\":\"ListItem\",\"position\":2,\"name\":\"H\u0130ZMETLER\u0130M\u0130Z\",\"item\":\"https:\/\/paternika.com\/clients\/bilgenterapi\/hizmetlerimiz\/\"},{\"@type\":\"ListItem\",\"position\":3,\"name\":\"\u00c7OCUK VE GEN\u00c7 TERAP\u0130S\u0130\"}]},{\"@type\":\"WebSite\",\"@id\":\"https:\/\/paternika.com\/clients\/bilgenterapi\/#website\",\"url\":\"https:\/\/paternika.com\/clients\/bilgenterapi\/\",\"name\":\"B\u0130LGEN TERAP\u0130\",\"description\":\"\",\"publisher\":{\"@id\":\"https:\/\/paternika.com\/clients\/bilgenterapi\/#organization\"},\"potentialAction\":[{\"@type\":\"SearchAction\",\"target\":{\"@type\":\"EntryPoint\",\"urlTemplate\":\"https:\/\/paternika.com\/clients\/bilgenterapi\/?s={search_term_string}\"},\"query-input\":{\"@type\":\"PropertyValueSpecification\",\"valueRequired\":true,\"valueName\":\"search_term_string\"}}],\"inLanguage\":\"tr\"},{\"@type\":\"Organization\",\"@id\":\"https:\/\/paternika.com\/clients\/bilgenterapi\/#organization\",\"name\":\"B\u0130LGEN TERAP\u0130\",\"url\":\"https:\/\/paternika.com\/clients\/bilgenterapi\/\",\"logo\":{\"@type\":\"ImageObject\",\"inLanguage\":\"tr\",\"@id\":\"https:\/\/paternika.com\/clients\/bilgenterapi\/#\/schema\/logo\/image\/\",\"url\":\"https:\/\/www.paternika.com\/clients\/bilgenterapi\/wp-content\/uploads\/2024\/04\/favicon.png\",\"contentUrl\":\"https:\/\/www.paternika.com\/clients\/bilgenterapi\/wp-content\/uploads\/2024\/04\/favicon.png\",\"width\":512,\"height\":512,\"caption\":\"B\u0130LGEN TERAP\u0130\"},\"image\":{\"@id\":\"https:\/\/paternika.com\/clients\/bilgenterapi\/#\/schema\/logo\/image\/\"},\"sameAs\":[\"https:\/\/www.facebook.com\/bilgenterapi\",\"https:\/\/www.instagram.com\/bilgenterapi\",\"https:\/\/www.youtube.com\/@bterapi\"]}]}<\/script>\n<!-- \/ Yoast SEO plugin. -->","yoast_head_json":{"title":"B\u0130LGEN TERAP\u0130 | \u00c7OCUK VE GEN\u00c7 TERAP\u0130S\u0130","description":"\u00c7ocuk ve gen\u00e7 terapisi, psikolojik destek gerektiren \u00e7ocuklar\u0131n ve ergenlerin duygusal, bili\u015fsel, davran\u0131\u015fsal ve sosyal geli\u015fimlerini desteklemeyi ama\u00e7layan bir terapi s\u00fcrecidir. Bu terapi s\u00fcreci, profesyonelin uzmanl\u0131k alan\u0131na ve \u00e7ocuk ya da gencin ihtiyac\u0131na g\u00f6re farkl\u0131 yakla\u015f\u0131mlar\u0131 i\u00e7erebilir.","robots":{"index":"noindex","follow":"follow","max-snippet":"max-snippet:-1","max-image-preview":"max-image-preview:large","max-video-preview":"max-video-preview:-1"},"og_locale":"tr_TR","og_type":"article","og_title":"B\u0130LGEN TERAP\u0130 | \u00c7OCUK VE GEN\u00c7 TERAP\u0130S\u0130","og_description":"\u00c7ocuk ve gen\u00e7 terapisi, psikolojik destek gerektiren \u00e7ocuklar\u0131n ve ergenlerin duygusal, bili\u015fsel, davran\u0131\u015fsal ve sosyal geli\u015fimlerini desteklemeyi ama\u00e7layan bir terapi s\u00fcrecidir. Bu terapi s\u00fcreci, profesyonelin uzmanl\u0131k alan\u0131na ve \u00e7ocuk ya da gencin ihtiyac\u0131na g\u00f6re farkl\u0131 yakla\u015f\u0131mlar\u0131 i\u00e7erebilir.","og_url":"https:\/\/paternika.com\/clients\/bilgenterapi\/hizmetlerimiz\/cocuk-ve-genc-terapisi\/","og_site_name":"B\u0130LGEN TERAP\u0130","article_publisher":"https:\/\/www.facebook.com\/bilgenterapi","article_modified_time":"2025-12-26T12:33:30+00:00","twitter_card":"summary_large_image","twitter_misc":{"Tahmini okuma s\u00fcresi":"4 dakika"},"schema":{"@context":"https:\/\/schema.org","@graph":[{"@type":"WebPage","@id":"https:\/\/paternika.com\/clients\/bilgenterapi\/hizmetlerimiz\/cocuk-ve-genc-terapisi\/","url":"https:\/\/paternika.com\/clients\/bilgenterapi\/hizmetlerimiz\/cocuk-ve-genc-terapisi\/","name":"B\u0130LGEN TERAP\u0130 | \u00c7OCUK VE GEN\u00c7 TERAP\u0130S\u0130","isPartOf":{"@id":"https:\/\/paternika.com\/clients\/bilgenterapi\/#website"},"datePublished":"2025-03-16T13:09:14+00:00","dateModified":"2025-12-26T12:33:30+00:00","description":"\u00c7ocuk ve gen\u00e7 terapisi, psikolojik destek gerektiren \u00e7ocuklar\u0131n ve ergenlerin duygusal, bili\u015fsel, davran\u0131\u015fsal ve sosyal geli\u015fimlerini desteklemeyi ama\u00e7layan bir terapi s\u00fcrecidir. Bu terapi s\u00fcreci, profesyonelin uzmanl\u0131k alan\u0131na ve \u00e7ocuk ya da gencin ihtiyac\u0131na g\u00f6re farkl\u0131 yakla\u015f\u0131mlar\u0131 i\u00e7erebilir.","breadcrumb":{"@id":"https:\/\/paternika.com\/clients\/bilgenterapi\/hizmetlerimiz\/cocuk-ve-genc-terapisi\/#breadcrumb"},"inLanguage":"tr","potentialAction":[{"@type":"ReadAction","target":["https:\/\/paternika.com\/clients\/bilgenterapi\/hizmetlerimiz\/cocuk-ve-genc-terapisi\/"]}]},{"@type":"BreadcrumbList","@id":"https:\/\/paternika.com\/clients\/bilgenterapi\/hizmetlerimiz\/cocuk-ve-genc-terapisi\/#breadcrumb","itemListElement":[{"@type":"ListItem","position":1,"name":"Home","item":"https:\/\/paternika.com\/clients\/bilgenterapi\/"},{"@type":"ListItem","position":2,"name":"H\u0130ZMETLER\u0130M\u0130Z","item":"https:\/\/paternika.com\/clients\/bilgenterapi\/hizmetlerimiz\/"},{"@type":"ListItem","position":3,"name":"\u00c7OCUK VE GEN\u00c7 TERAP\u0130S\u0130"}]},{"@type":"WebSite","@id":"https:\/\/paternika.com\/clients\/bilgenterapi\/#website","url":"https:\/\/paternika.com\/clients\/bilgenterapi\/","name":"B\u0130LGEN TERAP\u0130","description":"","publisher":{"@id":"https:\/\/paternika.com\/clients\/bilgenterapi\/#organization"},"potentialAction":[{"@type":"SearchAction","target":{"@type":"EntryPoint","urlTemplate":"https:\/\/paternika.com\/clients\/bilgenterapi\/?s={search_term_string}"},"query-input":{"@type":"PropertyValueSpecification","valueRequired":true,"valueName":"search_term_string"}}],"inLanguage":"tr"},{"@type":"Organization","@id":"https:\/\/paternika.com\/clients\/bilgenterapi\/#organization","name":"B\u0130LGEN TERAP\u0130","url":"https:\/\/paternika.com\/clients\/bilgenterapi\/","logo":{"@type":"ImageObject","inLanguage":"tr","@id":"https:\/\/paternika.com\/clients\/bilgenterapi\/#\/schema\/logo\/image\/","url":"https:\/\/www.paternika.com\/clients\/bilgenterapi\/wp-content\/uploads\/2024\/04\/favicon.png","contentUrl":"https:\/\/www.paternika.com\/clients\/bilgenterapi\/wp-content\/uploads\/2024\/04\/favicon.png","width":512,"height":512,"caption":"B\u0130LGEN TERAP\u0130"},"image":{"@id":"https:\/\/paternika.com\/clients\/bilgenterapi\/#\/schema\/logo\/image\/"},"sameAs":["https:\/\/www.facebook.com\/bilgenterapi","https:\/\/www.instagram.com\/bilgenterapi","https:\/\/www.youtube.com\/@bterapi"]}]}},"_links":{"self":[{"href":"https:\/\/paternika.com\/clients\/bilgenterapi\/wp-json\/wp\/v2\/pages\/132406","targetHints":{"allow":["GET"]}}],"collection":[{"href":"https:\/\/paternika.com\/clients\/bilgenterapi\/wp-json\/wp\/v2\/pages"}],"about":[{"href":"https:\/\/paternika.com\/clients\/bilgenterapi\/wp-json\/wp\/v2\/types\/page"}],"author":[{"embeddable":true,"href":"https:\/\/paternika.com\/clients\/bilgenterapi\/wp-json\/wp\/v2\/users\/1"}],"replies":[{"embeddable":true,"href":"https:\/\/paternika.com\/clients\/bilgenterapi\/wp-json\/wp\/v2\/comments?post=132406"}],"version-history":[{"count":7,"href":"https:\/\/paternika.com\/clients\/bilgenterapi\/wp-json\/wp\/v2\/pages\/132406\/revisions"}],"predecessor-version":[{"id":132415,"href":"https:\/\/paternika.com\/clients\/bilgenterapi\/wp-json\/wp\/v2\/pages\/132406\/revisions\/132415"}],"up":[{"embeddable":true,"href":"https:\/\/paternika.com\/clients\/bilgenterapi\/wp-json\/wp\/v2\/pages\/131181"}],"wp:attachment":[{"href":"https:\/\/paternika.com\/clients\/bilgenterapi\/wp-json\/wp\/v2\/media?parent=132406"}],"curies":[{"name":"wp","href":"https:\/\/api.w.org\/{rel}","templated":true}]}}