{"id":131890,"date":"2025-01-28T13:15:10","date_gmt":"2025-01-28T10:15:10","guid":{"rendered":"https:\/\/paternika.com\/clients\/bilgenterapi\/?page_id=131890"},"modified":"2025-12-26T15:39:29","modified_gmt":"2025-12-26T12:39:29","slug":"online-terapi","status":"publish","type":"page","link":"https:\/\/paternika.com\/clients\/bilgenterapi\/hizmetlerimiz\/online-terapi\/","title":{"rendered":"ONLINE TERAP\u0130"},"content":{"rendered":"<div class=\"wpb-content-wrapper\"><p>[vc_row row_height_percent=&#8221;100&#8243; override_padding=&#8221;yes&#8221; h_padding=&#8221;2&#8243; top_padding=&#8221;6&#8243; bottom_padding=&#8221;6&#8243; back_color=&#8221;color-nhtu&#8221; back_image=&#8221;132342&#8243; back_position=&#8221;center bottom&#8221; kburns=&#8221;magnetic&#8221; overlay_color=&#8221;color-jevc&#8221; overlay_alpha=&#8221;15&#8243; gutter_size=&#8221;3&#8243; column_width_percent=&#8221;100&#8243; shift_y=&#8221;0&#8243; z_index=&#8221;1&#8243; content_parallax=&#8221;0&#8243; uncode_shortcode_id=&#8221;855568&#8243; back_color_type=&#8221;uncode-palette&#8221; overlay_color_type=&#8221;uncode-palette&#8221;][vc_column column_width_percent=&#8221;100&#8243; position_vertical=&#8221;middle&#8221; align_horizontal=&#8221;align_center&#8221; gutter_size=&#8221;4&#8243; style=&#8221;dark&#8221; overlay_alpha=&#8221;50&#8243; shift_x=&#8221;0&#8243; shift_y=&#8221;0&#8243; shift_y_down=&#8221;0&#8243; z_index=&#8221;0&#8243; medium_width=&#8221;0&#8243; align_mobile=&#8221;align_center_mobile&#8221; mobile_width=&#8221;0&#8243; css_animation=&#8221;alpha-anim&#8221; animation_speed=&#8221;1000&#8243; animation_delay=&#8221;400&#8243; width=&#8221;1\/1&#8243; uncode_shortcode_id=&#8221;116631&#8243;][vc_row_inner limit_content=&#8221;&#8221;][vc_column_inner column_width_percent=&#8221;100&#8243; align_horizontal=&#8221;align_center&#8221; gutter_size=&#8221;2&#8243; style=&#8221;dark&#8221; overlay_alpha=&#8221;50&#8243; shift_x=&#8221;0&#8243; shift_y=&#8221;0&#8243; shift_y_down=&#8221;0&#8243; z_index=&#8221;0&#8243; medium_width=&#8221;0&#8243; align_mobile=&#8221;align_center_mobile&#8221; mobile_width=&#8221;0&#8243; width=&#8221;1\/1&#8243; uncode_shortcode_id=&#8221;168935&#8243;][vc_custom_heading text_font=&#8221;font-136269&#8243; text_size=&#8221;custom&#8221; text_weight=&#8221;600&#8243; css_animation=&#8221;curtain&#8221; animation_speed=&#8221;1000&#8243; animation_delay=&#8221;200&#8243; title=&#8221;&#8221; uncode_shortcode_id=&#8221;141424&#8243; heading_custom_size=&#8221;76&#8243;]ONLINE TERAP\u0130<br \/>\nNeden \u00d6nemli?[\/vc_custom_heading][vc_custom_heading text_color=&#8221;color-xsdn&#8221; text_font=&#8221;font-136269&#8243; text_weight=&#8221;300&#8243; text_height=&#8221;fontheight-357766&#8243; title=&#8221;&#8221; uncode_shortcode_id=&#8221;381472&#8243; text_color_type=&#8221;uncode-palette&#8221;]Klini\u011fimizde s\u00fcrd\u00fcrd\u00fc\u011f\u00fcm\u00fcz g\u00f6r\u00fc\u015fmelere ek olarak sizlere <strong>&#8216;Online G\u00f6r\u00fc\u015fme ve Terapi Deste\u011fi&#8217;<\/strong>de sunmaktay\u0131z.[\/vc_custom_heading][\/vc_column_inner][\/vc_row_inner][vc_icon icon=&#8221;fa fa-arrow-down4&#8243; background_style=&#8221;fa-rounded&#8221; size=&#8221;fa-2x&#8221; icon_automatic=&#8221;yes&#8221; css_animation=&#8221;bottom-t-top&#8221; animation_speed=&#8221;1000&#8243; animation_delay=&#8221;400&#8243; link=&#8221;url:%23intro&#8221; uncode_shortcode_id=&#8221;170959&#8243;][\/vc_icon][\/vc_column][\/vc_row][vc_row row_height_percent=&#8221;0&#8243; override_padding=&#8221;yes&#8221; h_padding=&#8221;2&#8243; top_padding=&#8221;5&#8243; bottom_padding=&#8221;5&#8243; back_color=&#8221;color-xsdn&#8221; overlay_alpha=&#8221;50&#8243; gutter_size=&#8221;4&#8243; column_width_percent=&#8221;100&#8243; shift_y=&#8221;0&#8243; z_index=&#8221;1&#8243; bottom_divider=&#8221;step_3_4&#8243; content_parallax=&#8221;0&#8243; uncode_shortcode_id=&#8221;126796&#8243; back_color_type=&#8221;uncode-palette&#8221; row_name=&#8221;intro&#8221;][vc_column column_width_percent=&#8221;100&#8243; gutter_size=&#8221;4&#8243; overlay_alpha=&#8221;50&#8243; shift_x=&#8221;0&#8243; shift_y=&#8221;0&#8243; shift_y_down=&#8221;0&#8243; z_index=&#8221;0&#8243; medium_width=&#8221;0&#8243; mobile_width=&#8221;0&#8243; css_animation=&#8221;alpha-anim&#8221; animation_speed=&#8221;1000&#8243; width=&#8221;1\/1&#8243; uncode_shortcode_id=&#8221;499678&#8243;][vc_row_inner limit_content=&#8221;&#8221;][vc_column_inner column_width_percent=&#8221;100&#8243; gutter_size=&#8221;3&#8243; overlay_alpha=&#8221;50&#8243; shift_x=&#8221;0&#8243; shift_y=&#8221;0&#8243; shift_y_down=&#8221;0&#8243; z_index=&#8221;0&#8243; medium_width=&#8221;0&#8243; mobile_width=&#8221;0&#8243; width=&#8221;1\/1&#8243; uncode_shortcode_id=&#8221;209263&#8243;][vc_column_text uncode_shortcode_id=&#8221;522107&#8243;]<strong><span style=\"background: -webkit-linear-gradient(45deg, #d93da3, #8445ff); -webkit-background-clip: text; -webkit-text-fill-color: transparent; display: inline-block; font-family: Jost; font-size: 26px;\">ONLINE TERAP\u0130<\/span><\/strong><\/p>\n<h4><span style=\"background: #d93da3; color: #ffffff; font-size: 17px; letter-spacing: 0.5px; padding: 4px 6px;\">TERAP\u0130 B\u0130R SOHBET DE\u011e\u0130LD\u0130R. HER KONU\u015eMA \u0130SE ASLA B\u0130R TERAP\u0130 DE\u011e\u0130LD\u0130R.<\/span><\/h4>\n<p>N\u00f6roplastisite, beyin h\u00fccreleri aras\u0131nda ya da i\u00e7inde de\u011fi\u015fimlere verilen genel bir add\u0131r. Bu, sinir sisteminin deneyime g\u00f6re de\u011fi\u015febilmesi ve bu deneyimi yap\u0131s\u0131na kodlayabilmesi demektir. Biz terapistler, dan\u0131\u015fanlar\u0131m\u0131z\u0131 dinler ilken g\u00f6r\u00fcnenin \u00f6tesine bakarak, dil arac\u0131l\u0131\u011f\u0131 ile n\u00f6roplastisiteyi de\u011fi\u015ftiren ki\u015fileriz.<\/p>\n<blockquote><p>\u00c7ok y\u00fcce ve sorumlulu\u011fu y\u00fcksek bir g\u00f6revi \u00fcstlenmenin fark\u0131ndal\u0131\u011f\u0131 ile kan\u0131ta dayal\u0131 (bilimsel deneylerle, n\u00f6robiyokimyasal \u00e7al\u0131\u015fmalarla kan\u0131tlanm\u0131\u015f terapiler) y\u00f6n\u00fcnde her g\u00fcn geli\u015fmeye devam ederek insan ac\u0131s\u0131na dokunmaya devam etmeliyiz.<\/p><\/blockquote>\n<h4><span style=\"background: #d93da3; color: #ffffff; font-size: 17px; letter-spacing: 0.5px; padding: 4px 6px;\">TERAP\u0130DE S\u00dcREKL\u0130L\u0130K, Z\u0130H\u0130NDE B\u0130LG\u0130 \u0130\u015eLEMLEMES\u0130 A\u00c7ISINDAN \u00c7OK \u00d6NEML\u0130D\u0130R.<\/span><\/h4>\n<p>Mesafeler nedeni ile \u00e7o\u011fu terapi maalesef ba\u015flayamam\u0131\u015f ya da yar\u0131da kalm\u0131\u015ft\u0131r. Online Terapi imkan\u0131, terapilere derinlik kazand\u0131rm\u0131\u015f ve s\u00fcreklili\u011fi sa\u011flam\u0131\u015ft\u0131r. Bu da terapi etkinli\u011fini artt\u0131rm\u0131\u015ft\u0131r. Y\u00fcz y\u00fcze ya da online, \u00f6nemli olan terapilerin s\u00fcreklili\u011fi ile n\u00f6roplastisite olu\u015fumunun kal\u0131c\u0131l\u0131\u011f\u0131n\u0131n sa\u011flanmas\u0131d\u0131r. \u00c7\u00fcnk\u00fc n\u00f6roplastisite (beyin h\u00fccrelerinde, ba\u011flant\u0131lar\u0131nda de\u011fi\u015fim), kan\u0131ta dayal\u0131 terapilerle de\u011fi\u015febilecek kadar zay\u0131f, ancak bir anda ya da terapilere ara vererek de\u011fi\u015fmeyecek kadar da g\u00fc\u00e7l\u00fc bir yap\u0131ya sahiptir. Bu nedenle terapi s\u00fcrecinde online terapiye \u00e7ok \u00f6nem vermekteyim.<\/p>\n<p>Sevgi ve Sayg\u0131lar\u0131mla,<br \/>\nDr. \u0130brahim Bilgen[\/vc_column_text][\/vc_column_inner][\/vc_row_inner][\/vc_column][\/vc_row]<\/p>\n<\/div>","protected":false},"excerpt":{"rendered":"<p>[vc_row row_height_percent=&#8221;100&#8243; override_padding=&#8221;yes&#8221; h_padding=&#8221;2&#8243; top_padding=&#8221;6&#8243; bottom_padding=&#8221;6&#8243; back_color=&#8221;color-nhtu&#8221; back_image=&#8221;132342&#8243; back_position=&#8221;center bottom&#8221; kburns=&#8221;magnetic&#8221; overlay_color=&#8221;color-jevc&#8221; overlay_alpha=&#8221;15&#8243; gutter_size=&#8221;3&#8243; column_width_percent=&#8221;100&#8243; shift_y=&#8221;0&#8243; z_index=&#8221;1&#8243; content_parallax=&#8221;0&#8243; uncode_shortcode_id=&#8221;855568&#8243; back_color_type=&#8221;uncode-palette&#8221; [&hellip;]<\/p>\n","protected":false},"author":1,"featured_media":0,"parent":131181,"menu_order":0,"comment_status":"closed","ping_status":"closed","template":"","meta":{"inline_featured_image":false,"_locale":"tr_TR","_original_post":"https:\/\/paternika.com\/clients\/bilgenterapi\/?page_id=131890","footnotes":"","_links_to":"","_links_to_target":""},"class_list":["post-131890","page","type-page","status-publish","hentry","tr-TR"],"yoast_head":"<!-- This site is optimized with the Yoast SEO plugin v25.0 - https:\/\/yoast.com\/wordpress\/plugins\/seo\/ -->\n<title>B\u0130LGEN TERAP\u0130 | ONLINE TERAP\u0130<\/title>\n<meta name=\"description\" content=\"Klini\u011fimizde s\u00fcrd\u00fcrd\u00fc\u011f\u00fcm\u00fcz g\u00f6r\u00fc\u015fmelere ek olarak sizlere &#039;Online G\u00f6r\u00fc\u015fme ve Terapi Deste\u011fi&#039;de sunmaktay\u0131z.\" \/>\n<meta name=\"robots\" content=\"noindex, follow, max-snippet:-1, max-image-preview:large, max-video-preview:-1\" \/>\n<meta property=\"og:locale\" content=\"tr_TR\" \/>\n<meta property=\"og:type\" content=\"article\" \/>\n<meta property=\"og:title\" content=\"B\u0130LGEN TERAP\u0130 | ONLINE TERAP\u0130\" \/>\n<meta property=\"og:description\" content=\"Klini\u011fimizde s\u00fcrd\u00fcrd\u00fc\u011f\u00fcm\u00fcz g\u00f6r\u00fc\u015fmelere ek olarak sizlere &#039;Online G\u00f6r\u00fc\u015fme ve Terapi Deste\u011fi&#039;de sunmaktay\u0131z.\" \/>\n<meta property=\"og:url\" content=\"https:\/\/paternika.com\/clients\/bilgenterapi\/hizmetlerimiz\/online-terapi\/\" \/>\n<meta property=\"og:site_name\" content=\"B\u0130LGEN TERAP\u0130\" \/>\n<meta property=\"article:publisher\" content=\"https:\/\/www.facebook.com\/bilgenterapi\" \/>\n<meta property=\"article:modified_time\" content=\"2025-12-26T12:39:29+00:00\" \/>\n<meta name=\"twitter:card\" content=\"summary_large_image\" \/>\n<meta name=\"twitter:label1\" content=\"Tahmini okuma s\u00fcresi\" \/>\n\t<meta name=\"twitter:data1\" content=\"2 dakika\" \/>\n<script type=\"application\/ld+json\" class=\"yoast-schema-graph\">{\"@context\":\"https:\/\/schema.org\",\"@graph\":[{\"@type\":\"WebPage\",\"@id\":\"https:\/\/paternika.com\/clients\/bilgenterapi\/hizmetlerimiz\/online-terapi\/\",\"url\":\"https:\/\/paternika.com\/clients\/bilgenterapi\/hizmetlerimiz\/online-terapi\/\",\"name\":\"B\u0130LGEN TERAP\u0130 | ONLINE TERAP\u0130\",\"isPartOf\":{\"@id\":\"https:\/\/paternika.com\/clients\/bilgenterapi\/#website\"},\"datePublished\":\"2025-01-28T10:15:10+00:00\",\"dateModified\":\"2025-12-26T12:39:29+00:00\",\"description\":\"Klini\u011fimizde s\u00fcrd\u00fcrd\u00fc\u011f\u00fcm\u00fcz g\u00f6r\u00fc\u015fmelere ek olarak sizlere 'Online G\u00f6r\u00fc\u015fme ve Terapi Deste\u011fi'de sunmaktay\u0131z.\",\"breadcrumb\":{\"@id\":\"https:\/\/paternika.com\/clients\/bilgenterapi\/hizmetlerimiz\/online-terapi\/#breadcrumb\"},\"inLanguage\":\"tr\",\"potentialAction\":[{\"@type\":\"ReadAction\",\"target\":[\"https:\/\/paternika.com\/clients\/bilgenterapi\/hizmetlerimiz\/online-terapi\/\"]}]},{\"@type\":\"BreadcrumbList\",\"@id\":\"https:\/\/paternika.com\/clients\/bilgenterapi\/hizmetlerimiz\/online-terapi\/#breadcrumb\",\"itemListElement\":[{\"@type\":\"ListItem\",\"position\":1,\"name\":\"Home\",\"item\":\"https:\/\/paternika.com\/clients\/bilgenterapi\/\"},{\"@type\":\"ListItem\",\"position\":2,\"name\":\"H\u0130ZMETLER\u0130M\u0130Z\",\"item\":\"https:\/\/paternika.com\/clients\/bilgenterapi\/hizmetlerimiz\/\"},{\"@type\":\"ListItem\",\"position\":3,\"name\":\"ONLINE TERAP\u0130\"}]},{\"@type\":\"WebSite\",\"@id\":\"https:\/\/paternika.com\/clients\/bilgenterapi\/#website\",\"url\":\"https:\/\/paternika.com\/clients\/bilgenterapi\/\",\"name\":\"B\u0130LGEN TERAP\u0130\",\"description\":\"\",\"publisher\":{\"@id\":\"https:\/\/paternika.com\/clients\/bilgenterapi\/#organization\"},\"potentialAction\":[{\"@type\":\"SearchAction\",\"target\":{\"@type\":\"EntryPoint\",\"urlTemplate\":\"https:\/\/paternika.com\/clients\/bilgenterapi\/?s={search_term_string}\"},\"query-input\":{\"@type\":\"PropertyValueSpecification\",\"valueRequired\":true,\"valueName\":\"search_term_string\"}}],\"inLanguage\":\"tr\"},{\"@type\":\"Organization\",\"@id\":\"https:\/\/paternika.com\/clients\/bilgenterapi\/#organization\",\"name\":\"B\u0130LGEN TERAP\u0130\",\"url\":\"https:\/\/paternika.com\/clients\/bilgenterapi\/\",\"logo\":{\"@type\":\"ImageObject\",\"inLanguage\":\"tr\",\"@id\":\"https:\/\/paternika.com\/clients\/bilgenterapi\/#\/schema\/logo\/image\/\",\"url\":\"https:\/\/www.paternika.com\/clients\/bilgenterapi\/wp-content\/uploads\/2024\/04\/favicon.png\",\"contentUrl\":\"https:\/\/www.paternika.com\/clients\/bilgenterapi\/wp-content\/uploads\/2024\/04\/favicon.png\",\"width\":512,\"height\":512,\"caption\":\"B\u0130LGEN TERAP\u0130\"},\"image\":{\"@id\":\"https:\/\/paternika.com\/clients\/bilgenterapi\/#\/schema\/logo\/image\/\"},\"sameAs\":[\"https:\/\/www.facebook.com\/bilgenterapi\",\"https:\/\/www.instagram.com\/bilgenterapi\",\"https:\/\/www.youtube.com\/@bterapi\"]}]}<\/script>\n<!-- \/ Yoast SEO plugin. -->","yoast_head_json":{"title":"B\u0130LGEN TERAP\u0130 | ONLINE TERAP\u0130","description":"Klini\u011fimizde s\u00fcrd\u00fcrd\u00fc\u011f\u00fcm\u00fcz g\u00f6r\u00fc\u015fmelere ek olarak sizlere 'Online G\u00f6r\u00fc\u015fme ve Terapi Deste\u011fi'de sunmaktay\u0131z.","robots":{"index":"noindex","follow":"follow","max-snippet":"max-snippet:-1","max-image-preview":"max-image-preview:large","max-video-preview":"max-video-preview:-1"},"og_locale":"tr_TR","og_type":"article","og_title":"B\u0130LGEN TERAP\u0130 | ONLINE TERAP\u0130","og_description":"Klini\u011fimizde s\u00fcrd\u00fcrd\u00fc\u011f\u00fcm\u00fcz g\u00f6r\u00fc\u015fmelere ek olarak sizlere 'Online G\u00f6r\u00fc\u015fme ve Terapi Deste\u011fi'de sunmaktay\u0131z.","og_url":"https:\/\/paternika.com\/clients\/bilgenterapi\/hizmetlerimiz\/online-terapi\/","og_site_name":"B\u0130LGEN TERAP\u0130","article_publisher":"https:\/\/www.facebook.com\/bilgenterapi","article_modified_time":"2025-12-26T12:39:29+00:00","twitter_card":"summary_large_image","twitter_misc":{"Tahmini okuma s\u00fcresi":"2 dakika"},"schema":{"@context":"https:\/\/schema.org","@graph":[{"@type":"WebPage","@id":"https:\/\/paternika.com\/clients\/bilgenterapi\/hizmetlerimiz\/online-terapi\/","url":"https:\/\/paternika.com\/clients\/bilgenterapi\/hizmetlerimiz\/online-terapi\/","name":"B\u0130LGEN TERAP\u0130 | ONLINE TERAP\u0130","isPartOf":{"@id":"https:\/\/paternika.com\/clients\/bilgenterapi\/#website"},"datePublished":"2025-01-28T10:15:10+00:00","dateModified":"2025-12-26T12:39:29+00:00","description":"Klini\u011fimizde s\u00fcrd\u00fcrd\u00fc\u011f\u00fcm\u00fcz g\u00f6r\u00fc\u015fmelere ek olarak sizlere 'Online G\u00f6r\u00fc\u015fme ve Terapi Deste\u011fi'de sunmaktay\u0131z.","breadcrumb":{"@id":"https:\/\/paternika.com\/clients\/bilgenterapi\/hizmetlerimiz\/online-terapi\/#breadcrumb"},"inLanguage":"tr","potentialAction":[{"@type":"ReadAction","target":["https:\/\/paternika.com\/clients\/bilgenterapi\/hizmetlerimiz\/online-terapi\/"]}]},{"@type":"BreadcrumbList","@id":"https:\/\/paternika.com\/clients\/bilgenterapi\/hizmetlerimiz\/online-terapi\/#breadcrumb","itemListElement":[{"@type":"ListItem","position":1,"name":"Home","item":"https:\/\/paternika.com\/clients\/bilgenterapi\/"},{"@type":"ListItem","position":2,"name":"H\u0130ZMETLER\u0130M\u0130Z","item":"https:\/\/paternika.com\/clients\/bilgenterapi\/hizmetlerimiz\/"},{"@type":"ListItem","position":3,"name":"ONLINE TERAP\u0130"}]},{"@type":"WebSite","@id":"https:\/\/paternika.com\/clients\/bilgenterapi\/#website","url":"https:\/\/paternika.com\/clients\/bilgenterapi\/","name":"B\u0130LGEN TERAP\u0130","description":"","publisher":{"@id":"https:\/\/paternika.com\/clients\/bilgenterapi\/#organization"},"potentialAction":[{"@type":"SearchAction","target":{"@type":"EntryPoint","urlTemplate":"https:\/\/paternika.com\/clients\/bilgenterapi\/?s={search_term_string}"},"query-input":{"@type":"PropertyValueSpecification","valueRequired":true,"valueName":"search_term_string"}}],"inLanguage":"tr"},{"@type":"Organization","@id":"https:\/\/paternika.com\/clients\/bilgenterapi\/#organization","name":"B\u0130LGEN TERAP\u0130","url":"https:\/\/paternika.com\/clients\/bilgenterapi\/","logo":{"@type":"ImageObject","inLanguage":"tr","@id":"https:\/\/paternika.com\/clients\/bilgenterapi\/#\/schema\/logo\/image\/","url":"https:\/\/www.paternika.com\/clients\/bilgenterapi\/wp-content\/uploads\/2024\/04\/favicon.png","contentUrl":"https:\/\/www.paternika.com\/clients\/bilgenterapi\/wp-content\/uploads\/2024\/04\/favicon.png","width":512,"height":512,"caption":"B\u0130LGEN TERAP\u0130"},"image":{"@id":"https:\/\/paternika.com\/clients\/bilgenterapi\/#\/schema\/logo\/image\/"},"sameAs":["https:\/\/www.facebook.com\/bilgenterapi","https:\/\/www.instagram.com\/bilgenterapi","https:\/\/www.youtube.com\/@bterapi"]}]}},"_links":{"self":[{"href":"https:\/\/paternika.com\/clients\/bilgenterapi\/wp-json\/wp\/v2\/pages\/131890","targetHints":{"allow":["GET"]}}],"collection":[{"href":"https:\/\/paternika.com\/clients\/bilgenterapi\/wp-json\/wp\/v2\/pages"}],"about":[{"href":"https:\/\/paternika.com\/clients\/bilgenterapi\/wp-json\/wp\/v2\/types\/page"}],"author":[{"embeddable":true,"href":"https:\/\/paternika.com\/clients\/bilgenterapi\/wp-json\/wp\/v2\/users\/1"}],"replies":[{"embeddable":true,"href":"https:\/\/paternika.com\/clients\/bilgenterapi\/wp-json\/wp\/v2\/comments?post=131890"}],"version-history":[{"count":10,"href":"https:\/\/paternika.com\/clients\/bilgenterapi\/wp-json\/wp\/v2\/pages\/131890\/revisions"}],"predecessor-version":[{"id":132538,"href":"https:\/\/paternika.com\/clients\/bilgenterapi\/wp-json\/wp\/v2\/pages\/131890\/revisions\/132538"}],"up":[{"embeddable":true,"href":"https:\/\/paternika.com\/clients\/bilgenterapi\/wp-json\/wp\/v2\/pages\/131181"}],"wp:attachment":[{"href":"https:\/\/paternika.com\/clients\/bilgenterapi\/wp-json\/wp\/v2\/media?parent=131890"}],"curies":[{"name":"wp","href":"https:\/\/api.w.org\/{rel}","templated":true}]}}