{"id":131386,"date":"2025-01-12T23:04:03","date_gmt":"2025-01-12T20:04:03","guid":{"rendered":"https:\/\/paternika.com\/clients\/bilgenterapi\/?page_id=131386"},"modified":"2026-02-01T21:16:07","modified_gmt":"2026-02-01T18:16:07","slug":"ece-goc","status":"publish","type":"page","link":"https:\/\/paternika.com\/clients\/bilgenterapi\/uzman-kadromuz\/ece-goc\/","title":{"rendered":"ECE G\u00d6\u00c7"},"content":{"rendered":"<div class=\"wpb-content-wrapper\"><p>[vc_row unlock_row_content=&#8221;yes&#8221; row_height_percent=&#8221;100&#8243; override_padding=&#8221;yes&#8221; h_padding=&#8221;0&#8243; top_padding=&#8221;0&#8243; bottom_padding=&#8221;0&#8243; back_color=&#8221;color-nhtu&#8221; overlay_alpha=&#8221;50&#8243; equal_height=&#8221;yes&#8221; gutter_size=&#8221;3&#8243; shift_y=&#8221;0&#8243;][vc_column column_width_percent=&#8221;100&#8243; gutter_size=&#8221;3&#8243; expand_height=&#8221;yes&#8221; style=&#8221;dark&#8221; overlay_alpha=&#8221;50&#8243; shift_x=&#8221;0&#8243; shift_y=&#8221;0&#8243; z_index=&#8221;0&#8243; medium_width=&#8221;0&#8243; width=&#8221;1\/1&#8243;][vc_row_inner row_inner_height_percent=&#8221;0&#8243; overlay_alpha=&#8221;50&#8243; equal_height=&#8221;yes&#8221; gutter_size=&#8221;0&#8243; shift_y=&#8221;0&#8243; limit_content=&#8221;&#8221;][vc_column_inner column_width_use_pixel=&#8221;yes&#8221; gutter_size=&#8221;3&#8243; back_image=&#8221;131364&#8243; back_position=&#8221;center top&#8221; kburns=&#8221;magnetic&#8221; overlay_alpha=&#8221;50&#8243; shift_x=&#8221;0&#8243; shift_y=&#8221;0&#8243; shift_y_down=&#8221;0&#8243; z_index=&#8221;0&#8243; medium_width=&#8221;0&#8243; mobile_width=&#8221;0&#8243; css_animation=&#8221;alpha-anim&#8221; width=&#8221;1\/2&#8243; mobile_height=&#8221;300&#8243; uncode_shortcode_id=&#8221;161631&#8243;][\/vc_column_inner][vc_column_inner column_width_percent=&#8221;65&#8243; position_vertical=&#8221;middle&#8221; gutter_size=&#8221;3&#8243; override_padding=&#8221;yes&#8221; column_padding=&#8221;3&#8243; style=&#8221;dark&#8221; font_family=&#8221;font-136269&#8243; overlay_alpha=&#8221;50&#8243; shift_x=&#8221;0&#8243; shift_y=&#8221;0&#8243; shift_y_down=&#8221;0&#8243; z_index=&#8221;0&#8243; medium_width=&#8221;0&#8243; mobile_width=&#8221;0&#8243; width=&#8221;1\/2&#8243; uncode_shortcode_id=&#8221;202408&#8243;][vc_empty_space empty_h=&#8221;5&#8243; medium_visibility=&#8221;yes&#8221; mobile_visibility=&#8221;yes&#8221;][vc_column_text css_animation=&#8221;left-t-right&#8221; uncode_shortcode_id=&#8221;827640&#8243;]<strong><span style=\"font-size: 32pt;\">Ece G\u00f6\u00e7<\/span><\/strong> \/ Uzman Klinik Psikolog &amp; Psikoterapist[\/vc_column_text][vc_column_text css_animation=&#8221;left-t-right&#8221; uncode_shortcode_id=&#8221;127036&#8243;]Ece G\u00f6\u00e7, Okan \u00dcniversitesi Psikoloji B\u00f6lu\u0308mu\u0308nden mezun olarak, devam\u0131n\u0131da Klinik Psikoloji Yu\u0308ksek Lisans derecesini Beykent \u00dcniversitesi\u2019nde tamamlam\u0131\u015ft\u0131r.<\/p>\n<p>Lisans ve yu\u0308ksek lisans su\u0308reci boyunca \u00e7e\u015fitli \u00f6zel kliniklerde, \u0130zmir Dr. Beh\u00e7et Uz \u00c7ocuk Hastal\u0131klar\u0131 ve Cerrahisi Hastanesi ve Manisa Ruh Sa\u011fl\u0131\u011f\u0131 Hastal\u0131klar\u0131 Hastenesi\u2019nin psikiyatri ve psikoloji birimlerinde stajyer psikolog olarak g\u00f6rev alm\u0131\u015ft\u0131r.<\/p>\n<p>Yu\u0308ksek lisans tez \u00e7al\u0131\u015fmas\u0131 &#8220;Su\u0308rekli Kayg\u0131n\u0131n Yorday\u0131c\u0131lar\u0131 olarak Belirsizli\u011fe Tahammu\u0308lsu\u0308zlu\u0308k, Endi\u015fe ile ilgili \u0130nan\u00e7lar ve Kontrol Oda\u011f\u0131n\u0131n \u0130ncelenmesi ile Ya\u015fam Doyumunun Ara\u015ft\u0131r\u0131lmas\u0131&#8221; u\u0308zerinedir ve mesleki ya\u015fam\u0131 boyunca bu alanda \u00e7al\u0131\u015fmaya dair \u00f6\u011frenme, merak ve istek i\u00e7erisinde olmu\u015ftur.<\/p>\n<p>2014-2018 y\u0131llar\u0131 aras\u0131nda Prof.Dr. Mehmet Zihni Sungur taraf\u0131ndan verilen &#8220;Kognitif ve Davran\u0131\u015f Terapi&#8221; e\u011fitimiyle e\u015f zamanl\u0131 olarak Psikolog Dr. Maria do Ceu Salvador taraf\u0131ndan verilen \u201c\u00c7ocuk ve Ergenlerde \u0130yi ve Etik Uygulamalar Ba\u011flam\u0131nda Kognitif ve Davran\u0131\u015f Terapisi&#8221; e\u011fitimini tamamlayarak EABCT (European Association for Behavioural and Cognitive Thearpies) taraf\u0131ndan akredite edilerek &#8220;\u00c7ocuk &amp; Ergen ve Yeti\u015fkin Psikoterapisti\u201d u\u0308nvan\u0131n\u0131 alm\u0131\u015ft\u0131r.<\/p>\n<p>Meslek hayat\u0131 boyunca ald\u0131\u011f\u0131 e\u011fitimler ile uygulay\u0131c\u0131s\u0131 oldu\u011fu modeller:<\/p>\n<p>Yeti\u015fkinler i\u00e7in ACT (Dr. \u0130brahim Bilgen)<br \/>\n\u00c7ocuk ve Ergenler i\u00e7in ACT (Russ Harris &amp; Dr. \u00d6zlem Su\u0308ru\u0308cu\u0308 &amp; Dr. Runa \u0130dil Uslu)<br \/>\n\u00c7ocuk ve Ergenler i\u00e7in Mindfulness (AMT Basic &amp; Extra &#8211; Eline Snel Methoduyla)<br \/>\n\u00c7ocuklar ve Gen\u00e7ler i\u00e7in Somatik Deneyimleme (Maggie Kline ile SE Playshop)<br \/>\nISP Integral Somatik Yakla\u015f\u0131m (Raja Selvam)<br \/>\nZihin Kuram\u0131 ve Sosyal Beceriler (Alev Girli)<\/p>\n<p>Uygulamaya yetkin oldu\u011fu de\u011ferlendirmeler:<\/p>\n<p>CAS, Tu\u0308rk\u00e7e &#8211; PREP, MMPI, WISC-R, Bender &#8211; Gestalt G\u00f6rsel Motor Testi, Beier Cu\u0308mle<br \/>\nTamamlama Testi, \u0130nsan ve Aile \u00c7izimi, A\u011fa\u00e7 ve Ev \u00c7izimi, \u00c7ocuk De\u011ferlendirme Testleri.<\/p>\n<p>Kat\u0131ld\u0131\u011f\u0131 e\u011fitim ve konferanslar:<\/p>\n<p>MBSR (Do\u00e7.Dr. Zu\u0308mra Atalay)<br \/>\nSomatik Deneyimleme Giri\u015f<br \/>\nKay\u0131p, Yas ve S\u0131n\u0131rlar (Maggie Kline)<br \/>\nACT (Dr. Joe Oliver)<br \/>\nDo\u011fum \/ Do\u011fum \u00d6ncesi Psikobiyolojisi ile Kolektif Travma (Sonia Gomes)<br \/>\n\u015eema Terapi (Dr. Alp Karaosmano\u011flu)<br \/>\nDiyalektik Davran\u0131\u015f Terapisi (Linehan Enstitu\u0308su\u0308 &amp; Marsha Linehan)<br \/>\nRuh Sa\u011fl\u0131\u011f\u0131 \u00c7al\u0131\u015fanlar\u0131 i\u00e7in Metta \/ Sevgi ve Fark\u0131ndal\u0131k Meditasyonu<\/p>\n<p>Tu\u0308m bunlarla birlikte \u00e7e\u015fitli kongrelerde alan\u0131nda uzman olan Steven Hayes, Robyn Walser, Kelly Wilson, Gabor Mat\u00e9, Ariel Giarretto, Paul Salkovskis, Arthur Freeman, Andrian Wells, Stefan Hoffman, Peter Fisher gibi bir\u00e7ok ismi dinlemi\u015f ve \u00f6\u011fretici su\u0308recine katk\u0131 sa\u011flam\u0131\u015ft\u0131r.<\/p>\n<p>Devam etmekte olan e\u011fitimleri:<\/p>\n<p>ACT Su\u0308re\u00e7 Odakl\u0131 Terapi Beceri E\u011fitimi &amp; Su\u0308pervizyonu<br \/>\nISP Integral Somatik Yakla\u015f\u0131m Su\u0308pervizyonu<br \/>\n\u00c7ocuk ve Ergenler i\u00e7in ACT Su\u0308pervizyonu<\/p>\n<p>2013 y\u0131l\u0131nda ba\u015flayan meslek ya\u015fam\u0131 2014 y\u0131l\u0131ndan bu yana \u0130brahim Bilgen ile devam etmektedir. Bilgen Terapi Enstitu\u0308su\u0308\u2019nde \u00e7ocuk, ergen ve yeti\u015fkin psikoterapisi ile insan ya\u015fam\u0131na katk\u0131 sa\u011flamaya y\u00f6nelik \u00e7abas\u0131n\u0131 su\u0308rdu\u0308rmektedir. \u0130lham ald\u0131\u011f\u0131 durumlar\u0131, insan\u0131n var olu\u015f haline dair fikirlerini yazmak ise ya\u015fama dair tutundu\u011fu gu\u0308\u00e7lu\u0308 dallar\u0131ndan biridir.[\/vc_column_text][vc_button radius=&#8221;btn-square&#8221; custom_typo=&#8221;yes&#8221; font_family=&#8221;font-136269&#8243; font_weight=&#8221;600&#8243; border_width=&#8221;0&#8243; css_animation=&#8221;left-t-right&#8221; link=&#8221;url:https%3A%2F%2Fwww.paternika.com\/clients\/bilgenterapi%2Fuzman-kadromuz%2F&#8221; uncode_shortcode_id=&#8221;119318&#8243; icon=&#8221;fa fa-chevron-left&#8221;]UZMAN KADROMUZ[\/vc_button][\/vc_column_inner][\/vc_row_inner][\/vc_column][\/vc_row]<\/p>\n<\/div>","protected":false},"excerpt":{"rendered":"<p>[vc_row unlock_row_content=&#8221;yes&#8221; row_height_percent=&#8221;100&#8243; override_padding=&#8221;yes&#8221; h_padding=&#8221;0&#8243; top_padding=&#8221;0&#8243; bottom_padding=&#8221;0&#8243; back_color=&#8221;color-nhtu&#8221; overlay_alpha=&#8221;50&#8243; equal_height=&#8221;yes&#8221; gutter_size=&#8221;3&#8243; shift_y=&#8221;0&#8243;][vc_column column_width_percent=&#8221;100&#8243; gutter_size=&#8221;3&#8243; expand_height=&#8221;yes&#8221; style=&#8221;dark&#8221; overlay_alpha=&#8221;50&#8243; shift_x=&#8221;0&#8243; shift_y=&#8221;0&#8243; z_index=&#8221;0&#8243; [&hellip;]<\/p>\n","protected":false},"author":1,"featured_media":0,"parent":131156,"menu_order":0,"comment_status":"open","ping_status":"closed","template":"","meta":{"inline_featured_image":false,"_locale":"tr_TR","_original_post":"https:\/\/paternika.com\/clients\/bilgenterapi\/?page_id=131386","footnotes":"","_links_to":"","_links_to_target":""},"class_list":["post-131386","page","type-page","status-publish","hentry","tr-TR"],"yoast_head":"<!-- This site is optimized with the Yoast SEO plugin v25.0 - https:\/\/yoast.com\/wordpress\/plugins\/seo\/ -->\n<title>B\u0130LGEN TERAP\u0130 | ECE G\u00d6\u00c7<\/title>\n<meta name=\"description\" content=\"Ece G\u00f6\u00e7, Okan \u00dcniversitesi Psikoloji B\u00f6lu\u0308mu\u0308nden mezun olarak, devam\u0131n\u0131da Klinik Psikoloji Yu\u0308ksek Lisans derecesini Beykent \u00dcniversitesi\u2019nde tamamlam\u0131\u015ft\u0131r.\" \/>\n<meta name=\"robots\" content=\"noindex, follow, max-snippet:-1, max-image-preview:large, max-video-preview:-1\" \/>\n<meta property=\"og:locale\" content=\"tr_TR\" \/>\n<meta property=\"og:type\" content=\"article\" \/>\n<meta property=\"og:title\" content=\"B\u0130LGEN TERAP\u0130 | ECE G\u00d6\u00c7\" \/>\n<meta property=\"og:description\" content=\"Ece G\u00f6\u00e7, Okan \u00dcniversitesi Psikoloji B\u00f6lu\u0308mu\u0308nden mezun olarak, devam\u0131n\u0131da Klinik Psikoloji Yu\u0308ksek Lisans derecesini Beykent \u00dcniversitesi\u2019nde tamamlam\u0131\u015ft\u0131r.\" \/>\n<meta property=\"og:url\" content=\"https:\/\/paternika.com\/clients\/bilgenterapi\/uzman-kadromuz\/ece-goc\/\" \/>\n<meta property=\"og:site_name\" content=\"B\u0130LGEN TERAP\u0130\" \/>\n<meta property=\"article:publisher\" content=\"https:\/\/www.facebook.com\/bilgenterapi\" \/>\n<meta property=\"article:modified_time\" content=\"2026-02-01T18:16:07+00:00\" \/>\n<meta name=\"twitter:card\" content=\"summary_large_image\" \/>\n<meta name=\"twitter:label1\" content=\"Tahmini okuma s\u00fcresi\" \/>\n\t<meta name=\"twitter:data1\" content=\"3 dakika\" \/>\n<script type=\"application\/ld+json\" class=\"yoast-schema-graph\">{\"@context\":\"https:\/\/schema.org\",\"@graph\":[{\"@type\":\"WebPage\",\"@id\":\"https:\/\/paternika.com\/clients\/bilgenterapi\/uzman-kadromuz\/ece-goc\/\",\"url\":\"https:\/\/paternika.com\/clients\/bilgenterapi\/uzman-kadromuz\/ece-goc\/\",\"name\":\"B\u0130LGEN TERAP\u0130 | ECE G\u00d6\u00c7\",\"isPartOf\":{\"@id\":\"https:\/\/paternika.com\/clients\/bilgenterapi\/#website\"},\"datePublished\":\"2025-01-12T20:04:03+00:00\",\"dateModified\":\"2026-02-01T18:16:07+00:00\",\"description\":\"Ece G\u00f6\u00e7, Okan \u00dcniversitesi Psikoloji B\u00f6lu\u0308mu\u0308nden mezun olarak, devam\u0131n\u0131da Klinik Psikoloji Yu\u0308ksek Lisans derecesini Beykent \u00dcniversitesi\u2019nde tamamlam\u0131\u015ft\u0131r.\",\"breadcrumb\":{\"@id\":\"https:\/\/paternika.com\/clients\/bilgenterapi\/uzman-kadromuz\/ece-goc\/#breadcrumb\"},\"inLanguage\":\"tr\",\"potentialAction\":[{\"@type\":\"ReadAction\",\"target\":[\"https:\/\/paternika.com\/clients\/bilgenterapi\/uzman-kadromuz\/ece-goc\/\"]}]},{\"@type\":\"BreadcrumbList\",\"@id\":\"https:\/\/paternika.com\/clients\/bilgenterapi\/uzman-kadromuz\/ece-goc\/#breadcrumb\",\"itemListElement\":[{\"@type\":\"ListItem\",\"position\":1,\"name\":\"Home\",\"item\":\"https:\/\/paternika.com\/clients\/bilgenterapi\/\"},{\"@type\":\"ListItem\",\"position\":2,\"name\":\"UZMAN KADROMUZ\",\"item\":\"https:\/\/paternika.com\/clients\/bilgenterapi\/uzman-kadromuz\/\"},{\"@type\":\"ListItem\",\"position\":3,\"name\":\"ECE G\u00d6\u00c7\"}]},{\"@type\":\"WebSite\",\"@id\":\"https:\/\/paternika.com\/clients\/bilgenterapi\/#website\",\"url\":\"https:\/\/paternika.com\/clients\/bilgenterapi\/\",\"name\":\"B\u0130LGEN TERAP\u0130\",\"description\":\"\",\"publisher\":{\"@id\":\"https:\/\/paternika.com\/clients\/bilgenterapi\/#organization\"},\"potentialAction\":[{\"@type\":\"SearchAction\",\"target\":{\"@type\":\"EntryPoint\",\"urlTemplate\":\"https:\/\/paternika.com\/clients\/bilgenterapi\/?s={search_term_string}\"},\"query-input\":{\"@type\":\"PropertyValueSpecification\",\"valueRequired\":true,\"valueName\":\"search_term_string\"}}],\"inLanguage\":\"tr\"},{\"@type\":\"Organization\",\"@id\":\"https:\/\/paternika.com\/clients\/bilgenterapi\/#organization\",\"name\":\"B\u0130LGEN TERAP\u0130\",\"url\":\"https:\/\/paternika.com\/clients\/bilgenterapi\/\",\"logo\":{\"@type\":\"ImageObject\",\"inLanguage\":\"tr\",\"@id\":\"https:\/\/paternika.com\/clients\/bilgenterapi\/#\/schema\/logo\/image\/\",\"url\":\"https:\/\/www.paternika.com\/clients\/bilgenterapi\/wp-content\/uploads\/2024\/04\/favicon.png\",\"contentUrl\":\"https:\/\/www.paternika.com\/clients\/bilgenterapi\/wp-content\/uploads\/2024\/04\/favicon.png\",\"width\":512,\"height\":512,\"caption\":\"B\u0130LGEN TERAP\u0130\"},\"image\":{\"@id\":\"https:\/\/paternika.com\/clients\/bilgenterapi\/#\/schema\/logo\/image\/\"},\"sameAs\":[\"https:\/\/www.facebook.com\/bilgenterapi\",\"https:\/\/www.instagram.com\/bilgenterapi\",\"https:\/\/www.youtube.com\/@bterapi\"]}]}<\/script>\n<!-- \/ Yoast SEO plugin. -->","yoast_head_json":{"title":"B\u0130LGEN TERAP\u0130 | ECE G\u00d6\u00c7","description":"Ece G\u00f6\u00e7, Okan \u00dcniversitesi Psikoloji B\u00f6lu\u0308mu\u0308nden mezun olarak, devam\u0131n\u0131da Klinik Psikoloji Yu\u0308ksek Lisans derecesini Beykent \u00dcniversitesi\u2019nde tamamlam\u0131\u015ft\u0131r.","robots":{"index":"noindex","follow":"follow","max-snippet":"max-snippet:-1","max-image-preview":"max-image-preview:large","max-video-preview":"max-video-preview:-1"},"og_locale":"tr_TR","og_type":"article","og_title":"B\u0130LGEN TERAP\u0130 | ECE G\u00d6\u00c7","og_description":"Ece G\u00f6\u00e7, Okan \u00dcniversitesi Psikoloji B\u00f6lu\u0308mu\u0308nden mezun olarak, devam\u0131n\u0131da Klinik Psikoloji Yu\u0308ksek Lisans derecesini Beykent \u00dcniversitesi\u2019nde tamamlam\u0131\u015ft\u0131r.","og_url":"https:\/\/paternika.com\/clients\/bilgenterapi\/uzman-kadromuz\/ece-goc\/","og_site_name":"B\u0130LGEN TERAP\u0130","article_publisher":"https:\/\/www.facebook.com\/bilgenterapi","article_modified_time":"2026-02-01T18:16:07+00:00","twitter_card":"summary_large_image","twitter_misc":{"Tahmini okuma s\u00fcresi":"3 dakika"},"schema":{"@context":"https:\/\/schema.org","@graph":[{"@type":"WebPage","@id":"https:\/\/paternika.com\/clients\/bilgenterapi\/uzman-kadromuz\/ece-goc\/","url":"https:\/\/paternika.com\/clients\/bilgenterapi\/uzman-kadromuz\/ece-goc\/","name":"B\u0130LGEN TERAP\u0130 | ECE G\u00d6\u00c7","isPartOf":{"@id":"https:\/\/paternika.com\/clients\/bilgenterapi\/#website"},"datePublished":"2025-01-12T20:04:03+00:00","dateModified":"2026-02-01T18:16:07+00:00","description":"Ece G\u00f6\u00e7, Okan \u00dcniversitesi Psikoloji B\u00f6lu\u0308mu\u0308nden mezun olarak, devam\u0131n\u0131da Klinik Psikoloji Yu\u0308ksek Lisans derecesini Beykent \u00dcniversitesi\u2019nde tamamlam\u0131\u015ft\u0131r.","breadcrumb":{"@id":"https:\/\/paternika.com\/clients\/bilgenterapi\/uzman-kadromuz\/ece-goc\/#breadcrumb"},"inLanguage":"tr","potentialAction":[{"@type":"ReadAction","target":["https:\/\/paternika.com\/clients\/bilgenterapi\/uzman-kadromuz\/ece-goc\/"]}]},{"@type":"BreadcrumbList","@id":"https:\/\/paternika.com\/clients\/bilgenterapi\/uzman-kadromuz\/ece-goc\/#breadcrumb","itemListElement":[{"@type":"ListItem","position":1,"name":"Home","item":"https:\/\/paternika.com\/clients\/bilgenterapi\/"},{"@type":"ListItem","position":2,"name":"UZMAN KADROMUZ","item":"https:\/\/paternika.com\/clients\/bilgenterapi\/uzman-kadromuz\/"},{"@type":"ListItem","position":3,"name":"ECE G\u00d6\u00c7"}]},{"@type":"WebSite","@id":"https:\/\/paternika.com\/clients\/bilgenterapi\/#website","url":"https:\/\/paternika.com\/clients\/bilgenterapi\/","name":"B\u0130LGEN TERAP\u0130","description":"","publisher":{"@id":"https:\/\/paternika.com\/clients\/bilgenterapi\/#organization"},"potentialAction":[{"@type":"SearchAction","target":{"@type":"EntryPoint","urlTemplate":"https:\/\/paternika.com\/clients\/bilgenterapi\/?s={search_term_string}"},"query-input":{"@type":"PropertyValueSpecification","valueRequired":true,"valueName":"search_term_string"}}],"inLanguage":"tr"},{"@type":"Organization","@id":"https:\/\/paternika.com\/clients\/bilgenterapi\/#organization","name":"B\u0130LGEN TERAP\u0130","url":"https:\/\/paternika.com\/clients\/bilgenterapi\/","logo":{"@type":"ImageObject","inLanguage":"tr","@id":"https:\/\/paternika.com\/clients\/bilgenterapi\/#\/schema\/logo\/image\/","url":"https:\/\/www.paternika.com\/clients\/bilgenterapi\/wp-content\/uploads\/2024\/04\/favicon.png","contentUrl":"https:\/\/www.paternika.com\/clients\/bilgenterapi\/wp-content\/uploads\/2024\/04\/favicon.png","width":512,"height":512,"caption":"B\u0130LGEN TERAP\u0130"},"image":{"@id":"https:\/\/paternika.com\/clients\/bilgenterapi\/#\/schema\/logo\/image\/"},"sameAs":["https:\/\/www.facebook.com\/bilgenterapi","https:\/\/www.instagram.com\/bilgenterapi","https:\/\/www.youtube.com\/@bterapi"]}]}},"_links":{"self":[{"href":"https:\/\/paternika.com\/clients\/bilgenterapi\/wp-json\/wp\/v2\/pages\/131386","targetHints":{"allow":["GET"]}}],"collection":[{"href":"https:\/\/paternika.com\/clients\/bilgenterapi\/wp-json\/wp\/v2\/pages"}],"about":[{"href":"https:\/\/paternika.com\/clients\/bilgenterapi\/wp-json\/wp\/v2\/types\/page"}],"author":[{"embeddable":true,"href":"https:\/\/paternika.com\/clients\/bilgenterapi\/wp-json\/wp\/v2\/users\/1"}],"replies":[{"embeddable":true,"href":"https:\/\/paternika.com\/clients\/bilgenterapi\/wp-json\/wp\/v2\/comments?post=131386"}],"version-history":[{"count":5,"href":"https:\/\/paternika.com\/clients\/bilgenterapi\/wp-json\/wp\/v2\/pages\/131386\/revisions"}],"predecessor-version":[{"id":132565,"href":"https:\/\/paternika.com\/clients\/bilgenterapi\/wp-json\/wp\/v2\/pages\/131386\/revisions\/132565"}],"up":[{"embeddable":true,"href":"https:\/\/paternika.com\/clients\/bilgenterapi\/wp-json\/wp\/v2\/pages\/131156"}],"wp:attachment":[{"href":"https:\/\/paternika.com\/clients\/bilgenterapi\/wp-json\/wp\/v2\/media?parent=131386"}],"curies":[{"name":"wp","href":"https:\/\/api.w.org\/{rel}","templated":true}]}}