{"id":131385,"date":"2025-01-12T22:55:17","date_gmt":"2025-01-12T19:55:17","guid":{"rendered":"https:\/\/paternika.com\/clients\/bilgenterapi\/?page_id=131385"},"modified":"2026-02-01T21:15:53","modified_gmt":"2026-02-01T18:15:53","slug":"garo-topuzoglu","status":"publish","type":"page","link":"https:\/\/paternika.com\/clients\/bilgenterapi\/uzman-kadromuz\/garo-topuzoglu\/","title":{"rendered":"GARO TOPUZO\u011eLU"},"content":{"rendered":"<div class=\"wpb-content-wrapper\"><p>[vc_row unlock_row_content=&#8221;yes&#8221; row_height_percent=&#8221;100&#8243; override_padding=&#8221;yes&#8221; h_padding=&#8221;0&#8243; top_padding=&#8221;0&#8243; bottom_padding=&#8221;0&#8243; back_color=&#8221;color-nhtu&#8221; overlay_alpha=&#8221;50&#8243; equal_height=&#8221;yes&#8221; gutter_size=&#8221;3&#8243; shift_y=&#8221;0&#8243;][vc_column column_width_percent=&#8221;100&#8243; gutter_size=&#8221;3&#8243; expand_height=&#8221;yes&#8221; style=&#8221;dark&#8221; overlay_alpha=&#8221;50&#8243; shift_x=&#8221;0&#8243; shift_y=&#8221;0&#8243; z_index=&#8221;0&#8243; medium_width=&#8221;0&#8243; width=&#8221;1\/1&#8243;][vc_row_inner row_inner_height_percent=&#8221;0&#8243; overlay_alpha=&#8221;50&#8243; equal_height=&#8221;yes&#8221; gutter_size=&#8221;0&#8243; shift_y=&#8221;0&#8243; limit_content=&#8221;&#8221;][vc_column_inner column_width_use_pixel=&#8221;yes&#8221; gutter_size=&#8221;3&#8243; back_image=&#8221;131363&#8243; back_position=&#8221;center top&#8221; kburns=&#8221;magnetic&#8221; overlay_alpha=&#8221;50&#8243; shift_x=&#8221;0&#8243; shift_y=&#8221;0&#8243; shift_y_down=&#8221;0&#8243; z_index=&#8221;0&#8243; medium_width=&#8221;0&#8243; mobile_width=&#8221;0&#8243; css_animation=&#8221;alpha-anim&#8221; width=&#8221;1\/2&#8243; mobile_height=&#8221;300&#8243; uncode_shortcode_id=&#8221;382552&#8243;][\/vc_column_inner][vc_column_inner column_width_percent=&#8221;65&#8243; position_vertical=&#8221;middle&#8221; gutter_size=&#8221;3&#8243; override_padding=&#8221;yes&#8221; column_padding=&#8221;3&#8243; style=&#8221;dark&#8221; font_family=&#8221;font-136269&#8243; overlay_alpha=&#8221;50&#8243; shift_x=&#8221;0&#8243; shift_y=&#8221;0&#8243; shift_y_down=&#8221;0&#8243; z_index=&#8221;0&#8243; medium_width=&#8221;0&#8243; mobile_width=&#8221;0&#8243; width=&#8221;1\/2&#8243; uncode_shortcode_id=&#8221;202408&#8243;][vc_empty_space empty_h=&#8221;5&#8243; medium_visibility=&#8221;yes&#8221; mobile_visibility=&#8221;yes&#8221;][vc_column_text css_animation=&#8221;left-t-right&#8221; uncode_shortcode_id=&#8221;366412&#8243;]<strong><span style=\"font-size: 32pt;\">Garo Topuzo\u011flu<\/span><\/strong> \/ Uzman Psikolog &amp; Psikoterapist[\/vc_column_text][vc_column_text css_animation=&#8221;left-t-right&#8221; uncode_shortcode_id=&#8221;182618&#8243;]Garo Topuzo\u011flu, Marmara \u00dcniversitesi Eczac\u0131l\u0131k B\u00f6l\u00fcm\u00fcn\u00fc, ard\u0131ndan y\u00fcksek lisans\u0131n\u0131 Ticaret \u00dcniversitesi\u2019nde Uygulamal\u0131 Psikoloji (\u00f6zellikle \u00f6\u011frenme psikolojisi ve klinik psikolojisi \u00fczerine a\u011f\u0131rl\u0131kl\u0131) olarak tamamlam\u0131\u015ft\u0131r.<\/p>\n<p>Y\u00fcksek lisans\u0131n\u0131 tamamlarken ayn\u0131 zamanda NLP Practitioner, Master ve Advanced sertifikal\u0131 programlar\u0131n\u0131 da tamamlam\u0131\u015ft\u0131r. O y\u0131llardan itibaren dan\u0131\u015fmanl\u0131k yapmaya ba\u015flam\u0131\u015f ve halen Bilgen Terapi Enstit\u00fcs\u00fc\u2019nde dan\u0131\u015fmanl\u0131klar\u0131na devam etmektedir.<\/p>\n<p>Uzmanl\u0131k alanlar\u0131 ise Prof. Haluk Yavuzer ile birlikte \u00e7ocuk ve ergen psikolojisi ayn\u0131 zamanda ana-baba tutumlar\u0131 \u00fczerine tezini vermi\u015ftir. 10 sene boyunca \u00dcsk\u00fcdar il\u00e7elerinde belediyenin izni ile t\u00fcm k\u00fclt\u00fcr merkezlerinde seminerler vermi\u015ftir. Yine Adalar il\u00e7esinde B\u00fcy\u00fckada\u2019da kaymakaml\u0131\u011f\u0131n izniyle halk k\u00fct\u00fcphanesinde dan\u0131\u015fmanl\u0131k hizmetleri vermektedir. K\u0131nal\u0131ada\u2019da yetimhanedeki \u00e7ocuklara psikoe\u011fitim ve dan\u0131\u015fmanl\u0131k vermektedir.<\/p>\n<p>Prof. Dr. Mehmet Z. Sungur\u2019un yedi sene s\u00fcren Bili\u015fsel ve Davran\u0131\u015f\u00e7\u0131 Terapi E\u011fitimi\u2019ni EABCT (European Association Behavioural and Cognitive Therapies)\u2018den akreditasyon sertifikas\u0131 alarak psikoterapistlik e\u011fitimini tamamlam\u0131\u015ft\u0131r. Bu e\u011fitimlerin i\u00e7eri\u011finde Kognitif Davran\u0131\u015f\u00e7\u0131 Terapi tekniklerini kazanm\u0131\u015ft\u0131r.<\/p>\n<p>Bu terapi tekniklerini uygulad\u0131\u011f\u0131 alanlar ise \u015funlard\u0131r: Anksiyete Bozukluklar\u0131 (Yayg\u0131n Anksiyete bozuklu\u011fu, Post Travmatik Stres Bozukluklar\u0131, Panik Bozukluklar\u0131, Sosyal Fobi, Obsesif Kompulsif Bozukluklar) Depresyon, Sa\u011fl\u0131k Anksiyetesi, (Hipokondriasis) Ki\u015filik Bozukluklar\u0131, (Borderline, histriyonik, antisosyal vb.). Ayr\u0131ca yine Prof. Dr. Mehmet Z. Sungur ile \u00c7ift Terapisi ve Cinsel Terapi e\u011fitimlerini de tamamlam\u0131\u015ft\u0131r. Profesyonel \u00e7al\u0131\u015fma hayat\u0131nda \u00e7ift terapisi a\u011f\u0131rl\u0131kl\u0131 olmak \u00fczere bireysel terapileri de s\u00fcrd\u00fcrmektedir.<\/p>\n<p>Ayr\u0131ca \u00c7ocuk ve Ergen Psikoterapisti olmak \u00fczere, \u00e7ocuklarda s\u0131nav kayg\u0131s\u0131, dikkat eksikli\u011fi, ayr\u0131lma korkusu, okul korkusu, kayg\u0131 bozukluklar\u0131, davran\u0131\u015f sorunlar\u0131nda etkin olan \u201c\u00c7ocuklarda ve Ergenlerde Bili\u015fsel Davran\u0131\u015f\u00e7\u0131 Terapi\u201d e\u011fitimini yine EABCT\u2019den akreditasyon sertifikas\u0131 alarak \u201c\u00c7ocuk ve Ergen Psikoterapisti\u201d olarak tamamlam\u0131\u015ft\u0131r.<\/p>\n<p>Ayr\u0131ca son y\u0131llarda DBT (Dialektik Behavior Terapi) ve ACT (Kabul ve Adanm\u0131\u015fl\u0131k Terapi) \u015eefkat Odakl\u0131 Terapi ekollerinde e\u011fitimlerini devam etmektedir.[\/vc_column_text][vc_button radius=&#8221;btn-square&#8221; custom_typo=&#8221;yes&#8221; font_family=&#8221;font-136269&#8243; font_weight=&#8221;600&#8243; border_width=&#8221;0&#8243; css_animation=&#8221;left-t-right&#8221; link=&#8221;url:https%3A%2F%2Fwww.paternika.com\/clients\/bilgenterapi%2Fuzman-kadromuz%2F&#8221; uncode_shortcode_id=&#8221;876177&#8243; icon=&#8221;fa fa-chevron-left&#8221;]UZMAN KADROMUZ[\/vc_button][\/vc_column_inner][\/vc_row_inner][\/vc_column][\/vc_row]<\/p>\n<\/div>","protected":false},"excerpt":{"rendered":"<p>[vc_row unlock_row_content=&#8221;yes&#8221; row_height_percent=&#8221;100&#8243; override_padding=&#8221;yes&#8221; h_padding=&#8221;0&#8243; top_padding=&#8221;0&#8243; bottom_padding=&#8221;0&#8243; back_color=&#8221;color-nhtu&#8221; overlay_alpha=&#8221;50&#8243; equal_height=&#8221;yes&#8221; gutter_size=&#8221;3&#8243; shift_y=&#8221;0&#8243;][vc_column column_width_percent=&#8221;100&#8243; gutter_size=&#8221;3&#8243; expand_height=&#8221;yes&#8221; style=&#8221;dark&#8221; overlay_alpha=&#8221;50&#8243; shift_x=&#8221;0&#8243; shift_y=&#8221;0&#8243; z_index=&#8221;0&#8243; [&hellip;]<\/p>\n","protected":false},"author":1,"featured_media":0,"parent":131156,"menu_order":0,"comment_status":"open","ping_status":"closed","template":"","meta":{"inline_featured_image":false,"_locale":"tr_TR","_original_post":"https:\/\/paternika.com\/clients\/bilgenterapi\/?page_id=131385","footnotes":"","_links_to":"","_links_to_target":""},"class_list":["post-131385","page","type-page","status-publish","hentry","tr-TR"],"yoast_head":"<!-- This site is optimized with the Yoast SEO plugin v25.0 - https:\/\/yoast.com\/wordpress\/plugins\/seo\/ -->\n<title>B\u0130LGEN TERAP\u0130 | GARO TOPUZO\u011eLU<\/title>\n<meta name=\"description\" content=\"Garo Topuzo\u011flu, Marmara \u00dcniversitesi Eczac\u0131l\u0131k B\u00f6l\u00fcm\u00fcn\u00fc, ard\u0131ndan y\u00fcksek lisans\u0131n\u0131 Ticaret \u00dcniversitesi\u2019nde Uygulamal\u0131 Psikoloji (\u00f6zellikle \u00f6\u011frenme psikolojisi ve klinik psikolojisi \u00fczerine a\u011f\u0131rl\u0131kl\u0131) olarak tamamlam\u0131\u015ft\u0131r.\" \/>\n<meta name=\"robots\" content=\"noindex, follow, max-snippet:-1, max-image-preview:large, max-video-preview:-1\" \/>\n<meta property=\"og:locale\" content=\"tr_TR\" \/>\n<meta property=\"og:type\" content=\"article\" \/>\n<meta property=\"og:title\" content=\"B\u0130LGEN TERAP\u0130 | GARO TOPUZO\u011eLU\" \/>\n<meta property=\"og:description\" content=\"Garo Topuzo\u011flu, Marmara \u00dcniversitesi Eczac\u0131l\u0131k B\u00f6l\u00fcm\u00fcn\u00fc, ard\u0131ndan y\u00fcksek lisans\u0131n\u0131 Ticaret \u00dcniversitesi\u2019nde Uygulamal\u0131 Psikoloji (\u00f6zellikle \u00f6\u011frenme psikolojisi ve klinik psikolojisi \u00fczerine a\u011f\u0131rl\u0131kl\u0131) olarak tamamlam\u0131\u015ft\u0131r.\" \/>\n<meta property=\"og:url\" content=\"https:\/\/paternika.com\/clients\/bilgenterapi\/uzman-kadromuz\/garo-topuzoglu\/\" \/>\n<meta property=\"og:site_name\" content=\"B\u0130LGEN TERAP\u0130\" \/>\n<meta property=\"article:publisher\" content=\"https:\/\/www.facebook.com\/bilgenterapi\" \/>\n<meta property=\"article:modified_time\" content=\"2026-02-01T18:15:53+00:00\" \/>\n<meta name=\"twitter:card\" content=\"summary_large_image\" \/>\n<meta name=\"twitter:label1\" content=\"Tahmini okuma s\u00fcresi\" \/>\n\t<meta name=\"twitter:data1\" content=\"3 dakika\" \/>\n<script type=\"application\/ld+json\" class=\"yoast-schema-graph\">{\"@context\":\"https:\/\/schema.org\",\"@graph\":[{\"@type\":\"WebPage\",\"@id\":\"https:\/\/paternika.com\/clients\/bilgenterapi\/uzman-kadromuz\/garo-topuzoglu\/\",\"url\":\"https:\/\/paternika.com\/clients\/bilgenterapi\/uzman-kadromuz\/garo-topuzoglu\/\",\"name\":\"B\u0130LGEN TERAP\u0130 | GARO TOPUZO\u011eLU\",\"isPartOf\":{\"@id\":\"https:\/\/paternika.com\/clients\/bilgenterapi\/#website\"},\"datePublished\":\"2025-01-12T19:55:17+00:00\",\"dateModified\":\"2026-02-01T18:15:53+00:00\",\"description\":\"Garo Topuzo\u011flu, Marmara \u00dcniversitesi Eczac\u0131l\u0131k B\u00f6l\u00fcm\u00fcn\u00fc, ard\u0131ndan y\u00fcksek lisans\u0131n\u0131 Ticaret \u00dcniversitesi\u2019nde Uygulamal\u0131 Psikoloji (\u00f6zellikle \u00f6\u011frenme psikolojisi ve klinik psikolojisi \u00fczerine a\u011f\u0131rl\u0131kl\u0131) olarak tamamlam\u0131\u015ft\u0131r.\",\"breadcrumb\":{\"@id\":\"https:\/\/paternika.com\/clients\/bilgenterapi\/uzman-kadromuz\/garo-topuzoglu\/#breadcrumb\"},\"inLanguage\":\"tr\",\"potentialAction\":[{\"@type\":\"ReadAction\",\"target\":[\"https:\/\/paternika.com\/clients\/bilgenterapi\/uzman-kadromuz\/garo-topuzoglu\/\"]}]},{\"@type\":\"BreadcrumbList\",\"@id\":\"https:\/\/paternika.com\/clients\/bilgenterapi\/uzman-kadromuz\/garo-topuzoglu\/#breadcrumb\",\"itemListElement\":[{\"@type\":\"ListItem\",\"position\":1,\"name\":\"Home\",\"item\":\"https:\/\/paternika.com\/clients\/bilgenterapi\/\"},{\"@type\":\"ListItem\",\"position\":2,\"name\":\"UZMAN KADROMUZ\",\"item\":\"https:\/\/paternika.com\/clients\/bilgenterapi\/uzman-kadromuz\/\"},{\"@type\":\"ListItem\",\"position\":3,\"name\":\"GARO TOPUZO\u011eLU\"}]},{\"@type\":\"WebSite\",\"@id\":\"https:\/\/paternika.com\/clients\/bilgenterapi\/#website\",\"url\":\"https:\/\/paternika.com\/clients\/bilgenterapi\/\",\"name\":\"B\u0130LGEN TERAP\u0130\",\"description\":\"\",\"publisher\":{\"@id\":\"https:\/\/paternika.com\/clients\/bilgenterapi\/#organization\"},\"potentialAction\":[{\"@type\":\"SearchAction\",\"target\":{\"@type\":\"EntryPoint\",\"urlTemplate\":\"https:\/\/paternika.com\/clients\/bilgenterapi\/?s={search_term_string}\"},\"query-input\":{\"@type\":\"PropertyValueSpecification\",\"valueRequired\":true,\"valueName\":\"search_term_string\"}}],\"inLanguage\":\"tr\"},{\"@type\":\"Organization\",\"@id\":\"https:\/\/paternika.com\/clients\/bilgenterapi\/#organization\",\"name\":\"B\u0130LGEN TERAP\u0130\",\"url\":\"https:\/\/paternika.com\/clients\/bilgenterapi\/\",\"logo\":{\"@type\":\"ImageObject\",\"inLanguage\":\"tr\",\"@id\":\"https:\/\/paternika.com\/clients\/bilgenterapi\/#\/schema\/logo\/image\/\",\"url\":\"https:\/\/www.paternika.com\/clients\/bilgenterapi\/wp-content\/uploads\/2024\/04\/favicon.png\",\"contentUrl\":\"https:\/\/www.paternika.com\/clients\/bilgenterapi\/wp-content\/uploads\/2024\/04\/favicon.png\",\"width\":512,\"height\":512,\"caption\":\"B\u0130LGEN TERAP\u0130\"},\"image\":{\"@id\":\"https:\/\/paternika.com\/clients\/bilgenterapi\/#\/schema\/logo\/image\/\"},\"sameAs\":[\"https:\/\/www.facebook.com\/bilgenterapi\",\"https:\/\/www.instagram.com\/bilgenterapi\",\"https:\/\/www.youtube.com\/@bterapi\"]}]}<\/script>\n<!-- \/ Yoast SEO plugin. -->","yoast_head_json":{"title":"B\u0130LGEN TERAP\u0130 | GARO TOPUZO\u011eLU","description":"Garo Topuzo\u011flu, Marmara \u00dcniversitesi Eczac\u0131l\u0131k B\u00f6l\u00fcm\u00fcn\u00fc, ard\u0131ndan y\u00fcksek lisans\u0131n\u0131 Ticaret \u00dcniversitesi\u2019nde Uygulamal\u0131 Psikoloji (\u00f6zellikle \u00f6\u011frenme psikolojisi ve klinik psikolojisi \u00fczerine a\u011f\u0131rl\u0131kl\u0131) olarak tamamlam\u0131\u015ft\u0131r.","robots":{"index":"noindex","follow":"follow","max-snippet":"max-snippet:-1","max-image-preview":"max-image-preview:large","max-video-preview":"max-video-preview:-1"},"og_locale":"tr_TR","og_type":"article","og_title":"B\u0130LGEN TERAP\u0130 | GARO TOPUZO\u011eLU","og_description":"Garo Topuzo\u011flu, Marmara \u00dcniversitesi Eczac\u0131l\u0131k B\u00f6l\u00fcm\u00fcn\u00fc, ard\u0131ndan y\u00fcksek lisans\u0131n\u0131 Ticaret \u00dcniversitesi\u2019nde Uygulamal\u0131 Psikoloji (\u00f6zellikle \u00f6\u011frenme psikolojisi ve klinik psikolojisi \u00fczerine a\u011f\u0131rl\u0131kl\u0131) olarak tamamlam\u0131\u015ft\u0131r.","og_url":"https:\/\/paternika.com\/clients\/bilgenterapi\/uzman-kadromuz\/garo-topuzoglu\/","og_site_name":"B\u0130LGEN TERAP\u0130","article_publisher":"https:\/\/www.facebook.com\/bilgenterapi","article_modified_time":"2026-02-01T18:15:53+00:00","twitter_card":"summary_large_image","twitter_misc":{"Tahmini okuma s\u00fcresi":"3 dakika"},"schema":{"@context":"https:\/\/schema.org","@graph":[{"@type":"WebPage","@id":"https:\/\/paternika.com\/clients\/bilgenterapi\/uzman-kadromuz\/garo-topuzoglu\/","url":"https:\/\/paternika.com\/clients\/bilgenterapi\/uzman-kadromuz\/garo-topuzoglu\/","name":"B\u0130LGEN TERAP\u0130 | GARO TOPUZO\u011eLU","isPartOf":{"@id":"https:\/\/paternika.com\/clients\/bilgenterapi\/#website"},"datePublished":"2025-01-12T19:55:17+00:00","dateModified":"2026-02-01T18:15:53+00:00","description":"Garo Topuzo\u011flu, Marmara \u00dcniversitesi Eczac\u0131l\u0131k B\u00f6l\u00fcm\u00fcn\u00fc, ard\u0131ndan y\u00fcksek lisans\u0131n\u0131 Ticaret \u00dcniversitesi\u2019nde Uygulamal\u0131 Psikoloji (\u00f6zellikle \u00f6\u011frenme psikolojisi ve klinik psikolojisi \u00fczerine a\u011f\u0131rl\u0131kl\u0131) olarak tamamlam\u0131\u015ft\u0131r.","breadcrumb":{"@id":"https:\/\/paternika.com\/clients\/bilgenterapi\/uzman-kadromuz\/garo-topuzoglu\/#breadcrumb"},"inLanguage":"tr","potentialAction":[{"@type":"ReadAction","target":["https:\/\/paternika.com\/clients\/bilgenterapi\/uzman-kadromuz\/garo-topuzoglu\/"]}]},{"@type":"BreadcrumbList","@id":"https:\/\/paternika.com\/clients\/bilgenterapi\/uzman-kadromuz\/garo-topuzoglu\/#breadcrumb","itemListElement":[{"@type":"ListItem","position":1,"name":"Home","item":"https:\/\/paternika.com\/clients\/bilgenterapi\/"},{"@type":"ListItem","position":2,"name":"UZMAN KADROMUZ","item":"https:\/\/paternika.com\/clients\/bilgenterapi\/uzman-kadromuz\/"},{"@type":"ListItem","position":3,"name":"GARO TOPUZO\u011eLU"}]},{"@type":"WebSite","@id":"https:\/\/paternika.com\/clients\/bilgenterapi\/#website","url":"https:\/\/paternika.com\/clients\/bilgenterapi\/","name":"B\u0130LGEN TERAP\u0130","description":"","publisher":{"@id":"https:\/\/paternika.com\/clients\/bilgenterapi\/#organization"},"potentialAction":[{"@type":"SearchAction","target":{"@type":"EntryPoint","urlTemplate":"https:\/\/paternika.com\/clients\/bilgenterapi\/?s={search_term_string}"},"query-input":{"@type":"PropertyValueSpecification","valueRequired":true,"valueName":"search_term_string"}}],"inLanguage":"tr"},{"@type":"Organization","@id":"https:\/\/paternika.com\/clients\/bilgenterapi\/#organization","name":"B\u0130LGEN TERAP\u0130","url":"https:\/\/paternika.com\/clients\/bilgenterapi\/","logo":{"@type":"ImageObject","inLanguage":"tr","@id":"https:\/\/paternika.com\/clients\/bilgenterapi\/#\/schema\/logo\/image\/","url":"https:\/\/www.paternika.com\/clients\/bilgenterapi\/wp-content\/uploads\/2024\/04\/favicon.png","contentUrl":"https:\/\/www.paternika.com\/clients\/bilgenterapi\/wp-content\/uploads\/2024\/04\/favicon.png","width":512,"height":512,"caption":"B\u0130LGEN TERAP\u0130"},"image":{"@id":"https:\/\/paternika.com\/clients\/bilgenterapi\/#\/schema\/logo\/image\/"},"sameAs":["https:\/\/www.facebook.com\/bilgenterapi","https:\/\/www.instagram.com\/bilgenterapi","https:\/\/www.youtube.com\/@bterapi"]}]}},"_links":{"self":[{"href":"https:\/\/paternika.com\/clients\/bilgenterapi\/wp-json\/wp\/v2\/pages\/131385","targetHints":{"allow":["GET"]}}],"collection":[{"href":"https:\/\/paternika.com\/clients\/bilgenterapi\/wp-json\/wp\/v2\/pages"}],"about":[{"href":"https:\/\/paternika.com\/clients\/bilgenterapi\/wp-json\/wp\/v2\/types\/page"}],"author":[{"embeddable":true,"href":"https:\/\/paternika.com\/clients\/bilgenterapi\/wp-json\/wp\/v2\/users\/1"}],"replies":[{"embeddable":true,"href":"https:\/\/paternika.com\/clients\/bilgenterapi\/wp-json\/wp\/v2\/comments?post=131385"}],"version-history":[{"count":6,"href":"https:\/\/paternika.com\/clients\/bilgenterapi\/wp-json\/wp\/v2\/pages\/131385\/revisions"}],"predecessor-version":[{"id":132567,"href":"https:\/\/paternika.com\/clients\/bilgenterapi\/wp-json\/wp\/v2\/pages\/131385\/revisions\/132567"}],"up":[{"embeddable":true,"href":"https:\/\/paternika.com\/clients\/bilgenterapi\/wp-json\/wp\/v2\/pages\/131156"}],"wp:attachment":[{"href":"https:\/\/paternika.com\/clients\/bilgenterapi\/wp-json\/wp\/v2\/media?parent=131385"}],"curies":[{"name":"wp","href":"https:\/\/api.w.org\/{rel}","templated":true}]}}