{"id":131384,"date":"2025-01-12T22:49:31","date_gmt":"2025-01-12T19:49:31","guid":{"rendered":"https:\/\/paternika.com\/clients\/bilgenterapi\/?page_id=131384"},"modified":"2026-02-01T21:15:31","modified_gmt":"2026-02-01T18:15:31","slug":"sinem-bilgen","status":"publish","type":"page","link":"https:\/\/paternika.com\/clients\/bilgenterapi\/uzman-kadromuz\/sinem-bilgen\/","title":{"rendered":"S\u0130NEM B\u0130LGEN"},"content":{"rendered":"<div class=\"wpb-content-wrapper\"><p>[vc_row unlock_row_content=&#8221;yes&#8221; row_height_percent=&#8221;100&#8243; override_padding=&#8221;yes&#8221; h_padding=&#8221;0&#8243; top_padding=&#8221;0&#8243; bottom_padding=&#8221;0&#8243; back_color=&#8221;color-nhtu&#8221; overlay_alpha=&#8221;50&#8243; equal_height=&#8221;yes&#8221; gutter_size=&#8221;3&#8243; shift_y=&#8221;0&#8243;][vc_column column_width_percent=&#8221;100&#8243; gutter_size=&#8221;3&#8243; expand_height=&#8221;yes&#8221; style=&#8221;dark&#8221; overlay_alpha=&#8221;50&#8243; shift_x=&#8221;0&#8243; shift_y=&#8221;0&#8243; z_index=&#8221;0&#8243; medium_width=&#8221;0&#8243; width=&#8221;1\/1&#8243;][vc_row_inner row_inner_height_percent=&#8221;0&#8243; overlay_alpha=&#8221;50&#8243; equal_height=&#8221;yes&#8221; gutter_size=&#8221;0&#8243; shift_y=&#8221;0&#8243; limit_content=&#8221;&#8221;][vc_column_inner column_width_use_pixel=&#8221;yes&#8221; gutter_size=&#8221;3&#8243; back_image=&#8221;131362&#8243; back_position=&#8221;center top&#8221; kburns=&#8221;magnetic&#8221; overlay_alpha=&#8221;50&#8243; shift_x=&#8221;0&#8243; shift_y=&#8221;0&#8243; shift_y_down=&#8221;0&#8243; z_index=&#8221;0&#8243; medium_width=&#8221;0&#8243; mobile_width=&#8221;0&#8243; css_animation=&#8221;alpha-anim&#8221; width=&#8221;1\/2&#8243; mobile_height=&#8221;300&#8243; uncode_shortcode_id=&#8221;987662&#8243;][\/vc_column_inner][vc_column_inner column_width_percent=&#8221;65&#8243; position_vertical=&#8221;middle&#8221; gutter_size=&#8221;3&#8243; override_padding=&#8221;yes&#8221; column_padding=&#8221;3&#8243; style=&#8221;dark&#8221; font_family=&#8221;font-136269&#8243; overlay_alpha=&#8221;50&#8243; shift_x=&#8221;0&#8243; shift_y=&#8221;0&#8243; shift_y_down=&#8221;0&#8243; z_index=&#8221;0&#8243; medium_width=&#8221;0&#8243; mobile_width=&#8221;0&#8243; width=&#8221;1\/2&#8243; uncode_shortcode_id=&#8221;202408&#8243;][vc_empty_space empty_h=&#8221;5&#8243; medium_visibility=&#8221;yes&#8221; mobile_visibility=&#8221;yes&#8221;][vc_column_text css_animation=&#8221;left-t-right&#8221; uncode_shortcode_id=&#8221;503971&#8243;]<strong><span style=\"font-size: 32pt;\">Sinem Bilgen<\/span><\/strong> \/ Psikoloji Bilimi Uzman\u0131 &amp; Psikoterapist[\/vc_column_text][vc_column_text css_animation=&#8221;left-t-right&#8221; uncode_shortcode_id=&#8221;100530&#8243;]Do\u011fum Yeri ve Tarihi: 1973, Adana<\/p>\n<p>E\u011fitim: 1991: Tarsus Amerikan Koleji \/ 1995: \u0130stanbul \u00dcniversitesi \u0130ktisat Fak\u00fcltesi, \u0130ngilizce \u0130ktisat \/ 2018 \u00dcsk\u00fcdar \u00dcniversitesi Sosyal Bilimler Enstit\u00fcs\u00fc, Uygulamal\u0131 Psikoloji Y\u00fcksek Lisans (Tezli).<\/p>\n<p>Profesyonel \u00e7al\u0131\u015fma hayat\u0131nda alm\u0131\u015f oldu\u011fu bir\u00e7ok e\u011fitimden sonra, her zaman \u00e7ok yak\u0131ndan ilgi duydu\u011fu psikoloji alan\u0131ndaki kariyerine \u00dcsk\u00fcdar \u00dcniversitesi Uygulamal\u0131 Psikoloji Tezli Y\u00fcksek Lisans e\u011fitimi ile ba\u015flam\u0131\u015f ve T\u00fcrkiye\u2019deki ilk \u201cT\u00fcrk\u00e7e Duygusal Yeme \u00d6l\u00e7e\u011fi\u201dni geli\u015ftirerek tamamlam\u0131\u015ft\u0131r.<\/p>\n<p>2016 y\u0131l\u0131ndan beri \u00f6nde gelen 3. Ku\u015fak terapilerden &#8220;Acceptance and Commitment Therapy (ACT)- Kabul ve Adanm\u0131\u015fl\u0131k Terapisi&#8221;, temel ve ileri seviye e\u011fitimlerini yurtd\u0131\u015f\u0131nda, &#8220;Bili\u015fsel Davran\u0131\u015f\u00e7\u0131 Terapi&#8221; e\u011fitimini T\u00fcrkiye\u2019de KDTD\u2019de (Kognitif ve Davran\u0131\u015f Terapileri Derne\u011fi) tamamlam\u0131\u015f ve EABCT onayl\u0131 terapistlik unvan\u0131 alm\u0131\u015ft\u0131r.<\/p>\n<p>ACT ile ilgili \u00e7ok say\u0131da yabanc\u0131 e\u011fitime kat\u0131lm\u0131\u015f ve kat\u0131lmaya devam etmektedir. 2017 y\u0131l\u0131ndan beri ACT\u2019\u0131n \u00f6nde gelen yabanc\u0131 hocalar\u0131ndan bireysel e\u011fitim almaya devam etmektedir. Ayr\u0131ca, alan\u0131n \u00f6nc\u00fc e\u011fitmen ve terapistlerinden biri olan Glenn M. Callaghan\u2019dan Ki\u015fileraras\u0131 Davran\u0131\u015f\u00e7\u0131 Terapi (IBT) ve Fonksiyonel Analitik Psikoterapi (FAP) e\u011fitimlerini almaktad\u0131r.<\/p>\n<p>Ayn\u0131 zamanda yurtd\u0131\u015f\u0131nda &#8220;Dialectical Behavioral Therapy (DBT) &#8211; Diyalektik Davran\u0131\u015f\u00e7\u0131 Terapi&#8221; temel e\u011fitimi, &#8220;Compassion Focused Therapy (CFT) &#8211; \u015eefkat Odakl\u0131 Terapi\u201d temel e\u011fitimi ve \u201cYeme Bozukluklar\u0131nda \u015eefkat Odakl\u0131 Terapi&#8221; temel ve ileri seviye e\u011fitimlerini alm\u0131\u015ft\u0131r.<\/p>\n<p>2013 y\u0131l\u0131ndan bu yana \u00fclkemizi ulusal ve uluslararas\u0131 kongrelere kat\u0131larak temsil etmi\u015f ve bu kongrelerde bir\u00e7ok \u00e7al\u0131\u015fma gruplar\u0131na kat\u0131lm\u0131\u015ft\u0131r.<\/p>\n<p>Halen Bilgen Terapi Enstit\u00fcs\u00fcn\u00fcn genel koordinat\u00f6rl\u00fc\u011f\u00fcn\u00fc yapmakta ve Dr. \u0130brahim Bilgen ile ACT e\u011fitimlerinde yard\u0131mc\u0131 e\u011fitmen olarak g\u00f6rev almaktad\u0131r.<\/p>\n<p>Lisans, y\u00fcksek lisans ve ald\u0131\u011f\u0131 di\u011fer e\u011fitimlerden edindi\u011fi bilgi ve ki\u015fisel deneyimlerini, \u00f6ncelikle insanlara, daha sonra da psikolojiye katk\u0131 sa\u011flamak amac\u0131 ile kullanan Sinem Bilgen, bu deneyimleri at\u00f6lye \u00e7al\u0131\u015fmalar\u0131na da yans\u0131tmaktad\u0131r.[\/vc_column_text][vc_button radius=&#8221;btn-square&#8221; custom_typo=&#8221;yes&#8221; font_family=&#8221;font-136269&#8243; font_weight=&#8221;600&#8243; border_width=&#8221;0&#8243; css_animation=&#8221;left-t-right&#8221; link=&#8221;url:https%3A%2F%2Fwww.paternika.com\/clients\/bilgenterapi%2Fuzman-kadromuz%2F&#8221; uncode_shortcode_id=&#8221;681260&#8243; icon=&#8221;fa fa-chevron-left&#8221;]UZMAN KADROMUZ[\/vc_button][\/vc_column_inner][\/vc_row_inner][\/vc_column][\/vc_row]<\/p>\n<\/div>","protected":false},"excerpt":{"rendered":"<p>[vc_row unlock_row_content=&#8221;yes&#8221; row_height_percent=&#8221;100&#8243; override_padding=&#8221;yes&#8221; h_padding=&#8221;0&#8243; top_padding=&#8221;0&#8243; bottom_padding=&#8221;0&#8243; back_color=&#8221;color-nhtu&#8221; overlay_alpha=&#8221;50&#8243; equal_height=&#8221;yes&#8221; gutter_size=&#8221;3&#8243; shift_y=&#8221;0&#8243;][vc_column column_width_percent=&#8221;100&#8243; gutter_size=&#8221;3&#8243; expand_height=&#8221;yes&#8221; style=&#8221;dark&#8221; overlay_alpha=&#8221;50&#8243; shift_x=&#8221;0&#8243; shift_y=&#8221;0&#8243; z_index=&#8221;0&#8243; [&hellip;]<\/p>\n","protected":false},"author":1,"featured_media":0,"parent":131156,"menu_order":0,"comment_status":"open","ping_status":"closed","template":"","meta":{"inline_featured_image":false,"_locale":"tr_TR","_original_post":"https:\/\/paternika.com\/clients\/bilgenterapi\/?page_id=131384","footnotes":"","_links_to":"","_links_to_target":""},"class_list":["post-131384","page","type-page","status-publish","hentry","tr-TR"],"yoast_head":"<!-- This site is optimized with the Yoast SEO plugin v25.0 - https:\/\/yoast.com\/wordpress\/plugins\/seo\/ -->\n<title>B\u0130LGEN TERAP\u0130 | S\u0130NEM B\u0130LGEN<\/title>\n<meta name=\"description\" content=\"Profesyonel \u00e7al\u0131\u015fma hayat\u0131nda alm\u0131\u015f oldu\u011fu bir\u00e7ok e\u011fitimden sonra, her zaman \u00e7ok yak\u0131ndan ilgi duydu\u011fu psikoloji alan\u0131ndaki kariyerine \u00dcsk\u00fcdar \u00dcniversitesi Uygulamal\u0131 Psikoloji Tezli Y\u00fcksek Lisans e\u011fitimi ile ba\u015flam\u0131\u015f ve T\u00fcrkiye\u2019deki ilk \u201cT\u00fcrk\u00e7e Duygusal Yeme \u00d6l\u00e7e\u011fi\u201dni geli\u015ftirerek tamamlam\u0131\u015ft\u0131r.\" \/>\n<meta name=\"robots\" content=\"noindex, follow, max-snippet:-1, max-image-preview:large, max-video-preview:-1\" \/>\n<meta property=\"og:locale\" content=\"tr_TR\" \/>\n<meta property=\"og:type\" content=\"article\" \/>\n<meta property=\"og:title\" content=\"B\u0130LGEN TERAP\u0130 | S\u0130NEM B\u0130LGEN\" \/>\n<meta property=\"og:description\" content=\"Profesyonel \u00e7al\u0131\u015fma hayat\u0131nda alm\u0131\u015f oldu\u011fu bir\u00e7ok e\u011fitimden sonra, her zaman \u00e7ok yak\u0131ndan ilgi duydu\u011fu psikoloji alan\u0131ndaki kariyerine \u00dcsk\u00fcdar \u00dcniversitesi Uygulamal\u0131 Psikoloji Tezli Y\u00fcksek Lisans e\u011fitimi ile ba\u015flam\u0131\u015f ve T\u00fcrkiye\u2019deki ilk \u201cT\u00fcrk\u00e7e Duygusal Yeme \u00d6l\u00e7e\u011fi\u201dni geli\u015ftirerek tamamlam\u0131\u015ft\u0131r.\" \/>\n<meta property=\"og:url\" content=\"https:\/\/paternika.com\/clients\/bilgenterapi\/uzman-kadromuz\/sinem-bilgen\/\" \/>\n<meta property=\"og:site_name\" content=\"B\u0130LGEN TERAP\u0130\" \/>\n<meta property=\"article:publisher\" content=\"https:\/\/www.facebook.com\/bilgenterapi\" \/>\n<meta property=\"article:modified_time\" content=\"2026-02-01T18:15:31+00:00\" \/>\n<meta name=\"twitter:card\" content=\"summary_large_image\" \/>\n<meta name=\"twitter:label1\" content=\"Tahmini okuma s\u00fcresi\" \/>\n\t<meta name=\"twitter:data1\" content=\"3 dakika\" \/>\n<script type=\"application\/ld+json\" class=\"yoast-schema-graph\">{\"@context\":\"https:\/\/schema.org\",\"@graph\":[{\"@type\":\"WebPage\",\"@id\":\"https:\/\/paternika.com\/clients\/bilgenterapi\/uzman-kadromuz\/sinem-bilgen\/\",\"url\":\"https:\/\/paternika.com\/clients\/bilgenterapi\/uzman-kadromuz\/sinem-bilgen\/\",\"name\":\"B\u0130LGEN TERAP\u0130 | S\u0130NEM B\u0130LGEN\",\"isPartOf\":{\"@id\":\"https:\/\/paternika.com\/clients\/bilgenterapi\/#website\"},\"datePublished\":\"2025-01-12T19:49:31+00:00\",\"dateModified\":\"2026-02-01T18:15:31+00:00\",\"description\":\"Profesyonel \u00e7al\u0131\u015fma hayat\u0131nda alm\u0131\u015f oldu\u011fu bir\u00e7ok e\u011fitimden sonra, her zaman \u00e7ok yak\u0131ndan ilgi duydu\u011fu psikoloji alan\u0131ndaki kariyerine \u00dcsk\u00fcdar \u00dcniversitesi Uygulamal\u0131 Psikoloji Tezli Y\u00fcksek Lisans e\u011fitimi ile ba\u015flam\u0131\u015f ve T\u00fcrkiye\u2019deki ilk \u201cT\u00fcrk\u00e7e Duygusal Yeme \u00d6l\u00e7e\u011fi\u201dni geli\u015ftirerek tamamlam\u0131\u015ft\u0131r.\",\"breadcrumb\":{\"@id\":\"https:\/\/paternika.com\/clients\/bilgenterapi\/uzman-kadromuz\/sinem-bilgen\/#breadcrumb\"},\"inLanguage\":\"tr\",\"potentialAction\":[{\"@type\":\"ReadAction\",\"target\":[\"https:\/\/paternika.com\/clients\/bilgenterapi\/uzman-kadromuz\/sinem-bilgen\/\"]}]},{\"@type\":\"BreadcrumbList\",\"@id\":\"https:\/\/paternika.com\/clients\/bilgenterapi\/uzman-kadromuz\/sinem-bilgen\/#breadcrumb\",\"itemListElement\":[{\"@type\":\"ListItem\",\"position\":1,\"name\":\"Home\",\"item\":\"https:\/\/paternika.com\/clients\/bilgenterapi\/\"},{\"@type\":\"ListItem\",\"position\":2,\"name\":\"UZMAN KADROMUZ\",\"item\":\"https:\/\/paternika.com\/clients\/bilgenterapi\/uzman-kadromuz\/\"},{\"@type\":\"ListItem\",\"position\":3,\"name\":\"S\u0130NEM B\u0130LGEN\"}]},{\"@type\":\"WebSite\",\"@id\":\"https:\/\/paternika.com\/clients\/bilgenterapi\/#website\",\"url\":\"https:\/\/paternika.com\/clients\/bilgenterapi\/\",\"name\":\"B\u0130LGEN TERAP\u0130\",\"description\":\"\",\"publisher\":{\"@id\":\"https:\/\/paternika.com\/clients\/bilgenterapi\/#organization\"},\"potentialAction\":[{\"@type\":\"SearchAction\",\"target\":{\"@type\":\"EntryPoint\",\"urlTemplate\":\"https:\/\/paternika.com\/clients\/bilgenterapi\/?s={search_term_string}\"},\"query-input\":{\"@type\":\"PropertyValueSpecification\",\"valueRequired\":true,\"valueName\":\"search_term_string\"}}],\"inLanguage\":\"tr\"},{\"@type\":\"Organization\",\"@id\":\"https:\/\/paternika.com\/clients\/bilgenterapi\/#organization\",\"name\":\"B\u0130LGEN TERAP\u0130\",\"url\":\"https:\/\/paternika.com\/clients\/bilgenterapi\/\",\"logo\":{\"@type\":\"ImageObject\",\"inLanguage\":\"tr\",\"@id\":\"https:\/\/paternika.com\/clients\/bilgenterapi\/#\/schema\/logo\/image\/\",\"url\":\"https:\/\/www.paternika.com\/clients\/bilgenterapi\/wp-content\/uploads\/2024\/04\/favicon.png\",\"contentUrl\":\"https:\/\/www.paternika.com\/clients\/bilgenterapi\/wp-content\/uploads\/2024\/04\/favicon.png\",\"width\":512,\"height\":512,\"caption\":\"B\u0130LGEN TERAP\u0130\"},\"image\":{\"@id\":\"https:\/\/paternika.com\/clients\/bilgenterapi\/#\/schema\/logo\/image\/\"},\"sameAs\":[\"https:\/\/www.facebook.com\/bilgenterapi\",\"https:\/\/www.instagram.com\/bilgenterapi\",\"https:\/\/www.youtube.com\/@bterapi\"]}]}<\/script>\n<!-- \/ Yoast SEO plugin. -->","yoast_head_json":{"title":"B\u0130LGEN TERAP\u0130 | S\u0130NEM B\u0130LGEN","description":"Profesyonel \u00e7al\u0131\u015fma hayat\u0131nda alm\u0131\u015f oldu\u011fu bir\u00e7ok e\u011fitimden sonra, her zaman \u00e7ok yak\u0131ndan ilgi duydu\u011fu psikoloji alan\u0131ndaki kariyerine \u00dcsk\u00fcdar \u00dcniversitesi Uygulamal\u0131 Psikoloji Tezli Y\u00fcksek Lisans e\u011fitimi ile ba\u015flam\u0131\u015f ve T\u00fcrkiye\u2019deki ilk \u201cT\u00fcrk\u00e7e Duygusal Yeme \u00d6l\u00e7e\u011fi\u201dni geli\u015ftirerek tamamlam\u0131\u015ft\u0131r.","robots":{"index":"noindex","follow":"follow","max-snippet":"max-snippet:-1","max-image-preview":"max-image-preview:large","max-video-preview":"max-video-preview:-1"},"og_locale":"tr_TR","og_type":"article","og_title":"B\u0130LGEN TERAP\u0130 | S\u0130NEM B\u0130LGEN","og_description":"Profesyonel \u00e7al\u0131\u015fma hayat\u0131nda alm\u0131\u015f oldu\u011fu bir\u00e7ok e\u011fitimden sonra, her zaman \u00e7ok yak\u0131ndan ilgi duydu\u011fu psikoloji alan\u0131ndaki kariyerine \u00dcsk\u00fcdar \u00dcniversitesi Uygulamal\u0131 Psikoloji Tezli Y\u00fcksek Lisans e\u011fitimi ile ba\u015flam\u0131\u015f ve T\u00fcrkiye\u2019deki ilk \u201cT\u00fcrk\u00e7e Duygusal Yeme \u00d6l\u00e7e\u011fi\u201dni geli\u015ftirerek tamamlam\u0131\u015ft\u0131r.","og_url":"https:\/\/paternika.com\/clients\/bilgenterapi\/uzman-kadromuz\/sinem-bilgen\/","og_site_name":"B\u0130LGEN TERAP\u0130","article_publisher":"https:\/\/www.facebook.com\/bilgenterapi","article_modified_time":"2026-02-01T18:15:31+00:00","twitter_card":"summary_large_image","twitter_misc":{"Tahmini okuma s\u00fcresi":"3 dakika"},"schema":{"@context":"https:\/\/schema.org","@graph":[{"@type":"WebPage","@id":"https:\/\/paternika.com\/clients\/bilgenterapi\/uzman-kadromuz\/sinem-bilgen\/","url":"https:\/\/paternika.com\/clients\/bilgenterapi\/uzman-kadromuz\/sinem-bilgen\/","name":"B\u0130LGEN TERAP\u0130 | S\u0130NEM B\u0130LGEN","isPartOf":{"@id":"https:\/\/paternika.com\/clients\/bilgenterapi\/#website"},"datePublished":"2025-01-12T19:49:31+00:00","dateModified":"2026-02-01T18:15:31+00:00","description":"Profesyonel \u00e7al\u0131\u015fma hayat\u0131nda alm\u0131\u015f oldu\u011fu bir\u00e7ok e\u011fitimden sonra, her zaman \u00e7ok yak\u0131ndan ilgi duydu\u011fu psikoloji alan\u0131ndaki kariyerine \u00dcsk\u00fcdar \u00dcniversitesi Uygulamal\u0131 Psikoloji Tezli Y\u00fcksek Lisans e\u011fitimi ile ba\u015flam\u0131\u015f ve T\u00fcrkiye\u2019deki ilk \u201cT\u00fcrk\u00e7e Duygusal Yeme \u00d6l\u00e7e\u011fi\u201dni geli\u015ftirerek tamamlam\u0131\u015ft\u0131r.","breadcrumb":{"@id":"https:\/\/paternika.com\/clients\/bilgenterapi\/uzman-kadromuz\/sinem-bilgen\/#breadcrumb"},"inLanguage":"tr","potentialAction":[{"@type":"ReadAction","target":["https:\/\/paternika.com\/clients\/bilgenterapi\/uzman-kadromuz\/sinem-bilgen\/"]}]},{"@type":"BreadcrumbList","@id":"https:\/\/paternika.com\/clients\/bilgenterapi\/uzman-kadromuz\/sinem-bilgen\/#breadcrumb","itemListElement":[{"@type":"ListItem","position":1,"name":"Home","item":"https:\/\/paternika.com\/clients\/bilgenterapi\/"},{"@type":"ListItem","position":2,"name":"UZMAN KADROMUZ","item":"https:\/\/paternika.com\/clients\/bilgenterapi\/uzman-kadromuz\/"},{"@type":"ListItem","position":3,"name":"S\u0130NEM B\u0130LGEN"}]},{"@type":"WebSite","@id":"https:\/\/paternika.com\/clients\/bilgenterapi\/#website","url":"https:\/\/paternika.com\/clients\/bilgenterapi\/","name":"B\u0130LGEN TERAP\u0130","description":"","publisher":{"@id":"https:\/\/paternika.com\/clients\/bilgenterapi\/#organization"},"potentialAction":[{"@type":"SearchAction","target":{"@type":"EntryPoint","urlTemplate":"https:\/\/paternika.com\/clients\/bilgenterapi\/?s={search_term_string}"},"query-input":{"@type":"PropertyValueSpecification","valueRequired":true,"valueName":"search_term_string"}}],"inLanguage":"tr"},{"@type":"Organization","@id":"https:\/\/paternika.com\/clients\/bilgenterapi\/#organization","name":"B\u0130LGEN TERAP\u0130","url":"https:\/\/paternika.com\/clients\/bilgenterapi\/","logo":{"@type":"ImageObject","inLanguage":"tr","@id":"https:\/\/paternika.com\/clients\/bilgenterapi\/#\/schema\/logo\/image\/","url":"https:\/\/www.paternika.com\/clients\/bilgenterapi\/wp-content\/uploads\/2024\/04\/favicon.png","contentUrl":"https:\/\/www.paternika.com\/clients\/bilgenterapi\/wp-content\/uploads\/2024\/04\/favicon.png","width":512,"height":512,"caption":"B\u0130LGEN TERAP\u0130"},"image":{"@id":"https:\/\/paternika.com\/clients\/bilgenterapi\/#\/schema\/logo\/image\/"},"sameAs":["https:\/\/www.facebook.com\/bilgenterapi","https:\/\/www.instagram.com\/bilgenterapi","https:\/\/www.youtube.com\/@bterapi"]}]}},"_links":{"self":[{"href":"https:\/\/paternika.com\/clients\/bilgenterapi\/wp-json\/wp\/v2\/pages\/131384","targetHints":{"allow":["GET"]}}],"collection":[{"href":"https:\/\/paternika.com\/clients\/bilgenterapi\/wp-json\/wp\/v2\/pages"}],"about":[{"href":"https:\/\/paternika.com\/clients\/bilgenterapi\/wp-json\/wp\/v2\/types\/page"}],"author":[{"embeddable":true,"href":"https:\/\/paternika.com\/clients\/bilgenterapi\/wp-json\/wp\/v2\/users\/1"}],"replies":[{"embeddable":true,"href":"https:\/\/paternika.com\/clients\/bilgenterapi\/wp-json\/wp\/v2\/comments?post=131384"}],"version-history":[{"count":6,"href":"https:\/\/paternika.com\/clients\/bilgenterapi\/wp-json\/wp\/v2\/pages\/131384\/revisions"}],"predecessor-version":[{"id":132563,"href":"https:\/\/paternika.com\/clients\/bilgenterapi\/wp-json\/wp\/v2\/pages\/131384\/revisions\/132563"}],"up":[{"embeddable":true,"href":"https:\/\/paternika.com\/clients\/bilgenterapi\/wp-json\/wp\/v2\/pages\/131156"}],"wp:attachment":[{"href":"https:\/\/paternika.com\/clients\/bilgenterapi\/wp-json\/wp\/v2\/media?parent=131384"}],"curies":[{"name":"wp","href":"https:\/\/api.w.org\/{rel}","templated":true}]}}