{"id":131383,"date":"2025-01-12T22:43:52","date_gmt":"2025-01-12T19:43:52","guid":{"rendered":"https:\/\/paternika.com\/clients\/bilgenterapi\/?page_id=131383"},"modified":"2026-02-01T21:15:00","modified_gmt":"2026-02-01T18:15:00","slug":"dr-ibrahim-bilgen","status":"publish","type":"page","link":"https:\/\/paternika.com\/clients\/bilgenterapi\/uzman-kadromuz\/dr-ibrahim-bilgen\/","title":{"rendered":"DR. \u0130BRAH\u0130M B\u0130LGEN"},"content":{"rendered":"<div class=\"wpb-content-wrapper\"><p>[vc_row unlock_row_content=&#8221;yes&#8221; row_height_percent=&#8221;100&#8243; override_padding=&#8221;yes&#8221; h_padding=&#8221;0&#8243; top_padding=&#8221;0&#8243; bottom_padding=&#8221;0&#8243; back_color=&#8221;color-nhtu&#8221; overlay_alpha=&#8221;50&#8243; equal_height=&#8221;yes&#8221; gutter_size=&#8221;3&#8243; shift_y=&#8221;0&#8243;][vc_column column_width_percent=&#8221;100&#8243; gutter_size=&#8221;3&#8243; expand_height=&#8221;yes&#8221; style=&#8221;dark&#8221; overlay_alpha=&#8221;50&#8243; shift_x=&#8221;0&#8243; shift_y=&#8221;0&#8243; z_index=&#8221;0&#8243; medium_width=&#8221;0&#8243; width=&#8221;1\/1&#8243;][vc_row_inner row_inner_height_percent=&#8221;0&#8243; overlay_alpha=&#8221;50&#8243; equal_height=&#8221;yes&#8221; gutter_size=&#8221;0&#8243; shift_y=&#8221;0&#8243; limit_content=&#8221;&#8221;][vc_column_inner column_width_use_pixel=&#8221;yes&#8221; gutter_size=&#8221;3&#8243; back_image=&#8221;131361&#8243; back_position=&#8221;center top&#8221; kburns=&#8221;magnetic&#8221; overlay_alpha=&#8221;50&#8243; shift_x=&#8221;0&#8243; shift_y=&#8221;0&#8243; shift_y_down=&#8221;0&#8243; z_index=&#8221;0&#8243; medium_width=&#8221;0&#8243; mobile_width=&#8221;0&#8243; css_animation=&#8221;alpha-anim&#8221; width=&#8221;1\/2&#8243; mobile_height=&#8221;300&#8243; uncode_shortcode_id=&#8221;103812&#8243;][\/vc_column_inner][vc_column_inner column_width_percent=&#8221;65&#8243; position_vertical=&#8221;middle&#8221; gutter_size=&#8221;3&#8243; override_padding=&#8221;yes&#8221; column_padding=&#8221;3&#8243; style=&#8221;dark&#8221; font_family=&#8221;font-136269&#8243; overlay_alpha=&#8221;50&#8243; shift_x=&#8221;0&#8243; shift_y=&#8221;0&#8243; shift_y_down=&#8221;0&#8243; z_index=&#8221;0&#8243; medium_width=&#8221;0&#8243; mobile_width=&#8221;0&#8243; width=&#8221;1\/2&#8243; uncode_shortcode_id=&#8221;202408&#8243;][vc_empty_space empty_h=&#8221;5&#8243; medium_visibility=&#8221;yes&#8221; mobile_visibility=&#8221;yes&#8221;][vc_column_text css_animation=&#8221;left-t-right&#8221; uncode_shortcode_id=&#8221;111254&#8243;]<strong><span style=\"font-size: 32pt;\">Dr. \u0130brahim Bilgen<\/span><\/strong> \/ Psikiyatrist &#8211; ACBS PRT Uluslararas\u0131 ACT E\u011fitmen &amp; S\u00fcperviz\u00f6r\u00fc[\/vc_column_text][vc_column_text css_animation=&#8221;left-t-right&#8221; uncode_shortcode_id=&#8221;120858&#8243;]1994 y\u0131l\u0131nda \u00c7ukurova \u00dcniversitesi T\u0131p Fak\u00fcltesi\u2019ni bitirmesinin ard\u0131ndan 2001 y\u0131l\u0131nda \u00c7ukurova \u00dcniversitesi T\u0131p Fak\u00fcltesi Psikiyatri Anabilim Dal\u0131\u2019ndan psikiyatri uzmanl\u0131\u011f\u0131n\u0131 alm\u0131\u015ft\u0131r.<\/p>\n<p>ACBS (Association for Contexual Behavioral Science) PRT (ACBS Peer-Reviewed ACT Trainer) Uluslararas\u0131 ACT E\u011fitmen ve S\u00fcperviz\u00f6r\u00fcd\u00fcr.<\/p>\n<p>U\u0308c\u0327 y\u0131l Psikodrama; alt\u0131 y\u0131l Gesthalt Terapi e\u011fitimlerinden sonra, Bili\u015fsel ve Davran\u0131\u015f\u00e7\u0131 Terapi ile beraber \u00c7ocuk \/ Ergen Bili\u015fsel Davran\u0131\u015f\u00e7\u0131 Terapi e\u011fitimini, EABCT (European Association Behavioural and Cognitive Therapies)\u2019den akreditasyon sertifikas\u0131 alarak tamamlam\u0131\u015ft\u0131r.<\/p>\n<p>\u201cKabul ve Adanm\u0131\u015fl\u0131k Terapisi\u201d (Acceptance and Commitment Therapy-ACT) e\u011fitimini 10 y\u0131l \u00f6nce yurtd\u0131\u015f\u0131nda tamamlam\u0131\u015f, ard\u0131ndan g\u00fcncel e\u011fitim ve su\u0308pervizyonlar\u0131na devam etmektedir. ACT T\u00dcRK\u0130YE e\u011fitim platformunda e\u011fitmen ve s\u00fcperviz\u00f6r olarak ACT ve S\u00fcre\u00e7 Odakl\u0131 Terapi e\u011fitimleri vermektedir. S\u00fcre\u00e7 Odakl\u0131 Terapi (Process-Based Therapy) geli\u015ftirme grubuna geri bildirim sa\u011flama g\u00f6revini \u00fcstlenen D\u00fcnya Ba\u011flamsal Davran\u0131\u015f Bilimlerine (ACBS) ait \u201cPractice Advisory Board (PAB)\u201d \u00fcyesidir. EACP (European Association for Cognitive Psychotherapy), ACBS (Association for Contexual Behavioral Science) ve IACP (International Association for Cognitive Psychotherapy) \u00fcyesidir.<\/p>\n<p>\u0130brahim Bilgen; \u201cBenim Hayat\u0131m Hep B\u00f6yle mi Ge\u00e7ecek?\u201d ve Kabul ve Adanm\u0131\u015fl\u0131k Terapisi hakk\u0131nda akademik bir kitap olan \u201cTERAP\u0130DE PS\u0130KOLOJ\u0130K ESNEKL\u0130K\u201d adl\u0131 kitap serisinin birinci cildini yazm\u0131\u015f ve yay\u0131nlam\u0131\u015ft\u0131r. Di\u011fer ciltleri ise yaz\u0131lmaya devam etmektedir.<\/p>\n<p>Evli ve iki \u00e7ocuk babas\u0131d\u0131r.[\/vc_column_text][vc_button radius=&#8221;btn-square&#8221; custom_typo=&#8221;yes&#8221; font_family=&#8221;font-136269&#8243; font_weight=&#8221;600&#8243; border_width=&#8221;0&#8243; css_animation=&#8221;left-t-right&#8221; link=&#8221;url:https%3A%2F%2Fwww.paternika.com\/clients\/bilgenterapi%2Fuzman-kadromuz%2F&#8221; uncode_shortcode_id=&#8221;552028&#8243; icon=&#8221;fa fa-chevron-left&#8221;]UZMAN KADROMUZ[\/vc_button][\/vc_column_inner][\/vc_row_inner][\/vc_column][\/vc_row]<\/p>\n<\/div>","protected":false},"excerpt":{"rendered":"<p>[vc_row unlock_row_content=&#8221;yes&#8221; row_height_percent=&#8221;100&#8243; override_padding=&#8221;yes&#8221; h_padding=&#8221;0&#8243; top_padding=&#8221;0&#8243; bottom_padding=&#8221;0&#8243; back_color=&#8221;color-nhtu&#8221; overlay_alpha=&#8221;50&#8243; equal_height=&#8221;yes&#8221; gutter_size=&#8221;3&#8243; shift_y=&#8221;0&#8243;][vc_column column_width_percent=&#8221;100&#8243; gutter_size=&#8221;3&#8243; expand_height=&#8221;yes&#8221; style=&#8221;dark&#8221; overlay_alpha=&#8221;50&#8243; shift_x=&#8221;0&#8243; shift_y=&#8221;0&#8243; z_index=&#8221;0&#8243; [&hellip;]<\/p>\n","protected":false},"author":1,"featured_media":0,"parent":131156,"menu_order":0,"comment_status":"open","ping_status":"closed","template":"","meta":{"inline_featured_image":false,"_locale":"tr_TR","_original_post":"https:\/\/paternika.com\/clients\/bilgenterapi\/?page_id=131383","footnotes":"","_links_to":"","_links_to_target":""},"class_list":["post-131383","page","type-page","status-publish","hentry","tr-TR"],"yoast_head":"<!-- This site is optimized with the Yoast SEO plugin v25.0 - https:\/\/yoast.com\/wordpress\/plugins\/seo\/ -->\n<title>B\u0130LGEN TERAP\u0130 | DR. \u0130BRAH\u0130M B\u0130LGEN<\/title>\n<meta name=\"description\" content=\"1994 y\u0131l\u0131nda \u00c7ukurova \u00dcniversitesi T\u0131p Fak\u00fcltesi\u2019ni bitirmesinin ard\u0131ndan 2001 y\u0131l\u0131nda \u00c7ukurova \u00dcniversitesi T\u0131p Fak\u00fcltesi Psikiyatri Anabilim Dal\u0131\u2019ndan psikiyatri uzmanl\u0131\u011f\u0131n\u0131 alm\u0131\u015ft\u0131r. ACBS (Association for Contexual Behavioral Science) PRT (ACBS Peer-Reviewed ACT Trainer) Uluslararas\u0131 ACT E\u011fitmen ve S\u00fcperviz\u00f6r\u00fcd\u00fcr.\" \/>\n<meta name=\"robots\" content=\"noindex, follow, max-snippet:-1, max-image-preview:large, max-video-preview:-1\" \/>\n<meta property=\"og:locale\" content=\"tr_TR\" \/>\n<meta property=\"og:type\" content=\"article\" \/>\n<meta property=\"og:title\" content=\"B\u0130LGEN TERAP\u0130 | DR. \u0130BRAH\u0130M B\u0130LGEN\" \/>\n<meta property=\"og:description\" content=\"1994 y\u0131l\u0131nda \u00c7ukurova \u00dcniversitesi T\u0131p Fak\u00fcltesi\u2019ni bitirmesinin ard\u0131ndan 2001 y\u0131l\u0131nda \u00c7ukurova \u00dcniversitesi T\u0131p Fak\u00fcltesi Psikiyatri Anabilim Dal\u0131\u2019ndan psikiyatri uzmanl\u0131\u011f\u0131n\u0131 alm\u0131\u015ft\u0131r. ACBS (Association for Contexual Behavioral Science) PRT (ACBS Peer-Reviewed ACT Trainer) Uluslararas\u0131 ACT E\u011fitmen ve S\u00fcperviz\u00f6r\u00fcd\u00fcr.\" \/>\n<meta property=\"og:url\" content=\"https:\/\/paternika.com\/clients\/bilgenterapi\/uzman-kadromuz\/dr-ibrahim-bilgen\/\" \/>\n<meta property=\"og:site_name\" content=\"B\u0130LGEN TERAP\u0130\" \/>\n<meta property=\"article:publisher\" content=\"https:\/\/www.facebook.com\/bilgenterapi\" \/>\n<meta property=\"article:modified_time\" content=\"2026-02-01T18:15:00+00:00\" \/>\n<meta name=\"twitter:card\" content=\"summary_large_image\" \/>\n<meta name=\"twitter:label1\" content=\"Tahmini okuma s\u00fcresi\" \/>\n\t<meta name=\"twitter:data1\" content=\"2 dakika\" \/>\n<script type=\"application\/ld+json\" class=\"yoast-schema-graph\">{\"@context\":\"https:\/\/schema.org\",\"@graph\":[{\"@type\":\"WebPage\",\"@id\":\"https:\/\/paternika.com\/clients\/bilgenterapi\/uzman-kadromuz\/dr-ibrahim-bilgen\/\",\"url\":\"https:\/\/paternika.com\/clients\/bilgenterapi\/uzman-kadromuz\/dr-ibrahim-bilgen\/\",\"name\":\"B\u0130LGEN TERAP\u0130 | DR. \u0130BRAH\u0130M B\u0130LGEN\",\"isPartOf\":{\"@id\":\"https:\/\/paternika.com\/clients\/bilgenterapi\/#website\"},\"datePublished\":\"2025-01-12T19:43:52+00:00\",\"dateModified\":\"2026-02-01T18:15:00+00:00\",\"description\":\"1994 y\u0131l\u0131nda \u00c7ukurova \u00dcniversitesi T\u0131p Fak\u00fcltesi\u2019ni bitirmesinin ard\u0131ndan 2001 y\u0131l\u0131nda \u00c7ukurova \u00dcniversitesi T\u0131p Fak\u00fcltesi Psikiyatri Anabilim Dal\u0131\u2019ndan psikiyatri uzmanl\u0131\u011f\u0131n\u0131 alm\u0131\u015ft\u0131r. ACBS (Association for Contexual Behavioral Science) PRT (ACBS Peer-Reviewed ACT Trainer) Uluslararas\u0131 ACT E\u011fitmen ve S\u00fcperviz\u00f6r\u00fcd\u00fcr.\",\"breadcrumb\":{\"@id\":\"https:\/\/paternika.com\/clients\/bilgenterapi\/uzman-kadromuz\/dr-ibrahim-bilgen\/#breadcrumb\"},\"inLanguage\":\"tr\",\"potentialAction\":[{\"@type\":\"ReadAction\",\"target\":[\"https:\/\/paternika.com\/clients\/bilgenterapi\/uzman-kadromuz\/dr-ibrahim-bilgen\/\"]}]},{\"@type\":\"BreadcrumbList\",\"@id\":\"https:\/\/paternika.com\/clients\/bilgenterapi\/uzman-kadromuz\/dr-ibrahim-bilgen\/#breadcrumb\",\"itemListElement\":[{\"@type\":\"ListItem\",\"position\":1,\"name\":\"Home\",\"item\":\"https:\/\/paternika.com\/clients\/bilgenterapi\/\"},{\"@type\":\"ListItem\",\"position\":2,\"name\":\"UZMAN KADROMUZ\",\"item\":\"https:\/\/paternika.com\/clients\/bilgenterapi\/uzman-kadromuz\/\"},{\"@type\":\"ListItem\",\"position\":3,\"name\":\"DR. \u0130BRAH\u0130M B\u0130LGEN\"}]},{\"@type\":\"WebSite\",\"@id\":\"https:\/\/paternika.com\/clients\/bilgenterapi\/#website\",\"url\":\"https:\/\/paternika.com\/clients\/bilgenterapi\/\",\"name\":\"B\u0130LGEN TERAP\u0130\",\"description\":\"\",\"publisher\":{\"@id\":\"https:\/\/paternika.com\/clients\/bilgenterapi\/#organization\"},\"potentialAction\":[{\"@type\":\"SearchAction\",\"target\":{\"@type\":\"EntryPoint\",\"urlTemplate\":\"https:\/\/paternika.com\/clients\/bilgenterapi\/?s={search_term_string}\"},\"query-input\":{\"@type\":\"PropertyValueSpecification\",\"valueRequired\":true,\"valueName\":\"search_term_string\"}}],\"inLanguage\":\"tr\"},{\"@type\":\"Organization\",\"@id\":\"https:\/\/paternika.com\/clients\/bilgenterapi\/#organization\",\"name\":\"B\u0130LGEN TERAP\u0130\",\"url\":\"https:\/\/paternika.com\/clients\/bilgenterapi\/\",\"logo\":{\"@type\":\"ImageObject\",\"inLanguage\":\"tr\",\"@id\":\"https:\/\/paternika.com\/clients\/bilgenterapi\/#\/schema\/logo\/image\/\",\"url\":\"https:\/\/www.paternika.com\/clients\/bilgenterapi\/wp-content\/uploads\/2024\/04\/favicon.png\",\"contentUrl\":\"https:\/\/www.paternika.com\/clients\/bilgenterapi\/wp-content\/uploads\/2024\/04\/favicon.png\",\"width\":512,\"height\":512,\"caption\":\"B\u0130LGEN TERAP\u0130\"},\"image\":{\"@id\":\"https:\/\/paternika.com\/clients\/bilgenterapi\/#\/schema\/logo\/image\/\"},\"sameAs\":[\"https:\/\/www.facebook.com\/bilgenterapi\",\"https:\/\/www.instagram.com\/bilgenterapi\",\"https:\/\/www.youtube.com\/@bterapi\"]}]}<\/script>\n<!-- \/ Yoast SEO plugin. -->","yoast_head_json":{"title":"B\u0130LGEN TERAP\u0130 | DR. \u0130BRAH\u0130M B\u0130LGEN","description":"1994 y\u0131l\u0131nda \u00c7ukurova \u00dcniversitesi T\u0131p Fak\u00fcltesi\u2019ni bitirmesinin ard\u0131ndan 2001 y\u0131l\u0131nda \u00c7ukurova \u00dcniversitesi T\u0131p Fak\u00fcltesi Psikiyatri Anabilim Dal\u0131\u2019ndan psikiyatri uzmanl\u0131\u011f\u0131n\u0131 alm\u0131\u015ft\u0131r. ACBS (Association for Contexual Behavioral Science) PRT (ACBS Peer-Reviewed ACT Trainer) Uluslararas\u0131 ACT E\u011fitmen ve S\u00fcperviz\u00f6r\u00fcd\u00fcr.","robots":{"index":"noindex","follow":"follow","max-snippet":"max-snippet:-1","max-image-preview":"max-image-preview:large","max-video-preview":"max-video-preview:-1"},"og_locale":"tr_TR","og_type":"article","og_title":"B\u0130LGEN TERAP\u0130 | DR. \u0130BRAH\u0130M B\u0130LGEN","og_description":"1994 y\u0131l\u0131nda \u00c7ukurova \u00dcniversitesi T\u0131p Fak\u00fcltesi\u2019ni bitirmesinin ard\u0131ndan 2001 y\u0131l\u0131nda \u00c7ukurova \u00dcniversitesi T\u0131p Fak\u00fcltesi Psikiyatri Anabilim Dal\u0131\u2019ndan psikiyatri uzmanl\u0131\u011f\u0131n\u0131 alm\u0131\u015ft\u0131r. ACBS (Association for Contexual Behavioral Science) PRT (ACBS Peer-Reviewed ACT Trainer) Uluslararas\u0131 ACT E\u011fitmen ve S\u00fcperviz\u00f6r\u00fcd\u00fcr.","og_url":"https:\/\/paternika.com\/clients\/bilgenterapi\/uzman-kadromuz\/dr-ibrahim-bilgen\/","og_site_name":"B\u0130LGEN TERAP\u0130","article_publisher":"https:\/\/www.facebook.com\/bilgenterapi","article_modified_time":"2026-02-01T18:15:00+00:00","twitter_card":"summary_large_image","twitter_misc":{"Tahmini okuma s\u00fcresi":"2 dakika"},"schema":{"@context":"https:\/\/schema.org","@graph":[{"@type":"WebPage","@id":"https:\/\/paternika.com\/clients\/bilgenterapi\/uzman-kadromuz\/dr-ibrahim-bilgen\/","url":"https:\/\/paternika.com\/clients\/bilgenterapi\/uzman-kadromuz\/dr-ibrahim-bilgen\/","name":"B\u0130LGEN TERAP\u0130 | DR. \u0130BRAH\u0130M B\u0130LGEN","isPartOf":{"@id":"https:\/\/paternika.com\/clients\/bilgenterapi\/#website"},"datePublished":"2025-01-12T19:43:52+00:00","dateModified":"2026-02-01T18:15:00+00:00","description":"1994 y\u0131l\u0131nda \u00c7ukurova \u00dcniversitesi T\u0131p Fak\u00fcltesi\u2019ni bitirmesinin ard\u0131ndan 2001 y\u0131l\u0131nda \u00c7ukurova \u00dcniversitesi T\u0131p Fak\u00fcltesi Psikiyatri Anabilim Dal\u0131\u2019ndan psikiyatri uzmanl\u0131\u011f\u0131n\u0131 alm\u0131\u015ft\u0131r. ACBS (Association for Contexual Behavioral Science) PRT (ACBS Peer-Reviewed ACT Trainer) Uluslararas\u0131 ACT E\u011fitmen ve S\u00fcperviz\u00f6r\u00fcd\u00fcr.","breadcrumb":{"@id":"https:\/\/paternika.com\/clients\/bilgenterapi\/uzman-kadromuz\/dr-ibrahim-bilgen\/#breadcrumb"},"inLanguage":"tr","potentialAction":[{"@type":"ReadAction","target":["https:\/\/paternika.com\/clients\/bilgenterapi\/uzman-kadromuz\/dr-ibrahim-bilgen\/"]}]},{"@type":"BreadcrumbList","@id":"https:\/\/paternika.com\/clients\/bilgenterapi\/uzman-kadromuz\/dr-ibrahim-bilgen\/#breadcrumb","itemListElement":[{"@type":"ListItem","position":1,"name":"Home","item":"https:\/\/paternika.com\/clients\/bilgenterapi\/"},{"@type":"ListItem","position":2,"name":"UZMAN KADROMUZ","item":"https:\/\/paternika.com\/clients\/bilgenterapi\/uzman-kadromuz\/"},{"@type":"ListItem","position":3,"name":"DR. \u0130BRAH\u0130M B\u0130LGEN"}]},{"@type":"WebSite","@id":"https:\/\/paternika.com\/clients\/bilgenterapi\/#website","url":"https:\/\/paternika.com\/clients\/bilgenterapi\/","name":"B\u0130LGEN TERAP\u0130","description":"","publisher":{"@id":"https:\/\/paternika.com\/clients\/bilgenterapi\/#organization"},"potentialAction":[{"@type":"SearchAction","target":{"@type":"EntryPoint","urlTemplate":"https:\/\/paternika.com\/clients\/bilgenterapi\/?s={search_term_string}"},"query-input":{"@type":"PropertyValueSpecification","valueRequired":true,"valueName":"search_term_string"}}],"inLanguage":"tr"},{"@type":"Organization","@id":"https:\/\/paternika.com\/clients\/bilgenterapi\/#organization","name":"B\u0130LGEN TERAP\u0130","url":"https:\/\/paternika.com\/clients\/bilgenterapi\/","logo":{"@type":"ImageObject","inLanguage":"tr","@id":"https:\/\/paternika.com\/clients\/bilgenterapi\/#\/schema\/logo\/image\/","url":"https:\/\/www.paternika.com\/clients\/bilgenterapi\/wp-content\/uploads\/2024\/04\/favicon.png","contentUrl":"https:\/\/www.paternika.com\/clients\/bilgenterapi\/wp-content\/uploads\/2024\/04\/favicon.png","width":512,"height":512,"caption":"B\u0130LGEN TERAP\u0130"},"image":{"@id":"https:\/\/paternika.com\/clients\/bilgenterapi\/#\/schema\/logo\/image\/"},"sameAs":["https:\/\/www.facebook.com\/bilgenterapi","https:\/\/www.instagram.com\/bilgenterapi","https:\/\/www.youtube.com\/@bterapi"]}]}},"_links":{"self":[{"href":"https:\/\/paternika.com\/clients\/bilgenterapi\/wp-json\/wp\/v2\/pages\/131383","targetHints":{"allow":["GET"]}}],"collection":[{"href":"https:\/\/paternika.com\/clients\/bilgenterapi\/wp-json\/wp\/v2\/pages"}],"about":[{"href":"https:\/\/paternika.com\/clients\/bilgenterapi\/wp-json\/wp\/v2\/types\/page"}],"author":[{"embeddable":true,"href":"https:\/\/paternika.com\/clients\/bilgenterapi\/wp-json\/wp\/v2\/users\/1"}],"replies":[{"embeddable":true,"href":"https:\/\/paternika.com\/clients\/bilgenterapi\/wp-json\/wp\/v2\/comments?post=131383"}],"version-history":[{"count":6,"href":"https:\/\/paternika.com\/clients\/bilgenterapi\/wp-json\/wp\/v2\/pages\/131383\/revisions"}],"predecessor-version":[{"id":132562,"href":"https:\/\/paternika.com\/clients\/bilgenterapi\/wp-json\/wp\/v2\/pages\/131383\/revisions\/132562"}],"up":[{"embeddable":true,"href":"https:\/\/paternika.com\/clients\/bilgenterapi\/wp-json\/wp\/v2\/pages\/131156"}],"wp:attachment":[{"href":"https:\/\/paternika.com\/clients\/bilgenterapi\/wp-json\/wp\/v2\/media?parent=131383"}],"curies":[{"name":"wp","href":"https:\/\/api.w.org\/{rel}","templated":true}]}}