{"id":131382,"date":"2025-01-12T23:09:54","date_gmt":"2025-01-12T20:09:54","guid":{"rendered":"https:\/\/paternika.com\/clients\/bilgenterapi\/?page_id=131382"},"modified":"2026-02-01T21:16:25","modified_gmt":"2026-02-01T18:16:25","slug":"elcin-kursunoglu-pinar","status":"publish","type":"page","link":"https:\/\/paternika.com\/clients\/bilgenterapi\/uzman-kadromuz\/elcin-kursunoglu-pinar\/","title":{"rendered":"EL\u00c7\u0130N KUR\u015eUNO\u011eLU PINAR"},"content":{"rendered":"<div class=\"wpb-content-wrapper\"><p>[vc_row unlock_row_content=&#8221;yes&#8221; row_height_percent=&#8221;100&#8243; override_padding=&#8221;yes&#8221; h_padding=&#8221;0&#8243; top_padding=&#8221;0&#8243; bottom_padding=&#8221;0&#8243; back_color=&#8221;color-nhtu&#8221; overlay_alpha=&#8221;50&#8243; equal_height=&#8221;yes&#8221; gutter_size=&#8221;3&#8243; shift_y=&#8221;0&#8243;][vc_column column_width_percent=&#8221;100&#8243; gutter_size=&#8221;3&#8243; expand_height=&#8221;yes&#8221; style=&#8221;dark&#8221; overlay_alpha=&#8221;50&#8243; shift_x=&#8221;0&#8243; shift_y=&#8221;0&#8243; z_index=&#8221;0&#8243; medium_width=&#8221;0&#8243; width=&#8221;1\/1&#8243;][vc_row_inner row_inner_height_percent=&#8221;0&#8243; overlay_alpha=&#8221;50&#8243; equal_height=&#8221;yes&#8221; gutter_size=&#8221;0&#8243; shift_y=&#8221;0&#8243; limit_content=&#8221;&#8221;][vc_column_inner column_width_use_pixel=&#8221;yes&#8221; gutter_size=&#8221;3&#8243; back_image=&#8221;131365&#8243; back_position=&#8221;center top&#8221; kburns=&#8221;magnetic&#8221; overlay_alpha=&#8221;50&#8243; shift_x=&#8221;0&#8243; shift_y=&#8221;0&#8243; shift_y_down=&#8221;0&#8243; z_index=&#8221;0&#8243; medium_width=&#8221;0&#8243; mobile_width=&#8221;0&#8243; css_animation=&#8221;alpha-anim&#8221; width=&#8221;1\/2&#8243; mobile_height=&#8221;300&#8243; uncode_shortcode_id=&#8221;382436&#8243;][\/vc_column_inner][vc_column_inner column_width_percent=&#8221;65&#8243; position_vertical=&#8221;middle&#8221; gutter_size=&#8221;3&#8243; override_padding=&#8221;yes&#8221; column_padding=&#8221;3&#8243; style=&#8221;dark&#8221; font_family=&#8221;font-136269&#8243; overlay_alpha=&#8221;50&#8243; shift_x=&#8221;0&#8243; shift_y=&#8221;0&#8243; shift_y_down=&#8221;0&#8243; z_index=&#8221;0&#8243; medium_width=&#8221;0&#8243; mobile_width=&#8221;0&#8243; width=&#8221;1\/2&#8243; uncode_shortcode_id=&#8221;202408&#8243;][vc_empty_space empty_h=&#8221;5&#8243; medium_visibility=&#8221;yes&#8221; mobile_visibility=&#8221;yes&#8221;][vc_column_text css_animation=&#8221;left-t-right&#8221; uncode_shortcode_id=&#8221;139277&#8243;]<strong><span style=\"font-size: 32pt;\">El\u00e7in Kur\u015funo\u011flu P\u0131nar<\/span><\/strong> \/ Uzman Klinik Psikolog &amp; Psikoterapist[\/vc_column_text][vc_column_text css_animation=&#8221;left-t-right&#8221; uncode_shortcode_id=&#8221;173538&#8243;]1992 \u0130stanbul do\u011fumlu olan El\u00e7in Kur\u015funo\u011flu P\u0131nar, ilk\u00f6\u011fretim ve lise \u00f6\u011frenimini K\u00fclt\u00fcr Koleji\u2019nde tamamlam\u0131\u015ft\u0131r. 2010 senesinde Bah\u00e7e\u015fehir \u00dcniversitesi Fen-Edebiyat Fak\u00fcltesi Psikoloji B\u00f6l\u00fcm\u00fcne girmi\u015f ve 2015 senesinde lisans program\u0131n\u0131 bitirmi\u015ftir.<\/p>\n<p>Ayn\u0131 y\u0131l i\u00e7erisinde Beykent \u00dcniversitesi Klinik Psikoloji Y\u00fcksek Lisans program\u0131na kabul edilmi\u015ftir. Tez \u00e7al\u0131\u015fmas\u0131n\u0131 \u201cD\u00fc\u015f\u00fcnce Tarzlar\u0131n\u0131n Panik Bozuklu\u011fu\u2019yla \u0130li\u015fkisi\u201d konusunda yapm\u0131\u015f olup, ba\u015far\u0131yla tamamlayarak Uzman Klinik Psikolog \u00fcnvan\u0131n\u0131 almaya hak kazanm\u0131\u015ft\u0131r.<\/p>\n<p>Lisans e\u011fitimi boyunca Bilgen Terapi Enstit\u00fcs\u00fc, Bal\u0131kl\u0131 Rum Hastanesi ve Yedikule Surp P\u0131rgi\u00e7 Ermeni Hastanesi\u2019nde stajyer psikolog olarak g\u00f6rev alm\u0131\u015ft\u0131r. Yapt\u0131\u011f\u0131 stajlarda; polikliniklerde seans g\u00f6r\u00fc\u015fmelerini izleyebilme, yat\u0131l\u0131 servisteki hastalarla birebir g\u00f6zlem yap\u0131p ileti\u015fim kurma f\u0131rsat\u0131 yakalam\u0131\u015ft\u0131r. \u0130stanbul Psikiyatri Enstit\u00fcs\u00fc taraf\u0131ndan verilen staj program\u0131 kapsam\u0131nda olan Anksiyete Bozukluklar\u0131, Ki\u015filik Bozukluklar\u0131, Klinik G\u00f6r\u00fc\u015fme Teknikleri, Cinsel \u0130\u015flev ve Cinsel Kimlik Bozukluklar\u0131, Ba\u011f\u0131ml\u0131l\u0131k, Post-Travmatik Stres Bozuklu\u011fu, Psikanalitik \u00c7izim Bilgileri, Yeme Bozukluklar\u0131 ile ilgili olan seminerlerini tamamlam\u0131\u015ft\u0131r.<\/p>\n<p>T\u00fcrk Psikologlar Derne\u011fi ve \u0130stanbul \u00dcniversitesi taraf\u0131ndan \u00e7ocuklara ve yeti\u015fkinlere y\u00f6nelik \u00e7e\u015fitli tan\u0131 \u00f6l\u00e7eklerinin \u00f6\u011frenilmesi ve raporlandar\u0131lmas\u0131na y\u00f6nelik programlar\u0131 ba\u015far\u0131yla tamamlam\u0131\u015f ve uzmanl\u0131k sertifikalar\u0131n\u0131 almaya hak kazanm\u0131\u015ft\u0131r.<\/p>\n<p>2015 senesinde Prof. Dr. Mehmet Zihni Sungur taraf\u0131ndan verilen Depresyon ve Kayg\u0131 Bozukluklar\u0131nda etkinli\u011fi kabul edilen \u201cKognitif ve Davran\u0131\u015f Terapi\u201d e\u011fitimine ba\u015flam\u0131\u015ft\u0131r. Bu e\u011fitimin ilk s\u00fcreci olan \u201cAnksiyete Bozukluklar\u0131 ve Depresyonda De\u011ferlendirme, Vaka Form\u00fclasyonu Olu\u015fturma\u201d konular\u0131nda 100 saatlik teori ve 100 saatlik uygulamal\u0131 ve denetimli Kognitif ve Davran\u0131\u015f Terapileri e\u011fitimini ba\u015far\u0131yla tamamlam\u0131\u015ft\u0131r. E\u011fitimin ikinci a\u015famas\u0131 olan \u201c3. Ku\u015fak Terapiler, Yeme Bozukluklar\u0131, Alkol-Madde Ba\u011f\u0131ml\u0131l\u0131\u011f\u0131, \u00c7ocuk-Ergen ve Ya\u015fl\u0131larda KDT, Ki\u015filik Bozukluklar\u0131 (\u015eizofreni, Borderline, Bipolar), Cinsel \u0130\u015flev Bozukluklar\u0131, \u00c7ift Terapisi\u201d konular\u0131ndaki teorik e\u011fitimini ve s\u00fcpervizyon s\u00fcrecini tamamlay\u0131p EABCT (European Association for Behavioural and Cognitive Therapies) taraf\u0131ndan akredite edilerek Psikoterapist olma hakk\u0131na sahip olmu\u015ftur.<\/p>\n<p>2016 \u015eubat ay\u0131nda Psikolog Dr. Maria do Ceu Salvador taraf\u0131ndan verilen \u201c\u00c7ocuk ve Ergenlerde \u0130yi ve Etik Uygulamalar Ba\u011flam\u0131nda Kognitif ve Davran\u0131\u015f Terapisi\u201d e\u011fitime ba\u015flam\u0131\u015ft\u0131r. 200 saatlik teorik ve 120 saatlik uygulamay\u0131 ba\u015far\u0131yla tamamlam\u0131\u015f olup \u201c\u00c7ocuk ve Ergen Psikoterapisti\u201d \u00fcnvan\u0131 almaya hak kazanm\u0131\u015ft\u0131r.<\/p>\n<p>2021 senesinde Erik van den Brink taraf\u0131ndan verilen Mindfulness Temelli \u015eefkatli Ya\u015fam e\u011fitimine kat\u0131lm\u0131\u015f ve psikoterapi s\u00fcrecine \u015eefkat Odakl\u0131 terapi yakla\u015f\u0131m\u0131n\u0131 da eklemi\u015ftir.<\/p>\n<p>2021 senesinde Sepin Sinanl\u0131o\u011flu taraf\u0131ndan verilen \u00c7ocuklarda Mindfulness E\u011fitmenlik e\u011fitimine kat\u0131lm\u0131\u015f, s\u00fcre\u00e7 i\u00e7erisinde pilot grup \u00e7al\u0131\u015fmalar\u0131n\u0131 tamamlay\u0131p Hollanda Academy for Mindful Teaching taraf\u0131ndan onaylanan \u201c\u00c7ocuklarda Mindfulness E\u011fitimi\u201d e\u011fitmeni olmu\u015ftur. (Eline Snel Method)<\/p>\n<p>2022 senesinde Sepin Sinanl\u0131o\u011flu taraf\u0131ndan verilen Ergenlerde Mindfulness E\u011fitmenlik e\u011fitimine kat\u0131lm\u0131\u015f, s\u00fcre\u00e7 i\u00e7erisinde pilot grup \u00e7al\u0131\u015fmalar\u0131n\u0131 tamamlay\u0131p Hollanda Academy for Mindful Teaching taraf\u0131ndan onaylanan \u201cErgenlerde Mindfulness E\u011fitimi\u201d e\u011fitmeni olmu\u015ftur. (Eline Snel Method)<\/p>\n<p>Eyl\u00fcl 2021- May\u0131s 2022 tarihleri aras\u0131nda Mindfulness Institute taraf\u0131ndan verilen \u201c\u00c7ocuklarda Kabul ve Adanm\u0131\u015fl\u0131k Terapisi\u201d e\u011fitimine kat\u0131lm\u0131\u015f ve s\u00fcpervizyon s\u00fcrecini tamamlam\u0131\u015ft\u0131r.<\/p>\n<p>2023 senesinde Dr. \u0130brahim Bilgen taraf\u0131ndan verilen \u201cKabul ve Adanm\u0131\u015fl\u0131k Terapisi&#8221; Orta ve \u0130leri seviye e\u011fitimlerini tamamlam\u0131\u015ft\u0131r.<br \/>\nDr. \u0130brahim Bilgen taraf\u0131ndan verilen ACT T\u00fcrkiye&#8217;nin, 21 Eyl\u00fcl -25 Ocak tarihleri aras\u0131nda yap\u0131lan 27 saatlik &#8221;ACT S\u00fcre\u00e7 Odakl\u0131 Terapi Beceri\u201d e\u011fitimini tamamlam\u0131\u015f \u015fu an s\u00fcpervizyon s\u00fcrecindedir.<\/p>\n<p>T\u00fcrk Psikologlar Derne\u011fi, Kognitif ve Davran\u0131\u015f Terapileri Derne\u011fi ve Academy for Mindful Teaching (Eline Snel Method) \u00fcyesidir.<\/p>\n<p>D\u00fczenli olarak alanda yap\u0131lan Ulusal ve Uluslararas\u0131 kongreleri takip etmektedir.<\/p>\n<p>Bilgen Terapi Enstit\u00fcs\u00fc\u2019nde Yeti\u015fkin ve \u00c7ocuk\/Ergen psikoterapisi ile Yeti\u015fkin ve \u00c7ocuk Ergenlere y\u00f6nelik \u00e7e\u015fitli test uygulamalar\u0131n\u0131 s\u00fcrd\u00fcrmektedir.[\/vc_column_text][vc_button radius=&#8221;btn-square&#8221; custom_typo=&#8221;yes&#8221; font_family=&#8221;font-136269&#8243; font_weight=&#8221;600&#8243; border_width=&#8221;0&#8243; css_animation=&#8221;left-t-right&#8221; link=&#8221;url:https%3A%2F%2Fwww.paternika.com\/clients\/bilgenterapi%2Fuzman-kadromuz%2F&#8221; uncode_shortcode_id=&#8221;154307&#8243; icon=&#8221;fa fa-chevron-left&#8221;]UZMAN KADROMUZ[\/vc_button][\/vc_column_inner][\/vc_row_inner][\/vc_column][\/vc_row]<\/p>\n<\/div>","protected":false},"excerpt":{"rendered":"<p>[vc_row unlock_row_content=&#8221;yes&#8221; row_height_percent=&#8221;100&#8243; override_padding=&#8221;yes&#8221; h_padding=&#8221;0&#8243; top_padding=&#8221;0&#8243; bottom_padding=&#8221;0&#8243; back_color=&#8221;color-nhtu&#8221; overlay_alpha=&#8221;50&#8243; equal_height=&#8221;yes&#8221; gutter_size=&#8221;3&#8243; shift_y=&#8221;0&#8243;][vc_column column_width_percent=&#8221;100&#8243; gutter_size=&#8221;3&#8243; expand_height=&#8221;yes&#8221; style=&#8221;dark&#8221; overlay_alpha=&#8221;50&#8243; shift_x=&#8221;0&#8243; shift_y=&#8221;0&#8243; z_index=&#8221;0&#8243; [&hellip;]<\/p>\n","protected":false},"author":1,"featured_media":0,"parent":131156,"menu_order":0,"comment_status":"open","ping_status":"closed","template":"","meta":{"inline_featured_image":false,"_locale":"tr_TR","_original_post":"https:\/\/paternika.com\/clients\/bilgenterapi\/?page_id=131382","footnotes":"","_links_to":"","_links_to_target":""},"class_list":["post-131382","page","type-page","status-publish","hentry","tr-TR"],"yoast_head":"<!-- This site is optimized with the Yoast SEO plugin v25.0 - https:\/\/yoast.com\/wordpress\/plugins\/seo\/ -->\n<title>B\u0130LGEN TERAP\u0130 | EL\u00c7\u0130N KUR\u015eUNO\u011eLU PINAR<\/title>\n<meta name=\"description\" content=\"1992 \u0130stanbul do\u011fumlu olan El\u00e7in Kur\u015funo\u011flu P\u0131nar, ilk\u00f6\u011fretim ve lise \u00f6\u011frenimini K\u00fclt\u00fcr Koleji\u2019nde tamamlam\u0131\u015ft\u0131r. 2010 senesinde Bah\u00e7e\u015fehir \u00dcniversitesi Fen-Edebiyat Fak\u00fcltesi Psikoloji B\u00f6l\u00fcm\u00fcne girmi\u015f ve 2015 senesinde lisans program\u0131n\u0131 bitirmi\u015ftir.\" \/>\n<meta name=\"robots\" content=\"noindex, follow, max-snippet:-1, max-image-preview:large, max-video-preview:-1\" \/>\n<meta property=\"og:locale\" content=\"tr_TR\" \/>\n<meta property=\"og:type\" content=\"article\" \/>\n<meta property=\"og:title\" content=\"B\u0130LGEN TERAP\u0130 | EL\u00c7\u0130N KUR\u015eUNO\u011eLU PINAR\" \/>\n<meta property=\"og:description\" content=\"1992 \u0130stanbul do\u011fumlu olan El\u00e7in Kur\u015funo\u011flu P\u0131nar, ilk\u00f6\u011fretim ve lise \u00f6\u011frenimini K\u00fclt\u00fcr Koleji\u2019nde tamamlam\u0131\u015ft\u0131r. 2010 senesinde Bah\u00e7e\u015fehir \u00dcniversitesi Fen-Edebiyat Fak\u00fcltesi Psikoloji B\u00f6l\u00fcm\u00fcne girmi\u015f ve 2015 senesinde lisans program\u0131n\u0131 bitirmi\u015ftir.\" \/>\n<meta property=\"og:url\" content=\"https:\/\/paternika.com\/clients\/bilgenterapi\/uzman-kadromuz\/elcin-kursunoglu-pinar\/\" \/>\n<meta property=\"og:site_name\" content=\"B\u0130LGEN TERAP\u0130\" \/>\n<meta property=\"article:publisher\" content=\"https:\/\/www.facebook.com\/bilgenterapi\" \/>\n<meta property=\"article:modified_time\" content=\"2026-02-01T18:16:25+00:00\" \/>\n<meta name=\"twitter:card\" content=\"summary_large_image\" \/>\n<meta name=\"twitter:label1\" content=\"Tahmini okuma s\u00fcresi\" \/>\n\t<meta name=\"twitter:data1\" content=\"4 dakika\" \/>\n<script type=\"application\/ld+json\" class=\"yoast-schema-graph\">{\"@context\":\"https:\/\/schema.org\",\"@graph\":[{\"@type\":\"WebPage\",\"@id\":\"https:\/\/paternika.com\/clients\/bilgenterapi\/uzman-kadromuz\/elcin-kursunoglu-pinar\/\",\"url\":\"https:\/\/paternika.com\/clients\/bilgenterapi\/uzman-kadromuz\/elcin-kursunoglu-pinar\/\",\"name\":\"B\u0130LGEN TERAP\u0130 | EL\u00c7\u0130N KUR\u015eUNO\u011eLU PINAR\",\"isPartOf\":{\"@id\":\"https:\/\/paternika.com\/clients\/bilgenterapi\/#website\"},\"datePublished\":\"2025-01-12T20:09:54+00:00\",\"dateModified\":\"2026-02-01T18:16:25+00:00\",\"description\":\"1992 \u0130stanbul do\u011fumlu olan El\u00e7in Kur\u015funo\u011flu P\u0131nar, ilk\u00f6\u011fretim ve lise \u00f6\u011frenimini K\u00fclt\u00fcr Koleji\u2019nde tamamlam\u0131\u015ft\u0131r. 2010 senesinde Bah\u00e7e\u015fehir \u00dcniversitesi Fen-Edebiyat Fak\u00fcltesi Psikoloji B\u00f6l\u00fcm\u00fcne girmi\u015f ve 2015 senesinde lisans program\u0131n\u0131 bitirmi\u015ftir.\",\"breadcrumb\":{\"@id\":\"https:\/\/paternika.com\/clients\/bilgenterapi\/uzman-kadromuz\/elcin-kursunoglu-pinar\/#breadcrumb\"},\"inLanguage\":\"tr\",\"potentialAction\":[{\"@type\":\"ReadAction\",\"target\":[\"https:\/\/paternika.com\/clients\/bilgenterapi\/uzman-kadromuz\/elcin-kursunoglu-pinar\/\"]}]},{\"@type\":\"BreadcrumbList\",\"@id\":\"https:\/\/paternika.com\/clients\/bilgenterapi\/uzman-kadromuz\/elcin-kursunoglu-pinar\/#breadcrumb\",\"itemListElement\":[{\"@type\":\"ListItem\",\"position\":1,\"name\":\"Home\",\"item\":\"https:\/\/paternika.com\/clients\/bilgenterapi\/\"},{\"@type\":\"ListItem\",\"position\":2,\"name\":\"UZMAN KADROMUZ\",\"item\":\"https:\/\/paternika.com\/clients\/bilgenterapi\/uzman-kadromuz\/\"},{\"@type\":\"ListItem\",\"position\":3,\"name\":\"EL\u00c7\u0130N KUR\u015eUNO\u011eLU PINAR\"}]},{\"@type\":\"WebSite\",\"@id\":\"https:\/\/paternika.com\/clients\/bilgenterapi\/#website\",\"url\":\"https:\/\/paternika.com\/clients\/bilgenterapi\/\",\"name\":\"B\u0130LGEN TERAP\u0130\",\"description\":\"\",\"publisher\":{\"@id\":\"https:\/\/paternika.com\/clients\/bilgenterapi\/#organization\"},\"potentialAction\":[{\"@type\":\"SearchAction\",\"target\":{\"@type\":\"EntryPoint\",\"urlTemplate\":\"https:\/\/paternika.com\/clients\/bilgenterapi\/?s={search_term_string}\"},\"query-input\":{\"@type\":\"PropertyValueSpecification\",\"valueRequired\":true,\"valueName\":\"search_term_string\"}}],\"inLanguage\":\"tr\"},{\"@type\":\"Organization\",\"@id\":\"https:\/\/paternika.com\/clients\/bilgenterapi\/#organization\",\"name\":\"B\u0130LGEN TERAP\u0130\",\"url\":\"https:\/\/paternika.com\/clients\/bilgenterapi\/\",\"logo\":{\"@type\":\"ImageObject\",\"inLanguage\":\"tr\",\"@id\":\"https:\/\/paternika.com\/clients\/bilgenterapi\/#\/schema\/logo\/image\/\",\"url\":\"https:\/\/www.paternika.com\/clients\/bilgenterapi\/wp-content\/uploads\/2024\/04\/favicon.png\",\"contentUrl\":\"https:\/\/www.paternika.com\/clients\/bilgenterapi\/wp-content\/uploads\/2024\/04\/favicon.png\",\"width\":512,\"height\":512,\"caption\":\"B\u0130LGEN TERAP\u0130\"},\"image\":{\"@id\":\"https:\/\/paternika.com\/clients\/bilgenterapi\/#\/schema\/logo\/image\/\"},\"sameAs\":[\"https:\/\/www.facebook.com\/bilgenterapi\",\"https:\/\/www.instagram.com\/bilgenterapi\",\"https:\/\/www.youtube.com\/@bterapi\"]}]}<\/script>\n<!-- \/ Yoast SEO plugin. -->","yoast_head_json":{"title":"B\u0130LGEN TERAP\u0130 | EL\u00c7\u0130N KUR\u015eUNO\u011eLU PINAR","description":"1992 \u0130stanbul do\u011fumlu olan El\u00e7in Kur\u015funo\u011flu P\u0131nar, ilk\u00f6\u011fretim ve lise \u00f6\u011frenimini K\u00fclt\u00fcr Koleji\u2019nde tamamlam\u0131\u015ft\u0131r. 2010 senesinde Bah\u00e7e\u015fehir \u00dcniversitesi Fen-Edebiyat Fak\u00fcltesi Psikoloji B\u00f6l\u00fcm\u00fcne girmi\u015f ve 2015 senesinde lisans program\u0131n\u0131 bitirmi\u015ftir.","robots":{"index":"noindex","follow":"follow","max-snippet":"max-snippet:-1","max-image-preview":"max-image-preview:large","max-video-preview":"max-video-preview:-1"},"og_locale":"tr_TR","og_type":"article","og_title":"B\u0130LGEN TERAP\u0130 | EL\u00c7\u0130N KUR\u015eUNO\u011eLU PINAR","og_description":"1992 \u0130stanbul do\u011fumlu olan El\u00e7in Kur\u015funo\u011flu P\u0131nar, ilk\u00f6\u011fretim ve lise \u00f6\u011frenimini K\u00fclt\u00fcr Koleji\u2019nde tamamlam\u0131\u015ft\u0131r. 2010 senesinde Bah\u00e7e\u015fehir \u00dcniversitesi Fen-Edebiyat Fak\u00fcltesi Psikoloji B\u00f6l\u00fcm\u00fcne girmi\u015f ve 2015 senesinde lisans program\u0131n\u0131 bitirmi\u015ftir.","og_url":"https:\/\/paternika.com\/clients\/bilgenterapi\/uzman-kadromuz\/elcin-kursunoglu-pinar\/","og_site_name":"B\u0130LGEN TERAP\u0130","article_publisher":"https:\/\/www.facebook.com\/bilgenterapi","article_modified_time":"2026-02-01T18:16:25+00:00","twitter_card":"summary_large_image","twitter_misc":{"Tahmini okuma s\u00fcresi":"4 dakika"},"schema":{"@context":"https:\/\/schema.org","@graph":[{"@type":"WebPage","@id":"https:\/\/paternika.com\/clients\/bilgenterapi\/uzman-kadromuz\/elcin-kursunoglu-pinar\/","url":"https:\/\/paternika.com\/clients\/bilgenterapi\/uzman-kadromuz\/elcin-kursunoglu-pinar\/","name":"B\u0130LGEN TERAP\u0130 | EL\u00c7\u0130N KUR\u015eUNO\u011eLU PINAR","isPartOf":{"@id":"https:\/\/paternika.com\/clients\/bilgenterapi\/#website"},"datePublished":"2025-01-12T20:09:54+00:00","dateModified":"2026-02-01T18:16:25+00:00","description":"1992 \u0130stanbul do\u011fumlu olan El\u00e7in Kur\u015funo\u011flu P\u0131nar, ilk\u00f6\u011fretim ve lise \u00f6\u011frenimini K\u00fclt\u00fcr Koleji\u2019nde tamamlam\u0131\u015ft\u0131r. 2010 senesinde Bah\u00e7e\u015fehir \u00dcniversitesi Fen-Edebiyat Fak\u00fcltesi Psikoloji B\u00f6l\u00fcm\u00fcne girmi\u015f ve 2015 senesinde lisans program\u0131n\u0131 bitirmi\u015ftir.","breadcrumb":{"@id":"https:\/\/paternika.com\/clients\/bilgenterapi\/uzman-kadromuz\/elcin-kursunoglu-pinar\/#breadcrumb"},"inLanguage":"tr","potentialAction":[{"@type":"ReadAction","target":["https:\/\/paternika.com\/clients\/bilgenterapi\/uzman-kadromuz\/elcin-kursunoglu-pinar\/"]}]},{"@type":"BreadcrumbList","@id":"https:\/\/paternika.com\/clients\/bilgenterapi\/uzman-kadromuz\/elcin-kursunoglu-pinar\/#breadcrumb","itemListElement":[{"@type":"ListItem","position":1,"name":"Home","item":"https:\/\/paternika.com\/clients\/bilgenterapi\/"},{"@type":"ListItem","position":2,"name":"UZMAN KADROMUZ","item":"https:\/\/paternika.com\/clients\/bilgenterapi\/uzman-kadromuz\/"},{"@type":"ListItem","position":3,"name":"EL\u00c7\u0130N KUR\u015eUNO\u011eLU PINAR"}]},{"@type":"WebSite","@id":"https:\/\/paternika.com\/clients\/bilgenterapi\/#website","url":"https:\/\/paternika.com\/clients\/bilgenterapi\/","name":"B\u0130LGEN TERAP\u0130","description":"","publisher":{"@id":"https:\/\/paternika.com\/clients\/bilgenterapi\/#organization"},"potentialAction":[{"@type":"SearchAction","target":{"@type":"EntryPoint","urlTemplate":"https:\/\/paternika.com\/clients\/bilgenterapi\/?s={search_term_string}"},"query-input":{"@type":"PropertyValueSpecification","valueRequired":true,"valueName":"search_term_string"}}],"inLanguage":"tr"},{"@type":"Organization","@id":"https:\/\/paternika.com\/clients\/bilgenterapi\/#organization","name":"B\u0130LGEN TERAP\u0130","url":"https:\/\/paternika.com\/clients\/bilgenterapi\/","logo":{"@type":"ImageObject","inLanguage":"tr","@id":"https:\/\/paternika.com\/clients\/bilgenterapi\/#\/schema\/logo\/image\/","url":"https:\/\/www.paternika.com\/clients\/bilgenterapi\/wp-content\/uploads\/2024\/04\/favicon.png","contentUrl":"https:\/\/www.paternika.com\/clients\/bilgenterapi\/wp-content\/uploads\/2024\/04\/favicon.png","width":512,"height":512,"caption":"B\u0130LGEN TERAP\u0130"},"image":{"@id":"https:\/\/paternika.com\/clients\/bilgenterapi\/#\/schema\/logo\/image\/"},"sameAs":["https:\/\/www.facebook.com\/bilgenterapi","https:\/\/www.instagram.com\/bilgenterapi","https:\/\/www.youtube.com\/@bterapi"]}]}},"_links":{"self":[{"href":"https:\/\/paternika.com\/clients\/bilgenterapi\/wp-json\/wp\/v2\/pages\/131382","targetHints":{"allow":["GET"]}}],"collection":[{"href":"https:\/\/paternika.com\/clients\/bilgenterapi\/wp-json\/wp\/v2\/pages"}],"about":[{"href":"https:\/\/paternika.com\/clients\/bilgenterapi\/wp-json\/wp\/v2\/types\/page"}],"author":[{"embeddable":true,"href":"https:\/\/paternika.com\/clients\/bilgenterapi\/wp-json\/wp\/v2\/users\/1"}],"replies":[{"embeddable":true,"href":"https:\/\/paternika.com\/clients\/bilgenterapi\/wp-json\/wp\/v2\/comments?post=131382"}],"version-history":[{"count":4,"href":"https:\/\/paternika.com\/clients\/bilgenterapi\/wp-json\/wp\/v2\/pages\/131382\/revisions"}],"predecessor-version":[{"id":132566,"href":"https:\/\/paternika.com\/clients\/bilgenterapi\/wp-json\/wp\/v2\/pages\/131382\/revisions\/132566"}],"up":[{"embeddable":true,"href":"https:\/\/paternika.com\/clients\/bilgenterapi\/wp-json\/wp\/v2\/pages\/131156"}],"wp:attachment":[{"href":"https:\/\/paternika.com\/clients\/bilgenterapi\/wp-json\/wp\/v2\/media?parent=131382"}],"curies":[{"name":"wp","href":"https:\/\/api.w.org\/{rel}","templated":true}]}}