{"id":131268,"date":"2025-01-11T00:36:57","date_gmt":"2025-01-10T21:36:57","guid":{"rendered":"https:\/\/paternika.com\/clients\/bilgenterapi\/?page_id=131268"},"modified":"2025-12-26T15:39:40","modified_gmt":"2025-12-26T12:39:40","slug":"pac-degerlendirme-testi","status":"publish","type":"page","link":"https:\/\/paternika.com\/clients\/bilgenterapi\/hizmetlerimiz\/pac-degerlendirme-testi\/","title":{"rendered":"PAC\/DE\u011eERLEND\u0130RME TEST\u0130"},"content":{"rendered":"<div class=\"wpb-content-wrapper\"><p>[vc_row row_height_percent=&#8221;100&#8243; override_padding=&#8221;yes&#8221; h_padding=&#8221;2&#8243; top_padding=&#8221;6&#8243; bottom_padding=&#8221;6&#8243; back_color=&#8221;color-nhtu&#8221; back_image=&#8221;131858&#8243; back_position=&#8221;center bottom&#8221; kburns=&#8221;magnetic&#8221; overlay_color=&#8221;color-jevc&#8221; overlay_alpha=&#8221;10&#8243; gutter_size=&#8221;3&#8243; column_width_percent=&#8221;100&#8243; shift_y=&#8221;0&#8243; z_index=&#8221;1&#8243; content_parallax=&#8221;0&#8243; uncode_shortcode_id=&#8221;406112&#8243; back_color_type=&#8221;uncode-palette&#8221; overlay_color_type=&#8221;uncode-palette&#8221;][vc_column column_width_percent=&#8221;100&#8243; position_vertical=&#8221;middle&#8221; align_horizontal=&#8221;align_center&#8221; gutter_size=&#8221;4&#8243; style=&#8221;dark&#8221; overlay_alpha=&#8221;50&#8243; shift_x=&#8221;0&#8243; shift_y=&#8221;0&#8243; shift_y_down=&#8221;0&#8243; z_index=&#8221;0&#8243; medium_width=&#8221;0&#8243; align_mobile=&#8221;align_center_mobile&#8221; mobile_width=&#8221;0&#8243; css_animation=&#8221;alpha-anim&#8221; animation_speed=&#8221;1000&#8243; animation_delay=&#8221;400&#8243; width=&#8221;1\/1&#8243; uncode_shortcode_id=&#8221;116631&#8243;][vc_row_inner limit_content=&#8221;&#8221;][vc_column_inner column_width_percent=&#8221;100&#8243; align_horizontal=&#8221;align_center&#8221; gutter_size=&#8221;2&#8243; style=&#8221;dark&#8221; overlay_alpha=&#8221;50&#8243; shift_x=&#8221;0&#8243; shift_y=&#8221;0&#8243; shift_y_down=&#8221;0&#8243; z_index=&#8221;0&#8243; medium_width=&#8221;0&#8243; align_mobile=&#8221;align_center_mobile&#8221; mobile_width=&#8221;0&#8243; width=&#8221;1\/1&#8243; uncode_shortcode_id=&#8221;168935&#8243;][vc_custom_heading text_font=&#8221;font-136269&#8243; text_size=&#8221;custom&#8221; text_weight=&#8221;600&#8243; css_animation=&#8221;curtain&#8221; animation_speed=&#8221;1000&#8243; animation_delay=&#8221;200&#8243; title=&#8221;&#8221; uncode_shortcode_id=&#8221;178756&#8243; heading_custom_size=&#8221;76&#8243;]PAC\/De\u011ferlendirme Testi[\/vc_custom_heading][vc_custom_heading text_color=&#8221;color-xsdn&#8221; text_font=&#8221;font-136269&#8243; text_weight=&#8221;300&#8243; text_height=&#8221;fontheight-357766&#8243; title=&#8221;&#8221; uncode_shortcode_id=&#8221;142852&#8243; text_color_type=&#8221;uncode-palette&#8221;]PAC (Projective Assessment for Children) testi, \u00e7ocuklar\u0131n i\u00e7 d\u00fcnyalar\u0131n\u0131, duygular\u0131n\u0131, d\u00fc\u015f\u00fcncelerini ve ya\u015fad\u0131klar\u0131 psikolojik s\u00fcre\u00e7leri anlamak i\u00e7in kullan\u0131lan projektif bir de\u011ferlendirme y\u00f6ntemidir. Bu test, \u00f6zellikle \u00e7ocuklar\u0131n bilin\u00e7d\u0131\u015f\u0131 duygu ve d\u00fc\u015f\u00fcncelerini ke\u015ffetmeye y\u00f6nelik olarak geli\u015ftirilmi\u015ftir.[\/vc_custom_heading][\/vc_column_inner][\/vc_row_inner][vc_icon icon=&#8221;fa fa-arrow-down4&#8243; background_style=&#8221;fa-rounded&#8221; size=&#8221;fa-2x&#8221; icon_automatic=&#8221;yes&#8221; css_animation=&#8221;bottom-t-top&#8221; animation_speed=&#8221;1000&#8243; animation_delay=&#8221;400&#8243; link=&#8221;url:%23intro&#8221; uncode_shortcode_id=&#8221;170959&#8243;][\/vc_icon][\/vc_column][\/vc_row][vc_row row_height_percent=&#8221;0&#8243; override_padding=&#8221;yes&#8221; h_padding=&#8221;2&#8243; top_padding=&#8221;5&#8243; bottom_padding=&#8221;5&#8243; back_color=&#8221;color-xsdn&#8221; overlay_alpha=&#8221;50&#8243; gutter_size=&#8221;4&#8243; column_width_percent=&#8221;100&#8243; shift_y=&#8221;0&#8243; z_index=&#8221;1&#8243; bottom_divider=&#8221;step_3_4&#8243; content_parallax=&#8221;0&#8243; uncode_shortcode_id=&#8221;126796&#8243; back_color_type=&#8221;uncode-palette&#8221; row_name=&#8221;intro&#8221;][vc_column column_width_percent=&#8221;100&#8243; gutter_size=&#8221;4&#8243; overlay_alpha=&#8221;50&#8243; shift_x=&#8221;0&#8243; shift_y=&#8221;0&#8243; shift_y_down=&#8221;0&#8243; z_index=&#8221;0&#8243; medium_width=&#8221;0&#8243; mobile_width=&#8221;0&#8243; css_animation=&#8221;alpha-anim&#8221; animation_speed=&#8221;1000&#8243; width=&#8221;1\/1&#8243; uncode_shortcode_id=&#8221;499678&#8243;][vc_row_inner limit_content=&#8221;&#8221;][vc_column_inner column_width_percent=&#8221;100&#8243; gutter_size=&#8221;3&#8243; overlay_alpha=&#8221;50&#8243; shift_x=&#8221;0&#8243; shift_y=&#8221;0&#8243; shift_y_down=&#8221;0&#8243; z_index=&#8221;0&#8243; medium_width=&#8221;0&#8243; mobile_width=&#8221;0&#8243; width=&#8221;1\/1&#8243; uncode_shortcode_id=&#8221;209263&#8243;][vc_column_text uncode_shortcode_id=&#8221;162536&#8243;]<strong><span style=\"background: -webkit-linear-gradient(45deg, #d93da3, #8445ff); -webkit-background-clip: text; -webkit-text-fill-color: transparent; display: inline-block; font-family: Jost; font-size: 26px;\">PAC (PROJECTIVE ASSESSMENT FOR CHILDREN)<\/span><\/strong><\/p>\n<h4><span style=\"background: #d93da3; color: #ffffff; font-size: 17px; letter-spacing: 0.5px; padding: 4px 6px;\">PAC&#8217;N\u0130N GENEL \u00d6ZELL\u0130KLER\u0130:<\/span><\/h4>\n<p><strong>Projektif Bir Testtir:<\/strong> \u00c7ocuklar\u0131n a\u00e7\u0131k\u00e7a ifade edemedi\u011fi duygu ve d\u00fc\u015f\u00fcncelerini dolayl\u0131 yoldan ortaya \u00e7\u0131karmaya \u00e7al\u0131\u015f\u0131r.<\/p>\n<p><strong>\u00d6yk\u00fc Anlat\u0131m\u0131 veya Yorumlama \u0130\u00e7erir:<\/strong> \u00c7ocuklara belirli resimler, hikayeler veya materyaller sunularak, bunlar hakk\u0131nda kendi anlat\u0131lar\u0131n\u0131 olu\u015fturmalar\u0131 istenir.<\/p>\n<p><strong>Bilin\u00e7d\u0131\u015f\u0131 S\u00fcre\u00e7leri Ortaya \u00c7\u0131kar\u0131r:<\/strong> \u00c7ocuklar\u0131n korkular\u0131, kayg\u0131lar\u0131, arzular\u0131, aile ili\u015fkileri ve sosyal \u00e7evreye y\u00f6nelik alg\u0131lar\u0131 hakk\u0131nda ipu\u00e7lar\u0131 verir.<\/p>\n<h4><span style=\"background: #d93da3; color: #ffffff; font-size: 17px; letter-spacing: 0.5px; padding: 4px 6px;\">PAC&#8217;N\u0130N KULLANIM ALANLARI:<\/span><\/h4>\n<p><strong>Duygusal Problemleri De\u011ferlendirme:<\/strong> \u00c7ocuklar\u0131n ya\u015fad\u0131\u011f\u0131 kayg\u0131, korku, \u00f6fke depresyon, travma gibi sorunlar\u0131 belirlemek<\/p>\n<p><strong>Aile Dinamiklerini Anlama:<\/strong> \u00c7ocu\u011fun aile \u00fcyeleriyle ili\u015fkisini ve aile i\u00e7indeki rol\u00fcn\u00fc incelemek<\/p>\n<p><strong>Travma ve Stres Fakt\u00f6rlerini Ke\u015ffetme:<\/strong> \u00c7ocuklar\u0131n ya\u015fad\u0131\u011f\u0131 olas\u0131 travmatik deneyimlerin etkilerini anlamak<\/p>\n<p><strong>Okul ve Sosyal Hayat \u0130li\u015fkilerini De\u011ferlendirme:<\/strong> Arkada\u015f ili\u015fkileri, \u00f6\u011fretmenlerle olan etkile\u015fimler ve sosyal uyum s\u00fcre\u00e7lerini analiz etmek<\/p>\n<p><strong>Terapi S\u00fcrecinde Kullan\u0131m:<\/strong> \u00c7ocuklarla terapi s\u00fcrecinde onlar\u0131n duygu d\u00fcnyas\u0131n\u0131 anlamak ve uygun m\u00fcdahaleleri planlamak<\/p>\n<blockquote><p>Bu t\u00fcr testler genellikle \u00e7ocuk psikolojisi alan\u0131nda uzmanla\u015fm\u0131\u015f klinik psikologlar taraf\u0131ndan duygusal ve davran\u0131\u015fsal sorunlar\u0131 anlamak i\u00e7in uygulan\u0131r ve yorumlan\u0131r. \u00c7ocuklarla yap\u0131lan g\u00f6r\u00fc\u015fmeler, g\u00f6zlemler ve di\u011fer psikolojik testlerle birlikte de\u011ferlendirilerek b\u00fct\u00fcnc\u00fcl bir analiz sunulur.<\/p><\/blockquote>\n<p>[\/vc_column_text][\/vc_column_inner][\/vc_row_inner][\/vc_column][\/vc_row]<\/p>\n<\/div>","protected":false},"excerpt":{"rendered":"<p>[vc_row row_height_percent=&#8221;100&#8243; override_padding=&#8221;yes&#8221; h_padding=&#8221;2&#8243; top_padding=&#8221;6&#8243; bottom_padding=&#8221;6&#8243; back_color=&#8221;color-nhtu&#8221; back_image=&#8221;131858&#8243; back_position=&#8221;center bottom&#8221; kburns=&#8221;magnetic&#8221; overlay_color=&#8221;color-jevc&#8221; overlay_alpha=&#8221;10&#8243; gutter_size=&#8221;3&#8243; column_width_percent=&#8221;100&#8243; shift_y=&#8221;0&#8243; z_index=&#8221;1&#8243; content_parallax=&#8221;0&#8243; uncode_shortcode_id=&#8221;406112&#8243; back_color_type=&#8221;uncode-palette&#8221; [&hellip;]<\/p>\n","protected":false},"author":1,"featured_media":0,"parent":131181,"menu_order":0,"comment_status":"closed","ping_status":"closed","template":"","meta":{"inline_featured_image":false,"_locale":"tr_TR","_original_post":"https:\/\/paternika.com\/clients\/bilgenterapi\/?page_id=131268","footnotes":"","_links_to":"","_links_to_target":""},"class_list":["post-131268","page","type-page","status-publish","hentry","tr-TR"],"yoast_head":"<!-- This site is optimized with the Yoast SEO plugin v25.0 - https:\/\/yoast.com\/wordpress\/plugins\/seo\/ -->\n<title>B\u0130LGEN TERAP\u0130 | PAC\/DE\u011eERLEND\u0130RME TEST\u0130<\/title>\n<meta name=\"description\" content=\"PAC (Projective Assessment for Children) testi, \u00e7ocuklar\u0131n i\u00e7 d\u00fcnyalar\u0131n\u0131, duygular\u0131n\u0131, d\u00fc\u015f\u00fcncelerini ve ya\u015fad\u0131klar\u0131 psikolojik s\u00fcre\u00e7leri anlamak i\u00e7in kullan\u0131lan projektif bir de\u011ferlendirme y\u00f6ntemidir. Bu test, \u00f6zellikle \u00e7ocuklar\u0131n bilin\u00e7d\u0131\u015f\u0131 duygu ve d\u00fc\u015f\u00fcncelerini ke\u015ffetmeye y\u00f6nelik olarak geli\u015ftirilmi\u015ftir.\" \/>\n<meta name=\"robots\" content=\"noindex, follow, max-snippet:-1, max-image-preview:large, max-video-preview:-1\" \/>\n<meta property=\"og:locale\" content=\"tr_TR\" \/>\n<meta property=\"og:type\" content=\"article\" \/>\n<meta property=\"og:title\" content=\"B\u0130LGEN TERAP\u0130 | PAC\/DE\u011eERLEND\u0130RME TEST\u0130\" \/>\n<meta property=\"og:description\" content=\"PAC (Projective Assessment for Children) testi, \u00e7ocuklar\u0131n i\u00e7 d\u00fcnyalar\u0131n\u0131, duygular\u0131n\u0131, d\u00fc\u015f\u00fcncelerini ve ya\u015fad\u0131klar\u0131 psikolojik s\u00fcre\u00e7leri anlamak i\u00e7in kullan\u0131lan projektif bir de\u011ferlendirme y\u00f6ntemidir. Bu test, \u00f6zellikle \u00e7ocuklar\u0131n bilin\u00e7d\u0131\u015f\u0131 duygu ve d\u00fc\u015f\u00fcncelerini ke\u015ffetmeye y\u00f6nelik olarak geli\u015ftirilmi\u015ftir.\" \/>\n<meta property=\"og:url\" content=\"https:\/\/paternika.com\/clients\/bilgenterapi\/hizmetlerimiz\/pac-degerlendirme-testi\/\" \/>\n<meta property=\"og:site_name\" content=\"B\u0130LGEN TERAP\u0130\" \/>\n<meta property=\"article:publisher\" content=\"https:\/\/www.facebook.com\/bilgenterapi\" \/>\n<meta property=\"article:modified_time\" content=\"2025-12-26T12:39:40+00:00\" \/>\n<meta name=\"twitter:card\" content=\"summary_large_image\" \/>\n<meta name=\"twitter:label1\" content=\"Tahmini okuma s\u00fcresi\" \/>\n\t<meta name=\"twitter:data1\" content=\"2 dakika\" \/>\n<script type=\"application\/ld+json\" class=\"yoast-schema-graph\">{\"@context\":\"https:\/\/schema.org\",\"@graph\":[{\"@type\":\"WebPage\",\"@id\":\"https:\/\/paternika.com\/clients\/bilgenterapi\/hizmetlerimiz\/pac-degerlendirme-testi\/\",\"url\":\"https:\/\/paternika.com\/clients\/bilgenterapi\/hizmetlerimiz\/pac-degerlendirme-testi\/\",\"name\":\"B\u0130LGEN TERAP\u0130 | PAC\/DE\u011eERLEND\u0130RME TEST\u0130\",\"isPartOf\":{\"@id\":\"https:\/\/paternika.com\/clients\/bilgenterapi\/#website\"},\"datePublished\":\"2025-01-10T21:36:57+00:00\",\"dateModified\":\"2025-12-26T12:39:40+00:00\",\"description\":\"PAC (Projective Assessment for Children) testi, \u00e7ocuklar\u0131n i\u00e7 d\u00fcnyalar\u0131n\u0131, duygular\u0131n\u0131, d\u00fc\u015f\u00fcncelerini ve ya\u015fad\u0131klar\u0131 psikolojik s\u00fcre\u00e7leri anlamak i\u00e7in kullan\u0131lan projektif bir de\u011ferlendirme y\u00f6ntemidir. Bu test, \u00f6zellikle \u00e7ocuklar\u0131n bilin\u00e7d\u0131\u015f\u0131 duygu ve d\u00fc\u015f\u00fcncelerini ke\u015ffetmeye y\u00f6nelik olarak geli\u015ftirilmi\u015ftir.\",\"breadcrumb\":{\"@id\":\"https:\/\/paternika.com\/clients\/bilgenterapi\/hizmetlerimiz\/pac-degerlendirme-testi\/#breadcrumb\"},\"inLanguage\":\"tr\",\"potentialAction\":[{\"@type\":\"ReadAction\",\"target\":[\"https:\/\/paternika.com\/clients\/bilgenterapi\/hizmetlerimiz\/pac-degerlendirme-testi\/\"]}]},{\"@type\":\"BreadcrumbList\",\"@id\":\"https:\/\/paternika.com\/clients\/bilgenterapi\/hizmetlerimiz\/pac-degerlendirme-testi\/#breadcrumb\",\"itemListElement\":[{\"@type\":\"ListItem\",\"position\":1,\"name\":\"Home\",\"item\":\"https:\/\/paternika.com\/clients\/bilgenterapi\/\"},{\"@type\":\"ListItem\",\"position\":2,\"name\":\"H\u0130ZMETLER\u0130M\u0130Z\",\"item\":\"https:\/\/paternika.com\/clients\/bilgenterapi\/hizmetlerimiz\/\"},{\"@type\":\"ListItem\",\"position\":3,\"name\":\"PAC\/DE\u011eERLEND\u0130RME TEST\u0130\"}]},{\"@type\":\"WebSite\",\"@id\":\"https:\/\/paternika.com\/clients\/bilgenterapi\/#website\",\"url\":\"https:\/\/paternika.com\/clients\/bilgenterapi\/\",\"name\":\"B\u0130LGEN TERAP\u0130\",\"description\":\"\",\"publisher\":{\"@id\":\"https:\/\/paternika.com\/clients\/bilgenterapi\/#organization\"},\"potentialAction\":[{\"@type\":\"SearchAction\",\"target\":{\"@type\":\"EntryPoint\",\"urlTemplate\":\"https:\/\/paternika.com\/clients\/bilgenterapi\/?s={search_term_string}\"},\"query-input\":{\"@type\":\"PropertyValueSpecification\",\"valueRequired\":true,\"valueName\":\"search_term_string\"}}],\"inLanguage\":\"tr\"},{\"@type\":\"Organization\",\"@id\":\"https:\/\/paternika.com\/clients\/bilgenterapi\/#organization\",\"name\":\"B\u0130LGEN TERAP\u0130\",\"url\":\"https:\/\/paternika.com\/clients\/bilgenterapi\/\",\"logo\":{\"@type\":\"ImageObject\",\"inLanguage\":\"tr\",\"@id\":\"https:\/\/paternika.com\/clients\/bilgenterapi\/#\/schema\/logo\/image\/\",\"url\":\"https:\/\/www.paternika.com\/clients\/bilgenterapi\/wp-content\/uploads\/2024\/04\/favicon.png\",\"contentUrl\":\"https:\/\/www.paternika.com\/clients\/bilgenterapi\/wp-content\/uploads\/2024\/04\/favicon.png\",\"width\":512,\"height\":512,\"caption\":\"B\u0130LGEN TERAP\u0130\"},\"image\":{\"@id\":\"https:\/\/paternika.com\/clients\/bilgenterapi\/#\/schema\/logo\/image\/\"},\"sameAs\":[\"https:\/\/www.facebook.com\/bilgenterapi\",\"https:\/\/www.instagram.com\/bilgenterapi\",\"https:\/\/www.youtube.com\/@bterapi\"]}]}<\/script>\n<!-- \/ Yoast SEO plugin. -->","yoast_head_json":{"title":"B\u0130LGEN TERAP\u0130 | PAC\/DE\u011eERLEND\u0130RME TEST\u0130","description":"PAC (Projective Assessment for Children) testi, \u00e7ocuklar\u0131n i\u00e7 d\u00fcnyalar\u0131n\u0131, duygular\u0131n\u0131, d\u00fc\u015f\u00fcncelerini ve ya\u015fad\u0131klar\u0131 psikolojik s\u00fcre\u00e7leri anlamak i\u00e7in kullan\u0131lan projektif bir de\u011ferlendirme y\u00f6ntemidir. Bu test, \u00f6zellikle \u00e7ocuklar\u0131n bilin\u00e7d\u0131\u015f\u0131 duygu ve d\u00fc\u015f\u00fcncelerini ke\u015ffetmeye y\u00f6nelik olarak geli\u015ftirilmi\u015ftir.","robots":{"index":"noindex","follow":"follow","max-snippet":"max-snippet:-1","max-image-preview":"max-image-preview:large","max-video-preview":"max-video-preview:-1"},"og_locale":"tr_TR","og_type":"article","og_title":"B\u0130LGEN TERAP\u0130 | PAC\/DE\u011eERLEND\u0130RME TEST\u0130","og_description":"PAC (Projective Assessment for Children) testi, \u00e7ocuklar\u0131n i\u00e7 d\u00fcnyalar\u0131n\u0131, duygular\u0131n\u0131, d\u00fc\u015f\u00fcncelerini ve ya\u015fad\u0131klar\u0131 psikolojik s\u00fcre\u00e7leri anlamak i\u00e7in kullan\u0131lan projektif bir de\u011ferlendirme y\u00f6ntemidir. Bu test, \u00f6zellikle \u00e7ocuklar\u0131n bilin\u00e7d\u0131\u015f\u0131 duygu ve d\u00fc\u015f\u00fcncelerini ke\u015ffetmeye y\u00f6nelik olarak geli\u015ftirilmi\u015ftir.","og_url":"https:\/\/paternika.com\/clients\/bilgenterapi\/hizmetlerimiz\/pac-degerlendirme-testi\/","og_site_name":"B\u0130LGEN TERAP\u0130","article_publisher":"https:\/\/www.facebook.com\/bilgenterapi","article_modified_time":"2025-12-26T12:39:40+00:00","twitter_card":"summary_large_image","twitter_misc":{"Tahmini okuma s\u00fcresi":"2 dakika"},"schema":{"@context":"https:\/\/schema.org","@graph":[{"@type":"WebPage","@id":"https:\/\/paternika.com\/clients\/bilgenterapi\/hizmetlerimiz\/pac-degerlendirme-testi\/","url":"https:\/\/paternika.com\/clients\/bilgenterapi\/hizmetlerimiz\/pac-degerlendirme-testi\/","name":"B\u0130LGEN TERAP\u0130 | PAC\/DE\u011eERLEND\u0130RME TEST\u0130","isPartOf":{"@id":"https:\/\/paternika.com\/clients\/bilgenterapi\/#website"},"datePublished":"2025-01-10T21:36:57+00:00","dateModified":"2025-12-26T12:39:40+00:00","description":"PAC (Projective Assessment for Children) testi, \u00e7ocuklar\u0131n i\u00e7 d\u00fcnyalar\u0131n\u0131, duygular\u0131n\u0131, d\u00fc\u015f\u00fcncelerini ve ya\u015fad\u0131klar\u0131 psikolojik s\u00fcre\u00e7leri anlamak i\u00e7in kullan\u0131lan projektif bir de\u011ferlendirme y\u00f6ntemidir. Bu test, \u00f6zellikle \u00e7ocuklar\u0131n bilin\u00e7d\u0131\u015f\u0131 duygu ve d\u00fc\u015f\u00fcncelerini ke\u015ffetmeye y\u00f6nelik olarak geli\u015ftirilmi\u015ftir.","breadcrumb":{"@id":"https:\/\/paternika.com\/clients\/bilgenterapi\/hizmetlerimiz\/pac-degerlendirme-testi\/#breadcrumb"},"inLanguage":"tr","potentialAction":[{"@type":"ReadAction","target":["https:\/\/paternika.com\/clients\/bilgenterapi\/hizmetlerimiz\/pac-degerlendirme-testi\/"]}]},{"@type":"BreadcrumbList","@id":"https:\/\/paternika.com\/clients\/bilgenterapi\/hizmetlerimiz\/pac-degerlendirme-testi\/#breadcrumb","itemListElement":[{"@type":"ListItem","position":1,"name":"Home","item":"https:\/\/paternika.com\/clients\/bilgenterapi\/"},{"@type":"ListItem","position":2,"name":"H\u0130ZMETLER\u0130M\u0130Z","item":"https:\/\/paternika.com\/clients\/bilgenterapi\/hizmetlerimiz\/"},{"@type":"ListItem","position":3,"name":"PAC\/DE\u011eERLEND\u0130RME TEST\u0130"}]},{"@type":"WebSite","@id":"https:\/\/paternika.com\/clients\/bilgenterapi\/#website","url":"https:\/\/paternika.com\/clients\/bilgenterapi\/","name":"B\u0130LGEN TERAP\u0130","description":"","publisher":{"@id":"https:\/\/paternika.com\/clients\/bilgenterapi\/#organization"},"potentialAction":[{"@type":"SearchAction","target":{"@type":"EntryPoint","urlTemplate":"https:\/\/paternika.com\/clients\/bilgenterapi\/?s={search_term_string}"},"query-input":{"@type":"PropertyValueSpecification","valueRequired":true,"valueName":"search_term_string"}}],"inLanguage":"tr"},{"@type":"Organization","@id":"https:\/\/paternika.com\/clients\/bilgenterapi\/#organization","name":"B\u0130LGEN TERAP\u0130","url":"https:\/\/paternika.com\/clients\/bilgenterapi\/","logo":{"@type":"ImageObject","inLanguage":"tr","@id":"https:\/\/paternika.com\/clients\/bilgenterapi\/#\/schema\/logo\/image\/","url":"https:\/\/www.paternika.com\/clients\/bilgenterapi\/wp-content\/uploads\/2024\/04\/favicon.png","contentUrl":"https:\/\/www.paternika.com\/clients\/bilgenterapi\/wp-content\/uploads\/2024\/04\/favicon.png","width":512,"height":512,"caption":"B\u0130LGEN TERAP\u0130"},"image":{"@id":"https:\/\/paternika.com\/clients\/bilgenterapi\/#\/schema\/logo\/image\/"},"sameAs":["https:\/\/www.facebook.com\/bilgenterapi","https:\/\/www.instagram.com\/bilgenterapi","https:\/\/www.youtube.com\/@bterapi"]}]}},"_links":{"self":[{"href":"https:\/\/paternika.com\/clients\/bilgenterapi\/wp-json\/wp\/v2\/pages\/131268","targetHints":{"allow":["GET"]}}],"collection":[{"href":"https:\/\/paternika.com\/clients\/bilgenterapi\/wp-json\/wp\/v2\/pages"}],"about":[{"href":"https:\/\/paternika.com\/clients\/bilgenterapi\/wp-json\/wp\/v2\/types\/page"}],"author":[{"embeddable":true,"href":"https:\/\/paternika.com\/clients\/bilgenterapi\/wp-json\/wp\/v2\/users\/1"}],"replies":[{"embeddable":true,"href":"https:\/\/paternika.com\/clients\/bilgenterapi\/wp-json\/wp\/v2\/comments?post=131268"}],"version-history":[{"count":9,"href":"https:\/\/paternika.com\/clients\/bilgenterapi\/wp-json\/wp\/v2\/pages\/131268\/revisions"}],"predecessor-version":[{"id":132420,"href":"https:\/\/paternika.com\/clients\/bilgenterapi\/wp-json\/wp\/v2\/pages\/131268\/revisions\/132420"}],"up":[{"embeddable":true,"href":"https:\/\/paternika.com\/clients\/bilgenterapi\/wp-json\/wp\/v2\/pages\/131181"}],"wp:attachment":[{"href":"https:\/\/paternika.com\/clients\/bilgenterapi\/wp-json\/wp\/v2\/media?parent=131268"}],"curies":[{"name":"wp","href":"https:\/\/api.w.org\/{rel}","templated":true}]}}