{"id":131266,"date":"2025-01-11T00:36:20","date_gmt":"2025-01-10T21:36:20","guid":{"rendered":"https:\/\/paternika.com\/clients\/bilgenterapi\/?page_id=131266"},"modified":"2025-12-26T15:32:06","modified_gmt":"2025-12-26T12:32:06","slug":"berard-isitsel-algi-yonetimi","status":"publish","type":"page","link":"https:\/\/paternika.com\/clients\/bilgenterapi\/hizmetlerimiz\/berard-isitsel-algi-yonetimi\/","title":{"rendered":"BERARD\/\u0130\u015e\u0130TSEL ALGI Y\u00d6NET\u0130M\u0130"},"content":{"rendered":"<div class=\"wpb-content-wrapper\"><p>[vc_row row_height_percent=&#8221;100&#8243; override_padding=&#8221;yes&#8221; h_padding=&#8221;2&#8243; top_padding=&#8221;6&#8243; bottom_padding=&#8221;6&#8243; back_color=&#8221;color-nhtu&#8221; back_image=&#8221;131861&#8243; back_position=&#8221;center bottom&#8221; kburns=&#8221;magnetic&#8221; overlay_color=&#8221;color-jevc&#8221; overlay_alpha=&#8221;15&#8243; gutter_size=&#8221;3&#8243; column_width_percent=&#8221;100&#8243; shift_y=&#8221;0&#8243; z_index=&#8221;1&#8243; content_parallax=&#8221;0&#8243; uncode_shortcode_id=&#8221;809250&#8243; back_color_type=&#8221;uncode-palette&#8221; overlay_color_type=&#8221;uncode-palette&#8221;][vc_column column_width_percent=&#8221;100&#8243; position_vertical=&#8221;middle&#8221; align_horizontal=&#8221;align_center&#8221; gutter_size=&#8221;4&#8243; style=&#8221;dark&#8221; overlay_alpha=&#8221;50&#8243; shift_x=&#8221;0&#8243; shift_y=&#8221;0&#8243; shift_y_down=&#8221;0&#8243; z_index=&#8221;0&#8243; medium_width=&#8221;0&#8243; align_mobile=&#8221;align_center_mobile&#8221; mobile_width=&#8221;0&#8243; css_animation=&#8221;alpha-anim&#8221; animation_speed=&#8221;1000&#8243; animation_delay=&#8221;400&#8243; width=&#8221;1\/1&#8243; uncode_shortcode_id=&#8221;116631&#8243;][vc_row_inner limit_content=&#8221;&#8221;][vc_column_inner column_width_percent=&#8221;100&#8243; align_horizontal=&#8221;align_center&#8221; gutter_size=&#8221;2&#8243; style=&#8221;dark&#8221; overlay_alpha=&#8221;50&#8243; shift_x=&#8221;0&#8243; shift_y=&#8221;0&#8243; shift_y_down=&#8221;0&#8243; z_index=&#8221;0&#8243; medium_width=&#8221;0&#8243; align_mobile=&#8221;align_center_mobile&#8221; mobile_width=&#8221;0&#8243; width=&#8221;1\/1&#8243; uncode_shortcode_id=&#8221;168935&#8243;][vc_custom_heading text_font=&#8221;font-136269&#8243; text_size=&#8221;custom&#8221; text_weight=&#8221;600&#8243; css_animation=&#8221;curtain&#8221; animation_speed=&#8221;1000&#8243; animation_delay=&#8221;200&#8243; title=&#8221;&#8221; uncode_shortcode_id=&#8221;137688&#8243; heading_custom_size=&#8221;76&#8243;]BERARD\/\u0130\u015fitsel Alg\u0131 Y\u00f6netimi[\/vc_custom_heading][vc_custom_heading text_color=&#8221;color-xsdn&#8221; text_font=&#8221;font-136269&#8243; text_weight=&#8221;300&#8243; text_height=&#8221;fontheight-357766&#8243; title=&#8221;&#8221; uncode_shortcode_id=&#8221;762507&#8243; text_color_type=&#8221;uncode-palette&#8221;]\u00c7ocuklara Dikkat Eksikli\u011fi Bozuklu\u011funda, \u00f6zellikle i\u015fitsel dikkati d\u00fc\u015f\u00fck olan \u00e7ocuklar bu durumdan en b\u00fcy\u00fck zarar\u0131 g\u00f6ren kesimdir. Bu \u00e7ocuklar i\u015fitme yap\u0131lar\u0131nda bir sorun olmamas\u0131na ra\u011fmen aileleri taraf\u0131ndan s\u0131k s\u0131k Kulak Burun Bo\u011faz doktoru olan meslekta\u015flar\u0131m\u0131za g\u00f6t\u00fcr\u00fcl\u00fcrler.[\/vc_custom_heading][\/vc_column_inner][\/vc_row_inner][vc_icon icon=&#8221;fa fa-arrow-down4&#8243; background_style=&#8221;fa-rounded&#8221; size=&#8221;fa-2x&#8221; icon_automatic=&#8221;yes&#8221; css_animation=&#8221;bottom-t-top&#8221; animation_speed=&#8221;1000&#8243; animation_delay=&#8221;400&#8243; link=&#8221;url:%23intro&#8221; uncode_shortcode_id=&#8221;170959&#8243;][\/vc_icon][\/vc_column][\/vc_row][vc_row row_height_percent=&#8221;0&#8243; override_padding=&#8221;yes&#8221; h_padding=&#8221;2&#8243; top_padding=&#8221;5&#8243; bottom_padding=&#8221;5&#8243; back_color=&#8221;color-xsdn&#8221; overlay_alpha=&#8221;50&#8243; gutter_size=&#8221;4&#8243; column_width_percent=&#8221;100&#8243; shift_y=&#8221;0&#8243; z_index=&#8221;1&#8243; bottom_divider=&#8221;step_3_4&#8243; content_parallax=&#8221;0&#8243; uncode_shortcode_id=&#8221;126796&#8243; back_color_type=&#8221;uncode-palette&#8221; row_name=&#8221;intro&#8221;][vc_column column_width_percent=&#8221;100&#8243; gutter_size=&#8221;4&#8243; overlay_alpha=&#8221;50&#8243; shift_x=&#8221;0&#8243; shift_y=&#8221;0&#8243; shift_y_down=&#8221;0&#8243; z_index=&#8221;0&#8243; medium_width=&#8221;0&#8243; mobile_width=&#8221;0&#8243; css_animation=&#8221;alpha-anim&#8221; animation_speed=&#8221;1000&#8243; width=&#8221;1\/1&#8243; uncode_shortcode_id=&#8221;499678&#8243;][vc_row_inner limit_content=&#8221;&#8221;][vc_column_inner column_width_percent=&#8221;100&#8243; gutter_size=&#8221;3&#8243; overlay_alpha=&#8221;50&#8243; shift_x=&#8221;0&#8243; shift_y=&#8221;0&#8243; shift_y_down=&#8221;0&#8243; z_index=&#8221;0&#8243; medium_width=&#8221;0&#8243; mobile_width=&#8221;0&#8243; width=&#8221;1\/1&#8243; uncode_shortcode_id=&#8221;209263&#8243;][vc_column_text uncode_shortcode_id=&#8221;195649&#8243;]<strong><span style=\"background: -webkit-linear-gradient(45deg, #d93da3, #8445ff); -webkit-background-clip: text; -webkit-text-fill-color: transparent; display: inline-block; font-family: Jost; font-size: 26px;\">BERARD\/\u0130\u015e\u0130TSEL ALGI Y\u00d6NET\u0130M\u0130<\/span><\/strong><\/p>\n<p>\u0130\u015fittikleri ak\u0131llar\u0131nda kalmaz, aileleri \u00e7ocuklar\u0131n\u0131n duymad\u0131\u011f\u0131ndan, dinlemiyor gibi bakt\u0131\u011f\u0131ndan yak\u0131n\u0131rlar. Bu \u00e7ocuklar dinliyormu\u015f gibi g\u00f6r\u00fcn\u00fcr ama dinlediklerini \u00e7abuk unuturlar. Dalg\u0131n olurlar ya da dinlerken dikkatleri \u00e7abuk da\u011f\u0131l\u0131r. Bu problem y\u00fcz\u00fcnden dersleri derste anlamalar\u0131 k\u0131s\u0131tlan\u0131r. Bu t\u00fcr i\u015fitsel dikkati d\u00fc\u015f\u00fck olan \u00e7ocuklarda ila\u00e7 d\u0131\u015f\u0131nda alternatif tedavi olarak en fazla \u00f6nerilen tedavi y\u00f6ntemi: <strong>Berard\/\u0130\u015fitsel Dikkat Y\u00f6ntemi<\/strong>&#8216;dir.<\/p>\n<h4><span style=\"background: #d93da3; color: #ffffff; font-size: 17px; letter-spacing: 0.5px; padding: 4px 6px;\">\u0130\u015e\u0130TSEL D\u0130KKAT Y\u00d6NTEM\u0130 NED\u0130R?<\/span><\/h4>\n<p>\u00d6\u011frencilerin, e\u011fitim ve \u00f6\u011fretiminde en y\u00fcksek verimi alabilmelerini sa\u011flamak amac\u0131yla konsantrasyon, alg\u0131 ve odaklanmay\u0131 art\u0131ran bir e\u011fitim sistemidir. Alg\u0131n\u0131n b\u00fct\u00fcnl\u00fc\u011f\u00fcne i\u015fitsel yolla ula\u015f\u0131r ve t\u00fcm alg\u0131 sistemimizi geli\u015ftirir ki bu da ki\u015filerin \u00f6\u011frenim ve i\u015f hayatlar\u0131ndaki performanslar\u0131na yans\u0131r ve y\u00fckseltir.<\/p>\n<p>Bu sistemde; kulakl\u0131k vas\u0131tas\u0131yla gelen sesler ayr\u0131\u015ft\u0131r\u0131larak alg\u0131 sistemi uyar\u0131l\u0131r, alg\u0131 artar, i\u015fitme dinlemeye d\u00f6n\u00fc\u015f\u00fcrken \u00f6\u011frenme ger\u00e7ekle\u015fir ve davran\u0131\u015fa d\u00f6n\u00fc\u015f\u00fcr.<\/p>\n<blockquote><p>Sa\u011f ve sol kulaktan ayn\u0131 anda yap\u0131lan dinleti, beynin \u00e7apraz y\u00f6netimi nedeniyle sol tarafta yer alan alg\u0131, anlama ve yorumlamay\u0131 uyar\u0131rken, sa\u011f tarafta yer alan duygusall\u0131k, yarat\u0131c\u0131l\u0131k ve hayal g\u00fcc\u00fcn\u00fc uyar\u0131r. Bu sebeple sa\u011f ve sol kulak alg\u0131s\u0131n\u0131n dengelenmesi beklenir.<\/p><\/blockquote>\n<h4><span style=\"background: #d93da3; color: #ffffff; font-size: 17px; letter-spacing: 0.5px; padding: 4px 6px;\">PROGRAM K\u0130MLERE UYGULANAB\u0130L\u0130R?<\/span><\/h4>\n<p>3 ya\u015f ve \u00fczeri herkes i\u00e7in uygulama yap\u0131l\u0131r. Ayr\u0131ca;<\/p>\n<p style=\"margin-top: 15px; text-indent: -20px; margin-left: 20px;\"><span style=\"color: #fe4641;\">\u2713 \u00a0<\/span> Konsantrasyon, odaklanma ve dikkati yo\u011funla\u015ft\u0131rmada<\/p>\n<p style=\"margin-top: 0px; text-indent: -20px; margin-left: 20px;\"><span style=\"color: #fe4641;\">\u2713 \u00a0<\/span> Dil geli\u015fiminde, konu\u015fma gecikmesinde<\/p>\n<p style=\"margin-top: 0px; text-indent: -20px; margin-left: 20px;\"><span style=\"color: #fe4641;\">\u2713 \u00a0<\/span> Otizmde<\/p>\n<p style=\"margin-top: 0px; text-indent: -20px; margin-left: 20px;\"><span style=\"color: #fe4641;\">\u2713 \u00a0<\/span> \u00d6\u011frenme g\u00fc\u00e7l\u00fc\u011f\u00fcnde<\/p>\n<p style=\"margin-top: 0px; text-indent: -20px; margin-left: 20px;\"><span style=\"color: #fe4641;\">\u2713 \u00a0<\/span> Seslere kar\u015f\u0131 a\u015f\u0131r\u0131 duyarl\u0131 olma durumunda<\/p>\n<p style=\"margin-top: 0px; text-indent: -20px; margin-left: 20px;\"><span style=\"color: #fe4641;\">\u2713 \u00a0<\/span> E\u011fitimde, akademik kariyer yapmak isteyen \u00f6\u011frenci ve ki\u015filer<\/p>\n<p style=\"margin-top: 0px; text-indent: -20px; margin-left: 20px;\"><span style=\"color: #fe4641;\">\u2713 \u00a0<\/span> Ya\u015f\u0131n ilerlemesi ve\/veya stres nedeniyle d\u00fc\u015fen alg\u0131s\u0131n\u0131 y\u00fckseltmek isteyen yeti\u015fkinler<\/p>\n<p style=\"margin-top: 0px; text-indent: -20px; margin-left: 20px;\"><span style=\"color: #fe4641;\">\u2713 \u00a0<\/span> Y\u00fcz ve isim haf\u0131zas\u0131n\u0131 g\u00fc\u00e7lendirmek isteyenler de bu e\u011fitimden yararlanmaktad\u0131rlar<\/p>\n<h4><span style=\"background: #d93da3; color: #ffffff; font-size: 17px; letter-spacing: 0.5px; padding: 4px 6px;\">PROGRAMIN UYGULAMA S\u00dcREC\u0130 NED\u0130R?<\/span><\/h4>\n<p>Program, her dinleti yar\u0131m saat olmak \u00fczere 20 dinletiden olu\u015fur.<\/p>\n<h4><span style=\"background: #d93da3; color: #ffffff; font-size: 17px; letter-spacing: 0.5px; padding: 4px 6px;\">KAZANIMLAR<\/span><\/h4>\n<p style=\"margin-top: 15px; text-indent: -20px; margin-left: 20px;\"><span style=\"color: #fe4641;\">\u2713 \u00a0<\/span> Derse odaklanma ve dikkati yo\u011funla\u015ft\u0131rma<\/p>\n<p style=\"margin-top: 0px; text-indent: -20px; margin-left: 20px;\"><span style=\"color: #fe4641;\">\u2713 \u00a0<\/span> Alg\u0131, motor ve yorum yetene\u011finin artmas\u0131 ile bilgi alma yetisinde y\u00fckselme<\/p>\n<p style=\"margin-top: 0px; text-indent: -20px; margin-left: 20px;\"><span style=\"color: #fe4641;\">\u2713 \u00a0<\/span> Otizmde fark\u0131ndal\u0131\u011f\u0131n artmas\u0131, direncin ve korkunun azalmas\u0131<\/p>\n<p style=\"margin-top: 0px; text-indent: -20px; margin-left: 20px;\"><span style=\"color: #fe4641;\">\u2713 \u00a0<\/span> \u00d6\u011frenme s\u00fcrecinin kolayla\u015fmas\u0131 ve h\u0131zlanmas\u0131<\/p>\n<p style=\"margin-top: 0px; text-indent: -20px; margin-left: 20px;\"><span style=\"color: #fe4641;\">\u2713 \u00a0<\/span> Seslere kar\u015f\u0131 a\u015f\u0131r\u0131 duyarl\u0131l\u0131\u011f\u0131n ortadan kalkmas\u0131<\/p>\n<p>[\/vc_column_text][\/vc_column_inner][\/vc_row_inner][\/vc_column][\/vc_row]<\/p>\n<\/div>","protected":false},"excerpt":{"rendered":"<p>[vc_row row_height_percent=&#8221;100&#8243; override_padding=&#8221;yes&#8221; h_padding=&#8221;2&#8243; top_padding=&#8221;6&#8243; bottom_padding=&#8221;6&#8243; back_color=&#8221;color-nhtu&#8221; back_image=&#8221;131861&#8243; back_position=&#8221;center bottom&#8221; kburns=&#8221;magnetic&#8221; overlay_color=&#8221;color-jevc&#8221; overlay_alpha=&#8221;15&#8243; gutter_size=&#8221;3&#8243; column_width_percent=&#8221;100&#8243; shift_y=&#8221;0&#8243; z_index=&#8221;1&#8243; content_parallax=&#8221;0&#8243; uncode_shortcode_id=&#8221;809250&#8243; back_color_type=&#8221;uncode-palette&#8221; [&hellip;]<\/p>\n","protected":false},"author":1,"featured_media":0,"parent":131181,"menu_order":0,"comment_status":"closed","ping_status":"closed","template":"","meta":{"inline_featured_image":false,"_locale":"tr_TR","_original_post":"https:\/\/paternika.com\/clients\/bilgenterapi\/?page_id=131266","footnotes":"","_links_to":"","_links_to_target":""},"class_list":["post-131266","page","type-page","status-publish","hentry","tr-TR"],"yoast_head":"<!-- This site is optimized with the Yoast SEO plugin v25.0 - https:\/\/yoast.com\/wordpress\/plugins\/seo\/ -->\n<title>B\u0130LGEN TERAP\u0130 | BERARD\/\u0130\u015e\u0130TSEL ALGI Y\u00d6NET\u0130M\u0130<\/title>\n<meta name=\"description\" content=\"\u00c7ocuklara Dikkat Eksikli\u011fi Bozuklu\u011funda, \u00f6zellikle i\u015fitsel dikkati d\u00fc\u015f\u00fck olan \u00e7ocuklar bu durumdan en b\u00fcy\u00fck zarar\u0131 g\u00f6ren kesimdir. Bu \u00e7ocuklar i\u015fitme yap\u0131lar\u0131nda bir sorun olmamas\u0131na ra\u011fmen aileleri taraf\u0131ndan s\u0131k s\u0131k Kulak Burun Bo\u011faz doktoru olan meslekta\u015flar\u0131m\u0131za g\u00f6t\u00fcr\u00fcl\u00fcrler.\" \/>\n<meta name=\"robots\" content=\"noindex, follow, max-snippet:-1, max-image-preview:large, max-video-preview:-1\" \/>\n<meta property=\"og:locale\" content=\"tr_TR\" \/>\n<meta property=\"og:type\" content=\"article\" \/>\n<meta property=\"og:title\" content=\"B\u0130LGEN TERAP\u0130 | BERARD\/\u0130\u015e\u0130TSEL ALGI Y\u00d6NET\u0130M\u0130\" \/>\n<meta property=\"og:description\" content=\"\u00c7ocuklara Dikkat Eksikli\u011fi Bozuklu\u011funda, \u00f6zellikle i\u015fitsel dikkati d\u00fc\u015f\u00fck olan \u00e7ocuklar bu durumdan en b\u00fcy\u00fck zarar\u0131 g\u00f6ren kesimdir. Bu \u00e7ocuklar i\u015fitme yap\u0131lar\u0131nda bir sorun olmamas\u0131na ra\u011fmen aileleri taraf\u0131ndan s\u0131k s\u0131k Kulak Burun Bo\u011faz doktoru olan meslekta\u015flar\u0131m\u0131za g\u00f6t\u00fcr\u00fcl\u00fcrler.\" \/>\n<meta property=\"og:url\" content=\"https:\/\/paternika.com\/clients\/bilgenterapi\/hizmetlerimiz\/berard-isitsel-algi-yonetimi\/\" \/>\n<meta property=\"og:site_name\" content=\"B\u0130LGEN TERAP\u0130\" \/>\n<meta property=\"article:publisher\" content=\"https:\/\/www.facebook.com\/bilgenterapi\" \/>\n<meta property=\"article:modified_time\" content=\"2025-12-26T12:32:06+00:00\" \/>\n<meta name=\"twitter:card\" content=\"summary_large_image\" \/>\n<meta name=\"twitter:label1\" content=\"Tahmini okuma s\u00fcresi\" \/>\n\t<meta name=\"twitter:data1\" content=\"3 dakika\" \/>\n<script type=\"application\/ld+json\" class=\"yoast-schema-graph\">{\"@context\":\"https:\/\/schema.org\",\"@graph\":[{\"@type\":\"WebPage\",\"@id\":\"https:\/\/paternika.com\/clients\/bilgenterapi\/hizmetlerimiz\/berard-isitsel-algi-yonetimi\/\",\"url\":\"https:\/\/paternika.com\/clients\/bilgenterapi\/hizmetlerimiz\/berard-isitsel-algi-yonetimi\/\",\"name\":\"B\u0130LGEN TERAP\u0130 | BERARD\/\u0130\u015e\u0130TSEL ALGI Y\u00d6NET\u0130M\u0130\",\"isPartOf\":{\"@id\":\"https:\/\/paternika.com\/clients\/bilgenterapi\/#website\"},\"datePublished\":\"2025-01-10T21:36:20+00:00\",\"dateModified\":\"2025-12-26T12:32:06+00:00\",\"description\":\"\u00c7ocuklara Dikkat Eksikli\u011fi Bozuklu\u011funda, \u00f6zellikle i\u015fitsel dikkati d\u00fc\u015f\u00fck olan \u00e7ocuklar bu durumdan en b\u00fcy\u00fck zarar\u0131 g\u00f6ren kesimdir. Bu \u00e7ocuklar i\u015fitme yap\u0131lar\u0131nda bir sorun olmamas\u0131na ra\u011fmen aileleri taraf\u0131ndan s\u0131k s\u0131k Kulak Burun Bo\u011faz doktoru olan meslekta\u015flar\u0131m\u0131za g\u00f6t\u00fcr\u00fcl\u00fcrler.\",\"breadcrumb\":{\"@id\":\"https:\/\/paternika.com\/clients\/bilgenterapi\/hizmetlerimiz\/berard-isitsel-algi-yonetimi\/#breadcrumb\"},\"inLanguage\":\"tr\",\"potentialAction\":[{\"@type\":\"ReadAction\",\"target\":[\"https:\/\/paternika.com\/clients\/bilgenterapi\/hizmetlerimiz\/berard-isitsel-algi-yonetimi\/\"]}]},{\"@type\":\"BreadcrumbList\",\"@id\":\"https:\/\/paternika.com\/clients\/bilgenterapi\/hizmetlerimiz\/berard-isitsel-algi-yonetimi\/#breadcrumb\",\"itemListElement\":[{\"@type\":\"ListItem\",\"position\":1,\"name\":\"Home\",\"item\":\"https:\/\/paternika.com\/clients\/bilgenterapi\/\"},{\"@type\":\"ListItem\",\"position\":2,\"name\":\"H\u0130ZMETLER\u0130M\u0130Z\",\"item\":\"https:\/\/paternika.com\/clients\/bilgenterapi\/hizmetlerimiz\/\"},{\"@type\":\"ListItem\",\"position\":3,\"name\":\"BERARD\/\u0130\u015e\u0130TSEL ALGI Y\u00d6NET\u0130M\u0130\"}]},{\"@type\":\"WebSite\",\"@id\":\"https:\/\/paternika.com\/clients\/bilgenterapi\/#website\",\"url\":\"https:\/\/paternika.com\/clients\/bilgenterapi\/\",\"name\":\"B\u0130LGEN TERAP\u0130\",\"description\":\"\",\"publisher\":{\"@id\":\"https:\/\/paternika.com\/clients\/bilgenterapi\/#organization\"},\"potentialAction\":[{\"@type\":\"SearchAction\",\"target\":{\"@type\":\"EntryPoint\",\"urlTemplate\":\"https:\/\/paternika.com\/clients\/bilgenterapi\/?s={search_term_string}\"},\"query-input\":{\"@type\":\"PropertyValueSpecification\",\"valueRequired\":true,\"valueName\":\"search_term_string\"}}],\"inLanguage\":\"tr\"},{\"@type\":\"Organization\",\"@id\":\"https:\/\/paternika.com\/clients\/bilgenterapi\/#organization\",\"name\":\"B\u0130LGEN TERAP\u0130\",\"url\":\"https:\/\/paternika.com\/clients\/bilgenterapi\/\",\"logo\":{\"@type\":\"ImageObject\",\"inLanguage\":\"tr\",\"@id\":\"https:\/\/paternika.com\/clients\/bilgenterapi\/#\/schema\/logo\/image\/\",\"url\":\"https:\/\/www.paternika.com\/clients\/bilgenterapi\/wp-content\/uploads\/2024\/04\/favicon.png\",\"contentUrl\":\"https:\/\/www.paternika.com\/clients\/bilgenterapi\/wp-content\/uploads\/2024\/04\/favicon.png\",\"width\":512,\"height\":512,\"caption\":\"B\u0130LGEN TERAP\u0130\"},\"image\":{\"@id\":\"https:\/\/paternika.com\/clients\/bilgenterapi\/#\/schema\/logo\/image\/\"},\"sameAs\":[\"https:\/\/www.facebook.com\/bilgenterapi\",\"https:\/\/www.instagram.com\/bilgenterapi\",\"https:\/\/www.youtube.com\/@bterapi\"]}]}<\/script>\n<!-- \/ Yoast SEO plugin. -->","yoast_head_json":{"title":"B\u0130LGEN TERAP\u0130 | BERARD\/\u0130\u015e\u0130TSEL ALGI Y\u00d6NET\u0130M\u0130","description":"\u00c7ocuklara Dikkat Eksikli\u011fi Bozuklu\u011funda, \u00f6zellikle i\u015fitsel dikkati d\u00fc\u015f\u00fck olan \u00e7ocuklar bu durumdan en b\u00fcy\u00fck zarar\u0131 g\u00f6ren kesimdir. Bu \u00e7ocuklar i\u015fitme yap\u0131lar\u0131nda bir sorun olmamas\u0131na ra\u011fmen aileleri taraf\u0131ndan s\u0131k s\u0131k Kulak Burun Bo\u011faz doktoru olan meslekta\u015flar\u0131m\u0131za g\u00f6t\u00fcr\u00fcl\u00fcrler.","robots":{"index":"noindex","follow":"follow","max-snippet":"max-snippet:-1","max-image-preview":"max-image-preview:large","max-video-preview":"max-video-preview:-1"},"og_locale":"tr_TR","og_type":"article","og_title":"B\u0130LGEN TERAP\u0130 | BERARD\/\u0130\u015e\u0130TSEL ALGI Y\u00d6NET\u0130M\u0130","og_description":"\u00c7ocuklara Dikkat Eksikli\u011fi Bozuklu\u011funda, \u00f6zellikle i\u015fitsel dikkati d\u00fc\u015f\u00fck olan \u00e7ocuklar bu durumdan en b\u00fcy\u00fck zarar\u0131 g\u00f6ren kesimdir. Bu \u00e7ocuklar i\u015fitme yap\u0131lar\u0131nda bir sorun olmamas\u0131na ra\u011fmen aileleri taraf\u0131ndan s\u0131k s\u0131k Kulak Burun Bo\u011faz doktoru olan meslekta\u015flar\u0131m\u0131za g\u00f6t\u00fcr\u00fcl\u00fcrler.","og_url":"https:\/\/paternika.com\/clients\/bilgenterapi\/hizmetlerimiz\/berard-isitsel-algi-yonetimi\/","og_site_name":"B\u0130LGEN TERAP\u0130","article_publisher":"https:\/\/www.facebook.com\/bilgenterapi","article_modified_time":"2025-12-26T12:32:06+00:00","twitter_card":"summary_large_image","twitter_misc":{"Tahmini okuma s\u00fcresi":"3 dakika"},"schema":{"@context":"https:\/\/schema.org","@graph":[{"@type":"WebPage","@id":"https:\/\/paternika.com\/clients\/bilgenterapi\/hizmetlerimiz\/berard-isitsel-algi-yonetimi\/","url":"https:\/\/paternika.com\/clients\/bilgenterapi\/hizmetlerimiz\/berard-isitsel-algi-yonetimi\/","name":"B\u0130LGEN TERAP\u0130 | BERARD\/\u0130\u015e\u0130TSEL ALGI Y\u00d6NET\u0130M\u0130","isPartOf":{"@id":"https:\/\/paternika.com\/clients\/bilgenterapi\/#website"},"datePublished":"2025-01-10T21:36:20+00:00","dateModified":"2025-12-26T12:32:06+00:00","description":"\u00c7ocuklara Dikkat Eksikli\u011fi Bozuklu\u011funda, \u00f6zellikle i\u015fitsel dikkati d\u00fc\u015f\u00fck olan \u00e7ocuklar bu durumdan en b\u00fcy\u00fck zarar\u0131 g\u00f6ren kesimdir. Bu \u00e7ocuklar i\u015fitme yap\u0131lar\u0131nda bir sorun olmamas\u0131na ra\u011fmen aileleri taraf\u0131ndan s\u0131k s\u0131k Kulak Burun Bo\u011faz doktoru olan meslekta\u015flar\u0131m\u0131za g\u00f6t\u00fcr\u00fcl\u00fcrler.","breadcrumb":{"@id":"https:\/\/paternika.com\/clients\/bilgenterapi\/hizmetlerimiz\/berard-isitsel-algi-yonetimi\/#breadcrumb"},"inLanguage":"tr","potentialAction":[{"@type":"ReadAction","target":["https:\/\/paternika.com\/clients\/bilgenterapi\/hizmetlerimiz\/berard-isitsel-algi-yonetimi\/"]}]},{"@type":"BreadcrumbList","@id":"https:\/\/paternika.com\/clients\/bilgenterapi\/hizmetlerimiz\/berard-isitsel-algi-yonetimi\/#breadcrumb","itemListElement":[{"@type":"ListItem","position":1,"name":"Home","item":"https:\/\/paternika.com\/clients\/bilgenterapi\/"},{"@type":"ListItem","position":2,"name":"H\u0130ZMETLER\u0130M\u0130Z","item":"https:\/\/paternika.com\/clients\/bilgenterapi\/hizmetlerimiz\/"},{"@type":"ListItem","position":3,"name":"BERARD\/\u0130\u015e\u0130TSEL ALGI Y\u00d6NET\u0130M\u0130"}]},{"@type":"WebSite","@id":"https:\/\/paternika.com\/clients\/bilgenterapi\/#website","url":"https:\/\/paternika.com\/clients\/bilgenterapi\/","name":"B\u0130LGEN TERAP\u0130","description":"","publisher":{"@id":"https:\/\/paternika.com\/clients\/bilgenterapi\/#organization"},"potentialAction":[{"@type":"SearchAction","target":{"@type":"EntryPoint","urlTemplate":"https:\/\/paternika.com\/clients\/bilgenterapi\/?s={search_term_string}"},"query-input":{"@type":"PropertyValueSpecification","valueRequired":true,"valueName":"search_term_string"}}],"inLanguage":"tr"},{"@type":"Organization","@id":"https:\/\/paternika.com\/clients\/bilgenterapi\/#organization","name":"B\u0130LGEN TERAP\u0130","url":"https:\/\/paternika.com\/clients\/bilgenterapi\/","logo":{"@type":"ImageObject","inLanguage":"tr","@id":"https:\/\/paternika.com\/clients\/bilgenterapi\/#\/schema\/logo\/image\/","url":"https:\/\/www.paternika.com\/clients\/bilgenterapi\/wp-content\/uploads\/2024\/04\/favicon.png","contentUrl":"https:\/\/www.paternika.com\/clients\/bilgenterapi\/wp-content\/uploads\/2024\/04\/favicon.png","width":512,"height":512,"caption":"B\u0130LGEN TERAP\u0130"},"image":{"@id":"https:\/\/paternika.com\/clients\/bilgenterapi\/#\/schema\/logo\/image\/"},"sameAs":["https:\/\/www.facebook.com\/bilgenterapi","https:\/\/www.instagram.com\/bilgenterapi","https:\/\/www.youtube.com\/@bterapi"]}]}},"_links":{"self":[{"href":"https:\/\/paternika.com\/clients\/bilgenterapi\/wp-json\/wp\/v2\/pages\/131266","targetHints":{"allow":["GET"]}}],"collection":[{"href":"https:\/\/paternika.com\/clients\/bilgenterapi\/wp-json\/wp\/v2\/pages"}],"about":[{"href":"https:\/\/paternika.com\/clients\/bilgenterapi\/wp-json\/wp\/v2\/types\/page"}],"author":[{"embeddable":true,"href":"https:\/\/paternika.com\/clients\/bilgenterapi\/wp-json\/wp\/v2\/users\/1"}],"replies":[{"embeddable":true,"href":"https:\/\/paternika.com\/clients\/bilgenterapi\/wp-json\/wp\/v2\/comments?post=131266"}],"version-history":[{"count":11,"href":"https:\/\/paternika.com\/clients\/bilgenterapi\/wp-json\/wp\/v2\/pages\/131266\/revisions"}],"predecessor-version":[{"id":132335,"href":"https:\/\/paternika.com\/clients\/bilgenterapi\/wp-json\/wp\/v2\/pages\/131266\/revisions\/132335"}],"up":[{"embeddable":true,"href":"https:\/\/paternika.com\/clients\/bilgenterapi\/wp-json\/wp\/v2\/pages\/131181"}],"wp:attachment":[{"href":"https:\/\/paternika.com\/clients\/bilgenterapi\/wp-json\/wp\/v2\/media?parent=131266"}],"curies":[{"name":"wp","href":"https:\/\/api.w.org\/{rel}","templated":true}]}}