{"id":131264,"date":"2025-01-11T00:35:24","date_gmt":"2025-01-10T21:35:24","guid":{"rendered":"https:\/\/paternika.com\/clients\/bilgenterapi\/?page_id=131264"},"modified":"2025-12-26T15:34:37","modified_gmt":"2025-12-26T12:34:37","slug":"egitim-danismanligi","status":"publish","type":"page","link":"https:\/\/paternika.com\/clients\/bilgenterapi\/hizmetlerimiz\/egitim-danismanligi\/","title":{"rendered":"E\u011e\u0130T\u0130M DANI\u015eMANLI\u011eI"},"content":{"rendered":"<div class=\"wpb-content-wrapper\"><p>[vc_row row_height_percent=&#8221;100&#8243; override_padding=&#8221;yes&#8221; h_padding=&#8221;2&#8243; top_padding=&#8221;6&#8243; bottom_padding=&#8221;6&#8243; back_color=&#8221;color-nhtu&#8221; back_image=&#8221;131862&#8243; back_position=&#8221;center bottom&#8221; kburns=&#8221;magnetic&#8221; overlay_color=&#8221;color-jevc&#8221; overlay_alpha=&#8221;15&#8243; gutter_size=&#8221;3&#8243; column_width_percent=&#8221;100&#8243; shift_y=&#8221;0&#8243; z_index=&#8221;1&#8243; content_parallax=&#8221;0&#8243; uncode_shortcode_id=&#8221;101223&#8243; back_color_type=&#8221;uncode-palette&#8221; overlay_color_type=&#8221;uncode-palette&#8221;][vc_column column_width_percent=&#8221;100&#8243; position_vertical=&#8221;middle&#8221; align_horizontal=&#8221;align_center&#8221; gutter_size=&#8221;4&#8243; style=&#8221;dark&#8221; overlay_alpha=&#8221;50&#8243; shift_x=&#8221;0&#8243; shift_y=&#8221;0&#8243; shift_y_down=&#8221;0&#8243; z_index=&#8221;0&#8243; medium_width=&#8221;0&#8243; align_mobile=&#8221;align_center_mobile&#8221; mobile_width=&#8221;0&#8243; css_animation=&#8221;alpha-anim&#8221; animation_speed=&#8221;1000&#8243; animation_delay=&#8221;400&#8243; width=&#8221;1\/1&#8243; uncode_shortcode_id=&#8221;116631&#8243;][vc_row_inner limit_content=&#8221;&#8221;][vc_column_inner column_width_percent=&#8221;100&#8243; align_horizontal=&#8221;align_center&#8221; gutter_size=&#8221;2&#8243; style=&#8221;dark&#8221; overlay_alpha=&#8221;50&#8243; shift_x=&#8221;0&#8243; shift_y=&#8221;0&#8243; shift_y_down=&#8221;0&#8243; z_index=&#8221;0&#8243; medium_width=&#8221;0&#8243; align_mobile=&#8221;align_center_mobile&#8221; mobile_width=&#8221;0&#8243; width=&#8221;1\/1&#8243; uncode_shortcode_id=&#8221;168935&#8243;][vc_custom_heading text_font=&#8221;font-136269&#8243; text_size=&#8221;custom&#8221; text_weight=&#8221;600&#8243; css_animation=&#8221;curtain&#8221; animation_speed=&#8221;1000&#8243; animation_delay=&#8221;200&#8243; title=&#8221;&#8221; uncode_shortcode_id=&#8221;118798&#8243; heading_custom_size=&#8221;76&#8243;]E\u011e\u0130T\u0130M DANI\u015eMANLI\u011eI[\/vc_custom_heading][vc_custom_heading text_color=&#8221;color-xsdn&#8221; text_font=&#8221;font-136269&#8243; text_weight=&#8221;300&#8243; text_height=&#8221;fontheight-357766&#8243; title=&#8221;&#8221; uncode_shortcode_id=&#8221;868272&#8243; text_color_type=&#8221;uncode-palette&#8221;]&#8221;Bir \u00f6\u011frencinin akademik ya\u015fam ser\u00fcveninde iki anahtar\u0131 vard\u0131r: \u00d6\u011frenmek ve sevmek.&#8221; Bu anahtarlara her \u00e7ocuk sahiptir. \u00d6nemi, bunlar\u0131n iyi bir s\u00fcre\u00e7le y\u00f6netilip kaybedilmemesinde sakl\u0131d\u0131r.[\/vc_custom_heading][\/vc_column_inner][\/vc_row_inner][vc_icon icon=&#8221;fa fa-arrow-down4&#8243; background_style=&#8221;fa-rounded&#8221; size=&#8221;fa-2x&#8221; icon_automatic=&#8221;yes&#8221; css_animation=&#8221;bottom-t-top&#8221; animation_speed=&#8221;1000&#8243; animation_delay=&#8221;400&#8243; link=&#8221;url:%23intro&#8221; uncode_shortcode_id=&#8221;170959&#8243;][\/vc_icon][\/vc_column][\/vc_row][vc_row row_height_percent=&#8221;0&#8243; override_padding=&#8221;yes&#8221; h_padding=&#8221;2&#8243; top_padding=&#8221;5&#8243; bottom_padding=&#8221;5&#8243; back_color=&#8221;color-xsdn&#8221; overlay_alpha=&#8221;50&#8243; gutter_size=&#8221;4&#8243; column_width_percent=&#8221;100&#8243; shift_y=&#8221;0&#8243; z_index=&#8221;1&#8243; bottom_divider=&#8221;step_3_4&#8243; content_parallax=&#8221;0&#8243; uncode_shortcode_id=&#8221;126796&#8243; back_color_type=&#8221;uncode-palette&#8221; row_name=&#8221;intro&#8221;][vc_column column_width_percent=&#8221;100&#8243; gutter_size=&#8221;4&#8243; overlay_alpha=&#8221;50&#8243; shift_x=&#8221;0&#8243; shift_y=&#8221;0&#8243; shift_y_down=&#8221;0&#8243; z_index=&#8221;0&#8243; medium_width=&#8221;0&#8243; mobile_width=&#8221;0&#8243; css_animation=&#8221;alpha-anim&#8221; animation_speed=&#8221;1000&#8243; width=&#8221;1\/1&#8243; uncode_shortcode_id=&#8221;499678&#8243;][vc_row_inner limit_content=&#8221;&#8221;][vc_column_inner column_width_percent=&#8221;100&#8243; gutter_size=&#8221;3&#8243; overlay_alpha=&#8221;50&#8243; shift_x=&#8221;0&#8243; shift_y=&#8221;0&#8243; shift_y_down=&#8221;0&#8243; z_index=&#8221;0&#8243; medium_width=&#8221;0&#8243; mobile_width=&#8221;0&#8243; width=&#8221;1\/1&#8243; uncode_shortcode_id=&#8221;209263&#8243;][vc_column_text uncode_shortcode_id=&#8221;142434&#8243;]<strong><span style=\"background: -webkit-linear-gradient(45deg, #d93da3, #8445ff); -webkit-background-clip: text; -webkit-text-fill-color: transparent; display: inline-block; font-family: Jost; font-size: 26px;\">E\u011e\u0130T\u0130M DANI\u015eMANLI\u011eI<\/span><\/strong><\/p>\n<blockquote><p>Bilgen Terapi Enstit\u00fcs\u00fc, E\u011fitim Dan\u0131\u015fmanl\u0131\u011f\u0131 alan\u0131ndaki profesyonel \u00e7al\u0131\u015fmalar\u0131yla size bu fark\u0131 sunar. E\u011fitim Dan\u0131\u015fmanl\u0131\u011f\u0131 \u00e7al\u0131\u015fmalar\u0131 en ana ba\u015fl\u0131klar\u0131 ile s\u00f6yle \u00f6zetlenebilir:<\/p><\/blockquote>\n<p style=\"margin-top: 15px; text-indent: -20px; margin-left: 20px;\"><span style=\"color: #fe4641;\">\u2713 \u00a0<\/span> \u00d6\u011frencinin akademik ya\u015fam\u0131na dair sorunlar\u0131n belirlenmesi, \u00e7er\u00e7evelenmesi ve \u00e7\u00f6z\u00fcme y\u00f6nelik planlar<\/p>\n<p style=\"margin-top: 0px; text-indent: -20px; margin-left: 20px;\"><span style=\"color: #fe4641;\">\u2713 \u00a0<\/span> Akademik ya\u015famda \u00f6\u011frencilerin kar\u015f\u0131la\u015ft\u0131\u011f\u0131 en \u00f6nemli sorun:\u201d Ders \u00c7al\u0131\u015fmay\u0131 Bilememek! Peki bu sorun nas\u0131l a\u015f\u0131l\u0131r? Daha do\u011frusu Nas\u0131l Ders \u00c7al\u0131\u015f\u0131l\u0131r?<\/p>\n<p style=\"margin-top: 0px; text-indent: -20px; margin-left: 20px;\"><span style=\"color: #fe4641;\">\u2713 \u00a0<\/span> Kaynaklar\u0131n Kullan\u0131m\u0131: Zaman, zihin, dikkat\u2026Peki ama t\u00fcm bunlar nas\u0131l en etkin bi\u00e7imde kullan\u0131l\u0131r?<\/p>\n<p style=\"margin-top: 0px; text-indent: -20px; margin-left: 20px;\"><span style=\"color: #fe4641;\">\u2713 \u00a0<\/span> Okul se\u00e7imi nas\u0131l olmal\u0131?<\/p>\n<p style=\"margin-top: 0px; text-indent: -20px; margin-left: 20px;\"><span style=\"color: #fe4641;\">\u2713 \u00a0<\/span> Okula uyum s\u00fcreci nedir ve sorunlar nas\u0131l \u00e7\u00f6z\u00fcl\u00fcr? &#8220;Uyum yoksa okulu de\u011fi\u015ftir..&#8221;Tek ve do\u011fru bir \u00e7\u00f6z\u00fcm m\u00fcd\u00fcr?<\/p>\n<p style=\"margin-top: 0px; text-indent: -20px; margin-left: 20px;\"><span style=\"color: #fe4641;\">\u2713 \u00a0<\/span> Dikkat eksikli\u011fi, \u00f6\u011frenme g\u00fc\u00e7l\u00fckleri, \u00f6\u011frenme bozukluklar\u0131 ve bu s\u00fcre\u00e7lere etki eden nedenler nelerdir? Nas\u0131l \u00e7\u00f6z\u00fcmlenir?<\/p>\n<p style=\"margin-top: 0px; text-indent: -20px; margin-left: 20px;\"><span style=\"color: #fe4641;\">\u2713 \u00a0<\/span> TEOG, YGS, LYS s\u0131nav stratejileri nedir? S\u0131nav nas\u0131l kazan\u0131l\u0131r?<\/p>\n<p style=\"margin-top: 0px; text-indent: -20px; margin-left: 20px;\"><span style=\"color: #fe4641;\">\u2713 \u00a0<\/span> \u00d6\u011frencinin akademik ya\u015fam\u0131 devam ederken anne babalar\u0131n bu s\u00fcre\u00e7teki rolleri nedir ve nas\u0131l olmal\u0131d\u0131r?<\/p>\n<p style=\"margin-top: 0px; text-indent: -20px; margin-left: 20px;\"><span style=\"color: #fe4641;\">\u2713 \u00a0<\/span> &#8220;Akademik Ba\u015far\u0131 Stratejileri&#8221; nelerdir ve ki\u015fiye g\u00f6re nas\u0131l de\u011fi\u015fir?<\/p>\n<p>[\/vc_column_text][\/vc_column_inner][\/vc_row_inner][\/vc_column][\/vc_row]<\/p>\n<\/div>","protected":false},"excerpt":{"rendered":"<p>[vc_row row_height_percent=&#8221;100&#8243; override_padding=&#8221;yes&#8221; h_padding=&#8221;2&#8243; top_padding=&#8221;6&#8243; bottom_padding=&#8221;6&#8243; back_color=&#8221;color-nhtu&#8221; back_image=&#8221;131862&#8243; back_position=&#8221;center bottom&#8221; kburns=&#8221;magnetic&#8221; overlay_color=&#8221;color-jevc&#8221; overlay_alpha=&#8221;15&#8243; gutter_size=&#8221;3&#8243; column_width_percent=&#8221;100&#8243; shift_y=&#8221;0&#8243; z_index=&#8221;1&#8243; content_parallax=&#8221;0&#8243; uncode_shortcode_id=&#8221;101223&#8243; back_color_type=&#8221;uncode-palette&#8221; [&hellip;]<\/p>\n","protected":false},"author":1,"featured_media":0,"parent":131181,"menu_order":0,"comment_status":"closed","ping_status":"closed","template":"","meta":{"inline_featured_image":false,"_locale":"tr_TR","_original_post":"https:\/\/paternika.com\/clients\/bilgenterapi\/?page_id=131264","footnotes":"","_links_to":"","_links_to_target":""},"class_list":["post-131264","page","type-page","status-publish","hentry","tr-TR"],"yoast_head":"<!-- This site is optimized with the Yoast SEO plugin v25.0 - https:\/\/yoast.com\/wordpress\/plugins\/seo\/ -->\n<title>B\u0130LGEN TERAP\u0130 | E\u011e\u0130T\u0130M DANI\u015eMANLI\u011eI<\/title>\n<meta name=\"description\" content=\"&quot;Bir \u00f6\u011frencinin akademik ya\u015fam ser\u00fcveninde iki anahtar\u0131 vard\u0131r: \u00d6\u011frenmek ve sevmek.&quot; Bu anahtarlara her \u00e7ocuk sahiptir. \u00d6nemi, bunlar\u0131n iyi bir s\u00fcre\u00e7le y\u00f6netilip kaybedilmemesinde sakl\u0131d\u0131r.\" \/>\n<meta name=\"robots\" content=\"noindex, follow, max-snippet:-1, max-image-preview:large, max-video-preview:-1\" \/>\n<meta property=\"og:locale\" content=\"tr_TR\" \/>\n<meta property=\"og:type\" content=\"article\" \/>\n<meta property=\"og:title\" content=\"B\u0130LGEN TERAP\u0130 | E\u011e\u0130T\u0130M DANI\u015eMANLI\u011eI\" \/>\n<meta property=\"og:description\" content=\"&quot;Bir \u00f6\u011frencinin akademik ya\u015fam ser\u00fcveninde iki anahtar\u0131 vard\u0131r: \u00d6\u011frenmek ve sevmek.&quot; Bu anahtarlara her \u00e7ocuk sahiptir. \u00d6nemi, bunlar\u0131n iyi bir s\u00fcre\u00e7le y\u00f6netilip kaybedilmemesinde sakl\u0131d\u0131r.\" \/>\n<meta property=\"og:url\" content=\"https:\/\/paternika.com\/clients\/bilgenterapi\/hizmetlerimiz\/egitim-danismanligi\/\" \/>\n<meta property=\"og:site_name\" content=\"B\u0130LGEN TERAP\u0130\" \/>\n<meta property=\"article:publisher\" content=\"https:\/\/www.facebook.com\/bilgenterapi\" \/>\n<meta property=\"article:modified_time\" content=\"2025-12-26T12:34:37+00:00\" \/>\n<meta name=\"twitter:card\" content=\"summary_large_image\" \/>\n<meta name=\"twitter:label1\" content=\"Tahmini okuma s\u00fcresi\" \/>\n\t<meta name=\"twitter:data1\" content=\"2 dakika\" \/>\n<script type=\"application\/ld+json\" class=\"yoast-schema-graph\">{\"@context\":\"https:\/\/schema.org\",\"@graph\":[{\"@type\":\"WebPage\",\"@id\":\"https:\/\/paternika.com\/clients\/bilgenterapi\/hizmetlerimiz\/egitim-danismanligi\/\",\"url\":\"https:\/\/paternika.com\/clients\/bilgenterapi\/hizmetlerimiz\/egitim-danismanligi\/\",\"name\":\"B\u0130LGEN TERAP\u0130 | E\u011e\u0130T\u0130M DANI\u015eMANLI\u011eI\",\"isPartOf\":{\"@id\":\"https:\/\/paternika.com\/clients\/bilgenterapi\/#website\"},\"datePublished\":\"2025-01-10T21:35:24+00:00\",\"dateModified\":\"2025-12-26T12:34:37+00:00\",\"description\":\"\\\"Bir \u00f6\u011frencinin akademik ya\u015fam ser\u00fcveninde iki anahtar\u0131 vard\u0131r: \u00d6\u011frenmek ve sevmek.\\\" Bu anahtarlara her \u00e7ocuk sahiptir. \u00d6nemi, bunlar\u0131n iyi bir s\u00fcre\u00e7le y\u00f6netilip kaybedilmemesinde sakl\u0131d\u0131r.\",\"breadcrumb\":{\"@id\":\"https:\/\/paternika.com\/clients\/bilgenterapi\/hizmetlerimiz\/egitim-danismanligi\/#breadcrumb\"},\"inLanguage\":\"tr\",\"potentialAction\":[{\"@type\":\"ReadAction\",\"target\":[\"https:\/\/paternika.com\/clients\/bilgenterapi\/hizmetlerimiz\/egitim-danismanligi\/\"]}]},{\"@type\":\"BreadcrumbList\",\"@id\":\"https:\/\/paternika.com\/clients\/bilgenterapi\/hizmetlerimiz\/egitim-danismanligi\/#breadcrumb\",\"itemListElement\":[{\"@type\":\"ListItem\",\"position\":1,\"name\":\"Home\",\"item\":\"https:\/\/paternika.com\/clients\/bilgenterapi\/\"},{\"@type\":\"ListItem\",\"position\":2,\"name\":\"H\u0130ZMETLER\u0130M\u0130Z\",\"item\":\"https:\/\/paternika.com\/clients\/bilgenterapi\/hizmetlerimiz\/\"},{\"@type\":\"ListItem\",\"position\":3,\"name\":\"E\u011e\u0130T\u0130M DANI\u015eMANLI\u011eI\"}]},{\"@type\":\"WebSite\",\"@id\":\"https:\/\/paternika.com\/clients\/bilgenterapi\/#website\",\"url\":\"https:\/\/paternika.com\/clients\/bilgenterapi\/\",\"name\":\"B\u0130LGEN TERAP\u0130\",\"description\":\"\",\"publisher\":{\"@id\":\"https:\/\/paternika.com\/clients\/bilgenterapi\/#organization\"},\"potentialAction\":[{\"@type\":\"SearchAction\",\"target\":{\"@type\":\"EntryPoint\",\"urlTemplate\":\"https:\/\/paternika.com\/clients\/bilgenterapi\/?s={search_term_string}\"},\"query-input\":{\"@type\":\"PropertyValueSpecification\",\"valueRequired\":true,\"valueName\":\"search_term_string\"}}],\"inLanguage\":\"tr\"},{\"@type\":\"Organization\",\"@id\":\"https:\/\/paternika.com\/clients\/bilgenterapi\/#organization\",\"name\":\"B\u0130LGEN TERAP\u0130\",\"url\":\"https:\/\/paternika.com\/clients\/bilgenterapi\/\",\"logo\":{\"@type\":\"ImageObject\",\"inLanguage\":\"tr\",\"@id\":\"https:\/\/paternika.com\/clients\/bilgenterapi\/#\/schema\/logo\/image\/\",\"url\":\"https:\/\/www.paternika.com\/clients\/bilgenterapi\/wp-content\/uploads\/2024\/04\/favicon.png\",\"contentUrl\":\"https:\/\/www.paternika.com\/clients\/bilgenterapi\/wp-content\/uploads\/2024\/04\/favicon.png\",\"width\":512,\"height\":512,\"caption\":\"B\u0130LGEN TERAP\u0130\"},\"image\":{\"@id\":\"https:\/\/paternika.com\/clients\/bilgenterapi\/#\/schema\/logo\/image\/\"},\"sameAs\":[\"https:\/\/www.facebook.com\/bilgenterapi\",\"https:\/\/www.instagram.com\/bilgenterapi\",\"https:\/\/www.youtube.com\/@bterapi\"]}]}<\/script>\n<!-- \/ Yoast SEO plugin. -->","yoast_head_json":{"title":"B\u0130LGEN TERAP\u0130 | E\u011e\u0130T\u0130M DANI\u015eMANLI\u011eI","description":"\"Bir \u00f6\u011frencinin akademik ya\u015fam ser\u00fcveninde iki anahtar\u0131 vard\u0131r: \u00d6\u011frenmek ve sevmek.\" Bu anahtarlara her \u00e7ocuk sahiptir. \u00d6nemi, bunlar\u0131n iyi bir s\u00fcre\u00e7le y\u00f6netilip kaybedilmemesinde sakl\u0131d\u0131r.","robots":{"index":"noindex","follow":"follow","max-snippet":"max-snippet:-1","max-image-preview":"max-image-preview:large","max-video-preview":"max-video-preview:-1"},"og_locale":"tr_TR","og_type":"article","og_title":"B\u0130LGEN TERAP\u0130 | E\u011e\u0130T\u0130M DANI\u015eMANLI\u011eI","og_description":"\"Bir \u00f6\u011frencinin akademik ya\u015fam ser\u00fcveninde iki anahtar\u0131 vard\u0131r: \u00d6\u011frenmek ve sevmek.\" Bu anahtarlara her \u00e7ocuk sahiptir. \u00d6nemi, bunlar\u0131n iyi bir s\u00fcre\u00e7le y\u00f6netilip kaybedilmemesinde sakl\u0131d\u0131r.","og_url":"https:\/\/paternika.com\/clients\/bilgenterapi\/hizmetlerimiz\/egitim-danismanligi\/","og_site_name":"B\u0130LGEN TERAP\u0130","article_publisher":"https:\/\/www.facebook.com\/bilgenterapi","article_modified_time":"2025-12-26T12:34:37+00:00","twitter_card":"summary_large_image","twitter_misc":{"Tahmini okuma s\u00fcresi":"2 dakika"},"schema":{"@context":"https:\/\/schema.org","@graph":[{"@type":"WebPage","@id":"https:\/\/paternika.com\/clients\/bilgenterapi\/hizmetlerimiz\/egitim-danismanligi\/","url":"https:\/\/paternika.com\/clients\/bilgenterapi\/hizmetlerimiz\/egitim-danismanligi\/","name":"B\u0130LGEN TERAP\u0130 | E\u011e\u0130T\u0130M DANI\u015eMANLI\u011eI","isPartOf":{"@id":"https:\/\/paternika.com\/clients\/bilgenterapi\/#website"},"datePublished":"2025-01-10T21:35:24+00:00","dateModified":"2025-12-26T12:34:37+00:00","description":"\"Bir \u00f6\u011frencinin akademik ya\u015fam ser\u00fcveninde iki anahtar\u0131 vard\u0131r: \u00d6\u011frenmek ve sevmek.\" Bu anahtarlara her \u00e7ocuk sahiptir. \u00d6nemi, bunlar\u0131n iyi bir s\u00fcre\u00e7le y\u00f6netilip kaybedilmemesinde sakl\u0131d\u0131r.","breadcrumb":{"@id":"https:\/\/paternika.com\/clients\/bilgenterapi\/hizmetlerimiz\/egitim-danismanligi\/#breadcrumb"},"inLanguage":"tr","potentialAction":[{"@type":"ReadAction","target":["https:\/\/paternika.com\/clients\/bilgenterapi\/hizmetlerimiz\/egitim-danismanligi\/"]}]},{"@type":"BreadcrumbList","@id":"https:\/\/paternika.com\/clients\/bilgenterapi\/hizmetlerimiz\/egitim-danismanligi\/#breadcrumb","itemListElement":[{"@type":"ListItem","position":1,"name":"Home","item":"https:\/\/paternika.com\/clients\/bilgenterapi\/"},{"@type":"ListItem","position":2,"name":"H\u0130ZMETLER\u0130M\u0130Z","item":"https:\/\/paternika.com\/clients\/bilgenterapi\/hizmetlerimiz\/"},{"@type":"ListItem","position":3,"name":"E\u011e\u0130T\u0130M DANI\u015eMANLI\u011eI"}]},{"@type":"WebSite","@id":"https:\/\/paternika.com\/clients\/bilgenterapi\/#website","url":"https:\/\/paternika.com\/clients\/bilgenterapi\/","name":"B\u0130LGEN TERAP\u0130","description":"","publisher":{"@id":"https:\/\/paternika.com\/clients\/bilgenterapi\/#organization"},"potentialAction":[{"@type":"SearchAction","target":{"@type":"EntryPoint","urlTemplate":"https:\/\/paternika.com\/clients\/bilgenterapi\/?s={search_term_string}"},"query-input":{"@type":"PropertyValueSpecification","valueRequired":true,"valueName":"search_term_string"}}],"inLanguage":"tr"},{"@type":"Organization","@id":"https:\/\/paternika.com\/clients\/bilgenterapi\/#organization","name":"B\u0130LGEN TERAP\u0130","url":"https:\/\/paternika.com\/clients\/bilgenterapi\/","logo":{"@type":"ImageObject","inLanguage":"tr","@id":"https:\/\/paternika.com\/clients\/bilgenterapi\/#\/schema\/logo\/image\/","url":"https:\/\/www.paternika.com\/clients\/bilgenterapi\/wp-content\/uploads\/2024\/04\/favicon.png","contentUrl":"https:\/\/www.paternika.com\/clients\/bilgenterapi\/wp-content\/uploads\/2024\/04\/favicon.png","width":512,"height":512,"caption":"B\u0130LGEN TERAP\u0130"},"image":{"@id":"https:\/\/paternika.com\/clients\/bilgenterapi\/#\/schema\/logo\/image\/"},"sameAs":["https:\/\/www.facebook.com\/bilgenterapi","https:\/\/www.instagram.com\/bilgenterapi","https:\/\/www.youtube.com\/@bterapi"]}]}},"_links":{"self":[{"href":"https:\/\/paternika.com\/clients\/bilgenterapi\/wp-json\/wp\/v2\/pages\/131264","targetHints":{"allow":["GET"]}}],"collection":[{"href":"https:\/\/paternika.com\/clients\/bilgenterapi\/wp-json\/wp\/v2\/pages"}],"about":[{"href":"https:\/\/paternika.com\/clients\/bilgenterapi\/wp-json\/wp\/v2\/types\/page"}],"author":[{"embeddable":true,"href":"https:\/\/paternika.com\/clients\/bilgenterapi\/wp-json\/wp\/v2\/users\/1"}],"replies":[{"embeddable":true,"href":"https:\/\/paternika.com\/clients\/bilgenterapi\/wp-json\/wp\/v2\/comments?post=131264"}],"version-history":[{"count":8,"href":"https:\/\/paternika.com\/clients\/bilgenterapi\/wp-json\/wp\/v2\/pages\/131264\/revisions"}],"predecessor-version":[{"id":132333,"href":"https:\/\/paternika.com\/clients\/bilgenterapi\/wp-json\/wp\/v2\/pages\/131264\/revisions\/132333"}],"up":[{"embeddable":true,"href":"https:\/\/paternika.com\/clients\/bilgenterapi\/wp-json\/wp\/v2\/pages\/131181"}],"wp:attachment":[{"href":"https:\/\/paternika.com\/clients\/bilgenterapi\/wp-json\/wp\/v2\/media?parent=131264"}],"curies":[{"name":"wp","href":"https:\/\/api.w.org\/{rel}","templated":true}]}}