{"id":131263,"date":"2025-01-11T00:35:07","date_gmt":"2025-01-10T21:35:07","guid":{"rendered":"https:\/\/paternika.com\/clients\/bilgenterapi\/?page_id=131263"},"modified":"2025-12-26T15:40:35","modified_gmt":"2025-12-26T12:40:35","slug":"turkce-prep","status":"publish","type":"page","link":"https:\/\/paternika.com\/clients\/bilgenterapi\/hizmetlerimiz\/turkce-prep\/","title":{"rendered":"T\u00dcRK\u00c7E\/PREP"},"content":{"rendered":"<div class=\"wpb-content-wrapper\"><p>[vc_row row_height_percent=&#8221;100&#8243; override_padding=&#8221;yes&#8221; h_padding=&#8221;2&#8243; top_padding=&#8221;6&#8243; bottom_padding=&#8221;6&#8243; back_color=&#8221;color-nhtu&#8221; back_image=&#8221;131860&#8243; back_position=&#8221;center bottom&#8221; kburns=&#8221;magnetic&#8221; overlay_color=&#8221;color-jevc&#8221; overlay_alpha=&#8221;15&#8243; gutter_size=&#8221;3&#8243; column_width_percent=&#8221;100&#8243; shift_y=&#8221;0&#8243; z_index=&#8221;1&#8243; content_parallax=&#8221;0&#8243; uncode_shortcode_id=&#8221;170499&#8243; back_color_type=&#8221;uncode-palette&#8221; overlay_color_type=&#8221;uncode-palette&#8221;][vc_column column_width_percent=&#8221;100&#8243; position_vertical=&#8221;middle&#8221; align_horizontal=&#8221;align_center&#8221; gutter_size=&#8221;4&#8243; style=&#8221;dark&#8221; overlay_alpha=&#8221;50&#8243; shift_x=&#8221;0&#8243; shift_y=&#8221;0&#8243; shift_y_down=&#8221;0&#8243; z_index=&#8221;0&#8243; medium_width=&#8221;0&#8243; align_mobile=&#8221;align_center_mobile&#8221; mobile_width=&#8221;0&#8243; css_animation=&#8221;alpha-anim&#8221; animation_speed=&#8221;1000&#8243; animation_delay=&#8221;400&#8243; width=&#8221;1\/1&#8243; uncode_shortcode_id=&#8221;116631&#8243;][vc_row_inner limit_content=&#8221;&#8221;][vc_column_inner column_width_percent=&#8221;100&#8243; align_horizontal=&#8221;align_center&#8221; gutter_size=&#8221;2&#8243; style=&#8221;dark&#8221; overlay_alpha=&#8221;50&#8243; shift_x=&#8221;0&#8243; shift_y=&#8221;0&#8243; shift_y_down=&#8221;0&#8243; z_index=&#8221;0&#8243; medium_width=&#8221;0&#8243; align_mobile=&#8221;align_center_mobile&#8221; mobile_width=&#8221;0&#8243; width=&#8221;1\/1&#8243; uncode_shortcode_id=&#8221;168935&#8243;][vc_custom_heading text_font=&#8221;font-136269&#8243; text_size=&#8221;custom&#8221; text_weight=&#8221;600&#8243; css_animation=&#8221;curtain&#8221; animation_speed=&#8221;1000&#8243; animation_delay=&#8221;200&#8243; title=&#8221;&#8221; uncode_shortcode_id=&#8221;767486&#8243; heading_custom_size=&#8221;76&#8243;]T\u00dcRK\u00c7E\/PREP[\/vc_custom_heading][vc_custom_heading text_color=&#8221;color-xsdn&#8221; text_font=&#8221;font-136269&#8243; text_weight=&#8221;300&#8243; text_height=&#8221;fontheight-357766&#8243; title=&#8221;&#8221; uncode_shortcode_id=&#8221;909182&#8243; text_color_type=&#8221;uncode-palette&#8221;]Toplumda &#8220;\u00d6zel \u00d6\u011frenme G\u00fc\u00e7l\u00fc\u011f\u00fc&#8221; ya da genel olarak okuma bozuklu\u011fu anlam\u0131na gelen &#8220;Disleksi&#8221; ile ilgili \u00e7ocuklara destek sa\u011flamak ad\u0131na PREP, (Emeritus) Prof. J. P. Das taraf\u0131ndan geli\u015ftirilmi\u015f ve PASS teorisinin e\u015fzamanl\u0131 ve ard\u0131l i\u015flem \u00f6zellikleri \u00fczerine kurulmu\u015ftur. Bir okumay\u0131 geli\u015ftirme program\u0131d\u0131r.[\/vc_custom_heading][\/vc_column_inner][\/vc_row_inner][vc_icon icon=&#8221;fa fa-arrow-down4&#8243; background_style=&#8221;fa-rounded&#8221; size=&#8221;fa-2x&#8221; icon_automatic=&#8221;yes&#8221; css_animation=&#8221;bottom-t-top&#8221; animation_speed=&#8221;1000&#8243; animation_delay=&#8221;400&#8243; link=&#8221;url:%23intro&#8221; uncode_shortcode_id=&#8221;170959&#8243;][\/vc_icon][\/vc_column][\/vc_row][vc_row row_height_percent=&#8221;0&#8243; override_padding=&#8221;yes&#8221; h_padding=&#8221;2&#8243; top_padding=&#8221;5&#8243; bottom_padding=&#8221;5&#8243; back_color=&#8221;color-xsdn&#8221; overlay_alpha=&#8221;50&#8243; gutter_size=&#8221;4&#8243; column_width_percent=&#8221;100&#8243; shift_y=&#8221;0&#8243; z_index=&#8221;1&#8243; bottom_divider=&#8221;step_3_4&#8243; content_parallax=&#8221;0&#8243; uncode_shortcode_id=&#8221;126796&#8243; back_color_type=&#8221;uncode-palette&#8221; row_name=&#8221;intro&#8221;][vc_column column_width_percent=&#8221;100&#8243; gutter_size=&#8221;4&#8243; overlay_alpha=&#8221;50&#8243; shift_x=&#8221;0&#8243; shift_y=&#8221;0&#8243; shift_y_down=&#8221;0&#8243; z_index=&#8221;0&#8243; medium_width=&#8221;0&#8243; mobile_width=&#8221;0&#8243; css_animation=&#8221;alpha-anim&#8221; animation_speed=&#8221;1000&#8243; width=&#8221;1\/1&#8243; uncode_shortcode_id=&#8221;499678&#8243;][vc_row_inner limit_content=&#8221;&#8221;][vc_column_inner column_width_percent=&#8221;100&#8243; gutter_size=&#8221;3&#8243; overlay_alpha=&#8221;50&#8243; shift_x=&#8221;0&#8243; shift_y=&#8221;0&#8243; shift_y_down=&#8221;0&#8243; z_index=&#8221;0&#8243; medium_width=&#8221;0&#8243; mobile_width=&#8221;0&#8243; width=&#8221;1\/1&#8243; uncode_shortcode_id=&#8221;209263&#8243;][vc_column_text uncode_shortcode_id=&#8221;479156&#8243;]<strong><span style=\"background: -webkit-linear-gradient(45deg, #d93da3, #8445ff); -webkit-background-clip: text; -webkit-text-fill-color: transparent; display: inline-block; font-family: Jost; font-size: 26px;\">T\u00dcRK\u00c7E-PREP<\/span><\/strong><\/p>\n<p>Okuma i\u00e7in \u00f6zellikle bu iki i\u015flem etkindir. Okumay\u0131 ilk \u00f6\u011frenme d\u00f6neminde ard\u0131l i\u015flem etkinken okudu\u011funu anlaman\u0131n daha \u00e7ok e\u015f-zamanl\u0131 i\u015flem ile ba\u011flant\u0131l\u0131 oldu\u011fu belirtilmektedir. T\u00fcm bu s\u00fcre\u00e7 boyunca, planlama ve dikkat do\u011frudan ele al\u0131nmasa da her etkinli\u011fi ger\u00e7ekle\u015ftirmek i\u00e7in s\u00fcrece mutlaka dahil olmaktad\u0131rlar. Sonu\u00e7 olarak okuma g\u00fc\u00e7l\u00fc\u011f\u00fcn\u00fcn e\u015fzamanl\u0131 ve ard\u0131l i\u015flemlerdeki s\u0131k\u0131nt\u0131lardan do\u011fdu\u011fu savunulmaktad\u0131r. Bu nedenle de PREP bu iki i\u015flem \u00fczerine kurulmu\u015ftur.<\/p>\n<blockquote><p>PREP, okuma-yazma e\u011fitimi alma s\u0131ras\u0131nda kendisinden ve ya\u015f\u0131ndan beklenen d\u00fczeyde okuma yapamayan \u00e7ocuklar i\u00e7in uygundur. Yap\u0131lan boylamsal ara\u015ft\u0131rmalar sonras\u0131nda PREP\u2019 in uygulama aral\u0131\u011f\u0131n\u0131n ya\u015f ve s\u0131n\u0131f d\u00fczeyi ne olursa olsun okuma problemi ya\u015fayan her \u00e7ocu\u011fa uygulanabilirli\u011fi kan\u0131tlanm\u0131\u015ft\u0131r.<\/p><\/blockquote>\n<p>PREP, 4 adet Ard\u0131l \u0130\u015flem ve 4 adet E\u015fzamanl\u0131 \u0130\u015flem etkinli\u011finden olu\u015fmaktad\u0131r. Her etkinli\u011fin hem Global hem de K\u00f6pr\u00fc \u00e7al\u0131\u015fmalar\u0131 mevcuttur. Global \u00e7al\u0131\u015fmalar okuma veya okuma becerisi gerektirmemektedir. Di\u011fer yandan K\u00f6pr\u00fc \u00e7al\u0131\u015fmalar\u0131, bu stratejilerin okumayla ili\u015fkilendirildi\u011fi \u00e7al\u0131\u015fmalard\u0131r. Global ve K\u00f6pr\u00fc \u00e7al\u0131\u015fmalar\u0131 da kendi i\u00e7inde \u00fc\u00e7 ayr\u0131 zorluk derecesine ayr\u0131lm\u0131\u015ft\u0131r. Bu yap\u0131 sayesinde \u00f6\u011frenci, hem o alanda strateji \u00fcreterek ilerlemeyi \u00f6\u011frenmekte hem de her etkinlikte kendisine ait zorluk derecesinden ba\u015flayarak ilerleyebilmektedir. \u00d6\u011frencinin, bu etkinlikleri yapabilmek i\u00e7in \u00fcretti\u011fi stratejileri kullanarak o zorlu\u011fu a\u015fmas\u0131 hedeflenmektedir. Bu nedenle PREP uygulamalar\u0131nda e\u011fitimcinin deste\u011fi minimum d\u00fczeyde tutulmaktad\u0131r. Ama\u00e7, \u00f6\u011frencinin kendi i\u00e7in en uygun stratejiyi ke\u015ffederek \u00f6z\u00fcmsemesi ve kar\u015f\u0131la\u015ft\u0131\u011f\u0131 di\u011fer problemlerde kullanabilir hale gelmesidir.<\/p>\n<blockquote><p>PREP\u2019in yap\u0131land\u0131r\u0131lm\u0131\u015f yap\u0131s\u0131, uygulay\u0131c\u0131n\u0131n tam olarak ne yapaca\u011f\u0131n\u0131 net olarak belirtmektedir. Standard\u0131 tuturmak ve \u00f6\u011frencilerin y\u00f6nergeyi anlad\u0131\u011f\u0131ndan tam olarak emin olmak i\u00e7in olabildi\u011fince a\u00e7\u0131kl\u0131kla haz\u0131rlanm\u0131\u015ft\u0131r.<\/p><\/blockquote>\n<p>* Yaz\u0131 &#8220;Akademidisleksi&#8221; sitesinden refere edilmi\u015ftir.[\/vc_column_text][\/vc_column_inner][\/vc_row_inner][\/vc_column][\/vc_row]<\/p>\n<\/div>","protected":false},"excerpt":{"rendered":"<p>[vc_row row_height_percent=&#8221;100&#8243; override_padding=&#8221;yes&#8221; h_padding=&#8221;2&#8243; top_padding=&#8221;6&#8243; bottom_padding=&#8221;6&#8243; back_color=&#8221;color-nhtu&#8221; back_image=&#8221;131860&#8243; back_position=&#8221;center bottom&#8221; kburns=&#8221;magnetic&#8221; overlay_color=&#8221;color-jevc&#8221; overlay_alpha=&#8221;15&#8243; gutter_size=&#8221;3&#8243; column_width_percent=&#8221;100&#8243; shift_y=&#8221;0&#8243; z_index=&#8221;1&#8243; content_parallax=&#8221;0&#8243; uncode_shortcode_id=&#8221;170499&#8243; back_color_type=&#8221;uncode-palette&#8221; [&hellip;]<\/p>\n","protected":false},"author":1,"featured_media":0,"parent":131181,"menu_order":0,"comment_status":"closed","ping_status":"closed","template":"","meta":{"inline_featured_image":false,"_locale":"tr_TR","_original_post":"https:\/\/paternika.com\/clients\/bilgenterapi\/?page_id=131263","footnotes":"","_links_to":"","_links_to_target":""},"class_list":["post-131263","page","type-page","status-publish","hentry","tr-TR"],"yoast_head":"<!-- This site is optimized with the Yoast SEO plugin v25.0 - https:\/\/yoast.com\/wordpress\/plugins\/seo\/ -->\n<title>B\u0130LGEN TERAP\u0130 | T\u00dcRK\u00c7E\/PREP<\/title>\n<meta name=\"description\" content=\"Toplumda &quot;\u00d6zel \u00d6\u011frenme G\u00fc\u00e7l\u00fc\u011f\u00fc&quot; ya da genel olarak okuma bozuklu\u011fu anlam\u0131na gelen &quot;Disleksi&quot; ile ilgili \u00e7ocuklara destek sa\u011flamak ad\u0131na PREP, (Emeritus) Prof. J. P. Das taraf\u0131ndan geli\u015ftirilmi\u015f ve PASS teorisinin e\u015fzamanl\u0131 ve ard\u0131l i\u015flem \u00f6zellikleri \u00fczerine kurulmu\u015ftur. Bir okumay\u0131 geli\u015ftirme program\u0131d\u0131r.\" \/>\n<meta name=\"robots\" content=\"noindex, follow, max-snippet:-1, max-image-preview:large, max-video-preview:-1\" \/>\n<meta property=\"og:locale\" content=\"tr_TR\" \/>\n<meta property=\"og:type\" content=\"article\" \/>\n<meta property=\"og:title\" content=\"B\u0130LGEN TERAP\u0130 | T\u00dcRK\u00c7E\/PREP\" \/>\n<meta property=\"og:description\" content=\"Toplumda &quot;\u00d6zel \u00d6\u011frenme G\u00fc\u00e7l\u00fc\u011f\u00fc&quot; ya da genel olarak okuma bozuklu\u011fu anlam\u0131na gelen &quot;Disleksi&quot; ile ilgili \u00e7ocuklara destek sa\u011flamak ad\u0131na PREP, (Emeritus) Prof. J. P. Das taraf\u0131ndan geli\u015ftirilmi\u015f ve PASS teorisinin e\u015fzamanl\u0131 ve ard\u0131l i\u015flem \u00f6zellikleri \u00fczerine kurulmu\u015ftur. Bir okumay\u0131 geli\u015ftirme program\u0131d\u0131r.\" \/>\n<meta property=\"og:url\" content=\"https:\/\/paternika.com\/clients\/bilgenterapi\/hizmetlerimiz\/turkce-prep\/\" \/>\n<meta property=\"og:site_name\" content=\"B\u0130LGEN TERAP\u0130\" \/>\n<meta property=\"article:publisher\" content=\"https:\/\/www.facebook.com\/bilgenterapi\" \/>\n<meta property=\"article:modified_time\" content=\"2025-12-26T12:40:35+00:00\" \/>\n<meta name=\"twitter:card\" content=\"summary_large_image\" \/>\n<meta name=\"twitter:label1\" content=\"Tahmini okuma s\u00fcresi\" \/>\n\t<meta name=\"twitter:data1\" content=\"3 dakika\" \/>\n<script type=\"application\/ld+json\" class=\"yoast-schema-graph\">{\"@context\":\"https:\/\/schema.org\",\"@graph\":[{\"@type\":\"WebPage\",\"@id\":\"https:\/\/paternika.com\/clients\/bilgenterapi\/hizmetlerimiz\/turkce-prep\/\",\"url\":\"https:\/\/paternika.com\/clients\/bilgenterapi\/hizmetlerimiz\/turkce-prep\/\",\"name\":\"B\u0130LGEN TERAP\u0130 | T\u00dcRK\u00c7E\/PREP\",\"isPartOf\":{\"@id\":\"https:\/\/paternika.com\/clients\/bilgenterapi\/#website\"},\"datePublished\":\"2025-01-10T21:35:07+00:00\",\"dateModified\":\"2025-12-26T12:40:35+00:00\",\"description\":\"Toplumda \\\"\u00d6zel \u00d6\u011frenme G\u00fc\u00e7l\u00fc\u011f\u00fc\\\" ya da genel olarak okuma bozuklu\u011fu anlam\u0131na gelen \\\"Disleksi\\\" ile ilgili \u00e7ocuklara destek sa\u011flamak ad\u0131na PREP, (Emeritus) Prof. J. P. Das taraf\u0131ndan geli\u015ftirilmi\u015f ve PASS teorisinin e\u015fzamanl\u0131 ve ard\u0131l i\u015flem \u00f6zellikleri \u00fczerine kurulmu\u015ftur. Bir okumay\u0131 geli\u015ftirme program\u0131d\u0131r.\",\"breadcrumb\":{\"@id\":\"https:\/\/paternika.com\/clients\/bilgenterapi\/hizmetlerimiz\/turkce-prep\/#breadcrumb\"},\"inLanguage\":\"tr\",\"potentialAction\":[{\"@type\":\"ReadAction\",\"target\":[\"https:\/\/paternika.com\/clients\/bilgenterapi\/hizmetlerimiz\/turkce-prep\/\"]}]},{\"@type\":\"BreadcrumbList\",\"@id\":\"https:\/\/paternika.com\/clients\/bilgenterapi\/hizmetlerimiz\/turkce-prep\/#breadcrumb\",\"itemListElement\":[{\"@type\":\"ListItem\",\"position\":1,\"name\":\"Home\",\"item\":\"https:\/\/paternika.com\/clients\/bilgenterapi\/\"},{\"@type\":\"ListItem\",\"position\":2,\"name\":\"H\u0130ZMETLER\u0130M\u0130Z\",\"item\":\"https:\/\/paternika.com\/clients\/bilgenterapi\/hizmetlerimiz\/\"},{\"@type\":\"ListItem\",\"position\":3,\"name\":\"T\u00dcRK\u00c7E\/PREP\"}]},{\"@type\":\"WebSite\",\"@id\":\"https:\/\/paternika.com\/clients\/bilgenterapi\/#website\",\"url\":\"https:\/\/paternika.com\/clients\/bilgenterapi\/\",\"name\":\"B\u0130LGEN TERAP\u0130\",\"description\":\"\",\"publisher\":{\"@id\":\"https:\/\/paternika.com\/clients\/bilgenterapi\/#organization\"},\"potentialAction\":[{\"@type\":\"SearchAction\",\"target\":{\"@type\":\"EntryPoint\",\"urlTemplate\":\"https:\/\/paternika.com\/clients\/bilgenterapi\/?s={search_term_string}\"},\"query-input\":{\"@type\":\"PropertyValueSpecification\",\"valueRequired\":true,\"valueName\":\"search_term_string\"}}],\"inLanguage\":\"tr\"},{\"@type\":\"Organization\",\"@id\":\"https:\/\/paternika.com\/clients\/bilgenterapi\/#organization\",\"name\":\"B\u0130LGEN TERAP\u0130\",\"url\":\"https:\/\/paternika.com\/clients\/bilgenterapi\/\",\"logo\":{\"@type\":\"ImageObject\",\"inLanguage\":\"tr\",\"@id\":\"https:\/\/paternika.com\/clients\/bilgenterapi\/#\/schema\/logo\/image\/\",\"url\":\"https:\/\/www.paternika.com\/clients\/bilgenterapi\/wp-content\/uploads\/2024\/04\/favicon.png\",\"contentUrl\":\"https:\/\/www.paternika.com\/clients\/bilgenterapi\/wp-content\/uploads\/2024\/04\/favicon.png\",\"width\":512,\"height\":512,\"caption\":\"B\u0130LGEN TERAP\u0130\"},\"image\":{\"@id\":\"https:\/\/paternika.com\/clients\/bilgenterapi\/#\/schema\/logo\/image\/\"},\"sameAs\":[\"https:\/\/www.facebook.com\/bilgenterapi\",\"https:\/\/www.instagram.com\/bilgenterapi\",\"https:\/\/www.youtube.com\/@bterapi\"]}]}<\/script>\n<!-- \/ Yoast SEO plugin. -->","yoast_head_json":{"title":"B\u0130LGEN TERAP\u0130 | T\u00dcRK\u00c7E\/PREP","description":"Toplumda \"\u00d6zel \u00d6\u011frenme G\u00fc\u00e7l\u00fc\u011f\u00fc\" ya da genel olarak okuma bozuklu\u011fu anlam\u0131na gelen \"Disleksi\" ile ilgili \u00e7ocuklara destek sa\u011flamak ad\u0131na PREP, (Emeritus) Prof. J. P. Das taraf\u0131ndan geli\u015ftirilmi\u015f ve PASS teorisinin e\u015fzamanl\u0131 ve ard\u0131l i\u015flem \u00f6zellikleri \u00fczerine kurulmu\u015ftur. Bir okumay\u0131 geli\u015ftirme program\u0131d\u0131r.","robots":{"index":"noindex","follow":"follow","max-snippet":"max-snippet:-1","max-image-preview":"max-image-preview:large","max-video-preview":"max-video-preview:-1"},"og_locale":"tr_TR","og_type":"article","og_title":"B\u0130LGEN TERAP\u0130 | T\u00dcRK\u00c7E\/PREP","og_description":"Toplumda \"\u00d6zel \u00d6\u011frenme G\u00fc\u00e7l\u00fc\u011f\u00fc\" ya da genel olarak okuma bozuklu\u011fu anlam\u0131na gelen \"Disleksi\" ile ilgili \u00e7ocuklara destek sa\u011flamak ad\u0131na PREP, (Emeritus) Prof. J. P. Das taraf\u0131ndan geli\u015ftirilmi\u015f ve PASS teorisinin e\u015fzamanl\u0131 ve ard\u0131l i\u015flem \u00f6zellikleri \u00fczerine kurulmu\u015ftur. Bir okumay\u0131 geli\u015ftirme program\u0131d\u0131r.","og_url":"https:\/\/paternika.com\/clients\/bilgenterapi\/hizmetlerimiz\/turkce-prep\/","og_site_name":"B\u0130LGEN TERAP\u0130","article_publisher":"https:\/\/www.facebook.com\/bilgenterapi","article_modified_time":"2025-12-26T12:40:35+00:00","twitter_card":"summary_large_image","twitter_misc":{"Tahmini okuma s\u00fcresi":"3 dakika"},"schema":{"@context":"https:\/\/schema.org","@graph":[{"@type":"WebPage","@id":"https:\/\/paternika.com\/clients\/bilgenterapi\/hizmetlerimiz\/turkce-prep\/","url":"https:\/\/paternika.com\/clients\/bilgenterapi\/hizmetlerimiz\/turkce-prep\/","name":"B\u0130LGEN TERAP\u0130 | T\u00dcRK\u00c7E\/PREP","isPartOf":{"@id":"https:\/\/paternika.com\/clients\/bilgenterapi\/#website"},"datePublished":"2025-01-10T21:35:07+00:00","dateModified":"2025-12-26T12:40:35+00:00","description":"Toplumda \"\u00d6zel \u00d6\u011frenme G\u00fc\u00e7l\u00fc\u011f\u00fc\" ya da genel olarak okuma bozuklu\u011fu anlam\u0131na gelen \"Disleksi\" ile ilgili \u00e7ocuklara destek sa\u011flamak ad\u0131na PREP, (Emeritus) Prof. J. P. Das taraf\u0131ndan geli\u015ftirilmi\u015f ve PASS teorisinin e\u015fzamanl\u0131 ve ard\u0131l i\u015flem \u00f6zellikleri \u00fczerine kurulmu\u015ftur. Bir okumay\u0131 geli\u015ftirme program\u0131d\u0131r.","breadcrumb":{"@id":"https:\/\/paternika.com\/clients\/bilgenterapi\/hizmetlerimiz\/turkce-prep\/#breadcrumb"},"inLanguage":"tr","potentialAction":[{"@type":"ReadAction","target":["https:\/\/paternika.com\/clients\/bilgenterapi\/hizmetlerimiz\/turkce-prep\/"]}]},{"@type":"BreadcrumbList","@id":"https:\/\/paternika.com\/clients\/bilgenterapi\/hizmetlerimiz\/turkce-prep\/#breadcrumb","itemListElement":[{"@type":"ListItem","position":1,"name":"Home","item":"https:\/\/paternika.com\/clients\/bilgenterapi\/"},{"@type":"ListItem","position":2,"name":"H\u0130ZMETLER\u0130M\u0130Z","item":"https:\/\/paternika.com\/clients\/bilgenterapi\/hizmetlerimiz\/"},{"@type":"ListItem","position":3,"name":"T\u00dcRK\u00c7E\/PREP"}]},{"@type":"WebSite","@id":"https:\/\/paternika.com\/clients\/bilgenterapi\/#website","url":"https:\/\/paternika.com\/clients\/bilgenterapi\/","name":"B\u0130LGEN TERAP\u0130","description":"","publisher":{"@id":"https:\/\/paternika.com\/clients\/bilgenterapi\/#organization"},"potentialAction":[{"@type":"SearchAction","target":{"@type":"EntryPoint","urlTemplate":"https:\/\/paternika.com\/clients\/bilgenterapi\/?s={search_term_string}"},"query-input":{"@type":"PropertyValueSpecification","valueRequired":true,"valueName":"search_term_string"}}],"inLanguage":"tr"},{"@type":"Organization","@id":"https:\/\/paternika.com\/clients\/bilgenterapi\/#organization","name":"B\u0130LGEN TERAP\u0130","url":"https:\/\/paternika.com\/clients\/bilgenterapi\/","logo":{"@type":"ImageObject","inLanguage":"tr","@id":"https:\/\/paternika.com\/clients\/bilgenterapi\/#\/schema\/logo\/image\/","url":"https:\/\/www.paternika.com\/clients\/bilgenterapi\/wp-content\/uploads\/2024\/04\/favicon.png","contentUrl":"https:\/\/www.paternika.com\/clients\/bilgenterapi\/wp-content\/uploads\/2024\/04\/favicon.png","width":512,"height":512,"caption":"B\u0130LGEN TERAP\u0130"},"image":{"@id":"https:\/\/paternika.com\/clients\/bilgenterapi\/#\/schema\/logo\/image\/"},"sameAs":["https:\/\/www.facebook.com\/bilgenterapi","https:\/\/www.instagram.com\/bilgenterapi","https:\/\/www.youtube.com\/@bterapi"]}]}},"_links":{"self":[{"href":"https:\/\/paternika.com\/clients\/bilgenterapi\/wp-json\/wp\/v2\/pages\/131263","targetHints":{"allow":["GET"]}}],"collection":[{"href":"https:\/\/paternika.com\/clients\/bilgenterapi\/wp-json\/wp\/v2\/pages"}],"about":[{"href":"https:\/\/paternika.com\/clients\/bilgenterapi\/wp-json\/wp\/v2\/types\/page"}],"author":[{"embeddable":true,"href":"https:\/\/paternika.com\/clients\/bilgenterapi\/wp-json\/wp\/v2\/users\/1"}],"replies":[{"embeddable":true,"href":"https:\/\/paternika.com\/clients\/bilgenterapi\/wp-json\/wp\/v2\/comments?post=131263"}],"version-history":[{"count":9,"href":"https:\/\/paternika.com\/clients\/bilgenterapi\/wp-json\/wp\/v2\/pages\/131263\/revisions"}],"predecessor-version":[{"id":132332,"href":"https:\/\/paternika.com\/clients\/bilgenterapi\/wp-json\/wp\/v2\/pages\/131263\/revisions\/132332"}],"up":[{"embeddable":true,"href":"https:\/\/paternika.com\/clients\/bilgenterapi\/wp-json\/wp\/v2\/pages\/131181"}],"wp:attachment":[{"href":"https:\/\/paternika.com\/clients\/bilgenterapi\/wp-json\/wp\/v2\/media?parent=131263"}],"curies":[{"name":"wp","href":"https:\/\/api.w.org\/{rel}","templated":true}]}}