{"id":131262,"date":"2025-01-11T00:34:28","date_gmt":"2025-01-10T21:34:28","guid":{"rendered":"https:\/\/paternika.com\/clients\/bilgenterapi\/?page_id=131262"},"modified":"2025-12-26T15:35:15","modified_gmt":"2025-12-26T12:35:15","slug":"grup-terapisi","status":"publish","type":"page","link":"https:\/\/paternika.com\/clients\/bilgenterapi\/hizmetlerimiz\/grup-terapisi\/","title":{"rendered":"GRUP TERAP\u0130S\u0130"},"content":{"rendered":"<div class=\"wpb-content-wrapper\"><p>[vc_row row_height_percent=&#8221;100&#8243; override_padding=&#8221;yes&#8221; h_padding=&#8221;2&#8243; top_padding=&#8221;6&#8243; bottom_padding=&#8221;6&#8243; back_color=&#8221;color-nhtu&#8221; back_image=&#8221;131846&#8243; back_position=&#8221;center center&#8221; kburns=&#8221;magnetic&#8221; overlay_color=&#8221;color-jevc&#8221; overlay_alpha=&#8221;15&#8243; gutter_size=&#8221;3&#8243; column_width_percent=&#8221;100&#8243; shift_y=&#8221;0&#8243; z_index=&#8221;1&#8243; content_parallax=&#8221;0&#8243; uncode_shortcode_id=&#8221;132388&#8243; back_color_type=&#8221;uncode-palette&#8221; overlay_color_type=&#8221;uncode-palette&#8221;][vc_column column_width_percent=&#8221;100&#8243; position_vertical=&#8221;middle&#8221; align_horizontal=&#8221;align_center&#8221; gutter_size=&#8221;4&#8243; style=&#8221;dark&#8221; overlay_alpha=&#8221;50&#8243; shift_x=&#8221;0&#8243; shift_y=&#8221;0&#8243; shift_y_down=&#8221;0&#8243; z_index=&#8221;0&#8243; medium_width=&#8221;0&#8243; align_mobile=&#8221;align_center_mobile&#8221; mobile_width=&#8221;0&#8243; css_animation=&#8221;alpha-anim&#8221; animation_speed=&#8221;1000&#8243; animation_delay=&#8221;400&#8243; width=&#8221;1\/1&#8243; uncode_shortcode_id=&#8221;116631&#8243;][vc_row_inner limit_content=&#8221;&#8221;][vc_column_inner column_width_percent=&#8221;100&#8243; align_horizontal=&#8221;align_center&#8221; gutter_size=&#8221;2&#8243; style=&#8221;dark&#8221; overlay_alpha=&#8221;50&#8243; shift_x=&#8221;0&#8243; shift_y=&#8221;0&#8243; shift_y_down=&#8221;0&#8243; z_index=&#8221;0&#8243; medium_width=&#8221;0&#8243; align_mobile=&#8221;align_center_mobile&#8221; mobile_width=&#8221;0&#8243; width=&#8221;1\/1&#8243; uncode_shortcode_id=&#8221;168935&#8243;][vc_custom_heading text_font=&#8221;font-136269&#8243; text_size=&#8221;custom&#8221; text_weight=&#8221;600&#8243; css_animation=&#8221;curtain&#8221; animation_speed=&#8221;1000&#8243; animation_delay=&#8221;200&#8243; title=&#8221;&#8221; uncode_shortcode_id=&#8221;103668&#8243; heading_custom_size=&#8221;76&#8243;]GRUP TERAP\u0130S\u0130[\/vc_custom_heading][vc_custom_heading text_color=&#8221;color-xsdn&#8221; text_font=&#8221;font-136269&#8243; text_weight=&#8221;300&#8243; text_height=&#8221;fontheight-357766&#8243; title=&#8221;&#8221; uncode_shortcode_id=&#8221;148323&#8243; text_color_type=&#8221;uncode-palette&#8221;]Grup terapilerinde, payla\u015f\u0131lan deneyimler ve destekleyici ortam sayesinde kat\u0131l\u0131mc\u0131lar\u0131n psikolojik esneklik kazanmalar\u0131, empati ve anlay\u0131\u015fla ba\u015fkalar\u0131na da yard\u0131mc\u0131 olmalar\u0131 te\u015fvik edilir. Ayr\u0131ca grup terapisi, izolasyon hissini azaltarak sosyal ba\u011flar\u0131 g\u00fc\u00e7lendirir ve kolektif \u00f6\u011frenmeyi destekler.[\/vc_custom_heading][\/vc_column_inner][\/vc_row_inner][vc_icon icon=&#8221;fa fa-arrow-down4&#8243; background_style=&#8221;fa-rounded&#8221; size=&#8221;fa-2x&#8221; icon_automatic=&#8221;yes&#8221; css_animation=&#8221;bottom-t-top&#8221; animation_speed=&#8221;1000&#8243; animation_delay=&#8221;400&#8243; link=&#8221;url:%23intro&#8221; uncode_shortcode_id=&#8221;170959&#8243;][\/vc_icon][\/vc_column][\/vc_row][vc_row row_height_percent=&#8221;0&#8243; override_padding=&#8221;yes&#8221; h_padding=&#8221;2&#8243; top_padding=&#8221;5&#8243; bottom_padding=&#8221;5&#8243; back_color=&#8221;color-xsdn&#8221; overlay_alpha=&#8221;50&#8243; gutter_size=&#8221;4&#8243; column_width_percent=&#8221;100&#8243; shift_y=&#8221;0&#8243; z_index=&#8221;1&#8243; bottom_divider=&#8221;step_3_4&#8243; content_parallax=&#8221;0&#8243; uncode_shortcode_id=&#8221;126796&#8243; back_color_type=&#8221;uncode-palette&#8221; row_name=&#8221;intro&#8221;][vc_column column_width_percent=&#8221;100&#8243; gutter_size=&#8221;4&#8243; overlay_alpha=&#8221;50&#8243; shift_x=&#8221;0&#8243; shift_y=&#8221;0&#8243; shift_y_down=&#8221;0&#8243; z_index=&#8221;0&#8243; medium_width=&#8221;0&#8243; mobile_width=&#8221;0&#8243; css_animation=&#8221;alpha-anim&#8221; animation_speed=&#8221;1000&#8243; width=&#8221;1\/1&#8243; uncode_shortcode_id=&#8221;499678&#8243;][vc_row_inner limit_content=&#8221;&#8221;][vc_column_inner column_width_percent=&#8221;100&#8243; gutter_size=&#8221;3&#8243; overlay_alpha=&#8221;50&#8243; shift_x=&#8221;0&#8243; shift_y=&#8221;0&#8243; shift_y_down=&#8221;0&#8243; z_index=&#8221;0&#8243; medium_width=&#8221;0&#8243; mobile_width=&#8221;0&#8243; width=&#8221;1\/1&#8243; uncode_shortcode_id=&#8221;209263&#8243;][vc_column_text uncode_shortcode_id=&#8221;125887&#8243;]<strong><span style=\"background: -webkit-linear-gradient(45deg, #d93da3, #8445ff); -webkit-background-clip: text; -webkit-text-fill-color: transparent; display: inline-block; font-family: Jost; font-size: 26px;\">GRUP TERAP\u0130S\u0130<\/span><\/strong><\/p>\n<p>Grup oturumlar\u0131 i\u00e7inde, bireyler ya\u015fad\u0131klar\u0131 zorluk konusunda yaln\u0131z olmad\u0131klar\u0131n\u0131 deneyimler, geni\u015f bir payla\u015f\u0131m, empati ve destek alan\u0131 olu\u015ftururlar. Grubun gereksinimine g\u00f6re, yeni ve olumlu davran\u0131\u015f kazand\u0131rma, olumlu ba\u015fa \u00e7\u0131kma becerilerini geli\u015ftirme, uyumsuz davran\u0131\u015flar\u0131n\u0131 grup i\u00e7inde canl\u0131 olarak g\u00f6rme ve bunlar\u0131n de\u011fi\u015ftirilmesi konusunda grup deste\u011fi ve uzman yard\u0131m\u0131 alma, farkl\u0131 yakla\u015f\u0131mlar sunarak ideal \u00e7\u00f6z\u00fcmleri birlikte bulma gibi kazan\u00e7lar sa\u011flar.<\/p>\n<blockquote><p>Bilgen Terapi Enstit\u00fcs\u00fcnde, \u00e7e\u015fitli problemlerle ilgili destek gruplar\u0131, ileti\u015fim becerilerini geli\u015ftirme, \u00f6zellikle s\u0131nav kayg\u0131s\u0131 gibi \u00e7ok \u00e7e\u015fitli konularda grup \u00e7al\u0131\u015fmalar\u0131 d\u00fczenlenmektedir.<\/p><\/blockquote>\n<p>[\/vc_column_text][\/vc_column_inner][\/vc_row_inner][\/vc_column][\/vc_row]<\/p>\n<\/div>","protected":false},"excerpt":{"rendered":"<p>[vc_row row_height_percent=&#8221;100&#8243; override_padding=&#8221;yes&#8221; h_padding=&#8221;2&#8243; top_padding=&#8221;6&#8243; bottom_padding=&#8221;6&#8243; back_color=&#8221;color-nhtu&#8221; back_image=&#8221;131846&#8243; back_position=&#8221;center center&#8221; kburns=&#8221;magnetic&#8221; overlay_color=&#8221;color-jevc&#8221; overlay_alpha=&#8221;15&#8243; gutter_size=&#8221;3&#8243; column_width_percent=&#8221;100&#8243; shift_y=&#8221;0&#8243; z_index=&#8221;1&#8243; content_parallax=&#8221;0&#8243; uncode_shortcode_id=&#8221;132388&#8243; back_color_type=&#8221;uncode-palette&#8221; [&hellip;]<\/p>\n","protected":false},"author":1,"featured_media":0,"parent":131181,"menu_order":0,"comment_status":"closed","ping_status":"closed","template":"","meta":{"inline_featured_image":false,"_locale":"tr_TR","_original_post":"https:\/\/paternika.com\/clients\/bilgenterapi\/?page_id=131262","footnotes":"","_links_to":"","_links_to_target":""},"class_list":["post-131262","page","type-page","status-publish","hentry","tr-TR"],"yoast_head":"<!-- This site is optimized with the Yoast SEO plugin v25.0 - https:\/\/yoast.com\/wordpress\/plugins\/seo\/ -->\n<title>B\u0130LGEN TERAP\u0130 | GRUP TERAP\u0130S\u0130<\/title>\n<meta name=\"description\" content=\"Grup terapilerinde, payla\u015f\u0131lan deneyimler ve destekleyici ortam sayesinde kat\u0131l\u0131mc\u0131lar\u0131n psikolojik esneklik kazanmalar\u0131, empati ve anlay\u0131\u015fla ba\u015fkalar\u0131na da yard\u0131mc\u0131 olmalar\u0131 te\u015fvik edilir. Ayr\u0131ca grup terapisi, izolasyon hissini azaltarak sosyal ba\u011flar\u0131 g\u00fc\u00e7lendirir ve kolektif \u00f6\u011frenmeyi destekler.\" \/>\n<meta name=\"robots\" content=\"noindex, follow, max-snippet:-1, max-image-preview:large, max-video-preview:-1\" \/>\n<meta property=\"og:locale\" content=\"tr_TR\" \/>\n<meta property=\"og:type\" content=\"article\" \/>\n<meta property=\"og:title\" content=\"B\u0130LGEN TERAP\u0130 | GRUP TERAP\u0130S\u0130\" \/>\n<meta property=\"og:description\" content=\"Grup terapilerinde, payla\u015f\u0131lan deneyimler ve destekleyici ortam sayesinde kat\u0131l\u0131mc\u0131lar\u0131n psikolojik esneklik kazanmalar\u0131, empati ve anlay\u0131\u015fla ba\u015fkalar\u0131na da yard\u0131mc\u0131 olmalar\u0131 te\u015fvik edilir. Ayr\u0131ca grup terapisi, izolasyon hissini azaltarak sosyal ba\u011flar\u0131 g\u00fc\u00e7lendirir ve kolektif \u00f6\u011frenmeyi destekler.\" \/>\n<meta property=\"og:url\" content=\"https:\/\/paternika.com\/clients\/bilgenterapi\/hizmetlerimiz\/grup-terapisi\/\" \/>\n<meta property=\"og:site_name\" content=\"B\u0130LGEN TERAP\u0130\" \/>\n<meta property=\"article:publisher\" content=\"https:\/\/www.facebook.com\/bilgenterapi\" \/>\n<meta property=\"article:modified_time\" content=\"2025-12-26T12:35:15+00:00\" \/>\n<meta name=\"twitter:card\" content=\"summary_large_image\" \/>\n<meta name=\"twitter:label1\" content=\"Tahmini okuma s\u00fcresi\" \/>\n\t<meta name=\"twitter:data1\" content=\"2 dakika\" \/>\n<script type=\"application\/ld+json\" class=\"yoast-schema-graph\">{\"@context\":\"https:\/\/schema.org\",\"@graph\":[{\"@type\":\"WebPage\",\"@id\":\"https:\/\/paternika.com\/clients\/bilgenterapi\/hizmetlerimiz\/grup-terapisi\/\",\"url\":\"https:\/\/paternika.com\/clients\/bilgenterapi\/hizmetlerimiz\/grup-terapisi\/\",\"name\":\"B\u0130LGEN TERAP\u0130 | GRUP TERAP\u0130S\u0130\",\"isPartOf\":{\"@id\":\"https:\/\/paternika.com\/clients\/bilgenterapi\/#website\"},\"datePublished\":\"2025-01-10T21:34:28+00:00\",\"dateModified\":\"2025-12-26T12:35:15+00:00\",\"description\":\"Grup terapilerinde, payla\u015f\u0131lan deneyimler ve destekleyici ortam sayesinde kat\u0131l\u0131mc\u0131lar\u0131n psikolojik esneklik kazanmalar\u0131, empati ve anlay\u0131\u015fla ba\u015fkalar\u0131na da yard\u0131mc\u0131 olmalar\u0131 te\u015fvik edilir. Ayr\u0131ca grup terapisi, izolasyon hissini azaltarak sosyal ba\u011flar\u0131 g\u00fc\u00e7lendirir ve kolektif \u00f6\u011frenmeyi destekler.\",\"breadcrumb\":{\"@id\":\"https:\/\/paternika.com\/clients\/bilgenterapi\/hizmetlerimiz\/grup-terapisi\/#breadcrumb\"},\"inLanguage\":\"tr\",\"potentialAction\":[{\"@type\":\"ReadAction\",\"target\":[\"https:\/\/paternika.com\/clients\/bilgenterapi\/hizmetlerimiz\/grup-terapisi\/\"]}]},{\"@type\":\"BreadcrumbList\",\"@id\":\"https:\/\/paternika.com\/clients\/bilgenterapi\/hizmetlerimiz\/grup-terapisi\/#breadcrumb\",\"itemListElement\":[{\"@type\":\"ListItem\",\"position\":1,\"name\":\"Home\",\"item\":\"https:\/\/paternika.com\/clients\/bilgenterapi\/\"},{\"@type\":\"ListItem\",\"position\":2,\"name\":\"H\u0130ZMETLER\u0130M\u0130Z\",\"item\":\"https:\/\/paternika.com\/clients\/bilgenterapi\/hizmetlerimiz\/\"},{\"@type\":\"ListItem\",\"position\":3,\"name\":\"GRUP TERAP\u0130S\u0130\"}]},{\"@type\":\"WebSite\",\"@id\":\"https:\/\/paternika.com\/clients\/bilgenterapi\/#website\",\"url\":\"https:\/\/paternika.com\/clients\/bilgenterapi\/\",\"name\":\"B\u0130LGEN TERAP\u0130\",\"description\":\"\",\"publisher\":{\"@id\":\"https:\/\/paternika.com\/clients\/bilgenterapi\/#organization\"},\"potentialAction\":[{\"@type\":\"SearchAction\",\"target\":{\"@type\":\"EntryPoint\",\"urlTemplate\":\"https:\/\/paternika.com\/clients\/bilgenterapi\/?s={search_term_string}\"},\"query-input\":{\"@type\":\"PropertyValueSpecification\",\"valueRequired\":true,\"valueName\":\"search_term_string\"}}],\"inLanguage\":\"tr\"},{\"@type\":\"Organization\",\"@id\":\"https:\/\/paternika.com\/clients\/bilgenterapi\/#organization\",\"name\":\"B\u0130LGEN TERAP\u0130\",\"url\":\"https:\/\/paternika.com\/clients\/bilgenterapi\/\",\"logo\":{\"@type\":\"ImageObject\",\"inLanguage\":\"tr\",\"@id\":\"https:\/\/paternika.com\/clients\/bilgenterapi\/#\/schema\/logo\/image\/\",\"url\":\"https:\/\/www.paternika.com\/clients\/bilgenterapi\/wp-content\/uploads\/2024\/04\/favicon.png\",\"contentUrl\":\"https:\/\/www.paternika.com\/clients\/bilgenterapi\/wp-content\/uploads\/2024\/04\/favicon.png\",\"width\":512,\"height\":512,\"caption\":\"B\u0130LGEN TERAP\u0130\"},\"image\":{\"@id\":\"https:\/\/paternika.com\/clients\/bilgenterapi\/#\/schema\/logo\/image\/\"},\"sameAs\":[\"https:\/\/www.facebook.com\/bilgenterapi\",\"https:\/\/www.instagram.com\/bilgenterapi\",\"https:\/\/www.youtube.com\/@bterapi\"]}]}<\/script>\n<!-- \/ Yoast SEO plugin. -->","yoast_head_json":{"title":"B\u0130LGEN TERAP\u0130 | GRUP TERAP\u0130S\u0130","description":"Grup terapilerinde, payla\u015f\u0131lan deneyimler ve destekleyici ortam sayesinde kat\u0131l\u0131mc\u0131lar\u0131n psikolojik esneklik kazanmalar\u0131, empati ve anlay\u0131\u015fla ba\u015fkalar\u0131na da yard\u0131mc\u0131 olmalar\u0131 te\u015fvik edilir. Ayr\u0131ca grup terapisi, izolasyon hissini azaltarak sosyal ba\u011flar\u0131 g\u00fc\u00e7lendirir ve kolektif \u00f6\u011frenmeyi destekler.","robots":{"index":"noindex","follow":"follow","max-snippet":"max-snippet:-1","max-image-preview":"max-image-preview:large","max-video-preview":"max-video-preview:-1"},"og_locale":"tr_TR","og_type":"article","og_title":"B\u0130LGEN TERAP\u0130 | GRUP TERAP\u0130S\u0130","og_description":"Grup terapilerinde, payla\u015f\u0131lan deneyimler ve destekleyici ortam sayesinde kat\u0131l\u0131mc\u0131lar\u0131n psikolojik esneklik kazanmalar\u0131, empati ve anlay\u0131\u015fla ba\u015fkalar\u0131na da yard\u0131mc\u0131 olmalar\u0131 te\u015fvik edilir. Ayr\u0131ca grup terapisi, izolasyon hissini azaltarak sosyal ba\u011flar\u0131 g\u00fc\u00e7lendirir ve kolektif \u00f6\u011frenmeyi destekler.","og_url":"https:\/\/paternika.com\/clients\/bilgenterapi\/hizmetlerimiz\/grup-terapisi\/","og_site_name":"B\u0130LGEN TERAP\u0130","article_publisher":"https:\/\/www.facebook.com\/bilgenterapi","article_modified_time":"2025-12-26T12:35:15+00:00","twitter_card":"summary_large_image","twitter_misc":{"Tahmini okuma s\u00fcresi":"2 dakika"},"schema":{"@context":"https:\/\/schema.org","@graph":[{"@type":"WebPage","@id":"https:\/\/paternika.com\/clients\/bilgenterapi\/hizmetlerimiz\/grup-terapisi\/","url":"https:\/\/paternika.com\/clients\/bilgenterapi\/hizmetlerimiz\/grup-terapisi\/","name":"B\u0130LGEN TERAP\u0130 | GRUP TERAP\u0130S\u0130","isPartOf":{"@id":"https:\/\/paternika.com\/clients\/bilgenterapi\/#website"},"datePublished":"2025-01-10T21:34:28+00:00","dateModified":"2025-12-26T12:35:15+00:00","description":"Grup terapilerinde, payla\u015f\u0131lan deneyimler ve destekleyici ortam sayesinde kat\u0131l\u0131mc\u0131lar\u0131n psikolojik esneklik kazanmalar\u0131, empati ve anlay\u0131\u015fla ba\u015fkalar\u0131na da yard\u0131mc\u0131 olmalar\u0131 te\u015fvik edilir. Ayr\u0131ca grup terapisi, izolasyon hissini azaltarak sosyal ba\u011flar\u0131 g\u00fc\u00e7lendirir ve kolektif \u00f6\u011frenmeyi destekler.","breadcrumb":{"@id":"https:\/\/paternika.com\/clients\/bilgenterapi\/hizmetlerimiz\/grup-terapisi\/#breadcrumb"},"inLanguage":"tr","potentialAction":[{"@type":"ReadAction","target":["https:\/\/paternika.com\/clients\/bilgenterapi\/hizmetlerimiz\/grup-terapisi\/"]}]},{"@type":"BreadcrumbList","@id":"https:\/\/paternika.com\/clients\/bilgenterapi\/hizmetlerimiz\/grup-terapisi\/#breadcrumb","itemListElement":[{"@type":"ListItem","position":1,"name":"Home","item":"https:\/\/paternika.com\/clients\/bilgenterapi\/"},{"@type":"ListItem","position":2,"name":"H\u0130ZMETLER\u0130M\u0130Z","item":"https:\/\/paternika.com\/clients\/bilgenterapi\/hizmetlerimiz\/"},{"@type":"ListItem","position":3,"name":"GRUP TERAP\u0130S\u0130"}]},{"@type":"WebSite","@id":"https:\/\/paternika.com\/clients\/bilgenterapi\/#website","url":"https:\/\/paternika.com\/clients\/bilgenterapi\/","name":"B\u0130LGEN TERAP\u0130","description":"","publisher":{"@id":"https:\/\/paternika.com\/clients\/bilgenterapi\/#organization"},"potentialAction":[{"@type":"SearchAction","target":{"@type":"EntryPoint","urlTemplate":"https:\/\/paternika.com\/clients\/bilgenterapi\/?s={search_term_string}"},"query-input":{"@type":"PropertyValueSpecification","valueRequired":true,"valueName":"search_term_string"}}],"inLanguage":"tr"},{"@type":"Organization","@id":"https:\/\/paternika.com\/clients\/bilgenterapi\/#organization","name":"B\u0130LGEN TERAP\u0130","url":"https:\/\/paternika.com\/clients\/bilgenterapi\/","logo":{"@type":"ImageObject","inLanguage":"tr","@id":"https:\/\/paternika.com\/clients\/bilgenterapi\/#\/schema\/logo\/image\/","url":"https:\/\/www.paternika.com\/clients\/bilgenterapi\/wp-content\/uploads\/2024\/04\/favicon.png","contentUrl":"https:\/\/www.paternika.com\/clients\/bilgenterapi\/wp-content\/uploads\/2024\/04\/favicon.png","width":512,"height":512,"caption":"B\u0130LGEN TERAP\u0130"},"image":{"@id":"https:\/\/paternika.com\/clients\/bilgenterapi\/#\/schema\/logo\/image\/"},"sameAs":["https:\/\/www.facebook.com\/bilgenterapi","https:\/\/www.instagram.com\/bilgenterapi","https:\/\/www.youtube.com\/@bterapi"]}]}},"_links":{"self":[{"href":"https:\/\/paternika.com\/clients\/bilgenterapi\/wp-json\/wp\/v2\/pages\/131262","targetHints":{"allow":["GET"]}}],"collection":[{"href":"https:\/\/paternika.com\/clients\/bilgenterapi\/wp-json\/wp\/v2\/pages"}],"about":[{"href":"https:\/\/paternika.com\/clients\/bilgenterapi\/wp-json\/wp\/v2\/types\/page"}],"author":[{"embeddable":true,"href":"https:\/\/paternika.com\/clients\/bilgenterapi\/wp-json\/wp\/v2\/users\/1"}],"replies":[{"embeddable":true,"href":"https:\/\/paternika.com\/clients\/bilgenterapi\/wp-json\/wp\/v2\/comments?post=131262"}],"version-history":[{"count":12,"href":"https:\/\/paternika.com\/clients\/bilgenterapi\/wp-json\/wp\/v2\/pages\/131262\/revisions"}],"predecessor-version":[{"id":132403,"href":"https:\/\/paternika.com\/clients\/bilgenterapi\/wp-json\/wp\/v2\/pages\/131262\/revisions\/132403"}],"up":[{"embeddable":true,"href":"https:\/\/paternika.com\/clients\/bilgenterapi\/wp-json\/wp\/v2\/pages\/131181"}],"wp:attachment":[{"href":"https:\/\/paternika.com\/clients\/bilgenterapi\/wp-json\/wp\/v2\/media?parent=131262"}],"curies":[{"name":"wp","href":"https:\/\/api.w.org\/{rel}","templated":true}]}}