{"id":131260,"date":"2025-01-11T00:34:05","date_gmt":"2025-01-10T21:34:05","guid":{"rendered":"https:\/\/paternika.com\/clients\/bilgenterapi\/?page_id=131260"},"modified":"2025-12-26T15:33:07","modified_gmt":"2025-12-26T12:33:07","slug":"cift-aile-terapisi","status":"publish","type":"page","link":"https:\/\/paternika.com\/clients\/bilgenterapi\/hizmetlerimiz\/cift-aile-terapisi\/","title":{"rendered":"\u00c7\u0130FT\/A\u0130LE TERAP\u0130S\u0130"},"content":{"rendered":"<div class=\"wpb-content-wrapper\"><p>[vc_row row_height_percent=&#8221;100&#8243; override_padding=&#8221;yes&#8221; h_padding=&#8221;2&#8243; top_padding=&#8221;6&#8243; bottom_padding=&#8221;6&#8243; back_color=&#8221;color-nhtu&#8221; back_image=&#8221;132377&#8243; back_position=&#8221;center bottom&#8221; kburns=&#8221;magnetic&#8221; overlay_color=&#8221;color-jevc&#8221; overlay_alpha=&#8221;15&#8243; gutter_size=&#8221;3&#8243; column_width_percent=&#8221;100&#8243; shift_y=&#8221;0&#8243; z_index=&#8221;1&#8243; content_parallax=&#8221;0&#8243; uncode_shortcode_id=&#8221;565825&#8243; back_color_type=&#8221;uncode-palette&#8221; overlay_color_type=&#8221;uncode-palette&#8221;][vc_column column_width_percent=&#8221;100&#8243; position_vertical=&#8221;middle&#8221; align_horizontal=&#8221;align_center&#8221; gutter_size=&#8221;4&#8243; style=&#8221;dark&#8221; overlay_alpha=&#8221;50&#8243; shift_x=&#8221;0&#8243; shift_y=&#8221;0&#8243; shift_y_down=&#8221;0&#8243; z_index=&#8221;0&#8243; medium_width=&#8221;0&#8243; align_mobile=&#8221;align_center_mobile&#8221; mobile_width=&#8221;0&#8243; css_animation=&#8221;alpha-anim&#8221; animation_speed=&#8221;1000&#8243; animation_delay=&#8221;400&#8243; width=&#8221;1\/1&#8243; uncode_shortcode_id=&#8221;116631&#8243;][vc_row_inner limit_content=&#8221;&#8221;][vc_column_inner column_width_percent=&#8221;100&#8243; align_horizontal=&#8221;align_center&#8221; gutter_size=&#8221;2&#8243; style=&#8221;dark&#8221; overlay_alpha=&#8221;50&#8243; shift_x=&#8221;0&#8243; shift_y=&#8221;0&#8243; shift_y_down=&#8221;0&#8243; z_index=&#8221;0&#8243; medium_width=&#8221;0&#8243; align_mobile=&#8221;align_center_mobile&#8221; mobile_width=&#8221;0&#8243; width=&#8221;1\/1&#8243; uncode_shortcode_id=&#8221;168935&#8243;][vc_custom_heading text_font=&#8221;font-136269&#8243; text_size=&#8221;custom&#8221; text_weight=&#8221;600&#8243; css_animation=&#8221;curtain&#8221; animation_speed=&#8221;1000&#8243; animation_delay=&#8221;200&#8243; title=&#8221;&#8221; uncode_shortcode_id=&#8221;474309&#8243; heading_custom_size=&#8221;76&#8243;]\u00c7\u0130FT\/A\u0130LE TERAP\u0130S\u0130[\/vc_custom_heading][vc_custom_heading text_color=&#8221;color-xsdn&#8221; text_font=&#8221;font-136269&#8243; text_weight=&#8221;300&#8243; text_height=&#8221;fontheight-357766&#8243; title=&#8221;&#8221; uncode_shortcode_id=&#8221;134085&#8243; text_color_type=&#8221;uncode-palette&#8221;]\u00c7ift\/aile terapisi, \u00e7iftlerin psikolojik esneklik kazanarak daha sa\u011fl\u0131kl\u0131 ve tatmin edici ili\u015fkiler kurmalar\u0131na yard\u0131mc\u0131 olur. Ayr\u0131ca, stres ve \u00e7at\u0131\u015fma durumlar\u0131nda daha etkili ileti\u015fim ve \u00e7\u00f6z\u00fcm becerileri geli\u015ftirmelerine olanak tan\u0131r.[\/vc_custom_heading][\/vc_column_inner][\/vc_row_inner][vc_icon icon=&#8221;fa fa-arrow-down4&#8243; background_style=&#8221;fa-rounded&#8221; size=&#8221;fa-2x&#8221; icon_automatic=&#8221;yes&#8221; css_animation=&#8221;bottom-t-top&#8221; animation_speed=&#8221;1000&#8243; animation_delay=&#8221;400&#8243; link=&#8221;url:%23intro&#8221; uncode_shortcode_id=&#8221;170959&#8243;][\/vc_icon][\/vc_column][\/vc_row][vc_row row_height_percent=&#8221;0&#8243; override_padding=&#8221;yes&#8221; h_padding=&#8221;2&#8243; top_padding=&#8221;5&#8243; bottom_padding=&#8221;5&#8243; back_color=&#8221;color-xsdn&#8221; overlay_alpha=&#8221;50&#8243; gutter_size=&#8221;4&#8243; column_width_percent=&#8221;100&#8243; shift_y=&#8221;0&#8243; z_index=&#8221;1&#8243; bottom_divider=&#8221;step_3_4&#8243; content_parallax=&#8221;0&#8243; uncode_shortcode_id=&#8221;126796&#8243; back_color_type=&#8221;uncode-palette&#8221; row_name=&#8221;intro&#8221;][vc_column column_width_percent=&#8221;100&#8243; gutter_size=&#8221;4&#8243; overlay_alpha=&#8221;50&#8243; shift_x=&#8221;0&#8243; shift_y=&#8221;0&#8243; shift_y_down=&#8221;0&#8243; z_index=&#8221;0&#8243; medium_width=&#8221;0&#8243; mobile_width=&#8221;0&#8243; css_animation=&#8221;alpha-anim&#8221; animation_speed=&#8221;1000&#8243; width=&#8221;1\/1&#8243; uncode_shortcode_id=&#8221;499678&#8243;][vc_row_inner limit_content=&#8221;&#8221;][vc_column_inner column_width_percent=&#8221;100&#8243; gutter_size=&#8221;3&#8243; overlay_alpha=&#8221;50&#8243; shift_x=&#8221;0&#8243; shift_y=&#8221;0&#8243; shift_y_down=&#8221;0&#8243; z_index=&#8221;0&#8243; medium_width=&#8221;0&#8243; mobile_width=&#8221;0&#8243; width=&#8221;1\/1&#8243; uncode_shortcode_id=&#8221;209263&#8243;][vc_column_text uncode_shortcode_id=&#8221;711735&#8243;]<strong><span style=\"background: -webkit-linear-gradient(45deg, #d93da3, #8445ff); -webkit-background-clip: text; -webkit-text-fill-color: transparent; display: inline-block; font-family: Jost; font-size: 26px;\">\u00c7\u0130FT\/A\u0130LE TERAP\u0130S\u0130<\/span><\/strong><\/p>\n<p>\u0130\u015flerin neden yolunda gitmedi\u011fine ili\u015fkin a\u00e7\u0131klamalar \u00e7o\u011fu kez \u00e7ok yararl\u0131 olamamaktad\u0131r, \u00e7\u00fcnk\u00fc iyi bir a\u00e7\u0131klama sahibi olmak hi\u00e7bir \u015feyi de\u011fi\u015ftirmemektedir.<\/p>\n<p>\u00c7o\u011fu yakla\u015f\u0131m sorunlara bir i\u00e7g\u00f6r\u00fc kazand\u0131rmakta ve sorun \u00e7\u00f6zme konusunda bir motivasyon olu\u015fturmakta, ancak e\u015flerin bunu nas\u0131l ba\u015faraca\u011f\u0131n\u0131 yeterince net bir \u015fekilde ortaya koyamamaktad\u0131r. \u0130li\u015fkiler sorunlu hale geldi\u011finde kimin hangi oranda \u201csu\u00e7lu\u201d oldu\u011fu pek \u00f6nemli bir sorun olmamaktad\u0131r. Esas olan mevcut sorunu \u00e7\u00f6zme do\u011frultusunda etkili bir y\u00f6ntem geli\u015ftirmektir. Bu nedenle terapi \u00e7iftlere a\u00e7\u0131klama yerine kar\u015f\u0131l\u0131kl\u0131 olarak harekete ge\u00e7meyi \u00f6nermelidir. \u00c7\u00fcnk\u00fc,<\/p>\n<p style=\"margin-top: 15px; text-indent: -20px; margin-left: 20px;\"><span style=\"color: #fe4641;\">\u2713 \u00a0<\/span> Kimse neyi ni\u00e7in yapt\u0131\u011f\u0131m\u0131z\u0131 kesin olarak bildi\u011fini s\u00f6yleyemez<\/p>\n<p style=\"margin-top: 0px; text-indent: -20px; margin-left: 20px;\"><span style=\"color: #fe4641;\">\u2713 \u00a0<\/span> \u0130li\u015fkilerde mant\u0131kl\u0131 a\u00e7\u0131klamalar sorunu \u00e7\u00f6zmekte yeterli olamamaktad\u0131r Birbirlerinin ki\u015filiklerini analiz etmek veya de\u011fi\u015ftirmek yerine davran\u0131\u015f bi\u00e7imlerine ve g\u00f6r\u00fc\u015f ayr\u0131l\u0131klar\u0131na, Ge\u00e7mi\u015ften \u00e7ok bug\u00fcn ve gelecek \u00fczerine, Yap\u0131lmas\u0131n\u0131 istemediklerinden \u00e7ok yap\u0131lmas\u0131n\u0131 istediklerine, odaklanmalar\u0131d\u0131r.<\/p>\n<h4><span style=\"background: #d93da3; color: #ffffff; font-size: 17px; letter-spacing: 0.5px; padding: 4px 6px;\">BU NOKTADA EN \u00d6NEML\u0130 TUTUM<\/span><\/h4>\n<p>Mevcut sorunu e\u015flerden birinde de\u011fil, e\u015fler aras\u0131ndaki ili\u015fkiden kaynaklanan bir sorun gibi tan\u0131mlayabilmek, e\u015flerin her ikisine ait y\u00f6nlerin olabilece\u011fini belirtmek, yine bu noktada \u00e7iftlere mevcut sorunlar\u0131n yaln\u0131zca kendilerine \u00f6zg\u00fc olmad\u0131\u011f\u0131, benzeri sorunlar\u0131 olan baz\u0131 \u00e7iftlerin ayn\u0131 sorunlar\u0131 etkin bir bi\u00e7imde \u00e7\u00f6zebildikleri aktar\u0131lmal\u0131 ve sorunun \u00f6ncelikle;<\/p>\n<p style=\"margin-top: 15px; text-indent: -20px; margin-left: 20px;\"><span style=\"color: #fe4641;\">\u2713 \u00a0<\/span> \u0130LET\u0130\u015e\u0130MS\u0130ZL\u0130K, YETERS\u0130Z \u0130LET\u0130\u015e\u0130M ya da \u0130LET\u0130\u015e\u0130M HATALARINDAN<\/p>\n<p style=\"margin-top: 0px; text-indent: -20px; margin-left: 20px;\"><span style=\"color: #fe4641;\">\u2713 \u00a0<\/span> SORUN \u00c7\u00d6ZME Y\u00d6NTEMLER\u0130N\u0130N YETERS\u0130ZL\u0130\u011e\u0130NDEN KAYNAKLANDI\u011eINI belirtmek gerekir.<\/p>\n<blockquote><p>Bu yeni form\u00fclasyon ile terapist, e\u015fler aras\u0131ndaki etkile\u015fimin i\u00e7erik ve detaylar\u0131ndan \u00e7ok, etkile\u015fimin S\u00dcREC\u0130NE ve TEKRARLAYAN B\u0130\u00c7\u0130MLER\u0130NE odaklan\u0131r. Sistemik bak\u0131\u015f a\u00e7\u0131s\u0131 \u00f6zellikle belirli bir semptomun (etkile\u015fim bi\u00e7iminin) hi\u00e7 de\u011fi\u015fmeden tekrarlad\u0131\u011f\u0131 durumlarda, tekrarlay\u0131c\u0131 paternin bu \u00e7ift i\u00e7in neden bu kadar gerekli oldu\u011funu, ba\u015fka bir deyi\u015fle SEMPTOMUN \u0130\u015eLEV\u0130N\u0130 anlamakta b\u00fcy\u00fck \u00f6nemi vard\u0131r. \u0130li\u015fkilerde sorunlar, e\u015flerden biri HASTA, SU\u00c7LU, SORUMSUZ, HATALI oldu\u011fu i\u00e7in de\u011fil, her iki partnerin de katk\u0131da bulundu\u011fu karma\u015f\u0131k etkile\u015fim bi\u00e7imlerinden kaynaklan\u0131r.<\/p><\/blockquote>\n<p>Sistemik bak\u0131\u015f a\u00e7\u0131s\u0131yla bu etkile\u015fimin en \u00f6nemli yan\u0131 d\u00f6ng\u00fcsellik, ELE\u015eT\u0130R\u0130LER\u0130N B\u0130RB\u0130R\u0130N\u0130 TAK\u0130P ED\u0130YOR OLMASI. Koca ele\u015ftirince, kar\u0131s\u0131 da ele\u015ftiriyor ya da kar\u0131s\u0131 ele\u015ftirince, koca da ele\u015ftiriyor. E\u015flerin hi\u00e7birisi tart\u0131\u015fman\u0131n nedeni de\u011fil, sorun ili\u015fkinin tekrarlayan ele\u015ftirel paterninde.<\/p>\n<h4><span style=\"background: #d93da3; color: #ffffff; font-size: 17px; letter-spacing: 0.5px; padding: 4px 6px;\">SONU\u00c7<\/span><\/h4>\n<p>Sistemler teorisi, payla\u015f\u0131m\u0131 getirmekte, olumsuz ya\u015fam olaylar\u0131 kar\u015f\u0131s\u0131nda esnek bir bak\u0131\u015f a\u00e7\u0131s\u0131 olu\u015fturarak, ili\u015fkinin her \u015feye ra\u011fmen devam edebildi\u011fini ve e\u015flerden birini huzursuzluk kayna\u011f\u0131 olarak g\u00f6rmek yerine, her iki e\u015fin de mevcut duruma katk\u0131da bulundu\u011funu vurgulamaktad\u0131r.[\/vc_column_text][\/vc_column_inner][\/vc_row_inner][\/vc_column][\/vc_row]<\/p>\n<\/div>","protected":false},"excerpt":{"rendered":"<p>[vc_row row_height_percent=&#8221;100&#8243; override_padding=&#8221;yes&#8221; h_padding=&#8221;2&#8243; top_padding=&#8221;6&#8243; bottom_padding=&#8221;6&#8243; back_color=&#8221;color-nhtu&#8221; back_image=&#8221;132377&#8243; back_position=&#8221;center bottom&#8221; kburns=&#8221;magnetic&#8221; overlay_color=&#8221;color-jevc&#8221; overlay_alpha=&#8221;15&#8243; gutter_size=&#8221;3&#8243; column_width_percent=&#8221;100&#8243; shift_y=&#8221;0&#8243; z_index=&#8221;1&#8243; content_parallax=&#8221;0&#8243; uncode_shortcode_id=&#8221;565825&#8243; back_color_type=&#8221;uncode-palette&#8221; [&hellip;]<\/p>\n","protected":false},"author":1,"featured_media":0,"parent":131181,"menu_order":0,"comment_status":"closed","ping_status":"closed","template":"","meta":{"inline_featured_image":false,"_locale":"tr_TR","_original_post":"https:\/\/paternika.com\/clients\/bilgenterapi\/?page_id=131260","footnotes":"","_links_to":"","_links_to_target":""},"class_list":["post-131260","page","type-page","status-publish","hentry","tr-TR"],"yoast_head":"<!-- This site is optimized with the Yoast SEO plugin v25.0 - https:\/\/yoast.com\/wordpress\/plugins\/seo\/ -->\n<title>B\u0130LGEN TERAP\u0130 | \u00c7\u0130FT\/A\u0130LE TERAP\u0130S\u0130<\/title>\n<meta name=\"description\" content=\"\u00c7ift\/aile terapisi, \u00e7iftlerin psikolojik esneklik kazanarak daha sa\u011fl\u0131kl\u0131 ve tatmin edici ili\u015fkiler kurmalar\u0131na yard\u0131mc\u0131 olur. Ayr\u0131ca, stres ve \u00e7at\u0131\u015fma durumlar\u0131nda daha etkili ileti\u015fim ve \u00e7\u00f6z\u00fcm becerileri geli\u015ftirmelerine olanak tan\u0131r.\" \/>\n<meta name=\"robots\" content=\"noindex, follow, max-snippet:-1, max-image-preview:large, max-video-preview:-1\" \/>\n<meta property=\"og:locale\" content=\"tr_TR\" \/>\n<meta property=\"og:type\" content=\"article\" \/>\n<meta property=\"og:title\" content=\"B\u0130LGEN TERAP\u0130 | \u00c7\u0130FT\/A\u0130LE TERAP\u0130S\u0130\" \/>\n<meta property=\"og:description\" content=\"\u00c7ift\/aile terapisi, \u00e7iftlerin psikolojik esneklik kazanarak daha sa\u011fl\u0131kl\u0131 ve tatmin edici ili\u015fkiler kurmalar\u0131na yard\u0131mc\u0131 olur. Ayr\u0131ca, stres ve \u00e7at\u0131\u015fma durumlar\u0131nda daha etkili ileti\u015fim ve \u00e7\u00f6z\u00fcm becerileri geli\u015ftirmelerine olanak tan\u0131r.\" \/>\n<meta property=\"og:url\" content=\"https:\/\/paternika.com\/clients\/bilgenterapi\/hizmetlerimiz\/cift-aile-terapisi\/\" \/>\n<meta property=\"og:site_name\" content=\"B\u0130LGEN TERAP\u0130\" \/>\n<meta property=\"article:publisher\" content=\"https:\/\/www.facebook.com\/bilgenterapi\" \/>\n<meta property=\"article:modified_time\" content=\"2025-12-26T12:33:07+00:00\" \/>\n<meta name=\"twitter:card\" content=\"summary_large_image\" \/>\n<meta name=\"twitter:label1\" content=\"Tahmini okuma s\u00fcresi\" \/>\n\t<meta name=\"twitter:data1\" content=\"3 dakika\" \/>\n<script type=\"application\/ld+json\" class=\"yoast-schema-graph\">{\"@context\":\"https:\/\/schema.org\",\"@graph\":[{\"@type\":\"WebPage\",\"@id\":\"https:\/\/paternika.com\/clients\/bilgenterapi\/hizmetlerimiz\/cift-aile-terapisi\/\",\"url\":\"https:\/\/paternika.com\/clients\/bilgenterapi\/hizmetlerimiz\/cift-aile-terapisi\/\",\"name\":\"B\u0130LGEN TERAP\u0130 | \u00c7\u0130FT\/A\u0130LE TERAP\u0130S\u0130\",\"isPartOf\":{\"@id\":\"https:\/\/paternika.com\/clients\/bilgenterapi\/#website\"},\"datePublished\":\"2025-01-10T21:34:05+00:00\",\"dateModified\":\"2025-12-26T12:33:07+00:00\",\"description\":\"\u00c7ift\/aile terapisi, \u00e7iftlerin psikolojik esneklik kazanarak daha sa\u011fl\u0131kl\u0131 ve tatmin edici ili\u015fkiler kurmalar\u0131na yard\u0131mc\u0131 olur. Ayr\u0131ca, stres ve \u00e7at\u0131\u015fma durumlar\u0131nda daha etkili ileti\u015fim ve \u00e7\u00f6z\u00fcm becerileri geli\u015ftirmelerine olanak tan\u0131r.\",\"breadcrumb\":{\"@id\":\"https:\/\/paternika.com\/clients\/bilgenterapi\/hizmetlerimiz\/cift-aile-terapisi\/#breadcrumb\"},\"inLanguage\":\"tr\",\"potentialAction\":[{\"@type\":\"ReadAction\",\"target\":[\"https:\/\/paternika.com\/clients\/bilgenterapi\/hizmetlerimiz\/cift-aile-terapisi\/\"]}]},{\"@type\":\"BreadcrumbList\",\"@id\":\"https:\/\/paternika.com\/clients\/bilgenterapi\/hizmetlerimiz\/cift-aile-terapisi\/#breadcrumb\",\"itemListElement\":[{\"@type\":\"ListItem\",\"position\":1,\"name\":\"Home\",\"item\":\"https:\/\/paternika.com\/clients\/bilgenterapi\/\"},{\"@type\":\"ListItem\",\"position\":2,\"name\":\"H\u0130ZMETLER\u0130M\u0130Z\",\"item\":\"https:\/\/paternika.com\/clients\/bilgenterapi\/hizmetlerimiz\/\"},{\"@type\":\"ListItem\",\"position\":3,\"name\":\"\u00c7\u0130FT\/A\u0130LE TERAP\u0130S\u0130\"}]},{\"@type\":\"WebSite\",\"@id\":\"https:\/\/paternika.com\/clients\/bilgenterapi\/#website\",\"url\":\"https:\/\/paternika.com\/clients\/bilgenterapi\/\",\"name\":\"B\u0130LGEN TERAP\u0130\",\"description\":\"\",\"publisher\":{\"@id\":\"https:\/\/paternika.com\/clients\/bilgenterapi\/#organization\"},\"potentialAction\":[{\"@type\":\"SearchAction\",\"target\":{\"@type\":\"EntryPoint\",\"urlTemplate\":\"https:\/\/paternika.com\/clients\/bilgenterapi\/?s={search_term_string}\"},\"query-input\":{\"@type\":\"PropertyValueSpecification\",\"valueRequired\":true,\"valueName\":\"search_term_string\"}}],\"inLanguage\":\"tr\"},{\"@type\":\"Organization\",\"@id\":\"https:\/\/paternika.com\/clients\/bilgenterapi\/#organization\",\"name\":\"B\u0130LGEN TERAP\u0130\",\"url\":\"https:\/\/paternika.com\/clients\/bilgenterapi\/\",\"logo\":{\"@type\":\"ImageObject\",\"inLanguage\":\"tr\",\"@id\":\"https:\/\/paternika.com\/clients\/bilgenterapi\/#\/schema\/logo\/image\/\",\"url\":\"https:\/\/www.paternika.com\/clients\/bilgenterapi\/wp-content\/uploads\/2024\/04\/favicon.png\",\"contentUrl\":\"https:\/\/www.paternika.com\/clients\/bilgenterapi\/wp-content\/uploads\/2024\/04\/favicon.png\",\"width\":512,\"height\":512,\"caption\":\"B\u0130LGEN TERAP\u0130\"},\"image\":{\"@id\":\"https:\/\/paternika.com\/clients\/bilgenterapi\/#\/schema\/logo\/image\/\"},\"sameAs\":[\"https:\/\/www.facebook.com\/bilgenterapi\",\"https:\/\/www.instagram.com\/bilgenterapi\",\"https:\/\/www.youtube.com\/@bterapi\"]}]}<\/script>\n<!-- \/ Yoast SEO plugin. -->","yoast_head_json":{"title":"B\u0130LGEN TERAP\u0130 | \u00c7\u0130FT\/A\u0130LE TERAP\u0130S\u0130","description":"\u00c7ift\/aile terapisi, \u00e7iftlerin psikolojik esneklik kazanarak daha sa\u011fl\u0131kl\u0131 ve tatmin edici ili\u015fkiler kurmalar\u0131na yard\u0131mc\u0131 olur. Ayr\u0131ca, stres ve \u00e7at\u0131\u015fma durumlar\u0131nda daha etkili ileti\u015fim ve \u00e7\u00f6z\u00fcm becerileri geli\u015ftirmelerine olanak tan\u0131r.","robots":{"index":"noindex","follow":"follow","max-snippet":"max-snippet:-1","max-image-preview":"max-image-preview:large","max-video-preview":"max-video-preview:-1"},"og_locale":"tr_TR","og_type":"article","og_title":"B\u0130LGEN TERAP\u0130 | \u00c7\u0130FT\/A\u0130LE TERAP\u0130S\u0130","og_description":"\u00c7ift\/aile terapisi, \u00e7iftlerin psikolojik esneklik kazanarak daha sa\u011fl\u0131kl\u0131 ve tatmin edici ili\u015fkiler kurmalar\u0131na yard\u0131mc\u0131 olur. Ayr\u0131ca, stres ve \u00e7at\u0131\u015fma durumlar\u0131nda daha etkili ileti\u015fim ve \u00e7\u00f6z\u00fcm becerileri geli\u015ftirmelerine olanak tan\u0131r.","og_url":"https:\/\/paternika.com\/clients\/bilgenterapi\/hizmetlerimiz\/cift-aile-terapisi\/","og_site_name":"B\u0130LGEN TERAP\u0130","article_publisher":"https:\/\/www.facebook.com\/bilgenterapi","article_modified_time":"2025-12-26T12:33:07+00:00","twitter_card":"summary_large_image","twitter_misc":{"Tahmini okuma s\u00fcresi":"3 dakika"},"schema":{"@context":"https:\/\/schema.org","@graph":[{"@type":"WebPage","@id":"https:\/\/paternika.com\/clients\/bilgenterapi\/hizmetlerimiz\/cift-aile-terapisi\/","url":"https:\/\/paternika.com\/clients\/bilgenterapi\/hizmetlerimiz\/cift-aile-terapisi\/","name":"B\u0130LGEN TERAP\u0130 | \u00c7\u0130FT\/A\u0130LE TERAP\u0130S\u0130","isPartOf":{"@id":"https:\/\/paternika.com\/clients\/bilgenterapi\/#website"},"datePublished":"2025-01-10T21:34:05+00:00","dateModified":"2025-12-26T12:33:07+00:00","description":"\u00c7ift\/aile terapisi, \u00e7iftlerin psikolojik esneklik kazanarak daha sa\u011fl\u0131kl\u0131 ve tatmin edici ili\u015fkiler kurmalar\u0131na yard\u0131mc\u0131 olur. Ayr\u0131ca, stres ve \u00e7at\u0131\u015fma durumlar\u0131nda daha etkili ileti\u015fim ve \u00e7\u00f6z\u00fcm becerileri geli\u015ftirmelerine olanak tan\u0131r.","breadcrumb":{"@id":"https:\/\/paternika.com\/clients\/bilgenterapi\/hizmetlerimiz\/cift-aile-terapisi\/#breadcrumb"},"inLanguage":"tr","potentialAction":[{"@type":"ReadAction","target":["https:\/\/paternika.com\/clients\/bilgenterapi\/hizmetlerimiz\/cift-aile-terapisi\/"]}]},{"@type":"BreadcrumbList","@id":"https:\/\/paternika.com\/clients\/bilgenterapi\/hizmetlerimiz\/cift-aile-terapisi\/#breadcrumb","itemListElement":[{"@type":"ListItem","position":1,"name":"Home","item":"https:\/\/paternika.com\/clients\/bilgenterapi\/"},{"@type":"ListItem","position":2,"name":"H\u0130ZMETLER\u0130M\u0130Z","item":"https:\/\/paternika.com\/clients\/bilgenterapi\/hizmetlerimiz\/"},{"@type":"ListItem","position":3,"name":"\u00c7\u0130FT\/A\u0130LE TERAP\u0130S\u0130"}]},{"@type":"WebSite","@id":"https:\/\/paternika.com\/clients\/bilgenterapi\/#website","url":"https:\/\/paternika.com\/clients\/bilgenterapi\/","name":"B\u0130LGEN TERAP\u0130","description":"","publisher":{"@id":"https:\/\/paternika.com\/clients\/bilgenterapi\/#organization"},"potentialAction":[{"@type":"SearchAction","target":{"@type":"EntryPoint","urlTemplate":"https:\/\/paternika.com\/clients\/bilgenterapi\/?s={search_term_string}"},"query-input":{"@type":"PropertyValueSpecification","valueRequired":true,"valueName":"search_term_string"}}],"inLanguage":"tr"},{"@type":"Organization","@id":"https:\/\/paternika.com\/clients\/bilgenterapi\/#organization","name":"B\u0130LGEN TERAP\u0130","url":"https:\/\/paternika.com\/clients\/bilgenterapi\/","logo":{"@type":"ImageObject","inLanguage":"tr","@id":"https:\/\/paternika.com\/clients\/bilgenterapi\/#\/schema\/logo\/image\/","url":"https:\/\/www.paternika.com\/clients\/bilgenterapi\/wp-content\/uploads\/2024\/04\/favicon.png","contentUrl":"https:\/\/www.paternika.com\/clients\/bilgenterapi\/wp-content\/uploads\/2024\/04\/favicon.png","width":512,"height":512,"caption":"B\u0130LGEN TERAP\u0130"},"image":{"@id":"https:\/\/paternika.com\/clients\/bilgenterapi\/#\/schema\/logo\/image\/"},"sameAs":["https:\/\/www.facebook.com\/bilgenterapi","https:\/\/www.instagram.com\/bilgenterapi","https:\/\/www.youtube.com\/@bterapi"]}]}},"_links":{"self":[{"href":"https:\/\/paternika.com\/clients\/bilgenterapi\/wp-json\/wp\/v2\/pages\/131260","targetHints":{"allow":["GET"]}}],"collection":[{"href":"https:\/\/paternika.com\/clients\/bilgenterapi\/wp-json\/wp\/v2\/pages"}],"about":[{"href":"https:\/\/paternika.com\/clients\/bilgenterapi\/wp-json\/wp\/v2\/types\/page"}],"author":[{"embeddable":true,"href":"https:\/\/paternika.com\/clients\/bilgenterapi\/wp-json\/wp\/v2\/users\/1"}],"replies":[{"embeddable":true,"href":"https:\/\/paternika.com\/clients\/bilgenterapi\/wp-json\/wp\/v2\/comments?post=131260"}],"version-history":[{"count":28,"href":"https:\/\/paternika.com\/clients\/bilgenterapi\/wp-json\/wp\/v2\/pages\/131260\/revisions"}],"predecessor-version":[{"id":132401,"href":"https:\/\/paternika.com\/clients\/bilgenterapi\/wp-json\/wp\/v2\/pages\/131260\/revisions\/132401"}],"up":[{"embeddable":true,"href":"https:\/\/paternika.com\/clients\/bilgenterapi\/wp-json\/wp\/v2\/pages\/131181"}],"wp:attachment":[{"href":"https:\/\/paternika.com\/clients\/bilgenterapi\/wp-json\/wp\/v2\/media?parent=131260"}],"curies":[{"name":"wp","href":"https:\/\/api.w.org\/{rel}","templated":true}]}}