{"id":131239,"date":"2025-01-10T17:05:13","date_gmt":"2025-01-10T14:05:13","guid":{"rendered":"https:\/\/paternika.com\/clients\/bilgenterapi\/?page_id=131239"},"modified":"2026-05-14T21:47:31","modified_gmt":"2026-05-14T18:47:31","slug":"hakkimizda","status":"publish","type":"page","link":"https:\/\/paternika.com\/clients\/bilgenterapi\/hakkimizda\/","title":{"rendered":"HAKKIMIZDA"},"content":{"rendered":"<div class=\"wpb-content-wrapper\"><p>[vc_row row_height_percent=&#8221;0&#8243; override_padding=&#8221;yes&#8221; h_padding=&#8221;2&#8243; top_padding=&#8221;3&#8243; bottom_padding=&#8221;5&#8243; back_color=&#8221;color-xsdn&#8221; overlay_alpha=&#8221;50&#8243; gutter_size=&#8221;4&#8243; column_width_percent=&#8221;100&#8243; shift_y=&#8221;0&#8243; z_index=&#8221;1&#8243; bottom_divider=&#8221;step_3_4&#8243; content_parallax=&#8221;0&#8243; uncode_shortcode_id=&#8221;134165&#8243; back_color_type=&#8221;uncode-palette&#8221; row_name=&#8221;intro&#8221;][vc_column column_width_percent=&#8221;100&#8243; gutter_size=&#8221;4&#8243; overlay_alpha=&#8221;50&#8243; shift_x=&#8221;0&#8243; shift_y=&#8221;0&#8243; shift_y_down=&#8221;0&#8243; z_index=&#8221;0&#8243; medium_width=&#8221;0&#8243; mobile_width=&#8221;0&#8243; css_animation=&#8221;alpha-anim&#8221; animation_speed=&#8221;1000&#8243; width=&#8221;1\/1&#8243; uncode_shortcode_id=&#8221;499678&#8243;][vc_row_inner limit_content=&#8221;&#8221;][vc_column_inner column_width_percent=&#8221;100&#8243; gutter_size=&#8221;3&#8243; overlay_alpha=&#8221;50&#8243; shift_x=&#8221;0&#8243; shift_y=&#8221;0&#8243; shift_y_down=&#8221;0&#8243; z_index=&#8221;0&#8243; medium_width=&#8221;0&#8243; mobile_width=&#8221;0&#8243; width=&#8221;1\/1&#8243; uncode_shortcode_id=&#8221;209263&#8243;][vc_column_text uncode_shortcode_id=&#8221;164580&#8243;]<strong><span style=\"background: -webkit-linear-gradient(45deg, #d93da3, #8445ff); -webkit-background-clip: text; -webkit-text-fill-color: transparent; display: inline-block; font-family: Jost; font-size: 26px;\">B\u0130Z K\u0130M\u0130Z?<\/span><\/strong><\/p>\n<p>Bilgen Terapi Enstit\u00fcs\u00fc Dr.\u0130brahim Bilgen taraf\u0131ndan kurulmu\u015f bir dan\u0131\u015fmanl\u0131k merkezidir. Bilgen Terapi, psikiyatrist ve uzman psikologlardan olu\u015fan profesyonel bir ekiple hizmet vermektedir.<\/p>\n<p>Bilgen terapi Enstit\u00fcs\u00fc ekibi, her biri alanlar\u0131nda uzman, etik ilkelere ba\u011fl\u0131 ve tecr\u00fcbeli uzmanlardan olu\u015fmaktad\u0131r. Bilgen Terapi ekibinde yer alan uzmanlar\u0131m\u0131z\u0131n sahip olduklar\u0131 kriterler \u015fu \u015fekildedir:<\/p>\n<blockquote>\n<p style=\"text-indent: -20px; margin-left: 20px;\"><span style=\"color: #fe4641;\">\u2713 \u00a0<\/span>Y\u00fcksek lisans uzmanl\u0131k e\u011fitimlerinin ard\u0131ndan klinik alanda e\u011fitimi ya da en az bir adet uzun soluklu terapi e\u011fitimi alm\u0131\u015flard\u0131r.)<\/p>\n<p style=\"text-indent: -20px; margin-left: 20px;\"><span style=\"color: #fe4641;\">\u2713 \u00a0<\/span>Uluslararas\u0131 d\u00fczeyde ge\u00e7erlik ve g\u00fcvenirli\u011fi kan\u0131tlanm\u0131\u015f olan terapi ekollerinden ald\u0131klar\u0131 e\u011fitimlerle akredite edilmi\u015f uzmanlard\u0131r.)<\/p>\n<p style=\"text-indent: -20px; margin-left: 20px;\"><span style=\"color: #fe4641;\">\u2713 \u00a0<\/span>Hemen hepsi en az 2000 saat (yakla\u015f\u0131k 4-5 y\u0131l) terapi tecr\u00fcbesine sahiptir.)<\/p>\n<p style=\"text-indent: -20px; margin-left: 20px;\"><span style=\"color: #fe4641;\">\u2713 \u00a0<\/span>Kendi mesleki s\u00fcre\u00e7lerinde e\u011fitimlere devam etmekle birlikte s\u00fcpervizyonlar\u0131na devam ederek geli\u015fmeye devam etmektedir.)<\/p>\n<\/blockquote>\n<p>\u00c7ocuk &amp; ergen, yeti\u015fkin ve \u00e7ift alan\u0131nda T\u00fcrk\u00e7e ve \u0130ngilizce dillerinde, y\u00fcz y\u00fcze ve online\/\u00e7evrimi\u00e7i hizmet vermekteyiz.[\/vc_column_text][vc_column_text uncode_shortcode_id=&#8221;191175&#8243;]<strong><span style=\"background: -webkit-linear-gradient(45deg, #d93da3, #8445ff); -webkit-background-clip: text; -webkit-text-fill-color: transparent; display: inline-block; font-family: Jost; font-size: 26px;\">KISA TAR\u0130H\u00c7E<\/span><\/strong><\/p>\n<p>Hayat\u0131n ola\u011fan ak\u0131\u015f\u0131 i\u00e7inde bazen durmak, ileriye bakabilmemizi sa\u011flar.<\/p>\n<p>Biz hayat\u0131 her haliyle kabul eder, onu \u0131\u015f\u0131lt\u0131s\u0131 ve hatalar\u0131yla, eksikleri ve s\u00fcrprizleri ile ya\u015far\u0131z. Biz m\u00fckemmellikten uzak taraf\u0131m\u0131z\u0131 sevmek, iddiadan uzak yanlar\u0131m\u0131z\u0131 parlatmak ve h\u0131rstan uzak heveslerimizi b\u00fcy\u00fctmek amac\u0131yla yola \u00e7\u0131kt\u0131\u011f\u0131m\u0131z g\u00fcnden beri buraday\u0131z.<\/p>\n<blockquote><p>Bilgen Terapi, kurulu\u015fundan bu yana uzman, dinamik ve yenilik\u00e7i ekibi ile bilimsel bilgiler \u0131\u015f\u0131\u011f\u0131nda kendi yoluna devam ederken; bireylere de kendi i\u00e7sel yolcuklar\u0131nda kar\u015f\u0131la\u015ft\u0131klar\u0131 duraklarda duraklama ve devam etme alan\u0131 yaratmaya \u00e7al\u0131\u015fmaktad\u0131r. Bireylerin \u201ci\u00e7indeki ger\u00e7ek potansiyeli ke\u015ffetmek ve geli\u015ftirmeyi\u201d benimsemektedir.<\/p><\/blockquote>\n<p>Bu yola \u00e7\u0131karken belirledi\u011fimiz rotam\u0131z\u0131n, merakla ba\u015flayan s\u00fcrecin ard\u0131ndan gelen geli\u015fim ve de\u011fi\u015fim oldu\u011funu s\u00f6yleyebiliriz. \u0130lk g\u00fcnden beri \u00e7al\u0131\u015fma prensibimiz bilimsel bilgi ve geli\u015fmeleri takip eden, kendini geli\u015ftiren, etik anlay\u0131\u015fa \u00f6zen g\u00f6steren ve yenilik\u00e7i bir yap\u0131ya sahiptir.[\/vc_column_text][vc_column_text uncode_shortcode_id=&#8221;298072&#8243;]<strong><span style=\"background: -webkit-linear-gradient(45deg, #d93da3, #8445ff); -webkit-background-clip: text; -webkit-text-fill-color: transparent; display: inline-block; font-family: Jost; font-size: 26px;\">V\u0130ZYONUMUZ &amp; M\u0130SYONUMUZ<\/span><\/strong><\/p>\n<p>Bilgen Terapi, kurulu\u015fundan bu yana hayat\u0131n ak\u0131\u015f\u0131nda bireyler i\u00e7in bir durak noktas\u0131 olmay\u0131 benimseyerek; onlar\u0131n hayatlar\u0131nda a\u00e7\u0131k bir pencere olmaya \u00e7al\u0131\u015fmaktad\u0131r. Kurulu\u015fumuzun misyonu uzman ekibimizin yenilik\u00e7i \u0131\u015f\u0131\u011f\u0131yla birlikte bireylerin i\u00e7lerindeki potansiyelelerini ke\u015ffetmeklerini, harekete ge\u00e7melerini, de\u011fi\u015fimi yaratabilmelerini ve geli\u015ftirmelerini sa\u011flamaktad\u0131r.<br \/>\nYa\u015famda s\u00fcrekli geli\u015fmek ve de\u011fi\u015fmek ilkesini benimseyen Bilgen Terapi, bireylerde var olan beceri, yetkinlik ve potansiyele inanmaktad\u0131r. Bilgen Terapi, \u00e7e\u015fitlili\u011fe kucak a\u00e7an, farkl\u0131l\u0131klar\u0131 kabul eden, esnek bir bak\u0131\u015f a\u00e7\u0131s\u0131 geli\u015ftirmeye \u00e7al\u0131\u015fan bir kurum olmakla birlikte bireyin kendine ve kendi potansiyeline eri\u015fme ve bu potansiyelini geli\u015ftirmeye odaklanmakta ve yard\u0131mc\u0131 olmaktad\u0131r.<\/p>\n<p>\u00d6zveriyle geli\u015fmeye ve yeniliklere daima a\u00e7\u0131k bir kurum olarak, d\u00fcnyaya anlaml\u0131 katk\u0131lar sunarak ke\u015ffedip geli\u015ftiren, \u00f6\u011frenen, kapsay\u0131c\u0131, destekleyici, i\u015f birli\u011fine a\u00e7\u0131k bir kurulu\u015f olmay\u0131 hedeflemekteyiz.[\/vc_column_text][\/vc_column_inner][\/vc_row_inner][\/vc_column][\/vc_row]<\/p>\n<\/div>","protected":false},"excerpt":{"rendered":"<p>[vc_row row_height_percent=&#8221;0&#8243; override_padding=&#8221;yes&#8221; h_padding=&#8221;2&#8243; top_padding=&#8221;3&#8243; bottom_padding=&#8221;5&#8243; back_color=&#8221;color-xsdn&#8221; overlay_alpha=&#8221;50&#8243; gutter_size=&#8221;4&#8243; column_width_percent=&#8221;100&#8243; shift_y=&#8221;0&#8243; z_index=&#8221;1&#8243; bottom_divider=&#8221;step_3_4&#8243; content_parallax=&#8221;0&#8243; uncode_shortcode_id=&#8221;134165&#8243; back_color_type=&#8221;uncode-palette&#8221; row_name=&#8221;intro&#8221;][vc_column column_width_percent=&#8221;100&#8243; gutter_size=&#8221;4&#8243; overlay_alpha=&#8221;50&#8243; [&hellip;]<\/p>\n","protected":false},"author":1,"featured_media":0,"parent":0,"menu_order":0,"comment_status":"closed","ping_status":"closed","template":"","meta":{"inline_featured_image":false,"_locale":"tr_TR","_original_post":"https:\/\/paternika.com\/clients\/bilgenterapi\/?page_id=131239","footnotes":"","_links_to":"","_links_to_target":""},"class_list":["post-131239","page","type-page","status-publish","hentry","tr-TR"],"yoast_head":"<!-- This site is optimized with the Yoast SEO plugin v25.0 - https:\/\/yoast.com\/wordpress\/plugins\/seo\/ -->\n<title>B\u0130LGEN TERAP\u0130 | HAKKIMIZDA<\/title>\n<meta name=\"description\" content=\"Bilgen Terapi Enstit\u00fcs\u00fc Dr.\u0130brahim Bilgen taraf\u0131ndan kurulmu\u015f bir dan\u0131\u015fmanl\u0131k merkezidir. Bilgen Terapi, psikiyatrist ve uzman psikologlardan olu\u015fan profesyonel bir ekiple hizmet vermektedir.\" \/>\n<meta name=\"robots\" content=\"noindex, follow, max-snippet:-1, max-image-preview:large, max-video-preview:-1\" \/>\n<meta property=\"og:locale\" content=\"tr_TR\" \/>\n<meta property=\"og:type\" content=\"article\" \/>\n<meta property=\"og:title\" content=\"B\u0130LGEN TERAP\u0130 | HAKKIMIZDA\" \/>\n<meta property=\"og:description\" content=\"Bilgen Terapi Enstit\u00fcs\u00fc Dr.\u0130brahim Bilgen taraf\u0131ndan kurulmu\u015f bir dan\u0131\u015fmanl\u0131k merkezidir. Bilgen Terapi, psikiyatrist ve uzman psikologlardan olu\u015fan profesyonel bir ekiple hizmet vermektedir.\" \/>\n<meta property=\"og:url\" content=\"https:\/\/paternika.com\/clients\/bilgenterapi\/hakkimizda\/\" \/>\n<meta property=\"og:site_name\" content=\"B\u0130LGEN TERAP\u0130\" \/>\n<meta property=\"article:publisher\" content=\"https:\/\/www.facebook.com\/bilgenterapi\" \/>\n<meta property=\"article:modified_time\" content=\"2026-05-14T18:47:31+00:00\" \/>\n<meta name=\"twitter:card\" content=\"summary_large_image\" \/>\n<meta name=\"twitter:label1\" content=\"Tahmini okuma s\u00fcresi\" \/>\n\t<meta name=\"twitter:data1\" content=\"2 dakika\" \/>\n<script type=\"application\/ld+json\" class=\"yoast-schema-graph\">{\"@context\":\"https:\/\/schema.org\",\"@graph\":[{\"@type\":\"WebPage\",\"@id\":\"https:\/\/paternika.com\/clients\/bilgenterapi\/hakkimizda\/\",\"url\":\"https:\/\/paternika.com\/clients\/bilgenterapi\/hakkimizda\/\",\"name\":\"B\u0130LGEN TERAP\u0130 | HAKKIMIZDA\",\"isPartOf\":{\"@id\":\"https:\/\/paternika.com\/clients\/bilgenterapi\/#website\"},\"datePublished\":\"2025-01-10T14:05:13+00:00\",\"dateModified\":\"2026-05-14T18:47:31+00:00\",\"description\":\"Bilgen Terapi Enstit\u00fcs\u00fc Dr.\u0130brahim Bilgen taraf\u0131ndan kurulmu\u015f bir dan\u0131\u015fmanl\u0131k merkezidir. Bilgen Terapi, psikiyatrist ve uzman psikologlardan olu\u015fan profesyonel bir ekiple hizmet vermektedir.\",\"breadcrumb\":{\"@id\":\"https:\/\/paternika.com\/clients\/bilgenterapi\/hakkimizda\/#breadcrumb\"},\"inLanguage\":\"tr\",\"potentialAction\":[{\"@type\":\"ReadAction\",\"target\":[\"https:\/\/paternika.com\/clients\/bilgenterapi\/hakkimizda\/\"]}]},{\"@type\":\"BreadcrumbList\",\"@id\":\"https:\/\/paternika.com\/clients\/bilgenterapi\/hakkimizda\/#breadcrumb\",\"itemListElement\":[{\"@type\":\"ListItem\",\"position\":1,\"name\":\"Home\",\"item\":\"https:\/\/paternika.com\/clients\/bilgenterapi\/\"},{\"@type\":\"ListItem\",\"position\":2,\"name\":\"HAKKIMIZDA\"}]},{\"@type\":\"WebSite\",\"@id\":\"https:\/\/paternika.com\/clients\/bilgenterapi\/#website\",\"url\":\"https:\/\/paternika.com\/clients\/bilgenterapi\/\",\"name\":\"B\u0130LGEN TERAP\u0130\",\"description\":\"\",\"publisher\":{\"@id\":\"https:\/\/paternika.com\/clients\/bilgenterapi\/#organization\"},\"potentialAction\":[{\"@type\":\"SearchAction\",\"target\":{\"@type\":\"EntryPoint\",\"urlTemplate\":\"https:\/\/paternika.com\/clients\/bilgenterapi\/?s={search_term_string}\"},\"query-input\":{\"@type\":\"PropertyValueSpecification\",\"valueRequired\":true,\"valueName\":\"search_term_string\"}}],\"inLanguage\":\"tr\"},{\"@type\":\"Organization\",\"@id\":\"https:\/\/paternika.com\/clients\/bilgenterapi\/#organization\",\"name\":\"B\u0130LGEN TERAP\u0130\",\"url\":\"https:\/\/paternika.com\/clients\/bilgenterapi\/\",\"logo\":{\"@type\":\"ImageObject\",\"inLanguage\":\"tr\",\"@id\":\"https:\/\/paternika.com\/clients\/bilgenterapi\/#\/schema\/logo\/image\/\",\"url\":\"https:\/\/www.paternika.com\/clients\/bilgenterapi\/wp-content\/uploads\/2024\/04\/favicon.png\",\"contentUrl\":\"https:\/\/www.paternika.com\/clients\/bilgenterapi\/wp-content\/uploads\/2024\/04\/favicon.png\",\"width\":512,\"height\":512,\"caption\":\"B\u0130LGEN TERAP\u0130\"},\"image\":{\"@id\":\"https:\/\/paternika.com\/clients\/bilgenterapi\/#\/schema\/logo\/image\/\"},\"sameAs\":[\"https:\/\/www.facebook.com\/bilgenterapi\",\"https:\/\/www.instagram.com\/bilgenterapi\",\"https:\/\/www.youtube.com\/@bterapi\"]}]}<\/script>\n<!-- \/ Yoast SEO plugin. -->","yoast_head_json":{"title":"B\u0130LGEN TERAP\u0130 | HAKKIMIZDA","description":"Bilgen Terapi Enstit\u00fcs\u00fc Dr.\u0130brahim Bilgen taraf\u0131ndan kurulmu\u015f bir dan\u0131\u015fmanl\u0131k merkezidir. Bilgen Terapi, psikiyatrist ve uzman psikologlardan olu\u015fan profesyonel bir ekiple hizmet vermektedir.","robots":{"index":"noindex","follow":"follow","max-snippet":"max-snippet:-1","max-image-preview":"max-image-preview:large","max-video-preview":"max-video-preview:-1"},"og_locale":"tr_TR","og_type":"article","og_title":"B\u0130LGEN TERAP\u0130 | HAKKIMIZDA","og_description":"Bilgen Terapi Enstit\u00fcs\u00fc Dr.\u0130brahim Bilgen taraf\u0131ndan kurulmu\u015f bir dan\u0131\u015fmanl\u0131k merkezidir. Bilgen Terapi, psikiyatrist ve uzman psikologlardan olu\u015fan profesyonel bir ekiple hizmet vermektedir.","og_url":"https:\/\/paternika.com\/clients\/bilgenterapi\/hakkimizda\/","og_site_name":"B\u0130LGEN TERAP\u0130","article_publisher":"https:\/\/www.facebook.com\/bilgenterapi","article_modified_time":"2026-05-14T18:47:31+00:00","twitter_card":"summary_large_image","twitter_misc":{"Tahmini okuma s\u00fcresi":"2 dakika"},"schema":{"@context":"https:\/\/schema.org","@graph":[{"@type":"WebPage","@id":"https:\/\/paternika.com\/clients\/bilgenterapi\/hakkimizda\/","url":"https:\/\/paternika.com\/clients\/bilgenterapi\/hakkimizda\/","name":"B\u0130LGEN TERAP\u0130 | HAKKIMIZDA","isPartOf":{"@id":"https:\/\/paternika.com\/clients\/bilgenterapi\/#website"},"datePublished":"2025-01-10T14:05:13+00:00","dateModified":"2026-05-14T18:47:31+00:00","description":"Bilgen Terapi Enstit\u00fcs\u00fc Dr.\u0130brahim Bilgen taraf\u0131ndan kurulmu\u015f bir dan\u0131\u015fmanl\u0131k merkezidir. Bilgen Terapi, psikiyatrist ve uzman psikologlardan olu\u015fan profesyonel bir ekiple hizmet vermektedir.","breadcrumb":{"@id":"https:\/\/paternika.com\/clients\/bilgenterapi\/hakkimizda\/#breadcrumb"},"inLanguage":"tr","potentialAction":[{"@type":"ReadAction","target":["https:\/\/paternika.com\/clients\/bilgenterapi\/hakkimizda\/"]}]},{"@type":"BreadcrumbList","@id":"https:\/\/paternika.com\/clients\/bilgenterapi\/hakkimizda\/#breadcrumb","itemListElement":[{"@type":"ListItem","position":1,"name":"Home","item":"https:\/\/paternika.com\/clients\/bilgenterapi\/"},{"@type":"ListItem","position":2,"name":"HAKKIMIZDA"}]},{"@type":"WebSite","@id":"https:\/\/paternika.com\/clients\/bilgenterapi\/#website","url":"https:\/\/paternika.com\/clients\/bilgenterapi\/","name":"B\u0130LGEN TERAP\u0130","description":"","publisher":{"@id":"https:\/\/paternika.com\/clients\/bilgenterapi\/#organization"},"potentialAction":[{"@type":"SearchAction","target":{"@type":"EntryPoint","urlTemplate":"https:\/\/paternika.com\/clients\/bilgenterapi\/?s={search_term_string}"},"query-input":{"@type":"PropertyValueSpecification","valueRequired":true,"valueName":"search_term_string"}}],"inLanguage":"tr"},{"@type":"Organization","@id":"https:\/\/paternika.com\/clients\/bilgenterapi\/#organization","name":"B\u0130LGEN TERAP\u0130","url":"https:\/\/paternika.com\/clients\/bilgenterapi\/","logo":{"@type":"ImageObject","inLanguage":"tr","@id":"https:\/\/paternika.com\/clients\/bilgenterapi\/#\/schema\/logo\/image\/","url":"https:\/\/www.paternika.com\/clients\/bilgenterapi\/wp-content\/uploads\/2024\/04\/favicon.png","contentUrl":"https:\/\/www.paternika.com\/clients\/bilgenterapi\/wp-content\/uploads\/2024\/04\/favicon.png","width":512,"height":512,"caption":"B\u0130LGEN TERAP\u0130"},"image":{"@id":"https:\/\/paternika.com\/clients\/bilgenterapi\/#\/schema\/logo\/image\/"},"sameAs":["https:\/\/www.facebook.com\/bilgenterapi","https:\/\/www.instagram.com\/bilgenterapi","https:\/\/www.youtube.com\/@bterapi"]}]}},"_links":{"self":[{"href":"https:\/\/paternika.com\/clients\/bilgenterapi\/wp-json\/wp\/v2\/pages\/131239","targetHints":{"allow":["GET"]}}],"collection":[{"href":"https:\/\/paternika.com\/clients\/bilgenterapi\/wp-json\/wp\/v2\/pages"}],"about":[{"href":"https:\/\/paternika.com\/clients\/bilgenterapi\/wp-json\/wp\/v2\/types\/page"}],"author":[{"embeddable":true,"href":"https:\/\/paternika.com\/clients\/bilgenterapi\/wp-json\/wp\/v2\/users\/1"}],"replies":[{"embeddable":true,"href":"https:\/\/paternika.com\/clients\/bilgenterapi\/wp-json\/wp\/v2\/comments?post=131239"}],"version-history":[{"count":10,"href":"https:\/\/paternika.com\/clients\/bilgenterapi\/wp-json\/wp\/v2\/pages\/131239\/revisions"}],"predecessor-version":[{"id":132606,"href":"https:\/\/paternika.com\/clients\/bilgenterapi\/wp-json\/wp\/v2\/pages\/131239\/revisions\/132606"}],"wp:attachment":[{"href":"https:\/\/paternika.com\/clients\/bilgenterapi\/wp-json\/wp\/v2\/media?parent=131239"}],"curies":[{"name":"wp","href":"https:\/\/api.w.org\/{rel}","templated":true}]}}