{"id":131215,"date":"2025-01-10T16:39:25","date_gmt":"2025-01-10T13:39:25","guid":{"rendered":"https:\/\/paternika.com\/clients\/bilgenterapi\/?page_id=131215"},"modified":"2026-02-01T21:14:46","modified_gmt":"2026-02-01T18:14:46","slug":"melisa-ozerman","status":"publish","type":"page","link":"https:\/\/paternika.com\/clients\/bilgenterapi\/uzman-kadromuz\/melisa-ozerman\/","title":{"rendered":"MEL\u0130SA \u00d6ZERMAN"},"content":{"rendered":"<div class=\"wpb-content-wrapper\"><p>[vc_row unlock_row_content=&#8221;yes&#8221; row_height_percent=&#8221;100&#8243; override_padding=&#8221;yes&#8221; h_padding=&#8221;0&#8243; top_padding=&#8221;0&#8243; bottom_padding=&#8221;0&#8243; back_color=&#8221;color-nhtu&#8221; overlay_alpha=&#8221;50&#8243; equal_height=&#8221;yes&#8221; gutter_size=&#8221;3&#8243; shift_y=&#8221;0&#8243;][vc_column column_width_percent=&#8221;100&#8243; gutter_size=&#8221;3&#8243; expand_height=&#8221;yes&#8221; style=&#8221;dark&#8221; overlay_alpha=&#8221;50&#8243; shift_x=&#8221;0&#8243; shift_y=&#8221;0&#8243; z_index=&#8221;0&#8243; medium_width=&#8221;0&#8243; width=&#8221;1\/1&#8243;][vc_row_inner row_inner_height_percent=&#8221;0&#8243; overlay_alpha=&#8221;50&#8243; equal_height=&#8221;yes&#8221; gutter_size=&#8221;0&#8243; shift_y=&#8221;0&#8243; limit_content=&#8221;&#8221;][vc_column_inner column_width_use_pixel=&#8221;yes&#8221; gutter_size=&#8221;3&#8243; back_image=&#8221;131378&#8243; back_position=&#8221;center top&#8221; kburns=&#8221;magnetic&#8221; overlay_alpha=&#8221;50&#8243; shift_x=&#8221;0&#8243; shift_y=&#8221;0&#8243; shift_y_down=&#8221;0&#8243; z_index=&#8221;0&#8243; medium_width=&#8221;0&#8243; mobile_width=&#8221;0&#8243; css_animation=&#8221;alpha-anim&#8221; width=&#8221;1\/2&#8243; mobile_height=&#8221;300&#8243; uncode_shortcode_id=&#8221;177389&#8243;][\/vc_column_inner][vc_column_inner column_width_percent=&#8221;65&#8243; position_vertical=&#8221;middle&#8221; gutter_size=&#8221;3&#8243; override_padding=&#8221;yes&#8221; column_padding=&#8221;3&#8243; style=&#8221;dark&#8221; font_family=&#8221;font-136269&#8243; overlay_alpha=&#8221;50&#8243; shift_x=&#8221;0&#8243; shift_y=&#8221;0&#8243; shift_y_down=&#8221;0&#8243; z_index=&#8221;0&#8243; medium_width=&#8221;0&#8243; mobile_width=&#8221;0&#8243; width=&#8221;1\/2&#8243; uncode_shortcode_id=&#8221;202408&#8243;][vc_empty_space empty_h=&#8221;5&#8243; medium_visibility=&#8221;yes&#8221; mobile_visibility=&#8221;yes&#8221;][vc_column_text css_animation=&#8221;left-t-right&#8221; uncode_shortcode_id=&#8221;202567&#8243;]<strong><span style=\"font-size: 32pt;\">Melisa \u00d6zerman<\/span><\/strong> \/ Uzman Klinik Psikolog &amp; Psikoterapist[\/vc_column_text][vc_column_text css_animation=&#8221;left-t-right&#8221; uncode_shortcode_id=&#8221;206712&#8243;]Bilgen Terapi ekibinin psikologlar\u0131ndan biri olan Melisa \u00d6zerman, \u00dcsk\u00fcdar Amerikan Lisesi\u2019ni y\u00fcksek onur derecesiyle tamamlad\u0131ktan sonra 2016 y\u0131l\u0131nda y\u00fczde 50 burslu Ko\u00e7 \u00dcniversitesi Psikoloji b\u00f6l\u00fcm\u00fcne ba\u015flam\u0131\u015ft\u0131r.<\/p>\n<p>Lisans e\u011fitimini, psikoloji ana dal ve i\u015fletme yan dal olmak \u00fczere 2020 senesinde tamamlam\u0131\u015ft\u0131r. 2021\u2019de Klinik Psikoloji y\u00fcksek lisans\u0131n\u0131 tamamlamak \u00fczere Londra\u2019da bulunan Queen Mary \u00dcniversitesi\u2019ne gitmi\u015ftir. Bu \u00fcniversitede \u201cMaster of Science &#8211; Mental Health: Psychological Therapies\u201d (Ruh Sa\u011fl\u0131\u011f\u0131: Psikolojik Terapiler) ismiyle ge\u00e7en b\u00f6l\u00fcmde y\u00fcksek lisans\u0131n\u0131 tamamlam\u0131\u015ft\u0131r. \u201c\u00c7ocukluk \u00c7a\u011f\u0131nda Ya\u015fanan Duygusal \u0130stismar ile Yeti\u015fkinlik D\u00f6nemindeki Romantik \u0130li\u015fkiler Aras\u0131ndaki \u0130li\u015fkide Arac\u0131 Fakt\u00f6rler\u201d konusundaki tez \u00e7al\u0131\u015fmas\u0131n\u0131 ba\u015far\u0131yla tamamlayarak 2022 y\u0131l\u0131n\u0131n sonunda y\u00fcksek lisanstan mezun olmu\u015ftur.<\/p>\n<p>2023 senesinde Dr. \u0130brahim Bilgen taraf\u0131ndan ACT (Kabul ve Adanm\u0131\u015fl\u0131k Terapisi) Temel, Orta ve \u0130leri seviye e\u011fitimlerini tamamlam\u0131\u015ft\u0131r. Ard\u0131ndan, Dr. \u0130brahim Bilgen taraf\u0131ndan verilen \u201cACT S\u00fcre\u00e7 Odakl\u0131 Terapi Beceri\u201d e\u011fitimini ve 42 saatlik s\u00fcpervizyon e\u011fitimini de tamamlam\u0131\u015ft\u0131r. Buna ek olarak uluslararas\u0131 online e\u011fitim platformlar\u0131ndan alanla ilgili \u00e7e\u015fitli e\u011fitimler tamamlam\u0131\u015ft\u0131r. Ayr\u0131ca, alan\u0131n \u00f6nc\u00fc e\u011fitmen ve terapistlerinden biri olan Glenn M. Callaghan\u2019dan Ki\u015fileraras\u0131 Davran\u0131\u015f\u00e7\u0131 Terapi (IBT) ve Fonksiyonel Analitik Psikoterapi (FAP) e\u011fitimlerini almaktad\u0131r.<\/p>\n<p>2023 Ocak\u2019tan beri Bilgen Terapi Enstit\u00fcs\u00fc\u2019nde gen\u00e7 yeti\u015fkin ve yeti\u015fkinler ile y\u00fcz y\u00fcze ve online olarak bireysel psikoterapi uygulamalar\u0131n\u0131 s\u00fcrd\u00fcrmektedir. T\u00fcrk\u00e7e ve \u0130ngilizce olarak terapi vermektedir. Dr. \u0130brahim Bilgen taraf\u0131ndan bireysel s\u00fcpervizyon g\u00f6rmeye devam etmektedir. Ek olarak, klinikte Dr. \u0130brahim Bilgen\u2019in asistanl\u0131\u011f\u0131n\u0131 yapmakta olup baz\u0131 dan\u0131\u015fanlar\u0131n seanslar\u0131n\u0131 beraber takip etmekte ve ACT e\u011fitimlerinde yard\u0131mc\u0131 e\u011fitmen olarak yer almaktad\u0131r.<\/p>\n<p>Lisans e\u011fitimi boyunca ise Frans\u0131z Lape Hastanesi ve Prof. Dr. Yank\u0131 Yazgan\u2019\u0131n klini\u011finde ve ara\u015ft\u0131rma merkezinde staj yapm\u0131\u015ft\u0131r. Bu s\u00fcre\u00e7lerde Otizm Spektrum Bozuklu\u011fu (ASD) ve Dikkat Eksikli\u011fi Hiperaktivite Bozuklu\u011fu (DEHB) konular\u0131nda son bilimsel makaleler \u00fczerine ara\u015ft\u0131rmalara ve bilimsel makalelerin halk\u0131n kullan\u0131m\u0131na sunulmas\u0131 i\u00e7in T\u00fcrk\u00e7e&#8217;ye \u00e7evirilmesine katk\u0131da bulunmu\u015ftur.<\/p>\n<p>Poliklinik taraf\u0131nda ise Otizm ve DEHB tan\u0131s\u0131 konulan \u00e7ocuklarla oyun oynayarak birebir g\u00f6zlem yapma ve ileti\u015fim kurma f\u0131rsat\u0131 elde etmi\u015ftir. Lisans sonras\u0131nda, Madalyon Psikiyatri Merkezi taraf\u0131ndan verilen Madalyon Akademi Klinik psikoloji at\u00f6lyesine kat\u0131larak Ki\u015filik Bozukluklar\u0131, Travma ve Yas, Depresyon, BDT, EMDR, Psikolojik testler gibi \u00e7e\u015fitli konularda e\u011fitimler alm\u0131\u015ft\u0131r. 2021 senesinde Prof. Dr. Hakan T\u00fcrk\u00e7apar taraf\u0131ndan verilen \u201cBili\u015fsel Davran\u0131\u015f\u00e7\u0131 Terapi\u201d e\u011fitiminin ilk mod\u00fcl\u00fc olan 50 saatlik temel e\u011fitimi ve 30 saatlik uygulamal\u0131 beceri e\u011fitimini tamamlam\u0131\u015ft\u0131r.[\/vc_column_text][vc_button radius=&#8221;btn-square&#8221; custom_typo=&#8221;yes&#8221; font_family=&#8221;font-136269&#8243; font_weight=&#8221;600&#8243; border_width=&#8221;0&#8243; css_animation=&#8221;left-t-right&#8221; link=&#8221;url:https%3A%2F%2Fwww.paternika.com\/clients\/bilgenterapi%2Fuzman-kadromuz%2F&#8221; uncode_shortcode_id=&#8221;199478&#8243; icon=&#8221;fa fa-chevron-left&#8221;]UZMAN KADROMUZ[\/vc_button][\/vc_column_inner][\/vc_row_inner][\/vc_column][\/vc_row]<\/p>\n<\/div>","protected":false},"excerpt":{"rendered":"<p>[vc_row unlock_row_content=&#8221;yes&#8221; row_height_percent=&#8221;100&#8243; override_padding=&#8221;yes&#8221; h_padding=&#8221;0&#8243; top_padding=&#8221;0&#8243; bottom_padding=&#8221;0&#8243; back_color=&#8221;color-nhtu&#8221; overlay_alpha=&#8221;50&#8243; equal_height=&#8221;yes&#8221; gutter_size=&#8221;3&#8243; shift_y=&#8221;0&#8243;][vc_column column_width_percent=&#8221;100&#8243; gutter_size=&#8221;3&#8243; expand_height=&#8221;yes&#8221; style=&#8221;dark&#8221; overlay_alpha=&#8221;50&#8243; shift_x=&#8221;0&#8243; shift_y=&#8221;0&#8243; z_index=&#8221;0&#8243; [&hellip;]<\/p>\n","protected":false},"author":1,"featured_media":0,"parent":131156,"menu_order":0,"comment_status":"open","ping_status":"closed","template":"","meta":{"inline_featured_image":false,"_locale":"tr_TR","_original_post":"https:\/\/paternika.com\/clients\/bilgenterapi\/?page_id=131215","footnotes":"","_links_to":"","_links_to_target":""},"class_list":["post-131215","page","type-page","status-publish","hentry","tr-TR"],"yoast_head":"<!-- This site is optimized with the Yoast SEO plugin v25.0 - https:\/\/yoast.com\/wordpress\/plugins\/seo\/ -->\n<title>B\u0130LGEN TERAP\u0130 | MEL\u0130SA \u00d6ZERMAN<\/title>\n<meta name=\"description\" content=\"Bilgen Terapi ekibinin psikologlar\u0131ndan biri olan Melisa \u00d6zerman, \u00dcsk\u00fcdar Amerikan Lisesi\u2019ni y\u00fcksek onur derecesiyle tamamlad\u0131ktan sonra 2016 y\u0131l\u0131nda y\u00fczde 50 burslu Ko\u00e7 \u00dcniversitesi Psikoloji b\u00f6l\u00fcm\u00fcne ba\u015flam\u0131\u015ft\u0131r.\" \/>\n<meta name=\"robots\" content=\"noindex, follow, max-snippet:-1, max-image-preview:large, max-video-preview:-1\" \/>\n<meta property=\"og:locale\" content=\"tr_TR\" \/>\n<meta property=\"og:type\" content=\"article\" \/>\n<meta property=\"og:title\" content=\"B\u0130LGEN TERAP\u0130 | MEL\u0130SA \u00d6ZERMAN\" \/>\n<meta property=\"og:description\" content=\"Bilgen Terapi ekibinin psikologlar\u0131ndan biri olan Melisa \u00d6zerman, \u00dcsk\u00fcdar Amerikan Lisesi\u2019ni y\u00fcksek onur derecesiyle tamamlad\u0131ktan sonra 2016 y\u0131l\u0131nda y\u00fczde 50 burslu Ko\u00e7 \u00dcniversitesi Psikoloji b\u00f6l\u00fcm\u00fcne ba\u015flam\u0131\u015ft\u0131r.\" \/>\n<meta property=\"og:url\" content=\"https:\/\/paternika.com\/clients\/bilgenterapi\/uzman-kadromuz\/melisa-ozerman\/\" \/>\n<meta property=\"og:site_name\" content=\"B\u0130LGEN TERAP\u0130\" \/>\n<meta property=\"article:publisher\" content=\"https:\/\/www.facebook.com\/bilgenterapi\" \/>\n<meta property=\"article:modified_time\" content=\"2026-02-01T18:14:46+00:00\" \/>\n<meta name=\"twitter:card\" content=\"summary_large_image\" \/>\n<meta name=\"twitter:label1\" content=\"Tahmini okuma s\u00fcresi\" \/>\n\t<meta name=\"twitter:data1\" content=\"3 dakika\" \/>\n<script type=\"application\/ld+json\" class=\"yoast-schema-graph\">{\"@context\":\"https:\/\/schema.org\",\"@graph\":[{\"@type\":\"WebPage\",\"@id\":\"https:\/\/paternika.com\/clients\/bilgenterapi\/uzman-kadromuz\/melisa-ozerman\/\",\"url\":\"https:\/\/paternika.com\/clients\/bilgenterapi\/uzman-kadromuz\/melisa-ozerman\/\",\"name\":\"B\u0130LGEN TERAP\u0130 | MEL\u0130SA \u00d6ZERMAN\",\"isPartOf\":{\"@id\":\"https:\/\/paternika.com\/clients\/bilgenterapi\/#website\"},\"datePublished\":\"2025-01-10T13:39:25+00:00\",\"dateModified\":\"2026-02-01T18:14:46+00:00\",\"description\":\"Bilgen Terapi ekibinin psikologlar\u0131ndan biri olan Melisa \u00d6zerman, \u00dcsk\u00fcdar Amerikan Lisesi\u2019ni y\u00fcksek onur derecesiyle tamamlad\u0131ktan sonra 2016 y\u0131l\u0131nda y\u00fczde 50 burslu Ko\u00e7 \u00dcniversitesi Psikoloji b\u00f6l\u00fcm\u00fcne ba\u015flam\u0131\u015ft\u0131r.\",\"breadcrumb\":{\"@id\":\"https:\/\/paternika.com\/clients\/bilgenterapi\/uzman-kadromuz\/melisa-ozerman\/#breadcrumb\"},\"inLanguage\":\"tr\",\"potentialAction\":[{\"@type\":\"ReadAction\",\"target\":[\"https:\/\/paternika.com\/clients\/bilgenterapi\/uzman-kadromuz\/melisa-ozerman\/\"]}]},{\"@type\":\"BreadcrumbList\",\"@id\":\"https:\/\/paternika.com\/clients\/bilgenterapi\/uzman-kadromuz\/melisa-ozerman\/#breadcrumb\",\"itemListElement\":[{\"@type\":\"ListItem\",\"position\":1,\"name\":\"Home\",\"item\":\"https:\/\/paternika.com\/clients\/bilgenterapi\/\"},{\"@type\":\"ListItem\",\"position\":2,\"name\":\"UZMAN KADROMUZ\",\"item\":\"https:\/\/paternika.com\/clients\/bilgenterapi\/uzman-kadromuz\/\"},{\"@type\":\"ListItem\",\"position\":3,\"name\":\"MEL\u0130SA \u00d6ZERMAN\"}]},{\"@type\":\"WebSite\",\"@id\":\"https:\/\/paternika.com\/clients\/bilgenterapi\/#website\",\"url\":\"https:\/\/paternika.com\/clients\/bilgenterapi\/\",\"name\":\"B\u0130LGEN TERAP\u0130\",\"description\":\"\",\"publisher\":{\"@id\":\"https:\/\/paternika.com\/clients\/bilgenterapi\/#organization\"},\"potentialAction\":[{\"@type\":\"SearchAction\",\"target\":{\"@type\":\"EntryPoint\",\"urlTemplate\":\"https:\/\/paternika.com\/clients\/bilgenterapi\/?s={search_term_string}\"},\"query-input\":{\"@type\":\"PropertyValueSpecification\",\"valueRequired\":true,\"valueName\":\"search_term_string\"}}],\"inLanguage\":\"tr\"},{\"@type\":\"Organization\",\"@id\":\"https:\/\/paternika.com\/clients\/bilgenterapi\/#organization\",\"name\":\"B\u0130LGEN TERAP\u0130\",\"url\":\"https:\/\/paternika.com\/clients\/bilgenterapi\/\",\"logo\":{\"@type\":\"ImageObject\",\"inLanguage\":\"tr\",\"@id\":\"https:\/\/paternika.com\/clients\/bilgenterapi\/#\/schema\/logo\/image\/\",\"url\":\"https:\/\/www.paternika.com\/clients\/bilgenterapi\/wp-content\/uploads\/2024\/04\/favicon.png\",\"contentUrl\":\"https:\/\/www.paternika.com\/clients\/bilgenterapi\/wp-content\/uploads\/2024\/04\/favicon.png\",\"width\":512,\"height\":512,\"caption\":\"B\u0130LGEN TERAP\u0130\"},\"image\":{\"@id\":\"https:\/\/paternika.com\/clients\/bilgenterapi\/#\/schema\/logo\/image\/\"},\"sameAs\":[\"https:\/\/www.facebook.com\/bilgenterapi\",\"https:\/\/www.instagram.com\/bilgenterapi\",\"https:\/\/www.youtube.com\/@bterapi\"]}]}<\/script>\n<!-- \/ Yoast SEO plugin. -->","yoast_head_json":{"title":"B\u0130LGEN TERAP\u0130 | MEL\u0130SA \u00d6ZERMAN","description":"Bilgen Terapi ekibinin psikologlar\u0131ndan biri olan Melisa \u00d6zerman, \u00dcsk\u00fcdar Amerikan Lisesi\u2019ni y\u00fcksek onur derecesiyle tamamlad\u0131ktan sonra 2016 y\u0131l\u0131nda y\u00fczde 50 burslu Ko\u00e7 \u00dcniversitesi Psikoloji b\u00f6l\u00fcm\u00fcne ba\u015flam\u0131\u015ft\u0131r.","robots":{"index":"noindex","follow":"follow","max-snippet":"max-snippet:-1","max-image-preview":"max-image-preview:large","max-video-preview":"max-video-preview:-1"},"og_locale":"tr_TR","og_type":"article","og_title":"B\u0130LGEN TERAP\u0130 | MEL\u0130SA \u00d6ZERMAN","og_description":"Bilgen Terapi ekibinin psikologlar\u0131ndan biri olan Melisa \u00d6zerman, \u00dcsk\u00fcdar Amerikan Lisesi\u2019ni y\u00fcksek onur derecesiyle tamamlad\u0131ktan sonra 2016 y\u0131l\u0131nda y\u00fczde 50 burslu Ko\u00e7 \u00dcniversitesi Psikoloji b\u00f6l\u00fcm\u00fcne ba\u015flam\u0131\u015ft\u0131r.","og_url":"https:\/\/paternika.com\/clients\/bilgenterapi\/uzman-kadromuz\/melisa-ozerman\/","og_site_name":"B\u0130LGEN TERAP\u0130","article_publisher":"https:\/\/www.facebook.com\/bilgenterapi","article_modified_time":"2026-02-01T18:14:46+00:00","twitter_card":"summary_large_image","twitter_misc":{"Tahmini okuma s\u00fcresi":"3 dakika"},"schema":{"@context":"https:\/\/schema.org","@graph":[{"@type":"WebPage","@id":"https:\/\/paternika.com\/clients\/bilgenterapi\/uzman-kadromuz\/melisa-ozerman\/","url":"https:\/\/paternika.com\/clients\/bilgenterapi\/uzman-kadromuz\/melisa-ozerman\/","name":"B\u0130LGEN TERAP\u0130 | MEL\u0130SA \u00d6ZERMAN","isPartOf":{"@id":"https:\/\/paternika.com\/clients\/bilgenterapi\/#website"},"datePublished":"2025-01-10T13:39:25+00:00","dateModified":"2026-02-01T18:14:46+00:00","description":"Bilgen Terapi ekibinin psikologlar\u0131ndan biri olan Melisa \u00d6zerman, \u00dcsk\u00fcdar Amerikan Lisesi\u2019ni y\u00fcksek onur derecesiyle tamamlad\u0131ktan sonra 2016 y\u0131l\u0131nda y\u00fczde 50 burslu Ko\u00e7 \u00dcniversitesi Psikoloji b\u00f6l\u00fcm\u00fcne ba\u015flam\u0131\u015ft\u0131r.","breadcrumb":{"@id":"https:\/\/paternika.com\/clients\/bilgenterapi\/uzman-kadromuz\/melisa-ozerman\/#breadcrumb"},"inLanguage":"tr","potentialAction":[{"@type":"ReadAction","target":["https:\/\/paternika.com\/clients\/bilgenterapi\/uzman-kadromuz\/melisa-ozerman\/"]}]},{"@type":"BreadcrumbList","@id":"https:\/\/paternika.com\/clients\/bilgenterapi\/uzman-kadromuz\/melisa-ozerman\/#breadcrumb","itemListElement":[{"@type":"ListItem","position":1,"name":"Home","item":"https:\/\/paternika.com\/clients\/bilgenterapi\/"},{"@type":"ListItem","position":2,"name":"UZMAN KADROMUZ","item":"https:\/\/paternika.com\/clients\/bilgenterapi\/uzman-kadromuz\/"},{"@type":"ListItem","position":3,"name":"MEL\u0130SA \u00d6ZERMAN"}]},{"@type":"WebSite","@id":"https:\/\/paternika.com\/clients\/bilgenterapi\/#website","url":"https:\/\/paternika.com\/clients\/bilgenterapi\/","name":"B\u0130LGEN TERAP\u0130","description":"","publisher":{"@id":"https:\/\/paternika.com\/clients\/bilgenterapi\/#organization"},"potentialAction":[{"@type":"SearchAction","target":{"@type":"EntryPoint","urlTemplate":"https:\/\/paternika.com\/clients\/bilgenterapi\/?s={search_term_string}"},"query-input":{"@type":"PropertyValueSpecification","valueRequired":true,"valueName":"search_term_string"}}],"inLanguage":"tr"},{"@type":"Organization","@id":"https:\/\/paternika.com\/clients\/bilgenterapi\/#organization","name":"B\u0130LGEN TERAP\u0130","url":"https:\/\/paternika.com\/clients\/bilgenterapi\/","logo":{"@type":"ImageObject","inLanguage":"tr","@id":"https:\/\/paternika.com\/clients\/bilgenterapi\/#\/schema\/logo\/image\/","url":"https:\/\/www.paternika.com\/clients\/bilgenterapi\/wp-content\/uploads\/2024\/04\/favicon.png","contentUrl":"https:\/\/www.paternika.com\/clients\/bilgenterapi\/wp-content\/uploads\/2024\/04\/favicon.png","width":512,"height":512,"caption":"B\u0130LGEN TERAP\u0130"},"image":{"@id":"https:\/\/paternika.com\/clients\/bilgenterapi\/#\/schema\/logo\/image\/"},"sameAs":["https:\/\/www.facebook.com\/bilgenterapi","https:\/\/www.instagram.com\/bilgenterapi","https:\/\/www.youtube.com\/@bterapi"]}]}},"_links":{"self":[{"href":"https:\/\/paternika.com\/clients\/bilgenterapi\/wp-json\/wp\/v2\/pages\/131215","targetHints":{"allow":["GET"]}}],"collection":[{"href":"https:\/\/paternika.com\/clients\/bilgenterapi\/wp-json\/wp\/v2\/pages"}],"about":[{"href":"https:\/\/paternika.com\/clients\/bilgenterapi\/wp-json\/wp\/v2\/types\/page"}],"author":[{"embeddable":true,"href":"https:\/\/paternika.com\/clients\/bilgenterapi\/wp-json\/wp\/v2\/users\/1"}],"replies":[{"embeddable":true,"href":"https:\/\/paternika.com\/clients\/bilgenterapi\/wp-json\/wp\/v2\/comments?post=131215"}],"version-history":[{"count":44,"href":"https:\/\/paternika.com\/clients\/bilgenterapi\/wp-json\/wp\/v2\/pages\/131215\/revisions"}],"predecessor-version":[{"id":132561,"href":"https:\/\/paternika.com\/clients\/bilgenterapi\/wp-json\/wp\/v2\/pages\/131215\/revisions\/132561"}],"up":[{"embeddable":true,"href":"https:\/\/paternika.com\/clients\/bilgenterapi\/wp-json\/wp\/v2\/pages\/131156"}],"wp:attachment":[{"href":"https:\/\/paternika.com\/clients\/bilgenterapi\/wp-json\/wp\/v2\/media?parent=131215"}],"curies":[{"name":"wp","href":"https:\/\/api.w.org\/{rel}","templated":true}]}}