{"id":131111,"date":"2025-01-09T01:04:39","date_gmt":"2025-01-08T22:04:39","guid":{"rendered":"https:\/\/paternika.com\/clients\/bilgenterapi\/?page_id=131111"},"modified":"2025-12-26T15:32:28","modified_gmt":"2025-12-26T12:32:28","slug":"bireysel-terapi","status":"publish","type":"page","link":"https:\/\/paternika.com\/clients\/bilgenterapi\/hizmetlerimiz\/bireysel-terapi\/","title":{"rendered":"B\u0130REYSEL TERAP\u0130"},"content":{"rendered":"<div class=\"wpb-content-wrapper\"><p>[vc_row row_height_percent=&#8221;100&#8243; override_padding=&#8221;yes&#8221; h_padding=&#8221;2&#8243; top_padding=&#8221;6&#8243; bottom_padding=&#8221;6&#8243; back_color=&#8221;color-nhtu&#8221; back_image=&#8221;132376&#8243; back_position=&#8221;center bottom&#8221; kburns=&#8221;magnetic&#8221; overlay_alpha=&#8221;0&#8243; gutter_size=&#8221;3&#8243; column_width_percent=&#8221;100&#8243; shift_y=&#8221;0&#8243; z_index=&#8221;1&#8243; content_parallax=&#8221;0&#8243; uncode_shortcode_id=&#8221;159879&#8243; back_color_type=&#8221;uncode-palette&#8221;][vc_column column_width_percent=&#8221;100&#8243; position_vertical=&#8221;middle&#8221; align_horizontal=&#8221;align_center&#8221; gutter_size=&#8221;4&#8243; style=&#8221;dark&#8221; overlay_alpha=&#8221;50&#8243; shift_x=&#8221;0&#8243; shift_y=&#8221;0&#8243; shift_y_down=&#8221;0&#8243; z_index=&#8221;0&#8243; medium_width=&#8221;0&#8243; align_mobile=&#8221;align_center_mobile&#8221; mobile_width=&#8221;0&#8243; css_animation=&#8221;alpha-anim&#8221; animation_speed=&#8221;1000&#8243; animation_delay=&#8221;400&#8243; width=&#8221;1\/1&#8243; uncode_shortcode_id=&#8221;116631&#8243;][vc_row_inner limit_content=&#8221;&#8221;][vc_column_inner column_width_percent=&#8221;100&#8243; align_horizontal=&#8221;align_center&#8221; gutter_size=&#8221;2&#8243; style=&#8221;dark&#8221; overlay_alpha=&#8221;50&#8243; shift_x=&#8221;0&#8243; shift_y=&#8221;0&#8243; shift_y_down=&#8221;0&#8243; z_index=&#8221;0&#8243; medium_width=&#8221;0&#8243; align_mobile=&#8221;align_center_mobile&#8221; mobile_width=&#8221;0&#8243; width=&#8221;1\/1&#8243; uncode_shortcode_id=&#8221;168935&#8243;][vc_custom_heading text_font=&#8221;font-136269&#8243; text_size=&#8221;custom&#8221; text_weight=&#8221;600&#8243; css_animation=&#8221;curtain&#8221; animation_speed=&#8221;1000&#8243; animation_delay=&#8221;200&#8243; title=&#8221;&#8221; uncode_shortcode_id=&#8221;164503&#8243; heading_custom_size=&#8221;76&#8243;]B\u0130REYSEL TERAP\u0130[\/vc_custom_heading][vc_custom_heading text_color=&#8221;color-xsdn&#8221; text_font=&#8221;font-136269&#8243; text_weight=&#8221;300&#8243; text_height=&#8221;fontheight-357766&#8243; title=&#8221;&#8221; uncode_shortcode_id=&#8221;180698&#8243; text_color_type=&#8221;uncode-palette&#8221;]Psikoterapiye ba\u015flamak, ki\u015finin en ac\u0131 verici deneyimleriyle y\u00fczle\u015fmeye cesaret etti\u011fi anlaml\u0131 bir ad\u0131md\u0131r. Bireysel terapide terapist, dan\u0131\u015fan\u0131n d\u00fc\u015f\u00fcnce, duygu ve davran\u0131\u015flar\u0131n\u0131 kabul etmesine alan a\u00e7arak, de\u011ferleri do\u011frultusunda eylemler ger\u00e7ekle\u015ftirmesini desteklemek amac\u0131yla i\u015fbirlik\u00e7i bir etkile\u015fimde bulunur. Bu s\u00fcre\u00e7, dan\u0131\u015fan\u0131n psikolojik esneklik kazanarak daha tatmin edici bir ya\u015fam s\u00fcrmesini desteklemeyi ama\u00e7lar.[\/vc_custom_heading][\/vc_column_inner][\/vc_row_inner][vc_icon icon=&#8221;fa fa-arrow-down4&#8243; background_style=&#8221;fa-rounded&#8221; size=&#8221;fa-2x&#8221; icon_automatic=&#8221;yes&#8221; css_animation=&#8221;bottom-t-top&#8221; animation_speed=&#8221;1000&#8243; animation_delay=&#8221;400&#8243; link=&#8221;url:%23intro&#8221; uncode_shortcode_id=&#8221;170959&#8243;][\/vc_icon][\/vc_column][\/vc_row][vc_row row_height_percent=&#8221;0&#8243; override_padding=&#8221;yes&#8221; h_padding=&#8221;2&#8243; top_padding=&#8221;5&#8243; bottom_padding=&#8221;5&#8243; back_color=&#8221;color-xsdn&#8221; overlay_alpha=&#8221;50&#8243; gutter_size=&#8221;4&#8243; column_width_percent=&#8221;100&#8243; shift_y=&#8221;0&#8243; z_index=&#8221;1&#8243; bottom_divider=&#8221;step_3_4&#8243; content_parallax=&#8221;0&#8243; uncode_shortcode_id=&#8221;126796&#8243; back_color_type=&#8221;uncode-palette&#8221; row_name=&#8221;intro&#8221;][vc_column column_width_percent=&#8221;100&#8243; gutter_size=&#8221;4&#8243; overlay_alpha=&#8221;50&#8243; shift_x=&#8221;0&#8243; shift_y=&#8221;0&#8243; shift_y_down=&#8221;0&#8243; z_index=&#8221;0&#8243; medium_width=&#8221;0&#8243; mobile_width=&#8221;0&#8243; css_animation=&#8221;alpha-anim&#8221; animation_speed=&#8221;1000&#8243; width=&#8221;1\/1&#8243; uncode_shortcode_id=&#8221;499678&#8243;][vc_row_inner limit_content=&#8221;&#8221;][vc_column_inner column_width_percent=&#8221;100&#8243; gutter_size=&#8221;3&#8243; overlay_alpha=&#8221;50&#8243; shift_x=&#8221;0&#8243; shift_y=&#8221;0&#8243; shift_y_down=&#8221;0&#8243; z_index=&#8221;0&#8243; medium_width=&#8221;0&#8243; mobile_width=&#8221;0&#8243; width=&#8221;1\/1&#8243; uncode_shortcode_id=&#8221;209263&#8243;][vc_column_text uncode_shortcode_id=&#8221;832981&#8243;]<strong><span style=\"background: -webkit-linear-gradient(45deg, #d93da3, #8445ff); -webkit-background-clip: text; -webkit-text-fill-color: transparent; display: inline-block; font-family: Jost; font-size: 26px;\">B\u0130REYSEL TERAP\u0130<\/span><\/strong><\/p>\n<p>Son y\u0131llarda insanlar\u0131 insan yapan \u00f6zelliklerimizi yok etmenin terapi olmad\u0131\u011f\u0131, ki\u015finin bu hayatta olma ama\u00e7lar\u0131na ula\u015fmakta t\u0131kan\u0131kl\u0131k yaratan etkenleri tespit ederek, onlara y\u00f6nelik m\u00fcdahaleler ile d\u00fczelmenin olaca\u011f\u0131 kan\u0131tlanm\u0131\u015ft\u0131r. Bunun ad\u0131 da &#8220;Psikolojik Esneklik&#8221;tir.<\/p>\n<blockquote><p>Psikoterapi s\u00fcreci i\u00e7inde, bireyin gereksinimlerine g\u00f6re, psikolojik problemlerin giderilmesi, daha uyumlu ve tatminkar bir ya\u015fam, istenmeyen davran\u0131\u015flar\u0131n de\u011fi\u015ftirilmesi, kendini tan\u0131ma ve geli\u015ftirme gibi hedefler g\u00f6zetilir. Bilgen Terapi Enstit\u00fcs\u00fcnde, bu hizmet, alan\u0131nda uzman terapistlerce sunulmaktad\u0131r. Klini\u011fimizde bu ama\u00e7la Kabul ve Adanm\u0131\u015fl\u0131k Terapisi (ACT), S\u00fcre\u00e7 Odakl\u0131 Terapi uygulamalar\u0131 yap\u0131lmaktad\u0131r. ACT sizlere, bize gelme sebebiniz d\u0131\u015f\u0131nda hayat\u0131n\u0131zda \u00e7o\u011fu alanda esneklik ve lay\u0131k oldu\u011funuz hayat\u0131 ya\u015fayabilme becerisini sa\u011flar.<\/p><\/blockquote>\n<p>\u0130nsanlar y\u00fczlerce farkl\u0131 nedenle psikoterapiye ba\u015fvurabilir, ama b\u00fct\u00fcn nedenlerin \u00f6tesinde ortak bir motivasyon varsa, o da kendini de\u011fi\u015ftirmektir. Minimal d\u00fczeyde bile olsa de\u011fi\u015fmek zordur. O y\u00fczden de\u011fil midir, zorlukla kar\u015f\u0131la\u015ft\u0131\u011f\u0131m\u0131zda genellikle ba\u015fkalar\u0131n\u0131n de\u011fi\u015fmesini isteriz. Ne var ki, ba\u015fkalar\u0131n\u0131 de\u011fi\u015ftirmek imkans\u0131zd\u0131r, bazen de d\u0131\u015f d\u00fcnyadaki zorluklar\u0131 a\u015fmaya g\u00fcc\u00fcm\u00fcz yetmez. Ya zorlukla ve ac\u0131 veren durumlar i\u00e7inde ya\u015famaya devam etmek, ya da kendini de\u011fi\u015ftirmek se\u00e7enekleri kal\u0131r geriye. Psikoterapiye karar vermek, insan\u0131n kendiyle-hem de en ac\u0131 veren, en k\u0131r\u0131lgan, en zay\u0131f taraflar\u0131yla-kar\u015f\u0131la\u015fmaya cesaret etti\u011fi \u00f6nemli bir ad\u0131md\u0131r.<\/p>\n<blockquote><p>Psikoterapide de\u011fi\u015fim nas\u0131l olmaktad\u0131r? Sadece konu\u015farak de\u011fi\u015fim m\u00fcmk\u00fcn m\u00fcd\u00fcr? Ba\u015ftan \u015funu belirtmeliyim ki, kimse sadece konu\u015farak iyile\u015fmez ama psikoterapi asla sadece konu\u015fmadan ibaret de\u011fildir. O \u00f6zel bir ili\u015fki bi\u00e7imidir. Ve insan en iyi ili\u015fki i\u00e7inde de\u011fi\u015fir, d\u00f6n\u00fc\u015f\u00fcr. De\u011fi\u015fim her ne kadar s\u00f6zle olsa da s\u00f6zde kalmamal\u0131d\u0131r, de\u011fi\u015fim kendini eylemde g\u00f6stermek zorundad\u0131r. O y\u00fczden hedef daima ki\u015finin ger\u00e7ek hayat\u0131nda davranma yollar\u0131n\u0131 de\u011fi\u015ftirmektir ve terapi ba\u015far\u0131s\u0131n\u0131n turnusol\u00fcd\u00fcr.<\/p><\/blockquote>\n<p>Klini\u011fimizde yer alan terapistler d\u00fcnyan\u0131n \u00f6nde gelen isimlerinden e\u011fitim alm\u0131\u015f ve almaya da devam etmektedir. T\u0131kan\u0131kl\u0131k ya\u015fan\u0131lan durumlarda ekibimiz kendi aras\u0131nda kons\u00fcltasyon yaparak t\u0131kan\u0131kl\u0131k ya\u015fanan yere en uygun m\u00fcdahaleyi yapmay\u0131 ama\u00e7larlar. Hayat\u0131m\u0131z\u0131 bir nebze dahi olsa kendi ellerimize almak i\u00e7in psikoterapi, insan\u0131n kendisine ve \u00e7evresine yapt\u0131\u011f\u0131 en b\u00fcy\u00fck yat\u0131r\u0131md\u0131r. Bir kez geldi\u011fimiz bu ya\u015famda de\u011ferlerimiz y\u00f6n\u00fcnde hayat\u0131n her an\u0131n\u0131 doyas\u0131ya ya\u015famak hepimizin hakk\u0131d\u0131r. T\u00fcm ekibimiz ile birlikte sizlere bu t\u0131kan\u0131kl\u0131klarda yard\u0131mc\u0131 olmak i\u00e7in yan\u0131n\u0131zday\u0131z.[\/vc_column_text][\/vc_column_inner][\/vc_row_inner][\/vc_column][\/vc_row]<\/p>\n<\/div>","protected":false},"excerpt":{"rendered":"<p>[vc_row row_height_percent=&#8221;100&#8243; override_padding=&#8221;yes&#8221; h_padding=&#8221;2&#8243; top_padding=&#8221;6&#8243; bottom_padding=&#8221;6&#8243; back_color=&#8221;color-nhtu&#8221; back_image=&#8221;132376&#8243; back_position=&#8221;center bottom&#8221; kburns=&#8221;magnetic&#8221; overlay_alpha=&#8221;0&#8243; gutter_size=&#8221;3&#8243; column_width_percent=&#8221;100&#8243; shift_y=&#8221;0&#8243; z_index=&#8221;1&#8243; content_parallax=&#8221;0&#8243; uncode_shortcode_id=&#8221;159879&#8243; back_color_type=&#8221;uncode-palette&#8221;][vc_column column_width_percent=&#8221;100&#8243; [&hellip;]<\/p>\n","protected":false},"author":1,"featured_media":0,"parent":131181,"menu_order":0,"comment_status":"closed","ping_status":"closed","template":"","meta":{"inline_featured_image":false,"_locale":"tr_TR","_original_post":"https:\/\/paternika.com\/clients\/bilgenterapi\/?page_id=131111","footnotes":"","_links_to":"","_links_to_target":""},"class_list":["post-131111","page","type-page","status-publish","hentry","tr-TR"],"yoast_head":"<!-- This site is optimized with the Yoast SEO plugin v25.0 - https:\/\/yoast.com\/wordpress\/plugins\/seo\/ -->\n<title>B\u0130LGEN TERAP\u0130 | B\u0130REYSEL TERAP\u0130<\/title>\n<meta name=\"description\" content=\"Psikoterapiye ba\u015flamak, ki\u015finin en ac\u0131 verici deneyimleriyle y\u00fczle\u015fmeye cesaret etti\u011fi anlaml\u0131 bir ad\u0131md\u0131r. Bireysel terapide terapist, dan\u0131\u015fan\u0131n d\u00fc\u015f\u00fcnce, duygu ve davran\u0131\u015flar\u0131n\u0131 kabul etmesine alan a\u00e7arak, de\u011ferleri do\u011frultusunda eylemler ger\u00e7ekle\u015ftirmesini desteklemek amac\u0131yla i\u015fbirlik\u00e7i bir etkile\u015fimde bulunur. Bu s\u00fcre\u00e7, dan\u0131\u015fan\u0131n psikolojik esneklik kazanarak daha tatmin edici bir ya\u015fam s\u00fcrmesini desteklemeyi ama\u00e7lar.\" \/>\n<meta name=\"robots\" content=\"noindex, follow, max-snippet:-1, max-image-preview:large, max-video-preview:-1\" \/>\n<meta property=\"og:locale\" content=\"tr_TR\" \/>\n<meta property=\"og:type\" content=\"article\" \/>\n<meta property=\"og:title\" content=\"B\u0130LGEN TERAP\u0130 | B\u0130REYSEL TERAP\u0130\" \/>\n<meta property=\"og:description\" content=\"Psikoterapiye ba\u015flamak, ki\u015finin en ac\u0131 verici deneyimleriyle y\u00fczle\u015fmeye cesaret etti\u011fi anlaml\u0131 bir ad\u0131md\u0131r. Bireysel terapide terapist, dan\u0131\u015fan\u0131n d\u00fc\u015f\u00fcnce, duygu ve davran\u0131\u015flar\u0131n\u0131 kabul etmesine alan a\u00e7arak, de\u011ferleri do\u011frultusunda eylemler ger\u00e7ekle\u015ftirmesini desteklemek amac\u0131yla i\u015fbirlik\u00e7i bir etkile\u015fimde bulunur. Bu s\u00fcre\u00e7, dan\u0131\u015fan\u0131n psikolojik esneklik kazanarak daha tatmin edici bir ya\u015fam s\u00fcrmesini desteklemeyi ama\u00e7lar.\" \/>\n<meta property=\"og:url\" content=\"https:\/\/paternika.com\/clients\/bilgenterapi\/hizmetlerimiz\/bireysel-terapi\/\" \/>\n<meta property=\"og:site_name\" content=\"B\u0130LGEN TERAP\u0130\" \/>\n<meta property=\"article:publisher\" content=\"https:\/\/www.facebook.com\/bilgenterapi\" \/>\n<meta property=\"article:modified_time\" content=\"2025-12-26T12:32:28+00:00\" \/>\n<meta name=\"twitter:card\" content=\"summary_large_image\" \/>\n<meta name=\"twitter:label1\" content=\"Tahmini okuma s\u00fcresi\" \/>\n\t<meta name=\"twitter:data1\" content=\"3 dakika\" \/>\n<script type=\"application\/ld+json\" class=\"yoast-schema-graph\">{\"@context\":\"https:\/\/schema.org\",\"@graph\":[{\"@type\":\"WebPage\",\"@id\":\"https:\/\/paternika.com\/clients\/bilgenterapi\/hizmetlerimiz\/bireysel-terapi\/\",\"url\":\"https:\/\/paternika.com\/clients\/bilgenterapi\/hizmetlerimiz\/bireysel-terapi\/\",\"name\":\"B\u0130LGEN TERAP\u0130 | B\u0130REYSEL TERAP\u0130\",\"isPartOf\":{\"@id\":\"https:\/\/paternika.com\/clients\/bilgenterapi\/#website\"},\"datePublished\":\"2025-01-08T22:04:39+00:00\",\"dateModified\":\"2025-12-26T12:32:28+00:00\",\"description\":\"Psikoterapiye ba\u015flamak, ki\u015finin en ac\u0131 verici deneyimleriyle y\u00fczle\u015fmeye cesaret etti\u011fi anlaml\u0131 bir ad\u0131md\u0131r. Bireysel terapide terapist, dan\u0131\u015fan\u0131n d\u00fc\u015f\u00fcnce, duygu ve davran\u0131\u015flar\u0131n\u0131 kabul etmesine alan a\u00e7arak, de\u011ferleri do\u011frultusunda eylemler ger\u00e7ekle\u015ftirmesini desteklemek amac\u0131yla i\u015fbirlik\u00e7i bir etkile\u015fimde bulunur. Bu s\u00fcre\u00e7, dan\u0131\u015fan\u0131n psikolojik esneklik kazanarak daha tatmin edici bir ya\u015fam s\u00fcrmesini desteklemeyi ama\u00e7lar.\",\"breadcrumb\":{\"@id\":\"https:\/\/paternika.com\/clients\/bilgenterapi\/hizmetlerimiz\/bireysel-terapi\/#breadcrumb\"},\"inLanguage\":\"tr\",\"potentialAction\":[{\"@type\":\"ReadAction\",\"target\":[\"https:\/\/paternika.com\/clients\/bilgenterapi\/hizmetlerimiz\/bireysel-terapi\/\"]}]},{\"@type\":\"BreadcrumbList\",\"@id\":\"https:\/\/paternika.com\/clients\/bilgenterapi\/hizmetlerimiz\/bireysel-terapi\/#breadcrumb\",\"itemListElement\":[{\"@type\":\"ListItem\",\"position\":1,\"name\":\"Home\",\"item\":\"https:\/\/paternika.com\/clients\/bilgenterapi\/\"},{\"@type\":\"ListItem\",\"position\":2,\"name\":\"H\u0130ZMETLER\u0130M\u0130Z\",\"item\":\"https:\/\/paternika.com\/clients\/bilgenterapi\/hizmetlerimiz\/\"},{\"@type\":\"ListItem\",\"position\":3,\"name\":\"B\u0130REYSEL TERAP\u0130\"}]},{\"@type\":\"WebSite\",\"@id\":\"https:\/\/paternika.com\/clients\/bilgenterapi\/#website\",\"url\":\"https:\/\/paternika.com\/clients\/bilgenterapi\/\",\"name\":\"B\u0130LGEN TERAP\u0130\",\"description\":\"\",\"publisher\":{\"@id\":\"https:\/\/paternika.com\/clients\/bilgenterapi\/#organization\"},\"potentialAction\":[{\"@type\":\"SearchAction\",\"target\":{\"@type\":\"EntryPoint\",\"urlTemplate\":\"https:\/\/paternika.com\/clients\/bilgenterapi\/?s={search_term_string}\"},\"query-input\":{\"@type\":\"PropertyValueSpecification\",\"valueRequired\":true,\"valueName\":\"search_term_string\"}}],\"inLanguage\":\"tr\"},{\"@type\":\"Organization\",\"@id\":\"https:\/\/paternika.com\/clients\/bilgenterapi\/#organization\",\"name\":\"B\u0130LGEN TERAP\u0130\",\"url\":\"https:\/\/paternika.com\/clients\/bilgenterapi\/\",\"logo\":{\"@type\":\"ImageObject\",\"inLanguage\":\"tr\",\"@id\":\"https:\/\/paternika.com\/clients\/bilgenterapi\/#\/schema\/logo\/image\/\",\"url\":\"https:\/\/www.paternika.com\/clients\/bilgenterapi\/wp-content\/uploads\/2024\/04\/favicon.png\",\"contentUrl\":\"https:\/\/www.paternika.com\/clients\/bilgenterapi\/wp-content\/uploads\/2024\/04\/favicon.png\",\"width\":512,\"height\":512,\"caption\":\"B\u0130LGEN TERAP\u0130\"},\"image\":{\"@id\":\"https:\/\/paternika.com\/clients\/bilgenterapi\/#\/schema\/logo\/image\/\"},\"sameAs\":[\"https:\/\/www.facebook.com\/bilgenterapi\",\"https:\/\/www.instagram.com\/bilgenterapi\",\"https:\/\/www.youtube.com\/@bterapi\"]}]}<\/script>\n<!-- \/ Yoast SEO plugin. -->","yoast_head_json":{"title":"B\u0130LGEN TERAP\u0130 | B\u0130REYSEL TERAP\u0130","description":"Psikoterapiye ba\u015flamak, ki\u015finin en ac\u0131 verici deneyimleriyle y\u00fczle\u015fmeye cesaret etti\u011fi anlaml\u0131 bir ad\u0131md\u0131r. Bireysel terapide terapist, dan\u0131\u015fan\u0131n d\u00fc\u015f\u00fcnce, duygu ve davran\u0131\u015flar\u0131n\u0131 kabul etmesine alan a\u00e7arak, de\u011ferleri do\u011frultusunda eylemler ger\u00e7ekle\u015ftirmesini desteklemek amac\u0131yla i\u015fbirlik\u00e7i bir etkile\u015fimde bulunur. Bu s\u00fcre\u00e7, dan\u0131\u015fan\u0131n psikolojik esneklik kazanarak daha tatmin edici bir ya\u015fam s\u00fcrmesini desteklemeyi ama\u00e7lar.","robots":{"index":"noindex","follow":"follow","max-snippet":"max-snippet:-1","max-image-preview":"max-image-preview:large","max-video-preview":"max-video-preview:-1"},"og_locale":"tr_TR","og_type":"article","og_title":"B\u0130LGEN TERAP\u0130 | B\u0130REYSEL TERAP\u0130","og_description":"Psikoterapiye ba\u015flamak, ki\u015finin en ac\u0131 verici deneyimleriyle y\u00fczle\u015fmeye cesaret etti\u011fi anlaml\u0131 bir ad\u0131md\u0131r. Bireysel terapide terapist, dan\u0131\u015fan\u0131n d\u00fc\u015f\u00fcnce, duygu ve davran\u0131\u015flar\u0131n\u0131 kabul etmesine alan a\u00e7arak, de\u011ferleri do\u011frultusunda eylemler ger\u00e7ekle\u015ftirmesini desteklemek amac\u0131yla i\u015fbirlik\u00e7i bir etkile\u015fimde bulunur. Bu s\u00fcre\u00e7, dan\u0131\u015fan\u0131n psikolojik esneklik kazanarak daha tatmin edici bir ya\u015fam s\u00fcrmesini desteklemeyi ama\u00e7lar.","og_url":"https:\/\/paternika.com\/clients\/bilgenterapi\/hizmetlerimiz\/bireysel-terapi\/","og_site_name":"B\u0130LGEN TERAP\u0130","article_publisher":"https:\/\/www.facebook.com\/bilgenterapi","article_modified_time":"2025-12-26T12:32:28+00:00","twitter_card":"summary_large_image","twitter_misc":{"Tahmini okuma s\u00fcresi":"3 dakika"},"schema":{"@context":"https:\/\/schema.org","@graph":[{"@type":"WebPage","@id":"https:\/\/paternika.com\/clients\/bilgenterapi\/hizmetlerimiz\/bireysel-terapi\/","url":"https:\/\/paternika.com\/clients\/bilgenterapi\/hizmetlerimiz\/bireysel-terapi\/","name":"B\u0130LGEN TERAP\u0130 | B\u0130REYSEL TERAP\u0130","isPartOf":{"@id":"https:\/\/paternika.com\/clients\/bilgenterapi\/#website"},"datePublished":"2025-01-08T22:04:39+00:00","dateModified":"2025-12-26T12:32:28+00:00","description":"Psikoterapiye ba\u015flamak, ki\u015finin en ac\u0131 verici deneyimleriyle y\u00fczle\u015fmeye cesaret etti\u011fi anlaml\u0131 bir ad\u0131md\u0131r. Bireysel terapide terapist, dan\u0131\u015fan\u0131n d\u00fc\u015f\u00fcnce, duygu ve davran\u0131\u015flar\u0131n\u0131 kabul etmesine alan a\u00e7arak, de\u011ferleri do\u011frultusunda eylemler ger\u00e7ekle\u015ftirmesini desteklemek amac\u0131yla i\u015fbirlik\u00e7i bir etkile\u015fimde bulunur. Bu s\u00fcre\u00e7, dan\u0131\u015fan\u0131n psikolojik esneklik kazanarak daha tatmin edici bir ya\u015fam s\u00fcrmesini desteklemeyi ama\u00e7lar.","breadcrumb":{"@id":"https:\/\/paternika.com\/clients\/bilgenterapi\/hizmetlerimiz\/bireysel-terapi\/#breadcrumb"},"inLanguage":"tr","potentialAction":[{"@type":"ReadAction","target":["https:\/\/paternika.com\/clients\/bilgenterapi\/hizmetlerimiz\/bireysel-terapi\/"]}]},{"@type":"BreadcrumbList","@id":"https:\/\/paternika.com\/clients\/bilgenterapi\/hizmetlerimiz\/bireysel-terapi\/#breadcrumb","itemListElement":[{"@type":"ListItem","position":1,"name":"Home","item":"https:\/\/paternika.com\/clients\/bilgenterapi\/"},{"@type":"ListItem","position":2,"name":"H\u0130ZMETLER\u0130M\u0130Z","item":"https:\/\/paternika.com\/clients\/bilgenterapi\/hizmetlerimiz\/"},{"@type":"ListItem","position":3,"name":"B\u0130REYSEL TERAP\u0130"}]},{"@type":"WebSite","@id":"https:\/\/paternika.com\/clients\/bilgenterapi\/#website","url":"https:\/\/paternika.com\/clients\/bilgenterapi\/","name":"B\u0130LGEN TERAP\u0130","description":"","publisher":{"@id":"https:\/\/paternika.com\/clients\/bilgenterapi\/#organization"},"potentialAction":[{"@type":"SearchAction","target":{"@type":"EntryPoint","urlTemplate":"https:\/\/paternika.com\/clients\/bilgenterapi\/?s={search_term_string}"},"query-input":{"@type":"PropertyValueSpecification","valueRequired":true,"valueName":"search_term_string"}}],"inLanguage":"tr"},{"@type":"Organization","@id":"https:\/\/paternika.com\/clients\/bilgenterapi\/#organization","name":"B\u0130LGEN TERAP\u0130","url":"https:\/\/paternika.com\/clients\/bilgenterapi\/","logo":{"@type":"ImageObject","inLanguage":"tr","@id":"https:\/\/paternika.com\/clients\/bilgenterapi\/#\/schema\/logo\/image\/","url":"https:\/\/www.paternika.com\/clients\/bilgenterapi\/wp-content\/uploads\/2024\/04\/favicon.png","contentUrl":"https:\/\/www.paternika.com\/clients\/bilgenterapi\/wp-content\/uploads\/2024\/04\/favicon.png","width":512,"height":512,"caption":"B\u0130LGEN TERAP\u0130"},"image":{"@id":"https:\/\/paternika.com\/clients\/bilgenterapi\/#\/schema\/logo\/image\/"},"sameAs":["https:\/\/www.facebook.com\/bilgenterapi","https:\/\/www.instagram.com\/bilgenterapi","https:\/\/www.youtube.com\/@bterapi"]}]}},"_links":{"self":[{"href":"https:\/\/paternika.com\/clients\/bilgenterapi\/wp-json\/wp\/v2\/pages\/131111","targetHints":{"allow":["GET"]}}],"collection":[{"href":"https:\/\/paternika.com\/clients\/bilgenterapi\/wp-json\/wp\/v2\/pages"}],"about":[{"href":"https:\/\/paternika.com\/clients\/bilgenterapi\/wp-json\/wp\/v2\/types\/page"}],"author":[{"embeddable":true,"href":"https:\/\/paternika.com\/clients\/bilgenterapi\/wp-json\/wp\/v2\/users\/1"}],"replies":[{"embeddable":true,"href":"https:\/\/paternika.com\/clients\/bilgenterapi\/wp-json\/wp\/v2\/comments?post=131111"}],"version-history":[{"count":87,"href":"https:\/\/paternika.com\/clients\/bilgenterapi\/wp-json\/wp\/v2\/pages\/131111\/revisions"}],"predecessor-version":[{"id":132400,"href":"https:\/\/paternika.com\/clients\/bilgenterapi\/wp-json\/wp\/v2\/pages\/131111\/revisions\/132400"}],"up":[{"embeddable":true,"href":"https:\/\/paternika.com\/clients\/bilgenterapi\/wp-json\/wp\/v2\/pages\/131181"}],"wp:attachment":[{"href":"https:\/\/paternika.com\/clients\/bilgenterapi\/wp-json\/wp\/v2\/media?parent=131111"}],"curies":[{"name":"wp","href":"https:\/\/api.w.org\/{rel}","templated":true}]}}